{"id":11201,"date":"2023-12-20T13:44:12","date_gmt":"2023-12-20T12:44:12","guid":{"rendered":"https:\/\/www.semantha.de\/?page_id=11201"},"modified":"2024-04-16T18:51:24","modified_gmt":"2024-04-16T16:51:24","slug":"semantic-comparison","status":"publish","type":"page","link":"https:\/\/www.semantha.de\/de\/semantic-comparison\/","title":{"rendered":"Semantic comparison"},"content":{"rendered":"<h1>Semantic comparison<\/h1>\n<div>\n<p><span style=\"color: white;\">Erkenne \u00c4hnlichkeiten, Unterschiede und bisher unbekannte Inhalte in deinen Dokumenten in Sekundenschnelle.<\/span><\/p>\n<\/div>\n<p><img decoding=\"async\" src=\"\/wp-content\/uploads\/Semantic-comparison_Header-image.png\" alt=\"\"><br \/>\n<img decoding=\"async\" src=\"\/wp-content\/uploads\/Semantic-comparison_graphic.png\" alt=\"\"><\/p>\n<h3>Die Challenge<\/h3>\n<div>\n<p><span style=\"color: white;\">Pr\u00fcfst du regelm\u00e4\u00dfig eingehende Dokumente oder Texte, musst du w\u00e4hrenddessen oft alte oder genehmigte Versionen mit neuen vergleichen, um entscheidende Unterschiede festzustellen. Das ist nicht nur m\u00fchsam, sondern auch riskant, da kleine Fehler hohe Kosten verursachen k\u00f6nnen. Eine automatische Pr\u00fcfung ist jedoch schwierig, da \u00e4hnliche Inhalte h\u00e4ufig unterschiedlich formuliert sind und die meisten Tools semantische \u00c4hnlichkeiten nicht erkennen.<\/span><\/p>\n<\/div>\n<h3>Die L\u00f6sung<\/h3>\n<div><span style=\"color:white;\">Mit semantha vergleichst du zwei oder mehr Dokumente nicht nur klassisch \u00fcber Keywords und Zeichenfolgen, sondern auch auf Bedeutungs- und Kontextebene.<\/p>\n<p>Vorab kannst du die Dokumentstruktur definieren, auf dessen Basis semantha den Kontext f\u00fcr die Abs\u00e4tze ermittelt. Das sorgt f\u00fcr noch bessere Vergleichsergebnisse. Die KI identifiziert f\u00fcr dich \u00c4hnlichkeiten, auch wenn der Wortlaut unterschiedlich ist. Dar\u00fcber hinaus werden \u00c4nderungen und Unterschiede hervorgehoben sowie Passagen erkannt, die im Referenzdokument nicht vorhanden sind. F\u00fcr die weitere Bearbeitung kannst du die Ergebnisse einfach als Excel-Datei oder annotiertes PDF exportieren.<\/span><\/div>\n<div>\n<div><a id=\"69dff999015ab\" rel=\"wp-video-lightbox\" href=\"https:\/\/www.youtube.com\/watch?v=-n1FjbSjwmw&#038;width=1280&#038;height=720\" title=\"\"><img decoding=\"async\" src=\"https:\/\/semantha.ai\/wp-content\/uploads\/Compare_video-frame-png.png\" class=\"video_lightbox_anchor_image\" alt=\"Find specific content\" \/><\/a>    <script>\r\n    \/* <![CDATA[ *\/\r\n    jQuery(document).ready(function($){\r\n        $(function(){\r\n            var width = $(window).innerWidth();\r\n            var setwidth = parseFloat(1280);\r\n            var ratio = parseFloat(0.5625);\r\n            var height = parseFloat(720);\r\n            var link = 'https:\/\/www.youtube.com\/watch?v=-n1FjbSjwmw&amp;width=1280&amp;height=720';\r\n            if(width < setwidth)\r\n            {\r\n                height = Math.floor(width * 0.5625);\r\n                \/\/console.log(\"device width \"+width+\", set width \"+1280+\", ratio \"+0.5625+\", new height \"+ height);\r\n                var new_url = wpvl_paramReplace('width', link, width);\r\n                var new_url = wpvl_paramReplace('height', new_url, height);\r\n                $(\"a#69dff999015ab\").attr('href', new_url);\r\n                \/\/console.log(new_url);\r\n            }\r\n        });\r\n    });\r\n    \/* ]]> *\/\r\n    <\/script><\/div>\n<\/div>\n<h2>Nutze die Vorteile von <span style=\"color: #D800B4;\">Semantic Compare<\/span> in deinem spezifischen Use Case<\/h2>\n<ul>\n<li>\n<p><img decoding=\"async\" src=\"\/wp-content\/uploads\/UC_contract-analysis_image.png\" alt=\"\"><\/p>\n<h3>Contract\/document analysis, review, and comparison<\/h3>\n<p><a href=\"https:\/\/www.semantha.de\/analysis-and-review-of-contracts\/\"><\/a><\/p>\n<\/li>\n<li>\n<p><img decoding=\"async\" src=\"\/wp-content\/uploads\/UC-risk-analysis-uw_image.png\" alt=\"\"><\/p>\n<h3>Risk analysis underwriting<\/h3>\n<p><a href=\"https:\/\/www.semantha.de\/analysis-and-review-of-contracts\/\"><\/a><\/p>\n<\/li>\n<li>\n<p><img decoding=\"async\" src=\"\/wp-content\/uploads\/UC_requirements_image.png\" alt=\"\"><\/p>\n<h3>Requirements and specifications analysis<\/h3>\n<p><a href=\"https:\/\/www.semantha.de\/use-cases\/requirements-specification-analysis\/\"><\/a><\/p>\n<\/li>\n<li>\n<p><img decoding=\"async\" src=\"\/wp-content\/uploads\/UC_mass-claims_image.png\" alt=\"\"><\/p>\n<h3>Mass claims analysis<\/h3>\n<p><a href=\"https:\/\/www.semantha.de\/use-cases\/bulk-claim-analysis-comparison\/\"><\/a><\/p>\n<\/li>\n<li>\n<p><img decoding=\"async\" src=\"\/wp-content\/uploads\/UC-compliance-management_image.png\" alt=\"\"><\/p>\n<h3>Compliance management<\/h3>\n<p><a href=\"https:\/\/www.semantha.de\/compliance-management\/\"><\/a><\/p>\n<\/li>\n<li>\n<p><img decoding=\"async\" src=\"\/wp-content\/uploads\/UC_reinsurance_image.png\" alt=\"\"><\/p>\n<h3>Contract\/document review for reinsurance<\/h3>\n<p><a href=\"https:\/\/www.semantha.de\/reinsurance\/\"><\/a><\/p>\n<\/li>\n<\/ul>\n<p><!--more--><br \/>\n<!-- {\"type\":\"layout\",\"children\":[{\"type\":\"section\",\"props\":{\"header_transparent\":true,\"header_transparent_noplaceholder\":true,\"header_transparent_text_color\":\"light\",\"height\":\"viewport\",\"height_offset_top\":true,\"height_viewport\":80,\"image\":\"wp-content\\\/uploads\\\/AdobeStock_531539942_Opti_Final.png\",\"image_position\":\"top-center\",\"image_size\":\"width-1-1\",\"media_blend_mode\":\"multiply\",\"media_focal_point\":\"top-center\",\"media_overlay\":\"rgba(0, 0, 69, 0.56)\",\"padding\":\"xlarge\",\"style\":\"secondary\",\"title_breakpoint\":\"xl\",\"title_position\":\"top-left\",\"title_rotation\":\"left\",\"vertical_align\":\"middle\",\"width\":\"default\"},\"children\":[{\"type\":\"row\",\"props\":{\"alignment\":\"center\",\"column_gap\":\"large\",\"layout\":\"1-2,1-2\",\"margin\":\"xlarge\"},\"children\":[{\"type\":\"column\",\"props\":{\"image_position\":\"center-center\",\"position_sticky_breakpoint\":\"m\",\"vertical_align\":\"middle\",\"width_medium\":\"1-2\"},\"children\":[{\"type\":\"headline\",\"props\":{\"content\":\"Semantic comparison\",\"title_element\":\"h1\",\"title_style\":\"h1\"}},{\"type\":\"text\",\"props\":{\"column_breakpoint\":\"m\",\"content\":\"\n\n<p><span style=\\\"color: white;\\\">Erkenne \\u00c4hnlichkeiten, Unterschiede und bisher unbekannte Inhalte in deinen Dokumenten in Sekundenschnelle.<\\\/span><\\\/p>\",\"margin\":\"default\",\"text_style\":\"large\"}}]},{\"type\":\"column\",\"props\":{\"image_position\":\"center-center\",\"position_sticky_breakpoint\":\"m\",\"vertical_align\":\"middle\",\"width_medium\":\"1-2\"},\"children\":[{\"type\":\"image\",\"props\":{\"image\":\"wp-content\\\/uploads\\\/Semantic-comparison_Header-image.png\",\"image_svg_color\":\"emphasis\",\"image_width\":\"40 %\",\"margin\":\"default\"}}]}]},{\"type\":\"row\",\"props\":{\"layout\":\"1-2,1-2\"},\"children\":[{\"type\":\"column\",\"props\":{\"image_position\":\"center-center\",\"order_first\":\"s\",\"position_sticky_breakpoint\":\"m\",\"vertical_align\":\"middle\",\"width_small\":\"1-2\"},\"children\":[{\"type\":\"image\",\"props\":{\"image\":\"wp-content\\\/uploads\\\/Semantic-comparison_graphic.png\",\"image_svg_color\":\"emphasis\",\"margin\":\"default\"}}]},{\"type\":\"column\",\"props\":{\"image_position\":\"center-center\",\"order_first\":\"xs\",\"position_sticky_breakpoint\":\"m\",\"width_small\":\"1-2\"},\"children\":[{\"type\":\"headline\",\"props\":{\"content\":\"Die Challenge\",\"margin_remove_bottom\":true,\"title_color\":\"primary\",\"title_element\":\"h3\",\"title_style\":\"h3\"}},{\"type\":\"text\",\"props\":{\"column_breakpoint\":\"m\",\"content\":\"\n\n<p><span style=\\\"color: white;\\\">Pr\\u00fcfst du regelm\\u00e4\\u00dfig eingehende Dokumente oder Texte, musst du w\\u00e4hrenddessen oft alte oder genehmigte Versionen mit neuen vergleichen, um entscheidende Unterschiede festzustellen. Das ist nicht nur m\\u00fchsam, sondern auch riskant, da kleine Fehler hohe Kosten verursachen k\\u00f6nnen. Eine automatische Pr\\u00fcfung ist jedoch schwierig, da \\u00e4hnliche Inhalte h\\u00e4ufig unterschiedlich formuliert sind und die meisten Tools semantische \\u00c4hnlichkeiten nicht erkennen.<\\\/span><\\\/p>\",\"margin\":\"default\"}},{\"type\":\"headline\",\"props\":{\"content\":\"Die L\\u00f6sung\",\"margin_remove_bottom\":true,\"title_color\":\"primary\",\"title_element\":\"h3\",\"title_style\":\"h3\"}},{\"type\":\"text\",\"props\":{\"column_breakpoint\":\"m\",\"content\":\"<span style=\\\"color:white;\\\">Mit semantha vergleichst du zwei oder mehr Dokumente nicht nur klassisch \\u00fcber Keywords und Zeichenfolgen, sondern auch auf Bedeutungs- und Kontextebene.\\n\n\n\\nVorab kannst du die Dokumentstruktur definieren, auf dessen Basis semantha den Kontext f\\u00fcr die Abs\\u00e4tze ermittelt. Das sorgt f\\u00fcr noch bessere Vergleichsergebnisse. Die KI identifiziert f\\u00fcr dich \\u00c4hnlichkeiten, auch wenn der Wortlaut unterschiedlich ist. Dar\\u00fcber hinaus werden \\u00c4nderungen und Unterschiede hervorgehoben sowie Passagen erkannt, die im Referenzdokument nicht vorhanden sind. F\\u00fcr die weitere Bearbeitung kannst du die Ergebnisse einfach als Excel-Datei oder annotiertes PDF exportieren.<\\\/span>\",\"margin\":\"default\"}}]}]}]},{\"type\":\"section\",\"props\":{\"image\":\"wp-content\\\/uploads\\\/Rectangle-20.png\",\"image_position\":\"center-center\",\"image_size\":\"width-1-1\",\"media_background\":\"#000045\",\"style\":\"default\",\"title_breakpoint\":\"xl\",\"title_position\":\"top-left\",\"title_rotation\":\"left\",\"vertical_align\":\"middle\",\"width\":\"default\"},\"children\":[{\"type\":\"row\",\"props\":{\"width\":\"small\"},\"children\":[{\"type\":\"column\",\"props\":{\"image_position\":\"center-center\",\"position_sticky_breakpoint\":\"m\"},\"children\":[{\"type\":\"grid\",\"props\":{\"content_column_breakpoint\":\"m\",\"filter_align\":\"left\",\"filter_all\":true,\"filter_grid_breakpoint\":\"m\",\"filter_grid_width\":\"auto\",\"filter_position\":\"top\",\"filter_style\":\"tab\",\"grid_column_align\":true,\"grid_default\":\"2\",\"grid_medium\":\"\",\"icon_width\":80,\"image_align\":\"top\",\"image_grid_breakpoint\":\"m\",\"image_grid_width\":\"1-2\",\"image_svg_color\":\"emphasis\",\"item_animation\":true,\"link_style\":\"default\",\"link_text\":\"Read more\",\"margin\":\"default\",\"meta_align\":\"below-title\",\"meta_element\":\"div\",\"meta_style\":\"text-meta\",\"show_content\":true,\"show_image\":true,\"show_link\":true,\"show_meta\":true,\"show_title\":true,\"title_align\":\"top\",\"title_element\":\"h3\",\"title_grid_breakpoint\":\"m\",\"title_grid_width\":\"1-2\",\"title_hover_style\":\"reset\"},\"children\":[{\"type\":\"grid_item\",\"props\":{\"content\":\"[video_lightbox_youtube video_id=\\\"-n1FjbSjwmw\\\" width=\\\"1280\\\" height=\\\"720\\\" anchor=\\\"https:\\\/\\\/semantha.ai\\\/wp-content\\\/uploads\\\/Compare_video-frame-png.png\\\" alt=\\\"Find specific content\\\"]\"}}]}]}]}]},{\"type\":\"section\",\"props\":{\"image_position\":\"center-center\",\"style\":\"secondary\",\"title_breakpoint\":\"xl\",\"title_position\":\"top-left\",\"title_rotation\":\"left\",\"vertical_align\":\"middle\",\"width\":\"default\"},\"children\":[{\"type\":\"row\",\"children\":[{\"type\":\"column\",\"props\":{\"image_position\":\"center-center\",\"position_sticky_breakpoint\":\"m\"},\"children\":[{\"type\":\"headline\",\"props\":{\"content\":\"Nutze die Vorteile von <span style=\\\"color: #D800B4;\\\">Semantic Compare<\\\/span> in deinem spezifischen Use Case\",\"text_align\":\"center\",\"title_element\":\"h2\",\"title_style\":\"h2\"}},{\"type\":\"panel-slider\",\"props\":{\"content_column_breakpoint\":\"m\",\"icon_width\":80,\"image_align\":\"top\",\"image_grid_breakpoint\":\"m\",\"image_grid_width\":\"1-2\",\"image_link\":true,\"image_svg_color\":\"emphasis\",\"link_style\":\"default\",\"link_text\":\"\",\"margin\":\"xlarge\",\"meta_align\":\"below-title\",\"meta_element\":\"div\",\"meta_style\":\"text-meta\",\"nav\":\"\",\"nav_align\":\"center\",\"nav_breakpoint\":\"s\",\"panel_match\":true,\"show_content\":false,\"show_image\":true,\"show_link\":true,\"show_meta\":false,\"show_title\":true,\"slidenav\":\"outside\",\"slidenav_breakpoint\":\"xl\",\"slidenav_hover\":false,\"slidenav_large\":true,\"slidenav_margin\":\"medium\",\"slidenav_outside_breakpoint\":\"xl\",\"slider_autoplay\":true,\"slider_autoplay_interval\":\"15\",\"slider_autoplay_pause\":true,\"slider_gap\":\"default\",\"slider_sets\":true,\"slider_velocity\":\"0.5\",\"slider_width\":\"fixed\",\"slider_width_default\":\"1-2\",\"slider_width_medium\":\"\",\"slider_width_small\":\"1-4\",\"text_align\":\"center\",\"title_align\":\"top\",\"title_element\":\"h3\",\"title_grid_breakpoint\":\"m\",\"title_grid_width\":\"1-2\",\"title_hover_style\":\"reset\",\"title_link\":true,\"title_style\":\"text-large\"},\"children\":[{\"type\":\"panel-slider_item\",\"props\":{\"image\":\"wp-content\\\/uploads\\\/UC_contract-analysis_image.png\",\"link\":\"https:\\\/\\\/www.semantha.de\\\/analysis-and-review-of-contracts\\\/\",\"title\":\"Contract\\\/document analysis, review, and comparison\"}},{\"type\":\"panel-slider_item\",\"props\":{\"image\":\"wp-content\\\/uploads\\\/UC-risk-analysis-uw_image.png\",\"link\":\"https:\\\/\\\/www.semantha.de\\\/analysis-and-review-of-contracts\\\/\",\"title\":\"Risk analysis underwriting\"}},{\"type\":\"panel-slider_item\",\"props\":{\"image\":\"wp-content\\\/uploads\\\/UC_requirements_image.png\",\"link\":\"https:\\\/\\\/www.semantha.de\\\/use-cases\\\/requirements-specification-analysis\\\/\",\"title\":\"Requirements and specifications analysis\"}},{\"type\":\"panel-slider_item\",\"props\":{\"image\":\"wp-content\\\/uploads\\\/UC_mass-claims_image.png\",\"link\":\"https:\\\/\\\/www.semantha.de\\\/use-cases\\\/bulk-claim-analysis-comparison\\\/\",\"title\":\"Mass claims analysis\"}},{\"type\":\"panel-slider_item\",\"props\":{\"image\":\"wp-content\\\/uploads\\\/UC-compliance-management_image.png\",\"link\":\"https:\\\/\\\/www.semantha.de\\\/compliance-management\\\/\",\"title\":\"Compliance management\"}},{\"type\":\"panel-slider_item\",\"props\":{\"image\":\"wp-content\\\/uploads\\\/UC_reinsurance_image.png\",\"link\":\"https:\\\/\\\/www.semantha.de\\\/reinsurance\\\/\",\"title\":\"Contract\\\/document review for reinsurance\"}}]}]}],\"props\":{\"width\":\"small\"}}]}],\"version\":\"4.3.6\"} --><\/p>\n","protected":false},"excerpt":{"rendered":"<p>Semantic comparison Erkenne \u00c4hnlichkeiten, Unterschiede und bisher unbekannte Inhalte in deinen Dokumenten in Sekundenschnelle. Die Challenge Pr\u00fcfst du regelm\u00e4\u00dfig eingehende Dokumente oder Texte, musst du w\u00e4hrenddessen oft alte oder genehmigte Versionen mit neuen vergleichen, um entscheidende Unterschiede festzustellen. Das ist nicht nur m\u00fchsam, sondern auch riskant, da kleine Fehler hohe Kosten verursachen k\u00f6nnen. Eine automatische [&hellip;]<\/p>\n","protected":false},"author":1,"featured_media":0,"parent":0,"menu_order":0,"comment_status":"closed","ping_status":"closed","template":"","meta":{"_acf_changed":false,"footnotes":""},"acf":[],"yoast_head":"<!-- This site is optimized with the Yoast SEO Premium plugin v22.7 (Yoast SEO v23.5) - https:\/\/yoast.com\/wordpress\/plugins\/seo\/ -->\n<title>Semantic comparison - semantha<\/title>\n<meta name=\"robots\" content=\"index, follow, max-snippet:-1, max-image-preview:large, max-video-preview:-1\" \/>\n<link rel=\"canonical\" href=\"https:\/\/www.semantha.de\/de\/semantic-comparison\/\" \/>\n<meta property=\"og:locale\" content=\"de_DE\" \/>\n<meta property=\"og:type\" content=\"article\" \/>\n<meta property=\"og:title\" content=\"Semantic comparison\" \/>\n<meta property=\"og:description\" content=\"Semantic comparison Erkenne \u00c4hnlichkeiten, Unterschiede und bisher unbekannte Inhalte in deinen Dokumenten in Sekundenschnelle. Die Challenge Pr\u00fcfst du regelm\u00e4\u00dfig eingehende Dokumente oder Texte, musst du w\u00e4hrenddessen oft alte oder genehmigte Versionen mit neuen vergleichen, um entscheidende Unterschiede festzustellen. Das ist nicht nur m\u00fchsam, sondern auch riskant, da kleine Fehler hohe Kosten verursachen k\u00f6nnen. Eine automatische [&hellip;]\" \/>\n<meta property=\"og:url\" content=\"https:\/\/www.semantha.de\/de\/semantic-comparison\/\" \/>\n<meta property=\"og:site_name\" content=\"semantha\" \/>\n<meta property=\"article:modified_time\" content=\"2024-04-16T16:51:24+00:00\" \/>\n<meta name=\"twitter:card\" content=\"summary_large_image\" \/>\n<meta name=\"twitter:site\" content=\"@semanthaAI\" \/>\n<!-- \/ Yoast SEO Premium plugin. -->","yoast_head_json":{"title":"Semantic comparison - semantha","robots":{"index":"index","follow":"follow","max-snippet":"max-snippet:-1","max-image-preview":"max-image-preview:large","max-video-preview":"max-video-preview:-1"},"canonical":"https:\/\/www.semantha.de\/de\/semantic-comparison\/","og_locale":"de_DE","og_type":"article","og_title":"Semantic comparison","og_description":"Semantic comparison Erkenne \u00c4hnlichkeiten, Unterschiede und bisher unbekannte Inhalte in deinen Dokumenten in Sekundenschnelle. Die Challenge Pr\u00fcfst du regelm\u00e4\u00dfig eingehende Dokumente oder Texte, musst du w\u00e4hrenddessen oft alte oder genehmigte Versionen mit neuen vergleichen, um entscheidende Unterschiede festzustellen. Das ist nicht nur m\u00fchsam, sondern auch riskant, da kleine Fehler hohe Kosten verursachen k\u00f6nnen. Eine automatische [&hellip;]","og_url":"https:\/\/www.semantha.de\/de\/semantic-comparison\/","og_site_name":"semantha","article_modified_time":"2024-04-16T16:51:24+00:00","twitter_card":"summary_large_image","twitter_site":"@semanthaAI","schema":{"@context":"https:\/\/schema.org","@graph":[{"@type":"WebPage","@id":"https:\/\/www.semantha.de\/de\/semantic-comparison\/","url":"https:\/\/www.semantha.de\/de\/semantic-comparison\/","name":"Semantic comparison - semantha","isPartOf":{"@id":"https:\/\/www.semantha.de\/de\/#website"},"datePublished":"2023-12-20T12:44:12+00:00","dateModified":"2024-04-16T16:51:24+00:00","breadcrumb":{"@id":"https:\/\/www.semantha.de\/de\/semantic-comparison\/#breadcrumb"},"inLanguage":"de","potentialAction":[{"@type":"ReadAction","target":["https:\/\/www.semantha.de\/de\/semantic-comparison\/"]}]},{"@type":"BreadcrumbList","@id":"https:\/\/www.semantha.de\/de\/semantic-comparison\/#breadcrumb","itemListElement":[{"@type":"ListItem","position":1,"name":"Startseite","item":"https:\/\/www.semantha.de\/de\/"},{"@type":"ListItem","position":2,"name":"Semantic comparison"}]},{"@type":"WebSite","@id":"https:\/\/www.semantha.de\/de\/#website","url":"https:\/\/www.semantha.de\/de\/","name":"semantha","description":"the semantic platform","potentialAction":[{"@type":"SearchAction","target":{"@type":"EntryPoint","urlTemplate":"https:\/\/www.semantha.de\/de\/?s={search_term_string}"},"query-input":{"@type":"PropertyValueSpecification","valueRequired":true,"valueName":"search_term_string"}}],"inLanguage":"de"}]}},"_links":{"self":[{"href":"https:\/\/www.semantha.de\/de\/wp-json\/wp\/v2\/pages\/11201"}],"collection":[{"href":"https:\/\/www.semantha.de\/de\/wp-json\/wp\/v2\/pages"}],"about":[{"href":"https:\/\/www.semantha.de\/de\/wp-json\/wp\/v2\/types\/page"}],"author":[{"embeddable":true,"href":"https:\/\/www.semantha.de\/de\/wp-json\/wp\/v2\/users\/1"}],"replies":[{"embeddable":true,"href":"https:\/\/www.semantha.de\/de\/wp-json\/wp\/v2\/comments?post=11201"}],"version-history":[{"count":8,"href":"https:\/\/www.semantha.de\/de\/wp-json\/wp\/v2\/pages\/11201\/revisions"}],"predecessor-version":[{"id":12623,"href":"https:\/\/www.semantha.de\/de\/wp-json\/wp\/v2\/pages\/11201\/revisions\/12623"}],"wp:attachment":[{"href":"https:\/\/www.semantha.de\/de\/wp-json\/wp\/v2\/media?parent=11201"}],"curies":[{"name":"wp","href":"https:\/\/api.w.org\/{rel}","templated":true}]}}