{"id":11233,"date":"2023-12-21T15:49:49","date_gmt":"2023-12-21T14:49:49","guid":{"rendered":"https:\/\/www.semantha.de\/?page_id=11233"},"modified":"2024-04-16T18:52:46","modified_gmt":"2024-04-16T16:52:46","slug":"check-and-validate","status":"publish","type":"page","link":"https:\/\/www.semantha.de\/de\/check-and-validate\/","title":{"rendered":"Check and validate"},"content":{"rendered":"<h1>Check and validate<\/h1>\n<div>\n<p><span style=\"color: white;\">Analysiere deine Dokumente automatisch und pr\u00fcfe sie einfach auf relevante Themen und Inhalte.<\/span><\/p>\n<\/div>\n<p><img decoding=\"async\" src=\"\/wp-content\/uploads\/Check-and-validate_Header-image.png\" alt=\"\"><br \/>\n<img decoding=\"async\" src=\"\/wp-content\/uploads\/Check-and-validate_graphic.png\" alt=\"\"><\/p>\n<h3>Die Challenge<\/h3>\n<div>\n<p><span style=\"color: white;\">Ob Vertr\u00e4ge, Anforderungen, Richtlinien oder andere Dokumente \u2013 musst du regelm\u00e4\u00dfig gro\u00dfe Textmengen lesen und \u00fcberpr\u00fcfen, nimmt das viel Zeit in Anspruch. Um sicher zu gehen, dass bestimmte Inhalte in den Dokumenten enthalten sind oder nicht vorkommen, ist jedoch der Blick f\u00fcrs Detail wichtig \u2013 denn \u00e4hnliche Inhalte sind oft unterschiedlich formuliert.<\/span><\/p>\n<\/div>\n<h3>Die L\u00f6sung<\/h3>\n<div><span style=\"color:white;\">Mit semantha analysierst du automatisch eine gro\u00dfe Anzahl von Dokumenten auf semantischer Ebene. Spezifische Inhalte, wie Must-haves oder No-Gos definierst du einfach vorab in deiner individuellen semantha Library. Basierend auf diesem vordefinierten Wissen werden neue Dokumente mit Hilfe von \u201esemantic Fingerprinting\u201c automatisch gepr\u00fcft. Hervorgehobene Abs\u00e4tze verschaffen dir \u00dcberblick und erleichtern dir das Pr\u00fcfen und Verifizieren von Themen. Zudem wirst du auf fehlende Passagen aufmerksam und deckst No-Gos auf. Deine Ergebnisse kannst du als annotiertes PDF herunterladen oder extrahierte Daten als Excel-Datei exportieren.<\/span><\/div>\n<ul>\n<li>\n<div><a id=\"69e06772b1e73\" rel=\"wp-video-lightbox\" href=\"https:\/\/www.youtube.com\/watch?v=7ga4OvEmBlc&#038;width=1280&#038;height=720\" title=\"\"><img decoding=\"async\" src=\"https:\/\/semantha.ai\/wp-content\/uploads\/Analyze_video-frame.png\" class=\"video_lightbox_anchor_image\" alt=\"Find specific content\" \/><\/a>    <script>\r\n    \/* <![CDATA[ *\/\r\n    jQuery(document).ready(function($){\r\n        $(function(){\r\n            var width = $(window).innerWidth();\r\n            var setwidth = parseFloat(1280);\r\n            var ratio = parseFloat(0.5625);\r\n            var height = parseFloat(720);\r\n            var link = 'https:\/\/www.youtube.com\/watch?v=7ga4OvEmBlc&amp;width=1280&amp;height=720';\r\n            if(width < setwidth)\r\n            {\r\n                height = Math.floor(width * 0.5625);\r\n                \/\/console.log(\"device width \"+width+\", set width \"+1280+\", ratio \"+0.5625+\", new height \"+ height);\r\n                var new_url = wpvl_paramReplace('width', link, width);\r\n                var new_url = wpvl_paramReplace('height', new_url, height);\r\n                $(\"a#69e06772b1e73\").attr('href', new_url);\r\n                \/\/console.log(new_url);\r\n            }\r\n        });\r\n    });\r\n    \/* ]]> *\/\r\n    <\/script><\/div>\n<\/li>\n<li>\n<div><a id=\"69e06772b1f0d\" rel=\"wp-video-lightbox\" href=\"https:\/\/www.youtube.com\/watch?v=kWDOaNV_Jcg&#038;width=1280&#038;height=720\" title=\"\"><img decoding=\"async\" src=\"https:\/\/semantha.ai\/wp-content\/uploads\/Topic-check_video-frame.png\" class=\"video_lightbox_anchor_image\" alt=\"Analyze videos\" \/><\/a>    <script>\r\n    \/* <![CDATA[ *\/\r\n    jQuery(document).ready(function($){\r\n        $(function(){\r\n            var width = $(window).innerWidth();\r\n            var setwidth = parseFloat(1280);\r\n            var ratio = parseFloat(0.5625);\r\n            var height = parseFloat(720);\r\n            var link = 'https:\/\/www.youtube.com\/watch?v=kWDOaNV_Jcg&amp;width=1280&amp;height=720';\r\n            if(width < setwidth)\r\n            {\r\n                height = Math.floor(width * 0.5625);\r\n                \/\/console.log(\"device width \"+width+\", set width \"+1280+\", ratio \"+0.5625+\", new height \"+ height);\r\n                var new_url = wpvl_paramReplace('width', link, width);\r\n                var new_url = wpvl_paramReplace('height', new_url, height);\r\n                $(\"a#69e06772b1f0d\").attr('href', new_url);\r\n                \/\/console.log(new_url);\r\n            }\r\n        });\r\n    });\r\n    \/* ]]> *\/\r\n    <\/script><\/div>\n<\/li>\n<\/ul>\n<h2>Nutze die Vorteile von <span style=\"color: #D800B4;\">Check and Validate<\/span> in deinem spezifischen Use Case<\/h2>\n<ul>\n<li>\n<p><img decoding=\"async\" src=\"\/wp-content\/uploads\/UC_contract-analysis_image.png\" alt=\"\"><\/p>\n<h3>Contract\/document analysis, review, and comparison<\/h3>\n<p><a href=\"https:\/\/www.semantha.de\/analysis-and-review-of-contracts\/\"><\/a><\/p>\n<\/li>\n<li>\n<p><img decoding=\"async\" src=\"\/wp-content\/uploads\/UC-risk-analysis-uw_image.png\" alt=\"\"><\/p>\n<h3>Risk analysis underwriting<\/h3>\n<p><a href=\"https:\/\/www.semantha.de\/analysis-and-review-of-contracts\/\"><\/a><\/p>\n<\/li>\n<li>\n<p><img decoding=\"async\" src=\"\/wp-content\/uploads\/UC_requirements_image.png\" alt=\"\"><\/p>\n<h3>Requirements and specifications analysis<\/h3>\n<p><a href=\"https:\/\/www.semantha.de\/use-cases\/requirements-specification-analysis\/\"><\/a><\/p>\n<\/li>\n<li>\n<p><img decoding=\"async\" src=\"\/wp-content\/uploads\/UC_mass-claims_image.png\" alt=\"\"><\/p>\n<h3>Mass claims analysis<\/h3>\n<p><a href=\"https:\/\/www.semantha.de\/use-cases\/bulk-claim-analysis-comparison\/\"><\/a><\/p>\n<\/li>\n<li>\n<p><img decoding=\"async\" src=\"\/wp-content\/uploads\/UC-ESG_image.png\" alt=\"\"><\/p>\n<h3>ESG report data analysis<\/h3>\n<p><a href=\"https:\/\/www.semantha.de\/simplify-your-esg-reporting\/\"><\/a><\/p>\n<\/li>\n<li>\n<p><img decoding=\"async\" src=\"\/wp-content\/uploads\/UC-compliance-management_image.png\" alt=\"\"><\/p>\n<h3>Compliance management<\/h3>\n<p><a href=\"https:\/\/www.semantha.de\/compliance-management\/\"><\/a><\/p>\n<\/li>\n<li>\n<p><img decoding=\"async\" src=\"\/wp-content\/uploads\/UC_reinsurance_image.png\" alt=\"\"><\/p>\n<h3>Contract\/document review for reinsurance<\/h3>\n<p><a href=\"https:\/\/www.semantha.de\/reinsurance\/\"><\/a><\/p>\n<\/li>\n<\/ul>\n<p><!--more--><br \/>\n<!-- {\"type\":\"layout\",\"children\":[{\"type\":\"section\",\"props\":{\"header_transparent\":true,\"header_transparent_noplaceholder\":true,\"header_transparent_text_color\":\"light\",\"height\":\"viewport\",\"height_offset_top\":true,\"height_viewport\":80,\"image\":\"wp-content\\\/uploads\\\/AdobeStock_531539942_Opti_Final.png\",\"image_position\":\"top-center\",\"image_size\":\"width-1-1\",\"media_blend_mode\":\"multiply\",\"media_focal_point\":\"top-center\",\"media_overlay\":\"rgba(0, 0, 69, 0.56)\",\"padding\":\"xlarge\",\"style\":\"secondary\",\"title_breakpoint\":\"xl\",\"title_position\":\"top-left\",\"title_rotation\":\"left\",\"vertical_align\":\"middle\",\"width\":\"default\"},\"children\":[{\"type\":\"row\",\"props\":{\"alignment\":\"center\",\"column_gap\":\"large\",\"layout\":\"1-2,1-2\",\"margin\":\"xlarge\"},\"children\":[{\"type\":\"column\",\"props\":{\"image_position\":\"center-center\",\"position_sticky_breakpoint\":\"m\",\"vertical_align\":\"middle\",\"width_medium\":\"1-2\"},\"children\":[{\"type\":\"headline\",\"props\":{\"content\":\"Check and validate\",\"title_element\":\"h1\",\"title_style\":\"h1\"}},{\"type\":\"text\",\"props\":{\"column_breakpoint\":\"m\",\"content\":\"\n\n<p><span style=\\\"color: white;\\\">Analysiere deine Dokumente automatisch und pr\\u00fcfe sie einfach auf relevante Themen und Inhalte.<\\\/span><\\\/p>\",\"margin\":\"default\",\"text_style\":\"large\"}}]},{\"type\":\"column\",\"props\":{\"image_position\":\"center-center\",\"position_sticky_breakpoint\":\"m\",\"vertical_align\":\"middle\",\"width_medium\":\"1-2\"},\"children\":[{\"type\":\"image\",\"props\":{\"image\":\"wp-content\\\/uploads\\\/Check-and-validate_Header-image.png\",\"image_svg_color\":\"emphasis\",\"image_width\":\"40 %\",\"margin\":\"default\"}}]}]},{\"type\":\"row\",\"props\":{\"layout\":\"1-2,1-2\"},\"children\":[{\"type\":\"column\",\"props\":{\"image_position\":\"center-center\",\"order_first\":\"s\",\"position_sticky_breakpoint\":\"m\",\"width_small\":\"1-2\"},\"children\":[{\"type\":\"image\",\"props\":{\"image\":\"wp-content\\\/uploads\\\/Check-and-validate_graphic.png\",\"image_svg_color\":\"emphasis\",\"margin\":\"default\"}}]},{\"type\":\"column\",\"props\":{\"image_position\":\"center-center\",\"order_first\":\"xs\",\"position_sticky_breakpoint\":\"m\",\"width_small\":\"1-2\"},\"children\":[{\"type\":\"headline\",\"props\":{\"content\":\"Die Challenge\",\"margin_remove_bottom\":true,\"title_color\":\"primary\",\"title_element\":\"h3\",\"title_style\":\"h3\"}},{\"type\":\"text\",\"props\":{\"column_breakpoint\":\"m\",\"content\":\"\n\n<p><span style=\\\"color: white;\\\">Ob Vertr\\u00e4ge, Anforderungen, Richtlinien oder andere Dokumente \\u2013 musst du regelm\\u00e4\\u00dfig gro\\u00dfe Textmengen lesen und \\u00fcberpr\\u00fcfen, nimmt das viel Zeit in Anspruch. Um sicher zu gehen, dass bestimmte Inhalte in den Dokumenten enthalten sind oder nicht vorkommen, ist jedoch der Blick f\\u00fcrs Detail wichtig \\u2013 denn \\u00e4hnliche Inhalte sind oft unterschiedlich formuliert.<\\\/span><\\\/p>\",\"margin\":\"default\"}},{\"type\":\"headline\",\"props\":{\"content\":\"Die L\\u00f6sung\",\"margin_remove_bottom\":true,\"title_color\":\"primary\",\"title_element\":\"h3\",\"title_style\":\"h3\"}},{\"type\":\"text\",\"props\":{\"column_breakpoint\":\"m\",\"content\":\"<span style=\\\"color:white;\\\">Mit semantha analysierst du automatisch eine gro\\u00dfe Anzahl von Dokumenten auf semantischer Ebene. Spezifische Inhalte, wie Must-haves oder No-Gos definierst du einfach vorab in deiner individuellen semantha Library. Basierend auf diesem vordefinierten Wissen werden neue Dokumente mit Hilfe von \\u201esemantic Fingerprinting\\u201c automatisch gepr\\u00fcft. Hervorgehobene Abs\\u00e4tze verschaffen dir \\u00dcberblick und erleichtern dir das Pr\\u00fcfen und Verifizieren von Themen. Zudem wirst du auf fehlende Passagen aufmerksam und deckst No-Gos auf. Deine Ergebnisse kannst du als annotiertes PDF herunterladen oder extrahierte Daten als Excel-Datei exportieren.<\\\/span>\",\"margin\":\"default\"}}]}]}]},{\"type\":\"section\",\"props\":{\"image\":\"wp-content\\\/uploads\\\/Rectangle-20.png\",\"image_position\":\"center-center\",\"image_size\":\"width-1-1\",\"media_background\":\"#000045\",\"style\":\"default\",\"title_breakpoint\":\"xl\",\"title_position\":\"top-left\",\"title_rotation\":\"left\",\"vertical_align\":\"middle\",\"width\":\"default\"},\"children\":[{\"type\":\"row\",\"props\":{\"width\":\"small\"},\"children\":[{\"type\":\"column\",\"props\":{\"image_position\":\"center-center\",\"position_sticky_breakpoint\":\"m\"},\"children\":[{\"type\":\"grid\",\"props\":{\"content_column_breakpoint\":\"m\",\"filter_align\":\"left\",\"filter_all\":true,\"filter_grid_breakpoint\":\"m\",\"filter_grid_width\":\"auto\",\"filter_position\":\"top\",\"filter_style\":\"tab\",\"grid_column_align\":true,\"grid_default\":\"2\",\"grid_medium\":\"\",\"icon_width\":80,\"image_align\":\"top\",\"image_grid_breakpoint\":\"m\",\"image_grid_width\":\"1-2\",\"image_svg_color\":\"emphasis\",\"item_animation\":true,\"link_style\":\"default\",\"link_text\":\"Read more\",\"margin\":\"default\",\"meta_align\":\"below-title\",\"meta_element\":\"div\",\"meta_style\":\"text-meta\",\"show_content\":true,\"show_image\":true,\"show_link\":true,\"show_meta\":true,\"show_title\":true,\"title_align\":\"top\",\"title_element\":\"h3\",\"title_grid_breakpoint\":\"m\",\"title_grid_width\":\"1-2\",\"title_hover_style\":\"reset\"},\"children\":[{\"type\":\"grid_item\",\"props\":{\"content\":\"[video_lightbox_youtube video_id=\\\"7ga4OvEmBlc\\\" width=\\\"1280\\\" height=\\\"720\\\" anchor=\\\"https:\\\/\\\/semantha.ai\\\/wp-content\\\/uploads\\\/Analyze_video-frame.png\\\" alt=\\\"Find specific content\\\"]\"}},{\"type\":\"grid_item\",\"props\":{\"content\":\"[video_lightbox_youtube video_id=\\\"kWDOaNV_Jcg\\\" width=\\\"1280\\\" height=\\\"720\\\" anchor=\\\"https:\\\/\\\/semantha.ai\\\/wp-content\\\/uploads\\\/Topic-check_video-frame.png\\\" alt=\\\"Analyze videos\\\"]\"}}]}]}]}]},{\"type\":\"section\",\"props\":{\"image_position\":\"center-center\",\"style\":\"secondary\",\"title_breakpoint\":\"xl\",\"title_position\":\"top-left\",\"title_rotation\":\"left\",\"vertical_align\":\"middle\",\"width\":\"default\"},\"children\":[{\"type\":\"row\",\"children\":[{\"type\":\"column\",\"props\":{\"image_position\":\"center-center\",\"position_sticky_breakpoint\":\"m\"},\"children\":[{\"type\":\"headline\",\"props\":{\"content\":\"Nutze die Vorteile von <span style=\\\"color: #D800B4;\\\">Check and Validate<\\\/span> in deinem spezifischen Use Case\",\"text_align\":\"center\",\"title_element\":\"h2\",\"title_style\":\"h2\"}},{\"type\":\"panel-slider\",\"props\":{\"content_column_breakpoint\":\"m\",\"icon_width\":80,\"image_align\":\"top\",\"image_grid_breakpoint\":\"m\",\"image_grid_width\":\"1-2\",\"image_link\":true,\"image_svg_color\":\"emphasis\",\"link_style\":\"default\",\"link_text\":\"\",\"margin\":\"xlarge\",\"meta_align\":\"below-title\",\"meta_element\":\"div\",\"meta_style\":\"text-meta\",\"nav\":\"\",\"nav_align\":\"center\",\"nav_breakpoint\":\"s\",\"panel_match\":true,\"show_content\":false,\"show_image\":true,\"show_link\":true,\"show_meta\":false,\"show_title\":true,\"slidenav\":\"outside\",\"slidenav_breakpoint\":\"xl\",\"slidenav_hover\":false,\"slidenav_large\":true,\"slidenav_margin\":\"medium\",\"slidenav_outside_breakpoint\":\"xl\",\"slider_autoplay\":true,\"slider_autoplay_interval\":\"15\",\"slider_autoplay_pause\":true,\"slider_gap\":\"default\",\"slider_sets\":true,\"slider_velocity\":\"0.5\",\"slider_width\":\"fixed\",\"slider_width_default\":\"1-2\",\"slider_width_medium\":\"\",\"slider_width_small\":\"1-4\",\"text_align\":\"center\",\"title_align\":\"top\",\"title_element\":\"h3\",\"title_grid_breakpoint\":\"m\",\"title_grid_width\":\"1-2\",\"title_hover_style\":\"reset\",\"title_link\":true,\"title_style\":\"text-large\"},\"children\":[{\"type\":\"panel-slider_item\",\"props\":{\"image\":\"wp-content\\\/uploads\\\/UC_contract-analysis_image.png\",\"link\":\"https:\\\/\\\/www.semantha.de\\\/analysis-and-review-of-contracts\\\/\",\"title\":\"Contract\\\/document analysis, review, and comparison\"}},{\"type\":\"panel-slider_item\",\"props\":{\"image\":\"wp-content\\\/uploads\\\/UC-risk-analysis-uw_image.png\",\"link\":\"https:\\\/\\\/www.semantha.de\\\/analysis-and-review-of-contracts\\\/\",\"title\":\"Risk analysis underwriting\"}},{\"type\":\"panel-slider_item\",\"props\":{\"image\":\"wp-content\\\/uploads\\\/UC_requirements_image.png\",\"link\":\"https:\\\/\\\/www.semantha.de\\\/use-cases\\\/requirements-specification-analysis\\\/\",\"title\":\"Requirements and specifications analysis\"}},{\"type\":\"panel-slider_item\",\"props\":{\"image\":\"wp-content\\\/uploads\\\/UC_mass-claims_image.png\",\"link\":\"https:\\\/\\\/www.semantha.de\\\/use-cases\\\/bulk-claim-analysis-comparison\\\/\",\"title\":\"Mass claims analysis\"}},{\"type\":\"panel-slider_item\",\"props\":{\"image\":\"wp-content\\\/uploads\\\/UC-ESG_image.png\",\"link\":\"https:\\\/\\\/www.semantha.de\\\/simplify-your-esg-reporting\\\/\",\"title\":\"ESG report data analysis\"}},{\"type\":\"panel-slider_item\",\"props\":{\"image\":\"wp-content\\\/uploads\\\/UC-compliance-management_image.png\",\"link\":\"https:\\\/\\\/www.semantha.de\\\/compliance-management\\\/\",\"title\":\"Compliance management\"}},{\"type\":\"panel-slider_item\",\"props\":{\"image\":\"wp-content\\\/uploads\\\/UC_reinsurance_image.png\",\"link\":\"https:\\\/\\\/www.semantha.de\\\/reinsurance\\\/\",\"title\":\"Contract\\\/document review for reinsurance\"}}]}]}],\"props\":{\"width\":\"small\"}}]}],\"version\":\"4.3.6\"} --><\/p>\n","protected":false},"excerpt":{"rendered":"<p>Check and validate Analysiere deine Dokumente automatisch und pr\u00fcfe sie einfach auf relevante Themen und Inhalte. Die Challenge Ob Vertr\u00e4ge, Anforderungen, Richtlinien oder andere Dokumente \u2013 musst du regelm\u00e4\u00dfig gro\u00dfe Textmengen lesen und \u00fcberpr\u00fcfen, nimmt das viel Zeit in Anspruch. Um sicher zu gehen, dass bestimmte Inhalte in den Dokumenten enthalten sind oder nicht vorkommen, [&hellip;]<\/p>\n","protected":false},"author":1,"featured_media":0,"parent":0,"menu_order":0,"comment_status":"closed","ping_status":"closed","template":"","meta":{"_acf_changed":false,"footnotes":""},"acf":[],"yoast_head":"<!-- This site is optimized with the Yoast SEO Premium plugin v22.7 (Yoast SEO v23.5) - https:\/\/yoast.com\/wordpress\/plugins\/seo\/ -->\n<title>Check and validate - semantha<\/title>\n<meta name=\"robots\" content=\"index, follow, max-snippet:-1, max-image-preview:large, max-video-preview:-1\" \/>\n<link rel=\"canonical\" href=\"https:\/\/www.semantha.de\/de\/check-and-validate\/\" \/>\n<meta property=\"og:locale\" content=\"de_DE\" \/>\n<meta property=\"og:type\" content=\"article\" \/>\n<meta property=\"og:title\" content=\"Check and validate\" \/>\n<meta property=\"og:description\" content=\"Check and validate Analysiere deine Dokumente automatisch und pr\u00fcfe sie einfach auf relevante Themen und Inhalte. Die Challenge Ob Vertr\u00e4ge, Anforderungen, Richtlinien oder andere Dokumente \u2013 musst du regelm\u00e4\u00dfig gro\u00dfe Textmengen lesen und \u00fcberpr\u00fcfen, nimmt das viel Zeit in Anspruch. Um sicher zu gehen, dass bestimmte Inhalte in den Dokumenten enthalten sind oder nicht vorkommen, [&hellip;]\" \/>\n<meta property=\"og:url\" content=\"https:\/\/www.semantha.de\/de\/check-and-validate\/\" \/>\n<meta property=\"og:site_name\" content=\"semantha\" \/>\n<meta property=\"article:modified_time\" content=\"2024-04-16T16:52:46+00:00\" \/>\n<meta name=\"twitter:card\" content=\"summary_large_image\" \/>\n<meta name=\"twitter:site\" content=\"@semanthaAI\" \/>\n<!-- \/ Yoast SEO Premium plugin. -->","yoast_head_json":{"title":"Check and validate - semantha","robots":{"index":"index","follow":"follow","max-snippet":"max-snippet:-1","max-image-preview":"max-image-preview:large","max-video-preview":"max-video-preview:-1"},"canonical":"https:\/\/www.semantha.de\/de\/check-and-validate\/","og_locale":"de_DE","og_type":"article","og_title":"Check and validate","og_description":"Check and validate Analysiere deine Dokumente automatisch und pr\u00fcfe sie einfach auf relevante Themen und Inhalte. Die Challenge Ob Vertr\u00e4ge, Anforderungen, Richtlinien oder andere Dokumente \u2013 musst du regelm\u00e4\u00dfig gro\u00dfe Textmengen lesen und \u00fcberpr\u00fcfen, nimmt das viel Zeit in Anspruch. Um sicher zu gehen, dass bestimmte Inhalte in den Dokumenten enthalten sind oder nicht vorkommen, [&hellip;]","og_url":"https:\/\/www.semantha.de\/de\/check-and-validate\/","og_site_name":"semantha","article_modified_time":"2024-04-16T16:52:46+00:00","twitter_card":"summary_large_image","twitter_site":"@semanthaAI","schema":{"@context":"https:\/\/schema.org","@graph":[{"@type":"WebPage","@id":"https:\/\/www.semantha.de\/de\/check-and-validate\/","url":"https:\/\/www.semantha.de\/de\/check-and-validate\/","name":"Check and validate - semantha","isPartOf":{"@id":"https:\/\/www.semantha.de\/de\/#website"},"datePublished":"2023-12-21T14:49:49+00:00","dateModified":"2024-04-16T16:52:46+00:00","breadcrumb":{"@id":"https:\/\/www.semantha.de\/de\/check-and-validate\/#breadcrumb"},"inLanguage":"de","potentialAction":[{"@type":"ReadAction","target":["https:\/\/www.semantha.de\/de\/check-and-validate\/"]}]},{"@type":"BreadcrumbList","@id":"https:\/\/www.semantha.de\/de\/check-and-validate\/#breadcrumb","itemListElement":[{"@type":"ListItem","position":1,"name":"Startseite","item":"https:\/\/www.semantha.de\/de\/"},{"@type":"ListItem","position":2,"name":"Check and validate"}]},{"@type":"WebSite","@id":"https:\/\/www.semantha.de\/de\/#website","url":"https:\/\/www.semantha.de\/de\/","name":"semantha","description":"the semantic platform","potentialAction":[{"@type":"SearchAction","target":{"@type":"EntryPoint","urlTemplate":"https:\/\/www.semantha.de\/de\/?s={search_term_string}"},"query-input":{"@type":"PropertyValueSpecification","valueRequired":true,"valueName":"search_term_string"}}],"inLanguage":"de"}]}},"_links":{"self":[{"href":"https:\/\/www.semantha.de\/de\/wp-json\/wp\/v2\/pages\/11233"}],"collection":[{"href":"https:\/\/www.semantha.de\/de\/wp-json\/wp\/v2\/pages"}],"about":[{"href":"https:\/\/www.semantha.de\/de\/wp-json\/wp\/v2\/types\/page"}],"author":[{"embeddable":true,"href":"https:\/\/www.semantha.de\/de\/wp-json\/wp\/v2\/users\/1"}],"replies":[{"embeddable":true,"href":"https:\/\/www.semantha.de\/de\/wp-json\/wp\/v2\/comments?post=11233"}],"version-history":[{"count":4,"href":"https:\/\/www.semantha.de\/de\/wp-json\/wp\/v2\/pages\/11233\/revisions"}],"predecessor-version":[{"id":12626,"href":"https:\/\/www.semantha.de\/de\/wp-json\/wp\/v2\/pages\/11233\/revisions\/12626"}],"wp:attachment":[{"href":"https:\/\/www.semantha.de\/de\/wp-json\/wp\/v2\/media?parent=11233"}],"curies":[{"name":"wp","href":"https:\/\/api.w.org\/{rel}","templated":true}]}}