{"id":11251,"date":"2023-12-21T16:23:58","date_gmt":"2023-12-21T15:23:58","guid":{"rendered":"https:\/\/www.semantha.de\/?page_id=11251"},"modified":"2024-04-16T18:53:27","modified_gmt":"2024-04-16T16:53:27","slug":"classify-and-cluster","status":"publish","type":"page","link":"https:\/\/www.semantha.de\/de\/classify-and-cluster\/","title":{"rendered":"Classify and Cluster"},"content":{"rendered":"<h1>Classify and cluster<\/h1>\n<div>\n<p><span style=\"color: white;\">Kategorisiere deine Dokumente oder gruppiere deine unstrukturierten Information mit nur wenigen Klicks.<\/span><\/p>\n<\/div>\n<p><img decoding=\"async\" src=\"\/wp-content\/uploads\/Classify-and-cluster_Header-image.png\" alt=\"\"><br \/>\n<img decoding=\"async\" src=\"\/wp-content\/uploads\/Classify-and-cluster_Graphic.png\" alt=\"\"><\/p>\n<h3>Die Challenge<\/h3>\n<div>\n<p><span style=\"color: white;\">M\u00f6chtest du herausfinden, welche Themen in einer gro\u00dfen Menge unstrukturierter Daten enthalten sind und diese sinnvoll organisieren, ist das mit einem enormen Aufwand verbunden. Dar\u00fcber hinaus m\u00fcssen t\u00e4glich viele Dokumente, z.B. Schriftverkehr, gelesen und manuell kategorisiert werden, bevor die zust\u00e4ndige Person diese bearbeiten kann. <\/span><\/p>\n<\/div>\n<h3>Die L\u00f6sung<\/h3>\n<div><span style=\"color:white;\">Mit semantha bringst du Struktur in gro\u00dfe Textmengen oder deine eingehenden Dokumente. Hast du kein Vorwissen \u00fcber die Informationen, die in den Dokumenten enthalten sind, identifiziert semantha Themen mit \u00e4hnlicher Bedeutung und gruppiert die zugeh\u00f6rigen Abs\u00e4tze entsprechend. Mit Hilfe von Large Language Models werden Themencluster f\u00fcr dich \u00fcbersichtlich zusammengefasst. Du kannst nachvollziehen, wie sich die Themen \u00fcber die Dokumente verteilen und bekommst einen wertvollen Einblick in deren Inhalte.<\/p>\n<p>Dar\u00fcber hinaus kannst du deine semantha Library mit einigen Beispieldokumenten und -abs\u00e4tzen ausbilden. Basierend auf diesem Vorwissen liest semantha deine neuen Dokumente und kategorisiert sie automatisch f\u00fcr dich. Das erm\u00f6glicht dir eine schnellere Bearbeitung. Relevante Informationen k\u00f6nnen zudem ermittelt und extrahiert werden.<\/span><\/div>\n<div>\n<div><a id=\"69de26072b4f6\" rel=\"wp-video-lightbox\" href=\"https:\/\/www.youtube.com\/watch?v=0SBZf8rTYWw&#038;width=1280&#038;height=720\" title=\"\"><img decoding=\"async\" src=\"https:\/\/semantha.ai\/wp-content\/uploads\/Categorize_video-frame.png\" class=\"video_lightbox_anchor_image\" alt=\"Find specific content\" \/><\/a>    <script>\r\n    \/* <![CDATA[ *\/\r\n    jQuery(document).ready(function($){\r\n        $(function(){\r\n            var width = $(window).innerWidth();\r\n            var setwidth = parseFloat(1280);\r\n            var ratio = parseFloat(0.5625);\r\n            var height = parseFloat(720);\r\n            var link = 'https:\/\/www.youtube.com\/watch?v=0SBZf8rTYWw&amp;width=1280&amp;height=720';\r\n            if(width < setwidth)\r\n            {\r\n                height = Math.floor(width * 0.5625);\r\n                \/\/console.log(\"device width \"+width+\", set width \"+1280+\", ratio \"+0.5625+\", new height \"+ height);\r\n                var new_url = wpvl_paramReplace('width', link, width);\r\n                var new_url = wpvl_paramReplace('height', new_url, height);\r\n                $(\"a#69de26072b4f6\").attr('href', new_url);\r\n                \/\/console.log(new_url);\r\n            }\r\n        });\r\n    });\r\n    \/* ]]> *\/\r\n    <\/script><\/div>\n<\/div>\n<h2>Nutze die Vorteile von <span style=\"color: #D800B4;\">Classify and Cluster<\/span> in deinem spezifischen Use Case<\/h2>\n<ul>\n<li>\n<p><img decoding=\"async\" src=\"\/wp-content\/uploads\/UC_contract-analysis_image.png\" alt=\"\"><\/p>\n<h3>Contract\/document analysis, review, and comparison<\/h3>\n<p><a href=\"https:\/\/www.semantha.de\/analysis-and-review-of-contracts\/\"><\/a><\/p>\n<\/li>\n<li>\n<p><img decoding=\"async\" src=\"\/wp-content\/uploads\/UC-ESG_image.png\" alt=\"\"><\/p>\n<h3>ESG report data analysis<\/h3>\n<p><a href=\"https:\/\/www.semantha.de\/simplify-your-esg-reporting\/\"><\/a><\/p>\n<\/li>\n<li>\n<p><img decoding=\"async\" src=\"\/wp-content\/uploads\/UC_requirements_image.png\" alt=\"\"><\/p>\n<h3>Requirements and specifications analysis<\/h3>\n<p><a href=\"https:\/\/www.semantha.de\/use-cases\/requirements-specification-analysis\/\"><\/a><\/p>\n<\/li>\n<li>\n<p><img decoding=\"async\" src=\"\/wp-content\/uploads\/UC_CV-matching_image.png\" alt=\"\"><\/p>\n<h3>CV matching<\/h3>\n<\/li>\n<\/ul>\n<p><!--more--><br \/>\n<!-- {\"type\":\"layout\",\"children\":[{\"type\":\"section\",\"props\":{\"header_transparent\":true,\"header_transparent_noplaceholder\":true,\"header_transparent_text_color\":\"light\",\"height\":\"viewport\",\"height_offset_top\":true,\"height_viewport\":80,\"image\":\"wp-content\\\/uploads\\\/AdobeStock_531539942_Opti_Final.png\",\"image_position\":\"top-center\",\"image_size\":\"width-1-1\",\"media_blend_mode\":\"multiply\",\"media_focal_point\":\"top-center\",\"media_overlay\":\"rgba(0, 0, 69, 0.56)\",\"padding\":\"xlarge\",\"style\":\"secondary\",\"title_breakpoint\":\"xl\",\"title_position\":\"top-left\",\"title_rotation\":\"left\",\"vertical_align\":\"middle\",\"width\":\"default\"},\"children\":[{\"type\":\"row\",\"props\":{\"alignment\":\"center\",\"column_gap\":\"large\",\"layout\":\"1-2,1-2\",\"margin\":\"xlarge\"},\"children\":[{\"type\":\"column\",\"props\":{\"image_position\":\"center-center\",\"position_sticky_breakpoint\":\"m\",\"vertical_align\":\"middle\",\"width_medium\":\"1-2\"},\"children\":[{\"type\":\"headline\",\"props\":{\"content\":\"Classify and cluster\",\"title_element\":\"h1\",\"title_style\":\"h1\"}},{\"type\":\"text\",\"props\":{\"column_breakpoint\":\"m\",\"content\":\"\n\n<p><span style=\\\"color: white;\\\">Kategorisiere deine Dokumente oder gruppiere deine unstrukturierten Information mit nur wenigen Klicks.<\\\/span><\\\/p>\",\"margin\":\"default\",\"text_style\":\"large\"}}]},{\"type\":\"column\",\"props\":{\"image_position\":\"center-center\",\"position_sticky_breakpoint\":\"m\",\"vertical_align\":\"middle\",\"width_medium\":\"1-2\"},\"children\":[{\"type\":\"image\",\"props\":{\"image\":\"wp-content\\\/uploads\\\/Classify-and-cluster_Header-image.png\",\"image_svg_color\":\"emphasis\",\"image_width\":\"40 %\",\"margin\":\"default\"}}]}]},{\"type\":\"row\",\"props\":{\"layout\":\"1-2,1-2\"},\"children\":[{\"type\":\"column\",\"props\":{\"image_position\":\"center-center\",\"order_first\":\"s\",\"position_sticky_breakpoint\":\"m\",\"width_small\":\"1-2\"},\"children\":[{\"type\":\"image\",\"props\":{\"image\":\"wp-content\\\/uploads\\\/Classify-and-cluster_Graphic.png\",\"image_svg_color\":\"emphasis\",\"margin\":\"default\"}}]},{\"type\":\"column\",\"props\":{\"image_position\":\"center-center\",\"order_first\":\"xs\",\"position_sticky_breakpoint\":\"m\",\"width_small\":\"1-2\"},\"children\":[{\"type\":\"headline\",\"props\":{\"content\":\"Die Challenge\",\"margin_remove_bottom\":true,\"title_color\":\"primary\",\"title_element\":\"h3\",\"title_style\":\"h3\"}},{\"type\":\"text\",\"props\":{\"column_breakpoint\":\"m\",\"content\":\"\n\n<p><span style=\\\"color: white;\\\">M\\u00f6chtest du herausfinden, welche Themen in einer gro\\u00dfen Menge unstrukturierter Daten enthalten sind und diese sinnvoll organisieren, ist das mit einem enormen Aufwand verbunden. Dar\\u00fcber hinaus m\\u00fcssen t\\u00e4glich viele Dokumente, z.B. Schriftverkehr, gelesen und manuell kategorisiert werden, bevor die zust\\u00e4ndige Person diese bearbeiten kann. <\\\/span><\\\/p>\",\"margin\":\"default\"}},{\"type\":\"headline\",\"props\":{\"content\":\"Die L\\u00f6sung\",\"margin_remove_bottom\":true,\"title_color\":\"primary\",\"title_element\":\"h3\",\"title_style\":\"h3\"}},{\"type\":\"text\",\"props\":{\"column_breakpoint\":\"m\",\"content\":\"<span style=\\\"color:white;\\\">Mit semantha bringst du Struktur in gro\\u00dfe Textmengen oder deine eingehenden Dokumente. Hast du kein Vorwissen \\u00fcber die Informationen, die in den Dokumenten enthalten sind, identifiziert semantha Themen mit \\u00e4hnlicher Bedeutung und gruppiert die zugeh\\u00f6rigen Abs\\u00e4tze entsprechend. Mit Hilfe von Large Language Models werden Themencluster f\\u00fcr dich \\u00fcbersichtlich zusammengefasst. Du kannst nachvollziehen, wie sich die Themen \\u00fcber die Dokumente verteilen und bekommst einen wertvollen Einblick in deren Inhalte.\\n\n\n\\nDar\\u00fcber hinaus kannst du deine semantha Library mit einigen Beispieldokumenten und -abs\\u00e4tzen ausbilden. Basierend auf diesem Vorwissen liest semantha deine neuen Dokumente und kategorisiert sie automatisch f\\u00fcr dich. Das erm\\u00f6glicht dir eine schnellere Bearbeitung. Relevante Informationen k\\u00f6nnen zudem ermittelt und extrahiert werden.<\\\/span>\",\"margin\":\"default\"}}]}]}]},{\"type\":\"section\",\"props\":{\"image\":\"wp-content\\\/uploads\\\/Rectangle-20.png\",\"image_position\":\"center-center\",\"image_size\":\"width-1-1\",\"media_background\":\"#000045\",\"style\":\"default\",\"title_breakpoint\":\"xl\",\"title_position\":\"top-left\",\"title_rotation\":\"left\",\"vertical_align\":\"middle\",\"width\":\"default\"},\"children\":[{\"type\":\"row\",\"props\":{\"width\":\"small\"},\"children\":[{\"type\":\"column\",\"props\":{\"image_position\":\"center-center\",\"position_sticky_breakpoint\":\"m\"},\"children\":[{\"type\":\"grid\",\"props\":{\"content_column_breakpoint\":\"m\",\"filter_align\":\"left\",\"filter_all\":true,\"filter_grid_breakpoint\":\"m\",\"filter_grid_width\":\"auto\",\"filter_position\":\"top\",\"filter_style\":\"tab\",\"grid_column_align\":true,\"grid_default\":\"2\",\"grid_medium\":\"\",\"icon_width\":80,\"image_align\":\"top\",\"image_grid_breakpoint\":\"m\",\"image_grid_width\":\"1-2\",\"image_svg_color\":\"emphasis\",\"item_animation\":true,\"link_style\":\"default\",\"link_text\":\"Read more\",\"margin\":\"default\",\"meta_align\":\"below-title\",\"meta_element\":\"div\",\"meta_style\":\"text-meta\",\"show_content\":true,\"show_image\":true,\"show_link\":true,\"show_meta\":true,\"show_title\":true,\"title_align\":\"top\",\"title_element\":\"h3\",\"title_grid_breakpoint\":\"m\",\"title_grid_width\":\"1-2\",\"title_hover_style\":\"reset\"},\"children\":[{\"type\":\"grid_item\",\"props\":{\"content\":\"[video_lightbox_youtube video_id=\\\"0SBZf8rTYWw\\\" width=\\\"1280\\\" height=\\\"720\\\" anchor=\\\"https:\\\/\\\/semantha.ai\\\/wp-content\\\/uploads\\\/Categorize_video-frame.png\\\" alt=\\\"Find specific content\\\"]\"}}]}]}]}]},{\"type\":\"section\",\"props\":{\"image_position\":\"center-center\",\"style\":\"secondary\",\"title_breakpoint\":\"xl\",\"title_position\":\"top-left\",\"title_rotation\":\"left\",\"vertical_align\":\"middle\",\"width\":\"default\"},\"children\":[{\"type\":\"row\",\"children\":[{\"type\":\"column\",\"props\":{\"image_position\":\"center-center\",\"position_sticky_breakpoint\":\"m\"},\"children\":[{\"type\":\"headline\",\"props\":{\"content\":\"Nutze die Vorteile von <span style=\\\"color: #D800B4;\\\">Classify and Cluster<\\\/span> in deinem spezifischen Use Case\",\"text_align\":\"center\",\"title_element\":\"h2\",\"title_style\":\"h2\"}},{\"type\":\"panel-slider\",\"props\":{\"content_column_breakpoint\":\"m\",\"icon_width\":80,\"image_align\":\"top\",\"image_grid_breakpoint\":\"m\",\"image_grid_width\":\"1-2\",\"image_link\":true,\"image_svg_color\":\"emphasis\",\"link_style\":\"default\",\"link_text\":\"\",\"margin\":\"xlarge\",\"meta_align\":\"below-title\",\"meta_element\":\"div\",\"meta_style\":\"text-meta\",\"nav\":\"\",\"nav_align\":\"center\",\"nav_breakpoint\":\"s\",\"panel_match\":true,\"show_content\":false,\"show_image\":true,\"show_link\":true,\"show_meta\":false,\"show_title\":true,\"slidenav\":\"outside\",\"slidenav_breakpoint\":\"xl\",\"slidenav_hover\":false,\"slidenav_large\":true,\"slidenav_margin\":\"medium\",\"slidenav_outside_breakpoint\":\"xl\",\"slider_autoplay\":true,\"slider_autoplay_interval\":\"15\",\"slider_autoplay_pause\":true,\"slider_gap\":\"default\",\"slider_sets\":true,\"slider_velocity\":\"0.5\",\"slider_width\":\"fixed\",\"slider_width_default\":\"1-2\",\"slider_width_medium\":\"\",\"slider_width_small\":\"1-4\",\"text_align\":\"center\",\"title_align\":\"top\",\"title_element\":\"h3\",\"title_grid_breakpoint\":\"m\",\"title_grid_width\":\"1-2\",\"title_hover_style\":\"reset\",\"title_link\":true,\"title_style\":\"text-large\"},\"children\":[{\"type\":\"panel-slider_item\",\"props\":{\"image\":\"wp-content\\\/uploads\\\/UC_contract-analysis_image.png\",\"link\":\"https:\\\/\\\/www.semantha.de\\\/analysis-and-review-of-contracts\\\/\",\"title\":\"Contract\\\/document analysis, review, and comparison\"}},{\"type\":\"panel-slider_item\",\"props\":{\"image\":\"wp-content\\\/uploads\\\/UC-ESG_image.png\",\"link\":\"https:\\\/\\\/www.semantha.de\\\/simplify-your-esg-reporting\\\/\",\"title\":\"ESG report data analysis\"}},{\"type\":\"panel-slider_item\",\"props\":{\"image\":\"wp-content\\\/uploads\\\/UC_requirements_image.png\",\"link\":\"https:\\\/\\\/www.semantha.de\\\/use-cases\\\/requirements-specification-analysis\\\/\",\"title\":\"Requirements and specifications analysis\"}},{\"type\":\"panel-slider_item\",\"props\":{\"image\":\"wp-content\\\/uploads\\\/UC_CV-matching_image.png\",\"title\":\"CV matching\"}}]}]}],\"props\":{\"width\":\"small\"}}]}],\"version\":\"4.3.6\"} --><\/p>\n","protected":false},"excerpt":{"rendered":"<p>Classify and cluster Kategorisiere deine Dokumente oder gruppiere deine unstrukturierten Information mit nur wenigen Klicks. Die Challenge M\u00f6chtest du herausfinden, welche Themen in einer gro\u00dfen Menge unstrukturierter Daten enthalten sind und diese sinnvoll organisieren, ist das mit einem enormen Aufwand verbunden. Dar\u00fcber hinaus m\u00fcssen t\u00e4glich viele Dokumente, z.B. Schriftverkehr, gelesen und manuell kategorisiert werden, bevor [&hellip;]<\/p>\n","protected":false},"author":1,"featured_media":0,"parent":0,"menu_order":0,"comment_status":"closed","ping_status":"closed","template":"","meta":{"_acf_changed":false,"footnotes":""},"acf":[],"yoast_head":"<!-- This site is optimized with the Yoast SEO Premium plugin v22.7 (Yoast SEO v23.5) - https:\/\/yoast.com\/wordpress\/plugins\/seo\/ -->\n<title>Classify and Cluster - semantha<\/title>\n<meta name=\"robots\" content=\"index, follow, max-snippet:-1, max-image-preview:large, max-video-preview:-1\" \/>\n<link rel=\"canonical\" href=\"https:\/\/www.semantha.de\/de\/classify-and-cluster\/\" \/>\n<meta property=\"og:locale\" content=\"de_DE\" \/>\n<meta property=\"og:type\" content=\"article\" \/>\n<meta property=\"og:title\" content=\"Classify and Cluster\" \/>\n<meta property=\"og:description\" content=\"Classify and cluster Kategorisiere deine Dokumente oder gruppiere deine unstrukturierten Information mit nur wenigen Klicks. Die Challenge M\u00f6chtest du herausfinden, welche Themen in einer gro\u00dfen Menge unstrukturierter Daten enthalten sind und diese sinnvoll organisieren, ist das mit einem enormen Aufwand verbunden. Dar\u00fcber hinaus m\u00fcssen t\u00e4glich viele Dokumente, z.B. Schriftverkehr, gelesen und manuell kategorisiert werden, bevor [&hellip;]\" \/>\n<meta property=\"og:url\" content=\"https:\/\/www.semantha.de\/de\/classify-and-cluster\/\" \/>\n<meta property=\"og:site_name\" content=\"semantha\" \/>\n<meta property=\"article:modified_time\" content=\"2024-04-16T16:53:27+00:00\" \/>\n<meta name=\"twitter:card\" content=\"summary_large_image\" \/>\n<meta name=\"twitter:site\" content=\"@semanthaAI\" \/>\n<!-- \/ Yoast SEO Premium plugin. -->","yoast_head_json":{"title":"Classify and Cluster - semantha","robots":{"index":"index","follow":"follow","max-snippet":"max-snippet:-1","max-image-preview":"max-image-preview:large","max-video-preview":"max-video-preview:-1"},"canonical":"https:\/\/www.semantha.de\/de\/classify-and-cluster\/","og_locale":"de_DE","og_type":"article","og_title":"Classify and Cluster","og_description":"Classify and cluster Kategorisiere deine Dokumente oder gruppiere deine unstrukturierten Information mit nur wenigen Klicks. Die Challenge M\u00f6chtest du herausfinden, welche Themen in einer gro\u00dfen Menge unstrukturierter Daten enthalten sind und diese sinnvoll organisieren, ist das mit einem enormen Aufwand verbunden. Dar\u00fcber hinaus m\u00fcssen t\u00e4glich viele Dokumente, z.B. Schriftverkehr, gelesen und manuell kategorisiert werden, bevor [&hellip;]","og_url":"https:\/\/www.semantha.de\/de\/classify-and-cluster\/","og_site_name":"semantha","article_modified_time":"2024-04-16T16:53:27+00:00","twitter_card":"summary_large_image","twitter_site":"@semanthaAI","schema":{"@context":"https:\/\/schema.org","@graph":[{"@type":"WebPage","@id":"https:\/\/www.semantha.de\/de\/classify-and-cluster\/","url":"https:\/\/www.semantha.de\/de\/classify-and-cluster\/","name":"Classify and Cluster - semantha","isPartOf":{"@id":"https:\/\/www.semantha.de\/de\/#website"},"datePublished":"2023-12-21T15:23:58+00:00","dateModified":"2024-04-16T16:53:27+00:00","breadcrumb":{"@id":"https:\/\/www.semantha.de\/de\/classify-and-cluster\/#breadcrumb"},"inLanguage":"de","potentialAction":[{"@type":"ReadAction","target":["https:\/\/www.semantha.de\/de\/classify-and-cluster\/"]}]},{"@type":"BreadcrumbList","@id":"https:\/\/www.semantha.de\/de\/classify-and-cluster\/#breadcrumb","itemListElement":[{"@type":"ListItem","position":1,"name":"Startseite","item":"https:\/\/www.semantha.de\/de\/"},{"@type":"ListItem","position":2,"name":"Classify and Cluster"}]},{"@type":"WebSite","@id":"https:\/\/www.semantha.de\/de\/#website","url":"https:\/\/www.semantha.de\/de\/","name":"semantha","description":"the semantic platform","potentialAction":[{"@type":"SearchAction","target":{"@type":"EntryPoint","urlTemplate":"https:\/\/www.semantha.de\/de\/?s={search_term_string}"},"query-input":{"@type":"PropertyValueSpecification","valueRequired":true,"valueName":"search_term_string"}}],"inLanguage":"de"}]}},"_links":{"self":[{"href":"https:\/\/www.semantha.de\/de\/wp-json\/wp\/v2\/pages\/11251"}],"collection":[{"href":"https:\/\/www.semantha.de\/de\/wp-json\/wp\/v2\/pages"}],"about":[{"href":"https:\/\/www.semantha.de\/de\/wp-json\/wp\/v2\/types\/page"}],"author":[{"embeddable":true,"href":"https:\/\/www.semantha.de\/de\/wp-json\/wp\/v2\/users\/1"}],"replies":[{"embeddable":true,"href":"https:\/\/www.semantha.de\/de\/wp-json\/wp\/v2\/comments?post=11251"}],"version-history":[{"count":5,"href":"https:\/\/www.semantha.de\/de\/wp-json\/wp\/v2\/pages\/11251\/revisions"}],"predecessor-version":[{"id":12627,"href":"https:\/\/www.semantha.de\/de\/wp-json\/wp\/v2\/pages\/11251\/revisions\/12627"}],"wp:attachment":[{"href":"https:\/\/www.semantha.de\/de\/wp-json\/wp\/v2\/media?parent=11251"}],"curies":[{"name":"wp","href":"https:\/\/api.w.org\/{rel}","templated":true}]}}