{"id":11365,"date":"2024-01-15T15:46:18","date_gmt":"2024-01-15T14:46:18","guid":{"rendered":"https:\/\/www.semantha.de\/?page_id=11365"},"modified":"2025-01-27T17:38:24","modified_gmt":"2025-01-27T16:38:24","slug":"semantha-topic-check","status":"publish","type":"page","link":"https:\/\/www.semantha.de\/de\/semantha-topic-check\/","title":{"rendered":"semantha Topic Check"},"content":{"rendered":"<p><img decoding=\"async\" src=\"\/wp-content\/uploads\/semantha-Topic-Check-negativ-RGB-2.png\" alt=\"\"><\/p>\n<div><span style=\"color: white;\">Gehe schnell deine Themen-Checkliste durch und behalte stets deinen Fortschritt im Blick.<\/span><\/div>\n<p>\n    <a href=\"\/book-a-meet\/\">Jetzt loslegen<\/a>\n<\/p>\n<p><img decoding=\"async\" src=\"\/wp-content\/uploads\/TC_icon_rauten.png\" alt=\"\"><\/p>\n<h2>Du verschwendest viel Zeit damit Dokumente auf Themen zu pr\u00fcfen?<\/h2>\n<div><span style=\"color:white;\">Mit Topic Check findest du schnell heraus, ob bestimmte, vordefinierte Themen in deinem Dokument enthalten sind oder fehlen. Dabei machen es semantha\u2019s Analysef\u00e4higkeiten m\u00f6glich, Themen auch dann zu erkennen, wenn sie anders formuliert sind. So kannst du dich darauf konzentrieren ein Thema zu pr\u00fcfen, falls n\u00f6tig, eine Information an dein System zu \u00fcbertragen und das Thema anschlie\u00dfend abzuhaken.<\/span><\/div>\n<p><video src=\"\/wp-content\/uploads\/Topic-Check_Website_Snippet_cropped.mp4\" poster=\"\"><\/video><\/p>\n<h2><span style=\"color: #d800b4;\">Topic Check<\/span> f\u00fchrt dich durchs Dokument<\/h2>\n<h3>Definiere deine gew\u00fcnschten Themen<\/h3>\n<div><span style=\"color:white;\">Lege Kategorien f\u00fcr die Themen an, die semantha in neu eingehenden Dokumenten finden soll und erg\u00e4nze ganz einfach Library-Eintr\u00e4ge, die als Referenzen f\u00fcr das Thema dienen. Dank der organisierten Library beh\u00e4ltst du den \u00dcberblick \u00fcber deine Themen und kannst diese bei Bedarf jederzeit anpassen.<\/span><\/div>\n<p><a href=\"\/wp-content\/uploads\/desired-topics_screens-1.png\"><img decoding=\"async\" src=\"\/wp-content\/uploads\/desired-topics_screens-1.png\" alt=\"\"><\/a><br \/>\n<a href=\"\/wp-content\/uploads\/jump-verify_screens-1.png\"><img decoding=\"async\" src=\"\/wp-content\/uploads\/jump-verify_screens-1.png\" alt=\"\"><\/a><\/p>\n<h3>Klick dich durch die Matches und \u00fcberpr\u00fcfe deine Themen<\/h3>\n<div><span style=\"color:white;\">Sieh dir die gefunden Textabschnitte an, die mit den Library-Eintr\u00e4gen \u00fcbereinstimmen und \u00fcberpr\u00fcfe so ein Thema nach dem anderen. Falls n\u00f6tig, vermerke ein To-Do in deinem System oder hake das Thema direkt als \u201egepr\u00fcft\u201c ab. Nat\u00fcrlich kannst du mit der Stichwort-Suche auch nach konkreten Begriffen suchen. Themen, die nicht im Dokument gefunden wurden, werden hervorgehoben, sodass dir nichts entgeht.<\/span><\/div>\n<h3>Vollzieh nach, wie sich die Themen verteilen<\/h3>\n<div><span style=\"color:white;\">Anhand einer anschaulichen \u00dcbersicht erkennst du, wie sich die Themen \u00fcber das Dokument hinweg verteilen. Sieh auf einen Blick, \u00fcber welche Themen auf welcher Seite gesprochen wird.<\/span><\/div>\n<p><a href=\"\/wp-content\/uploads\/distribution_screens-1.png\"><img decoding=\"async\" src=\"\/wp-content\/uploads\/distribution_screens-1.png\" alt=\"\"><\/a><\/p>\n<h1><span style=\"color: white;\">So funktioniert&#8217;s<\/span><\/h1>\n<div>\n<div><a id=\"69de25bf80ac9\" rel=\"wp-video-lightbox\" href=\"https:\/\/www.youtube.com\/watch?v=kWDOaNV_Jcg&#038;width=1280&#038;height=720\" title=\"\"><img decoding=\"async\" src=\"https:\/\/semantha.ai\/wp-content\/uploads\/Topic-check_video-frame.png\" class=\"video_lightbox_anchor_image\" alt=\"Find specific content\" \/><\/a>    <script>\r\n    \/* <![CDATA[ *\/\r\n    jQuery(document).ready(function($){\r\n        $(function(){\r\n            var width = $(window).innerWidth();\r\n            var setwidth = parseFloat(1280);\r\n            var ratio = parseFloat(0.5625);\r\n            var height = parseFloat(720);\r\n            var link = 'https:\/\/www.youtube.com\/watch?v=kWDOaNV_Jcg&amp;width=1280&amp;height=720';\r\n            if(width < setwidth)\r\n            {\r\n                height = Math.floor(width * 0.5625);\r\n                \/\/console.log(\"device width \"+width+\", set width \"+1280+\", ratio \"+0.5625+\", new height \"+ height);\r\n                var new_url = wpvl_paramReplace('width', link, width);\r\n                var new_url = wpvl_paramReplace('height', new_url, height);\r\n                $(\"a#69de25bf80ac9\").attr('href', new_url);\r\n                \/\/console.log(new_url);\r\n            }\r\n        });\r\n    });\r\n    \/* ]]> *\/\r\n    <\/script><\/div>\n<\/div>\n<p><img decoding=\"async\" src=\"\/wp-content\/uploads\/Check-and-validate_Icon.png\" alt=\"\"><\/p>\n<h2>Use case <span style=\"color: #d800b4;\">check and validate<\/span><\/h2>\n<div><span style=\"color:white;\">Erfahre noch mehr dar\u00fcber, wie semanthas Topic Check dir dabei hilft, die Herausforderungen in deinem Unternehmen zu bew\u00e4ltigen und deswegen die perfekte L\u00f6sung f\u00fcr dich ist. <\/span><\/div>\n<p>\n    <a href=\"\/check-and-validate\/\">Learn more<\/a>\n<\/p>\n<p><!--more--><br \/>\n<!-- {\"type\":\"layout\",\"children\":[{\"type\":\"section\",\"props\":{\"animation\":\"slide-bottom-small\",\"header_transparent\":true,\"header_transparent_noplaceholder\":true,\"header_transparent_text_color\":\"light\",\"height\":\"viewport\",\"height_offset_top\":true,\"height_viewport\":80,\"image\":\"wp-content\\\/uploads\\\/AdobeStock_531539942_Opti_Final.png\",\"image_position\":\"top-center\",\"image_size\":\"width-1-1\",\"media_blend_mode\":\"multiply\",\"media_focal_point\":\"top-center\",\"media_overlay\":\"rgba(0, 0, 69, 0.56)\",\"padding\":\"xlarge\",\"padding_remove_bottom\":true,\"style\":\"secondary\",\"title_breakpoint\":\"xl\",\"title_position\":\"top-left\",\"title_rotation\":\"left\",\"vertical_align\":\"middle\",\"width\":\"default\"},\"children\":[{\"type\":\"row\",\"props\":{\"alignment\":\"center\",\"column_gap\":\"large\",\"layout\":\"1-2,1-2\",\"margin\":\"xlarge\"},\"children\":[{\"type\":\"column\",\"props\":{\"image_position\":\"center-center\",\"position_sticky_breakpoint\":\"m\",\"vertical_align\":\"middle\",\"width_medium\":\"1-2\"},\"children\":[{\"type\":\"image\",\"props\":{\"image\":\"wp-content\\\/uploads\\\/semantha-Topic-Check-negativ-RGB-2.png\",\"image_svg_color\":\"emphasis\",\"image_width\":\"400px\",\"margin\":\"default\"}},{\"type\":\"text\",\"props\":{\"column_breakpoint\":\"m\",\"content\":\"<span style=\\\"color: white;\\\">Gehe schnell deine Themen-Checkliste durch und behalte stets deinen Fortschritt im Blick.<\\\/span>\",\"margin\":\"default\",\"text_style\":\"large\"}},{\"type\":\"button\",\"props\":{\"grid_column_gap\":\"small\",\"grid_row_gap\":\"small\",\"margin\":\"default\",\"text_align\":\"left\"},\"children\":[{\"type\":\"button_item\",\"props\":{\"button_style\":\"primary\",\"content\":\"Jetzt loslegen\",\"icon_align\":\"left\",\"link\":\"book-a-meet\\\/\"}}]}]},{\"type\":\"column\",\"props\":{\"image_position\":\"center-center\",\"position_sticky_breakpoint\":\"m\",\"vertical_align\":\"middle\",\"width_medium\":\"1-2\"},\"children\":[{\"type\":\"image\",\"props\":{\"animation\":\"slide-right-small\",\"image\":\"wp-content\\\/uploads\\\/TC_icon_rauten.png\",\"image_svg_color\":\"emphasis\",\"image_width\":\"350px\",\"margin\":\"default\"}}]}]},{\"type\":\"row\",\"children\":[{\"type\":\"column\",\"props\":{\"image_position\":\"center-center\",\"position_sticky_breakpoint\":\"m\"},\"children\":[{\"type\":\"headline\",\"props\":{\"content\":\"Du verschwendest viel Zeit damit Dokumente auf Themen zu pr\\u00fcfen?\",\"text_align\":\"center\",\"title_element\":\"h2\"}},{\"type\":\"text\",\"props\":{\"block_align\":\"center\",\"column_breakpoint\":\"m\",\"content\":\"<span style=\\\"color:white;\\\">Mit Topic Check findest du schnell heraus, ob bestimmte, vordefinierte Themen in deinem Dokument enthalten sind oder fehlen. Dabei machen es semantha\\u2019s Analysef\\u00e4higkeiten m\\u00f6glich, Themen auch dann zu erkennen, wenn sie anders formuliert sind. So kannst du dich darauf konzentrieren ein Thema zu pr\\u00fcfen, falls n\\u00f6tig, eine Information an dein System zu \\u00fcbertragen und das Thema anschlie\\u00dfend abzuhaken.<\\\/span>\",\"margin\":\"default\",\"maxwidth\":\"2xlarge\",\"text_align\":\"center\"}}]}]},{\"type\":\"row\",\"props\":{\"layout\":\"expand,large,expand\",\"margin\":\"medium\"},\"children\":[{\"type\":\"column\",\"props\":{\"image_position\":\"center-center\",\"position_sticky_breakpoint\":\"m\",\"width_medium\":\"expand\"}},{\"type\":\"column\",\"props\":{\"image_position\":\"center-center\",\"position_sticky_breakpoint\":\"m\",\"width_large\":\"2xlarge\",\"width_medium\":\"2xlarge\",\"width_xlarge\":\"2xlarge\"},\"children\":[{\"type\":\"video\",\"props\":{\"margin\":\"default\",\"video\":\"wp-content\\\/uploads\\\/Topic-Check_Website_Snippet_cropped.mp4\",\"video_autoplay\":\"inview\",\"video_controls\":false,\"video_loop\":true,\"video_muted\":true}}]},{\"type\":\"column\",\"props\":{\"image_position\":\"center-center\",\"position_sticky_breakpoint\":\"m\",\"width_medium\":\"expand\"}}]},{\"type\":\"row\",\"children\":[{\"type\":\"column\",\"props\":{\"image_position\":\"center-center\",\"position_sticky_breakpoint\":\"m\"}}]},{\"type\":\"row\",\"children\":[{\"type\":\"column\",\"props\":{\"image_position\":\"center-center\",\"position_sticky_breakpoint\":\"m\"},\"children\":[{\"type\":\"headline\",\"props\":{\"content\":\"<span style=\\\"color: #d800b4;\\\">Topic Check<\\\/span> f\\u00fchrt dich durchs Dokument\",\"text_align\":\"center\",\"title_element\":\"h2\"}}]}]},{\"type\":\"row\",\"props\":{\"column_gap\":\"large\",\"layout\":\"1-2,1-2\"},\"children\":[{\"type\":\"column\",\"props\":{\"image_position\":\"center-center\",\"position_sticky_breakpoint\":\"m\",\"vertical_align\":\"middle\",\"width_small\":\"1-2\"},\"children\":[{\"type\":\"headline\",\"props\":{\"content\":\"Definiere deine gew\\u00fcnschten Themen\",\"text_align\":\"left\",\"title_element\":\"h3\"}},{\"type\":\"text\",\"props\":{\"column_breakpoint\":\"m\",\"content\":\"<span style=\\\"color:white;\\\">Lege Kategorien f\\u00fcr die Themen an, die semantha in neu eingehenden Dokumenten finden soll und erg\\u00e4nze ganz einfach Library-Eintr\\u00e4ge, die als Referenzen f\\u00fcr das Thema dienen. Dank der organisierten Library beh\\u00e4ltst du den \\u00dcberblick \\u00fcber deine Themen und kannst diese bei Bedarf jederzeit anpassen.<\\\/span>\",\"margin\":\"default\",\"maxwidth\":\"2xlarge\",\"text_align\":\"left\"}}]},{\"type\":\"column\",\"props\":{\"image_position\":\"center-center\",\"position_sticky_breakpoint\":\"m\",\"vertical_align\":\"middle\",\"width_small\":\"1-2\"},\"children\":[{\"type\":\"image\",\"props\":{\"image\":\"wp-content\\\/uploads\\\/desired-topics_screens-1.png\",\"image_svg_color\":\"emphasis\",\"lightbox_width\":\"950\",\"link\":\"wp-content\\\/uploads\\\/desired-topics_screens-1.png\",\"link_target\":\"modal\",\"margin\":\"default\"}}]}]},{\"type\":\"row\",\"props\":{\"column_gap\":\"large\",\"layout\":\"1-2,1-2\"},\"children\":[{\"type\":\"column\",\"props\":{\"image_position\":\"center-center\",\"order_first\":\"m\",\"position_sticky_breakpoint\":\"m\",\"vertical_align\":\"middle\",\"width_small\":\"1-2\"},\"children\":[{\"type\":\"image\",\"props\":{\"image\":\"wp-content\\\/uploads\\\/jump-verify_screens-1.png\",\"image_svg_color\":\"emphasis\",\"lightbox_width\":\"950\",\"link\":\"wp-content\\\/uploads\\\/jump-verify_screens-1.png\",\"link_target\":\"modal\",\"margin\":\"default\"}}]},{\"type\":\"column\",\"props\":{\"image_position\":\"center-center\",\"order_first\":\"xs\",\"position_sticky_breakpoint\":\"m\",\"vertical_align\":\"middle\",\"width_small\":\"1-2\"},\"children\":[{\"type\":\"headline\",\"props\":{\"content\":\"Klick dich durch die Matches und \\u00fcberpr\\u00fcfe deine Themen\",\"text_align\":\"left\",\"title_element\":\"h3\"}},{\"type\":\"text\",\"props\":{\"column_breakpoint\":\"m\",\"content\":\"<span style=\\\"color:white;\\\">Sieh dir die gefunden Textabschnitte an, die mit den Library-Eintr\\u00e4gen \\u00fcbereinstimmen und \\u00fcberpr\\u00fcfe so ein Thema nach dem anderen. Falls n\\u00f6tig, vermerke ein To-Do in deinem System oder hake das Thema direkt als \\u201egepr\\u00fcft\\u201c ab. Nat\\u00fcrlich kannst du mit der Stichwort-Suche auch nach konkreten Begriffen suchen. Themen, die nicht im Dokument gefunden wurden, werden hervorgehoben, sodass dir nichts entgeht.<\\\/span>\",\"margin\":\"default\",\"maxwidth\":\"2xlarge\",\"text_align\":\"left\"}}]}]},{\"type\":\"row\",\"props\":{\"column_gap\":\"large\",\"layout\":\"1-2,1-2\",\"margin_remove_bottom\":false},\"children\":[{\"type\":\"column\",\"props\":{\"image_position\":\"center-center\",\"position_sticky_breakpoint\":\"m\",\"vertical_align\":\"middle\",\"width_small\":\"1-2\"},\"children\":[{\"type\":\"headline\",\"props\":{\"content\":\"Vollzieh nach, wie sich die Themen verteilen\",\"text_align\":\"left\",\"title_element\":\"h3\"}},{\"type\":\"text\",\"props\":{\"column_breakpoint\":\"m\",\"content\":\"<span style=\\\"color:white;\\\">Anhand einer anschaulichen \\u00dcbersicht erkennst du, wie sich die Themen \\u00fcber das Dokument hinweg verteilen. Sieh auf einen Blick, \\u00fcber welche Themen auf welcher Seite gesprochen wird.<\\\/span>\",\"margin\":\"default\",\"maxwidth\":\"2xlarge\",\"text_align\":\"left\"}}]},{\"type\":\"column\",\"props\":{\"image_position\":\"center-center\",\"position_sticky_breakpoint\":\"m\",\"vertical_align\":\"middle\",\"width_small\":\"1-2\"},\"children\":[{\"type\":\"image\",\"props\":{\"image\":\"wp-content\\\/uploads\\\/distribution_screens-1.png\",\"image_svg_color\":\"emphasis\",\"lightbox_width\":\"950\",\"link\":\"wp-content\\\/uploads\\\/distribution_screens-1.png\",\"link_target\":\"modal\",\"margin\":\"default\"}}]}]},{\"type\":\"row\",\"props\":{\"margin\":\"large\"},\"children\":[{\"type\":\"column\",\"props\":{\"image_position\":\"center-center\",\"position_sticky_breakpoint\":\"m\"}}]}]},{\"type\":\"section\",\"props\":{\"animation\":\"slide-bottom-small\",\"image\":\"wp-content\\\/uploads\\\/Rectangle-20.png\",\"image_position\":\"center-center\",\"image_size\":\"cover\",\"media_background\":\"#000045\",\"padding_remove_top\":false,\"style\":\"default\",\"title_breakpoint\":\"xl\",\"title_position\":\"top-left\",\"title_rotation\":\"left\",\"vertical_align\":\"middle\",\"width\":\"default\"},\"children\":[{\"type\":\"row\",\"props\":{\"margin_remove_top\":false,\"width\":\"small\"},\"children\":[{\"type\":\"column\",\"props\":{\"image_position\":\"center-center\",\"position_sticky_breakpoint\":\"m\"},\"children\":[{\"type\":\"headline\",\"props\":{\"content\":\"<span style=\\\"color: white;\\\">So funktioniert's<\\\/span>\",\"margin\":\"large\",\"text_align\":\"center\",\"title_element\":\"h1\",\"title_style\":\"h1\"}},{\"type\":\"grid\",\"props\":{\"animation\":\"scale-up\",\"content_column_breakpoint\":\"m\",\"filter_align\":\"left\",\"filter_all\":true,\"filter_grid_breakpoint\":\"m\",\"filter_grid_width\":\"auto\",\"filter_position\":\"top\",\"filter_style\":\"tab\",\"grid_column_align\":true,\"grid_default\":\"2\",\"grid_medium\":\"\",\"icon_width\":80,\"image_align\":\"top\",\"image_grid_breakpoint\":\"m\",\"image_grid_width\":\"1-2\",\"image_svg_color\":\"emphasis\",\"item_animation\":true,\"link_style\":\"default\",\"link_text\":\"Read more\",\"margin\":\"default\",\"meta_align\":\"below-title\",\"meta_element\":\"div\",\"meta_style\":\"text-meta\",\"show_content\":true,\"show_image\":true,\"show_link\":true,\"show_meta\":true,\"show_title\":true,\"title_align\":\"top\",\"title_element\":\"h3\",\"title_grid_breakpoint\":\"m\",\"title_grid_width\":\"1-2\",\"title_hover_style\":\"reset\"},\"children\":[{\"type\":\"grid_item\",\"props\":{\"content\":\"[video_lightbox_youtube video_id=\\\"kWDOaNV_Jcg\\\" width=\\\"1280\\\" height=\\\"720\\\" anchor=\\\"https:\\\/\\\/semantha.ai\\\/wp-content\\\/uploads\\\/Topic-check_video-frame.png\\\" alt=\\\"Find specific content\\\"]\"}}]}]}]}]},{\"type\":\"section\",\"props\":{\"animation\":\"slide-bottom-small\",\"image_position\":\"center-center\",\"style\":\"secondary\",\"title_breakpoint\":\"xl\",\"title_position\":\"top-left\",\"title_rotation\":\"left\",\"vertical_align\":\"middle\",\"width\":\"default\"},\"children\":[{\"type\":\"row\",\"children\":[{\"type\":\"column\",\"props\":{\"image_position\":\"center-center\",\"order_first\":\"xs\",\"position_sticky_breakpoint\":\"m\",\"vertical_align\":\"middle\",\"width_small\":\"1-2\"},\"children\":[{\"type\":\"image\",\"props\":{\"image\":\"wp-content\\\/uploads\\\/Check-and-validate_Icon.png\",\"image_svg_color\":\"emphasis\",\"image_width\":\"300px\",\"margin\":\"default\",\"text_align\":\"right\",\"text_align_breakpoint\":\"s\",\"text_align_fallback\":\"left\"}}]},{\"type\":\"column\",\"props\":{\"image_position\":\"center-center\",\"position_sticky_breakpoint\":\"m\",\"vertical_align\":\"middle\",\"width_small\":\"1-2\"},\"children\":[{\"type\":\"headline\",\"props\":{\"content\":\"Use case <span style=\\\"color: #d800b4;\\\">check and validate<\\\/span>\",\"text_align\":\"left\",\"title_element\":\"h2\"}},{\"type\":\"text\",\"props\":{\"column_breakpoint\":\"m\",\"content\":\"<span style=\\\"color:white;\\\">Erfahre noch mehr dar\\u00fcber, wie semanthas Topic Check dir dabei hilft, die Herausforderungen in deinem Unternehmen zu bew\\u00e4ltigen und deswegen die perfekte L\\u00f6sung f\\u00fcr dich ist. <\\\/span>\",\"margin\":\"default\",\"maxwidth\":\"2xlarge\",\"text_align\":\"left\"}},{\"type\":\"button\",\"props\":{\"grid_column_gap\":\"small\",\"grid_row_gap\":\"small\",\"margin\":\"default\",\"text_align\":\"left\"},\"children\":[{\"type\":\"button_item\",\"props\":{\"button_style\":\"primary\",\"content\":\"Learn more\",\"icon_align\":\"left\",\"link\":\"check-and-validate\\\/\"}}]}]}],\"props\":{\"layout\":\"1-2,1-2\",\"width\":\"large\"}}]}],\"version\":\"4.3.6\"} --><\/p>\n","protected":false},"excerpt":{"rendered":"<p>Gehe schnell deine Themen-Checkliste durch und behalte stets deinen Fortschritt im Blick. Jetzt loslegen Du verschwendest viel Zeit damit Dokumente auf Themen zu pr\u00fcfen? Mit Topic Check findest du schnell heraus, ob bestimmte, vordefinierte Themen in deinem Dokument enthalten sind oder fehlen. Dabei machen es semantha\u2019s Analysef\u00e4higkeiten m\u00f6glich, Themen auch dann zu erkennen, wenn sie [&hellip;]<\/p>\n","protected":false},"author":1,"featured_media":0,"parent":0,"menu_order":0,"comment_status":"closed","ping_status":"closed","template":"","meta":{"_acf_changed":false,"footnotes":""},"acf":[],"yoast_head":"<!-- This site is optimized with the Yoast SEO Premium plugin v22.7 (Yoast SEO v23.5) - https:\/\/yoast.com\/wordpress\/plugins\/seo\/ -->\n<title>semantha Topic Check - semantha<\/title>\n<meta name=\"robots\" content=\"index, follow, max-snippet:-1, max-image-preview:large, max-video-preview:-1\" \/>\n<link rel=\"canonical\" href=\"https:\/\/www.semantha.de\/de\/semantha-topic-check\/\" \/>\n<meta property=\"og:locale\" content=\"de_DE\" \/>\n<meta property=\"og:type\" content=\"article\" \/>\n<meta property=\"og:title\" content=\"semantha Topic Check\" \/>\n<meta property=\"og:description\" content=\"Gehe schnell deine Themen-Checkliste durch und behalte stets deinen Fortschritt im Blick. Jetzt loslegen Du verschwendest viel Zeit damit Dokumente auf Themen zu pr\u00fcfen? Mit Topic Check findest du schnell heraus, ob bestimmte, vordefinierte Themen in deinem Dokument enthalten sind oder fehlen. Dabei machen es semantha\u2019s Analysef\u00e4higkeiten m\u00f6glich, Themen auch dann zu erkennen, wenn sie [&hellip;]\" \/>\n<meta property=\"og:url\" content=\"https:\/\/www.semantha.de\/de\/semantha-topic-check\/\" \/>\n<meta property=\"og:site_name\" content=\"semantha\" \/>\n<meta property=\"article:modified_time\" content=\"2025-01-27T16:38:24+00:00\" \/>\n<meta name=\"twitter:card\" content=\"summary_large_image\" \/>\n<meta name=\"twitter:site\" content=\"@semanthaAI\" \/>\n<!-- \/ Yoast SEO Premium plugin. -->","yoast_head_json":{"title":"semantha Topic Check - semantha","robots":{"index":"index","follow":"follow","max-snippet":"max-snippet:-1","max-image-preview":"max-image-preview:large","max-video-preview":"max-video-preview:-1"},"canonical":"https:\/\/www.semantha.de\/de\/semantha-topic-check\/","og_locale":"de_DE","og_type":"article","og_title":"semantha Topic Check","og_description":"Gehe schnell deine Themen-Checkliste durch und behalte stets deinen Fortschritt im Blick. Jetzt loslegen Du verschwendest viel Zeit damit Dokumente auf Themen zu pr\u00fcfen? Mit Topic Check findest du schnell heraus, ob bestimmte, vordefinierte Themen in deinem Dokument enthalten sind oder fehlen. Dabei machen es semantha\u2019s Analysef\u00e4higkeiten m\u00f6glich, Themen auch dann zu erkennen, wenn sie [&hellip;]","og_url":"https:\/\/www.semantha.de\/de\/semantha-topic-check\/","og_site_name":"semantha","article_modified_time":"2025-01-27T16:38:24+00:00","twitter_card":"summary_large_image","twitter_site":"@semanthaAI","schema":{"@context":"https:\/\/schema.org","@graph":[{"@type":"WebPage","@id":"https:\/\/www.semantha.de\/de\/semantha-topic-check\/","url":"https:\/\/www.semantha.de\/de\/semantha-topic-check\/","name":"semantha Topic Check - semantha","isPartOf":{"@id":"https:\/\/www.semantha.de\/de\/#website"},"datePublished":"2024-01-15T14:46:18+00:00","dateModified":"2025-01-27T16:38:24+00:00","breadcrumb":{"@id":"https:\/\/www.semantha.de\/de\/semantha-topic-check\/#breadcrumb"},"inLanguage":"de","potentialAction":[{"@type":"ReadAction","target":["https:\/\/www.semantha.de\/de\/semantha-topic-check\/"]}]},{"@type":"BreadcrumbList","@id":"https:\/\/www.semantha.de\/de\/semantha-topic-check\/#breadcrumb","itemListElement":[{"@type":"ListItem","position":1,"name":"Startseite","item":"https:\/\/www.semantha.de\/de\/"},{"@type":"ListItem","position":2,"name":"semantha Topic Check"}]},{"@type":"WebSite","@id":"https:\/\/www.semantha.de\/de\/#website","url":"https:\/\/www.semantha.de\/de\/","name":"semantha","description":"the semantic platform","potentialAction":[{"@type":"SearchAction","target":{"@type":"EntryPoint","urlTemplate":"https:\/\/www.semantha.de\/de\/?s={search_term_string}"},"query-input":{"@type":"PropertyValueSpecification","valueRequired":true,"valueName":"search_term_string"}}],"inLanguage":"de"}]}},"_links":{"self":[{"href":"https:\/\/www.semantha.de\/de\/wp-json\/wp\/v2\/pages\/11365"}],"collection":[{"href":"https:\/\/www.semantha.de\/de\/wp-json\/wp\/v2\/pages"}],"about":[{"href":"https:\/\/www.semantha.de\/de\/wp-json\/wp\/v2\/types\/page"}],"author":[{"embeddable":true,"href":"https:\/\/www.semantha.de\/de\/wp-json\/wp\/v2\/users\/1"}],"replies":[{"embeddable":true,"href":"https:\/\/www.semantha.de\/de\/wp-json\/wp\/v2\/comments?post=11365"}],"version-history":[{"count":8,"href":"https:\/\/www.semantha.de\/de\/wp-json\/wp\/v2\/pages\/11365\/revisions"}],"predecessor-version":[{"id":13727,"href":"https:\/\/www.semantha.de\/de\/wp-json\/wp\/v2\/pages\/11365\/revisions\/13727"}],"wp:attachment":[{"href":"https:\/\/www.semantha.de\/de\/wp-json\/wp\/v2\/media?parent=11365"}],"curies":[{"name":"wp","href":"https:\/\/api.w.org\/{rel}","templated":true}]}}