{"id":11404,"date":"2024-01-16T11:55:07","date_gmt":"2024-01-16T10:55:07","guid":{"rendered":"https:\/\/www.semantha.de\/?page_id=11404"},"modified":"2025-01-27T17:38:45","modified_gmt":"2025-01-27T16:38:45","slug":"smart-cluster","status":"publish","type":"page","link":"https:\/\/www.semantha.de\/de\/smart-cluster\/","title":{"rendered":"semantha Smart Cluster"},"content":{"rendered":"<p><img decoding=\"async\" src=\"\/wp-content\/uploads\/semantha-Smart-Cluster-negativ-RGB.png\" alt=\"\"><\/p>\n<div><span style=\"color: white;\">Bring Struktur in deine Informationen und erhalte schnell Einblick in deren Inhalte. <\/span><\/div>\n<p>\n    <a href=\"\/book-a-meet\/\">Jetzt loslegen<\/a>\n<\/p>\n<p><img decoding=\"async\" src=\"\/wp-content\/uploads\/SC_icon-rauten.png\" alt=\"\"><\/p>\n<h2>Dir f\u00e4llt es schwer deine unstrukturierten Daten sinnvoll zu organisieren?<\/h2>\n<div><span style=\"color:white;\">Wenn du nicht wei\u00dft, welche Themen deine Informationen beinhalten, ist Smart Cluster das perfekte Tool f\u00fcr dich. semantha liest deine Dokumente, versteht deren Inhalte auf Bedeutungsebene und gruppiert sie entsprechend thematisch. Auf Knopfdruck erh\u00e4ltst du so Cluster, bestehend aus Textabschnitten oder Dokumenten, die sich auf das gleiche Thema beziehen. So kannst du deine Informationen einfach kategorisieren, erh\u00e4ltst wertvolle Einblicke in deren Inhalte oder kannst sie entsprechend ihrer Hauptthemen labeln.<\/span><\/div>\n<p><video src=\"\/wp-content\/uploads\/Smart-Cluster_Website_Snippet.mp4\" poster=\"\"><\/video><\/p>\n<h2>Verschaffe dir einen \u00dcberblick mit <span style=\"color: #d800b4;\">Smart Cluster<\/span><\/h2>\n<h3>Erhalte Ergebnisse \u2013 passend f\u00fcr deine Ziele<\/h3>\n<div><span style=\"color:white;\">Eine Analyse geht schnell und einfach. Sobald du deine Dokumente in der Library hochgeladen hast, besteht deine Wissensbasis aus den ben\u00f6tigten Textabschnitten und du kannst loslegen. Dank der M\u00f6glichkeit Tags zu vergeben, kannst du genau festlegen, welche Abschnitte du clustern m\u00f6chtest. Mit Hilfe der erweiterten Einstellungen konfigurierst du deine Analyse so, dass die Ergebnisse bestm\u00f6glich zu deinen Bed\u00fcrfnissen passen.<\/span><\/div>\n<p><a href=\"\/wp-content\/uploads\/achieve-results_screens-1.png\"><img decoding=\"async\" src=\"\/wp-content\/uploads\/achieve-results_screens-1.png\" alt=\"\"><\/a><br \/>\n<a href=\"\/wp-content\/uploads\/browse-topics_screens-1.png\"><img decoding=\"async\" src=\"\/wp-content\/uploads\/browse-topics_screens-1.png\" alt=\"\"><\/a><\/p>\n<h3>Bekomme Einblick in die Themen<\/h3>\n<div><span style=\"color:white;\">Nachdem semantha deine Informationen analysiert hat, stehen dir Cluster mit Textabschnitten zur Verf\u00fcgung, die sich um das gleiche Thema drehen. Da die Cluster automatisch einen zum Inhalt passenden Namen erhalten, siehst du sofort, worum es in deinen Dokumenten geht. Geh noch weiter ins Detail und erkunde, welche Abschnitte aus einem bestimmten Dokument zum jeweiligen Cluster geh\u00f6ren.<\/span><\/div>\n<h3>Lass es zusammenfassen<\/h3>\n<div><span style=\"color:white;\">Anstatt viel Zeit mit dem Lesen der Abschnitte eines Cluster zu verbringen, erstellt semantha f\u00fcr dich eine Zusammenfassung. So bekommst du mit nur einem Klick einen schnellen \u00dcberblick \u00fcber den Inhalt eines Clusters.<\/span><\/div>\n<p><a href=\"\/wp-content\/uploads\/summary_screen-1.png\"><img decoding=\"async\" src=\"\/wp-content\/uploads\/summary_screen-1.png\" alt=\"\"><\/a><br \/>\n<a href=\"\/wp-content\/uploads\/resulats_visually_screens-1.png\"><img decoding=\"async\" src=\"\/wp-content\/uploads\/resulats_visually_screens-1.png\" alt=\"\"><\/a><\/p>\n<h3>Werte Ergebnisse visuell aus<\/h3>\n<div><span style=\"color:white;\">Smart Cluster stellt deine Ergebnisse anschaulich in passenden Grafiken dar. Auf einen Blick siehst du, wie h\u00e4ufig eine Thema in deinen Dokumenten erw\u00e4hnt wird. Du kannst zudem die Entwicklung der Themen \u00fcber einen Zeitraum verfolgen oder sehen, wie semantisch verwandt verschiedene Cluster sind.<\/span><\/div>\n<h1><span style=\"color: white;\">So funktioniert&#8217;s<\/span><\/h1>\n<div>\n<div>\n<a id=\"69de25a1ce5d7\" rel=\"wp-video-lightbox\" href=\"https:\/\/www.youtube.com\/watch?v=0SBZf8rTYWw&#038;width=1280&#038;height=720\" title=\"\"><img decoding=\"async\" src=\"https:\/\/semantha.ai\/wp-content\/uploads\/SC_video-frame.png\" class=\"video_lightbox_anchor_image\" alt=\"Find specific content\" \/><\/a>    <script>\r\n    \/* <![CDATA[ *\/\r\n    jQuery(document).ready(function($){\r\n        $(function(){\r\n            var width = $(window).innerWidth();\r\n            var setwidth = parseFloat(1280);\r\n            var ratio = parseFloat(0.5625);\r\n            var height = parseFloat(720);\r\n            var link = 'https:\/\/www.youtube.com\/watch?v=0SBZf8rTYWw&amp;width=1280&amp;height=720';\r\n            if(width < setwidth)\r\n            {\r\n                height = Math.floor(width * 0.5625);\r\n                \/\/console.log(\"device width \"+width+\", set width \"+1280+\", ratio \"+0.5625+\", new height \"+ height);\r\n                var new_url = wpvl_paramReplace('width', link, width);\r\n                var new_url = wpvl_paramReplace('height', new_url, height);\r\n                $(\"a#69de25a1ce5d7\").attr('href', new_url);\r\n                \/\/console.log(new_url);\r\n            }\r\n        });\r\n    });\r\n    \/* ]]> *\/\r\n    <\/script>\n<\/div>\n<\/div>\n<p><img decoding=\"async\" src=\"\/wp-content\/uploads\/Classify-and-cluster_Icon.png\" alt=\"\"><\/p>\n<h2>Use case <span style=\"color: #d800b4;\">classify and cluster<\/span><\/h2>\n<div>\n<p><span style=\"color: white;\">Von der Recherche \u00fcber das Anforderungsmanagement bis hin zur Korrespondenz \u2013 das Generieren von Clustern mit \u00e4hnlichen Inhalten gibt auf verschiedenen Ebenen einen wertvollen Einblick in unstrukturierte Informationen. Erfahre mehr \u00fcber den Einsatz im Arbeitsumfeld und erkunde zugeh\u00f6rige spezifische Use Cases.<\/span><\/p>\n<\/div>\n<p>\n    <a href=\"\/classify-and-cluster\/\">Mehr erfahren<\/a>\n<\/p>\n<p><!--more--><br \/>\n<!-- {\"type\":\"layout\",\"children\":[{\"type\":\"section\",\"props\":{\"animation\":\"slide-bottom-small\",\"header_transparent\":true,\"header_transparent_noplaceholder\":true,\"header_transparent_text_color\":\"light\",\"height\":\"viewport\",\"height_offset_top\":true,\"height_viewport\":80,\"image\":\"wp-content\\\/uploads\\\/AdobeStock_531539942_Opti_Final.png\",\"image_position\":\"top-center\",\"image_size\":\"width-1-1\",\"media_blend_mode\":\"multiply\",\"media_focal_point\":\"top-center\",\"media_overlay\":\"rgba(0, 0, 69, 0.56)\",\"padding\":\"xlarge\",\"padding_remove_bottom\":true,\"style\":\"secondary\",\"title_breakpoint\":\"xl\",\"title_position\":\"top-left\",\"title_rotation\":\"left\",\"vertical_align\":\"middle\",\"width\":\"default\"},\"children\":[{\"type\":\"row\",\"props\":{\"alignment\":\"center\",\"column_gap\":\"large\",\"layout\":\"1-2,1-2\",\"margin\":\"xlarge\"},\"children\":[{\"type\":\"column\",\"props\":{\"image_position\":\"center-center\",\"position_sticky_breakpoint\":\"m\",\"vertical_align\":\"middle\",\"width_medium\":\"1-2\"},\"children\":[{\"type\":\"image\",\"props\":{\"image\":\"wp-content\\\/uploads\\\/semantha-Smart-Cluster-negativ-RGB.png\",\"image_svg_color\":\"emphasis\",\"image_width\":\"400px\",\"margin\":\"default\"}},{\"type\":\"text\",\"props\":{\"column_breakpoint\":\"m\",\"content\":\"<span style=\\\"color: white;\\\">Bring Struktur in deine Informationen und erhalte schnell Einblick in deren Inhalte. <\\\/span>\",\"margin\":\"default\",\"text_style\":\"large\"}},{\"type\":\"button\",\"props\":{\"grid_column_gap\":\"small\",\"grid_row_gap\":\"small\",\"margin\":\"default\",\"text_align\":\"left\"},\"children\":[{\"type\":\"button_item\",\"props\":{\"button_style\":\"primary\",\"content\":\"Jetzt loslegen\",\"icon_align\":\"left\",\"link\":\"book-a-meet\\\/\"}}]}]},{\"type\":\"column\",\"props\":{\"image_position\":\"center-center\",\"position_sticky_breakpoint\":\"m\",\"vertical_align\":\"middle\",\"width_medium\":\"1-2\"},\"children\":[{\"type\":\"image\",\"props\":{\"animation\":\"slide-right-small\",\"image\":\"wp-content\\\/uploads\\\/SC_icon-rauten.png\",\"image_svg_color\":\"emphasis\",\"image_width\":\"350px\",\"margin\":\"default\"}}]}]},{\"type\":\"row\",\"children\":[{\"type\":\"column\",\"props\":{\"image_position\":\"center-center\",\"position_sticky_breakpoint\":\"m\"},\"children\":[{\"type\":\"headline\",\"props\":{\"content\":\"Dir f\\u00e4llt es schwer deine unstrukturierten Daten sinnvoll zu organisieren?\",\"text_align\":\"center\",\"title_element\":\"h2\"}},{\"type\":\"text\",\"props\":{\"block_align\":\"center\",\"column_breakpoint\":\"m\",\"content\":\"<span style=\\\"color:white;\\\">Wenn du nicht wei\\u00dft, welche Themen deine Informationen beinhalten, ist Smart Cluster das perfekte Tool f\\u00fcr dich. semantha liest deine Dokumente, versteht deren Inhalte auf Bedeutungsebene und gruppiert sie entsprechend thematisch. Auf Knopfdruck erh\\u00e4ltst du so Cluster, bestehend aus Textabschnitten oder Dokumenten, die sich auf das gleiche Thema beziehen. So kannst du deine Informationen einfach kategorisieren, erh\\u00e4ltst wertvolle Einblicke in deren Inhalte oder kannst sie entsprechend ihrer Hauptthemen labeln.<\\\/span>\",\"margin\":\"default\",\"maxwidth\":\"2xlarge\",\"text_align\":\"center\"}}]}]},{\"type\":\"row\",\"props\":{\"layout\":\"expand,large,expand\",\"margin\":\"medium\"},\"children\":[{\"type\":\"column\",\"props\":{\"image_position\":\"center-center\",\"position_sticky_breakpoint\":\"m\",\"width_medium\":\"expand\"}},{\"type\":\"column\",\"props\":{\"image_position\":\"center-center\",\"position_sticky_breakpoint\":\"m\",\"width_large\":\"2xlarge\",\"width_medium\":\"2xlarge\",\"width_xlarge\":\"2xlarge\"},\"children\":[{\"type\":\"video\",\"props\":{\"margin\":\"default\",\"video\":\"wp-content\\\/uploads\\\/Smart-Cluster_Website_Snippet.mp4\",\"video_autoplay\":\"inview\",\"video_controls\":false,\"video_loop\":true,\"video_muted\":true}}]},{\"type\":\"column\",\"props\":{\"image_position\":\"center-center\",\"position_sticky_breakpoint\":\"m\",\"width_medium\":\"expand\"}}]},{\"type\":\"row\",\"children\":[{\"type\":\"column\",\"props\":{\"image_position\":\"center-center\",\"position_sticky_breakpoint\":\"m\"}}]},{\"type\":\"row\",\"children\":[{\"type\":\"column\",\"props\":{\"image_position\":\"center-center\",\"position_sticky_breakpoint\":\"m\"},\"children\":[{\"type\":\"headline\",\"props\":{\"content\":\"Verschaffe dir einen \\u00dcberblick mit <span style=\\\"color: #d800b4;\\\">Smart Cluster<\\\/span>\",\"text_align\":\"center\",\"title_element\":\"h2\"}}]}]},{\"type\":\"row\",\"props\":{\"column_gap\":\"large\",\"layout\":\"1-2,1-2\"},\"children\":[{\"type\":\"column\",\"props\":{\"image_position\":\"center-center\",\"position_sticky_breakpoint\":\"m\",\"vertical_align\":\"middle\",\"width_small\":\"1-2\"},\"children\":[{\"type\":\"headline\",\"props\":{\"content\":\"Erhalte Ergebnisse \\u2013 passend f\\u00fcr deine Ziele\",\"text_align\":\"left\",\"title_element\":\"h3\"}},{\"type\":\"text\",\"props\":{\"column_breakpoint\":\"m\",\"content\":\"<span style=\\\"color:white;\\\">Eine Analyse geht schnell und einfach. Sobald du deine Dokumente in der Library hochgeladen hast, besteht deine Wissensbasis aus den ben\\u00f6tigten Textabschnitten und du kannst loslegen. Dank der M\\u00f6glichkeit Tags zu vergeben, kannst du genau festlegen, welche Abschnitte du clustern m\\u00f6chtest. Mit Hilfe der erweiterten Einstellungen konfigurierst du deine Analyse so, dass die Ergebnisse bestm\\u00f6glich zu deinen Bed\\u00fcrfnissen passen.<\\\/span>\",\"margin\":\"default\",\"maxwidth\":\"2xlarge\",\"text_align\":\"left\"}}]},{\"type\":\"column\",\"props\":{\"image_position\":\"center-center\",\"position_sticky_breakpoint\":\"m\",\"vertical_align\":\"middle\",\"width_small\":\"1-2\"},\"children\":[{\"type\":\"image\",\"props\":{\"image\":\"wp-content\\\/uploads\\\/achieve-results_screens-1.png\",\"image_svg_color\":\"emphasis\",\"lightbox_width\":\"950\",\"link\":\"wp-content\\\/uploads\\\/achieve-results_screens-1.png\",\"link_target\":\"modal\",\"margin\":\"default\"}}]}]},{\"type\":\"row\",\"props\":{\"column_gap\":\"large\",\"layout\":\"1-2,1-2\"},\"children\":[{\"type\":\"column\",\"props\":{\"image_position\":\"center-center\",\"order_first\":\"m\",\"position_sticky_breakpoint\":\"m\",\"vertical_align\":\"middle\",\"width_small\":\"1-2\"},\"children\":[{\"type\":\"image\",\"props\":{\"image\":\"wp-content\\\/uploads\\\/browse-topics_screens-1.png\",\"image_svg_color\":\"emphasis\",\"lightbox_width\":\"950\",\"link\":\"wp-content\\\/uploads\\\/browse-topics_screens-1.png\",\"link_target\":\"modal\",\"margin\":\"default\"}}]},{\"type\":\"column\",\"props\":{\"image_position\":\"center-center\",\"order_first\":\"xs\",\"position_sticky_breakpoint\":\"m\",\"vertical_align\":\"middle\",\"width_small\":\"1-2\"},\"children\":[{\"type\":\"headline\",\"props\":{\"content\":\"Bekomme Einblick in die Themen\",\"text_align\":\"left\",\"title_element\":\"h3\"}},{\"type\":\"text\",\"props\":{\"column_breakpoint\":\"m\",\"content\":\"<span style=\\\"color:white;\\\">Nachdem semantha deine Informationen analysiert hat, stehen dir Cluster mit Textabschnitten zur Verf\\u00fcgung, die sich um das gleiche Thema drehen. Da die Cluster automatisch einen zum Inhalt passenden Namen erhalten, siehst du sofort, worum es in deinen Dokumenten geht. Geh noch weiter ins Detail und erkunde, welche Abschnitte aus einem bestimmten Dokument zum jeweiligen Cluster geh\\u00f6ren.<\\\/span>\",\"margin\":\"default\",\"maxwidth\":\"2xlarge\",\"text_align\":\"left\"}}]}]},{\"type\":\"row\",\"props\":{\"column_gap\":\"large\",\"layout\":\"1-2,1-2\",\"margin_remove_bottom\":false},\"children\":[{\"type\":\"column\",\"props\":{\"image_position\":\"center-center\",\"position_sticky_breakpoint\":\"m\",\"vertical_align\":\"middle\",\"width_small\":\"1-2\"},\"children\":[{\"type\":\"headline\",\"props\":{\"content\":\"Lass es zusammenfassen\",\"text_align\":\"left\",\"title_element\":\"h3\"}},{\"type\":\"text\",\"props\":{\"column_breakpoint\":\"m\",\"content\":\"<span style=\\\"color:white;\\\">Anstatt viel Zeit mit dem Lesen der Abschnitte eines Cluster zu verbringen, erstellt semantha f\\u00fcr dich eine Zusammenfassung. So bekommst du mit nur einem Klick einen schnellen \\u00dcberblick \\u00fcber den Inhalt eines Clusters.<\\\/span>\",\"margin\":\"default\",\"maxwidth\":\"2xlarge\",\"text_align\":\"left\"}}]},{\"type\":\"column\",\"props\":{\"image_position\":\"center-center\",\"position_sticky_breakpoint\":\"m\",\"vertical_align\":\"middle\",\"width_small\":\"1-2\"},\"children\":[{\"type\":\"image\",\"props\":{\"image\":\"wp-content\\\/uploads\\\/summary_screen-1.png\",\"image_svg_color\":\"emphasis\",\"lightbox_width\":\"950\",\"link\":\"wp-content\\\/uploads\\\/summary_screen-1.png\",\"link_target\":\"modal\",\"margin\":\"default\"}}]}]},{\"type\":\"row\",\"props\":{\"column_gap\":\"large\",\"layout\":\"1-2,1-2\"},\"children\":[{\"type\":\"column\",\"props\":{\"image_position\":\"center-center\",\"order_first\":\"m\",\"position_sticky_breakpoint\":\"m\",\"vertical_align\":\"middle\",\"width_small\":\"1-2\"},\"children\":[{\"type\":\"image\",\"props\":{\"image\":\"wp-content\\\/uploads\\\/resulats_visually_screens-1.png\",\"image_svg_color\":\"emphasis\",\"lightbox_width\":\"950\",\"link\":\"wp-content\\\/uploads\\\/resulats_visually_screens-1.png\",\"link_target\":\"modal\",\"margin\":\"default\"}}]},{\"type\":\"column\",\"props\":{\"image_position\":\"center-center\",\"order_first\":\"xs\",\"position_sticky_breakpoint\":\"m\",\"vertical_align\":\"middle\",\"width_small\":\"1-2\"},\"children\":[{\"type\":\"headline\",\"props\":{\"content\":\"Werte Ergebnisse visuell aus\",\"text_align\":\"left\",\"title_element\":\"h3\"}},{\"type\":\"text\",\"props\":{\"column_breakpoint\":\"m\",\"content\":\"<span style=\\\"color:white;\\\">Smart Cluster stellt deine Ergebnisse anschaulich in passenden Grafiken dar. Auf einen Blick siehst du, wie h\\u00e4ufig eine Thema in deinen Dokumenten erw\\u00e4hnt wird. Du kannst zudem die Entwicklung der Themen \\u00fcber einen Zeitraum verfolgen oder sehen, wie semantisch verwandt verschiedene Cluster sind.<\\\/span>\",\"margin\":\"default\",\"maxwidth\":\"2xlarge\",\"text_align\":\"left\"}}]}]},{\"type\":\"row\",\"props\":{\"margin\":\"large\"},\"children\":[{\"type\":\"column\",\"props\":{\"image_position\":\"center-center\",\"position_sticky_breakpoint\":\"m\"}}]}]},{\"type\":\"section\",\"props\":{\"animation\":\"slide-bottom-small\",\"image\":\"wp-content\\\/uploads\\\/Rectangle-20.png\",\"image_position\":\"center-center\",\"image_size\":\"cover\",\"media_background\":\"#000045\",\"padding_remove_top\":false,\"style\":\"default\",\"title_breakpoint\":\"xl\",\"title_position\":\"top-left\",\"title_rotation\":\"left\",\"vertical_align\":\"middle\",\"width\":\"default\"},\"children\":[{\"type\":\"row\",\"props\":{\"margin_remove_top\":false,\"width\":\"small\"},\"children\":[{\"type\":\"column\",\"props\":{\"image_position\":\"center-center\",\"position_sticky_breakpoint\":\"m\"},\"children\":[{\"type\":\"headline\",\"props\":{\"content\":\"<span style=\\\"color: white;\\\">So funktioniert's<\\\/span>\",\"margin\":\"large\",\"text_align\":\"center\",\"title_element\":\"h1\",\"title_style\":\"h1\"}},{\"type\":\"grid\",\"props\":{\"animation\":\"scale-up\",\"content_column_breakpoint\":\"m\",\"filter_align\":\"left\",\"filter_all\":true,\"filter_grid_breakpoint\":\"m\",\"filter_grid_width\":\"auto\",\"filter_position\":\"top\",\"filter_style\":\"tab\",\"grid_column_align\":true,\"grid_default\":\"2\",\"grid_medium\":\"\",\"icon_width\":80,\"image_align\":\"top\",\"image_grid_breakpoint\":\"m\",\"image_grid_width\":\"1-2\",\"image_svg_color\":\"emphasis\",\"item_animation\":true,\"link_style\":\"default\",\"link_text\":\"Read more\",\"margin\":\"default\",\"meta_align\":\"below-title\",\"meta_element\":\"div\",\"meta_style\":\"text-meta\",\"show_content\":true,\"show_image\":true,\"show_link\":true,\"show_meta\":true,\"show_title\":true,\"title_align\":\"top\",\"title_element\":\"h3\",\"title_grid_breakpoint\":\"m\",\"title_grid_width\":\"1-2\",\"title_hover_style\":\"reset\"},\"children\":[{\"type\":\"grid_item\",\"props\":{\"content\":\"\n\n<p>[video_lightbox_youtube video_id=\\\"0SBZf8rTYWw\\\" width=\\\"1280\\\" height=\\\"720\\\" anchor=\\\"https:\\\/\\\/semantha.ai\\\/wp-content\\\/uploads\\\/<span>SC_video-frame.png<\\\/span>\\\" alt=\\\"Find specific content\\\"]<\\\/p>\"}}]}]}]}]},{\"type\":\"section\",\"props\":{\"animation\":\"slide-bottom-small\",\"image_position\":\"center-center\",\"style\":\"secondary\",\"title_breakpoint\":\"xl\",\"title_position\":\"top-left\",\"title_rotation\":\"left\",\"vertical_align\":\"middle\",\"width\":\"default\"},\"children\":[{\"type\":\"row\",\"children\":[{\"type\":\"column\",\"props\":{\"image_position\":\"center-center\",\"order_first\":\"xs\",\"position_sticky_breakpoint\":\"m\",\"vertical_align\":\"middle\",\"width_small\":\"1-2\"},\"children\":[{\"type\":\"image\",\"props\":{\"image\":\"wp-content\\\/uploads\\\/Classify-and-cluster_Icon.png\",\"image_svg_color\":\"emphasis\",\"image_width\":\"300px\",\"margin\":\"default\",\"text_align\":\"right\",\"text_align_breakpoint\":\"s\",\"text_align_fallback\":\"left\"}}]},{\"type\":\"column\",\"props\":{\"image_position\":\"center-center\",\"position_sticky_breakpoint\":\"m\",\"vertical_align\":\"middle\",\"width_small\":\"1-2\"},\"children\":[{\"type\":\"headline\",\"props\":{\"content\":\"Use case <span style=\\\"color: #d800b4;\\\">classify and cluster<\\\/span>\",\"text_align\":\"left\",\"title_element\":\"h2\"}},{\"type\":\"text\",\"props\":{\"column_breakpoint\":\"m\",\"content\":\"\n\n<p><span style=\\\"color: white;\\\">Von der Recherche \\u00fcber das Anforderungsmanagement bis hin zur Korrespondenz \\u2013 das Generieren von Clustern mit \\u00e4hnlichen Inhalten gibt auf verschiedenen Ebenen einen wertvollen Einblick in unstrukturierte Informationen. Erfahre mehr \\u00fcber den Einsatz im Arbeitsumfeld und erkunde zugeh\\u00f6rige spezifische Use Cases.<\\\/span><\\\/p>\",\"margin\":\"default\",\"maxwidth\":\"2xlarge\",\"text_align\":\"left\"}},{\"type\":\"button\",\"props\":{\"grid_column_gap\":\"small\",\"grid_row_gap\":\"small\",\"margin\":\"default\",\"text_align\":\"left\"},\"children\":[{\"type\":\"button_item\",\"props\":{\"button_style\":\"primary\",\"content\":\"Mehr erfahren\",\"icon_align\":\"left\",\"link\":\"classify-and-cluster\\\/\"}}]}]}],\"props\":{\"layout\":\"1-2,1-2\",\"width\":\"large\"}}]}],\"version\":\"4.3.6\"} --><\/p>\n","protected":false},"excerpt":{"rendered":"<p>Bring Struktur in deine Informationen und erhalte schnell Einblick in deren Inhalte. Jetzt loslegen Dir f\u00e4llt es schwer deine unstrukturierten Daten sinnvoll zu organisieren? Wenn du nicht wei\u00dft, welche Themen deine Informationen beinhalten, ist Smart Cluster das perfekte Tool f\u00fcr dich. semantha liest deine Dokumente, versteht deren Inhalte auf Bedeutungsebene und gruppiert sie entsprechend thematisch. [&hellip;]<\/p>\n","protected":false},"author":1,"featured_media":0,"parent":0,"menu_order":0,"comment_status":"closed","ping_status":"closed","template":"","meta":{"_acf_changed":false,"footnotes":""},"acf":[],"yoast_head":"<!-- This site is optimized with the Yoast SEO Premium plugin v22.7 (Yoast SEO v23.5) - https:\/\/yoast.com\/wordpress\/plugins\/seo\/ -->\n<title>semantha Smart Cluster - semantha<\/title>\n<meta name=\"robots\" content=\"index, follow, max-snippet:-1, max-image-preview:large, max-video-preview:-1\" \/>\n<link rel=\"canonical\" href=\"https:\/\/www.semantha.de\/de\/smart-cluster\/\" \/>\n<meta property=\"og:locale\" content=\"de_DE\" \/>\n<meta property=\"og:type\" content=\"article\" \/>\n<meta property=\"og:title\" content=\"semantha Smart Cluster\" \/>\n<meta property=\"og:description\" content=\"Bring Struktur in deine Informationen und erhalte schnell Einblick in deren Inhalte. Jetzt loslegen Dir f\u00e4llt es schwer deine unstrukturierten Daten sinnvoll zu organisieren? Wenn du nicht wei\u00dft, welche Themen deine Informationen beinhalten, ist Smart Cluster das perfekte Tool f\u00fcr dich. semantha liest deine Dokumente, versteht deren Inhalte auf Bedeutungsebene und gruppiert sie entsprechend thematisch. [&hellip;]\" \/>\n<meta property=\"og:url\" content=\"https:\/\/www.semantha.de\/de\/smart-cluster\/\" \/>\n<meta property=\"og:site_name\" content=\"semantha\" \/>\n<meta property=\"article:modified_time\" content=\"2025-01-27T16:38:45+00:00\" \/>\n<meta name=\"twitter:card\" content=\"summary_large_image\" \/>\n<meta name=\"twitter:site\" content=\"@semanthaAI\" \/>\n<!-- \/ Yoast SEO Premium plugin. -->","yoast_head_json":{"title":"semantha Smart Cluster - semantha","robots":{"index":"index","follow":"follow","max-snippet":"max-snippet:-1","max-image-preview":"max-image-preview:large","max-video-preview":"max-video-preview:-1"},"canonical":"https:\/\/www.semantha.de\/de\/smart-cluster\/","og_locale":"de_DE","og_type":"article","og_title":"semantha Smart Cluster","og_description":"Bring Struktur in deine Informationen und erhalte schnell Einblick in deren Inhalte. Jetzt loslegen Dir f\u00e4llt es schwer deine unstrukturierten Daten sinnvoll zu organisieren? Wenn du nicht wei\u00dft, welche Themen deine Informationen beinhalten, ist Smart Cluster das perfekte Tool f\u00fcr dich. semantha liest deine Dokumente, versteht deren Inhalte auf Bedeutungsebene und gruppiert sie entsprechend thematisch. [&hellip;]","og_url":"https:\/\/www.semantha.de\/de\/smart-cluster\/","og_site_name":"semantha","article_modified_time":"2025-01-27T16:38:45+00:00","twitter_card":"summary_large_image","twitter_site":"@semanthaAI","schema":{"@context":"https:\/\/schema.org","@graph":[{"@type":"WebPage","@id":"https:\/\/www.semantha.de\/de\/smart-cluster\/","url":"https:\/\/www.semantha.de\/de\/smart-cluster\/","name":"semantha Smart Cluster - semantha","isPartOf":{"@id":"https:\/\/www.semantha.de\/de\/#website"},"datePublished":"2024-01-16T10:55:07+00:00","dateModified":"2025-01-27T16:38:45+00:00","breadcrumb":{"@id":"https:\/\/www.semantha.de\/de\/smart-cluster\/#breadcrumb"},"inLanguage":"de","potentialAction":[{"@type":"ReadAction","target":["https:\/\/www.semantha.de\/de\/smart-cluster\/"]}]},{"@type":"BreadcrumbList","@id":"https:\/\/www.semantha.de\/de\/smart-cluster\/#breadcrumb","itemListElement":[{"@type":"ListItem","position":1,"name":"Startseite","item":"https:\/\/www.semantha.de\/de\/"},{"@type":"ListItem","position":2,"name":"semantha Smart Cluster"}]},{"@type":"WebSite","@id":"https:\/\/www.semantha.de\/de\/#website","url":"https:\/\/www.semantha.de\/de\/","name":"semantha","description":"the semantic platform","potentialAction":[{"@type":"SearchAction","target":{"@type":"EntryPoint","urlTemplate":"https:\/\/www.semantha.de\/de\/?s={search_term_string}"},"query-input":{"@type":"PropertyValueSpecification","valueRequired":true,"valueName":"search_term_string"}}],"inLanguage":"de"}]}},"_links":{"self":[{"href":"https:\/\/www.semantha.de\/de\/wp-json\/wp\/v2\/pages\/11404"}],"collection":[{"href":"https:\/\/www.semantha.de\/de\/wp-json\/wp\/v2\/pages"}],"about":[{"href":"https:\/\/www.semantha.de\/de\/wp-json\/wp\/v2\/types\/page"}],"author":[{"embeddable":true,"href":"https:\/\/www.semantha.de\/de\/wp-json\/wp\/v2\/users\/1"}],"replies":[{"embeddable":true,"href":"https:\/\/www.semantha.de\/de\/wp-json\/wp\/v2\/comments?post=11404"}],"version-history":[{"count":15,"href":"https:\/\/www.semantha.de\/de\/wp-json\/wp\/v2\/pages\/11404\/revisions"}],"predecessor-version":[{"id":13728,"href":"https:\/\/www.semantha.de\/de\/wp-json\/wp\/v2\/pages\/11404\/revisions\/13728"}],"wp:attachment":[{"href":"https:\/\/www.semantha.de\/de\/wp-json\/wp\/v2\/media?parent=11404"}],"curies":[{"name":"wp","href":"https:\/\/api.w.org\/{rel}","templated":true}]}}