{"id":13073,"date":"2024-05-22T14:53:11","date_gmt":"2024-05-22T12:53:11","guid":{"rendered":"https:\/\/www.semantha.de\/?page_id=13073"},"modified":"2024-08-13T11:19:13","modified_gmt":"2024-08-13T09:19:13","slug":"use-case-uebersicht","status":"publish","type":"page","link":"https:\/\/www.semantha.de\/de\/use-case-uebersicht\/","title":{"rendered":"Use-Case-\u00dcbersicht"},"content":{"rendered":"<h1>L\u00f6sung f\u00fcr zahlreiche <span class=\"uk-text-primary\">Use Case<\/span><\/h1>\n<div>\n<p>Suche, vergleiche und analysiere deine Daten schnell und einfach \u2013 ganzheitlich auf einer individuellen Plattform. Finde heraus, wie du Prozesse in deinem Unternehmen mit semantha vorantreiben kannst.<\/p>\n<\/div>\n<ul>\n<li>\n<p><img decoding=\"async\" src=\"\/wp-content\/uploads\/UC_contract-analysis_image_hover-1.png\" alt=\"\"><\/p>\n<h4>Vertragsanalyse<\/h4>\n<div>\n<p>Analysiere und vergleiche deine Vielzahl an Dokumenten ganz einfach und schnell.<\/p>\n<\/div>\n<p><a href=\"\/de\/specific-use-case-contract-analysis\/\"><\/a><\/p>\n<\/li>\n<li>\n<p><img decoding=\"async\" src=\"\/wp-content\/uploads\/UC_enterprise-search_image_hover.png\" alt=\"\"><\/p>\n<h4>Enterprise-Suche<\/h4>\n<div>\n<p>Durchsuche schnell all deine Informationen und finde genau die Inhalte, die du ben\u00f6tigst.<\/p>\n<\/div>\n<p><a href=\"\/de\/specific-use-case-enterprise-search-de\/\"><\/a><\/p>\n<\/li>\n<li>\n<p><img decoding=\"async\" src=\"\/wp-content\/uploads\/UC-ESG_image_hover.png\" alt=\"\"><\/p>\n<h4>ESG-Reporting<\/h4>\n<div>\n<p>Analysiere deine unstrukturierten Textdokumente und identifiziere qualitative, ESG-relevante Themen.<\/p>\n<\/div>\n<p><a href=\"\/de\/esg-reporting\/\"><\/a><\/p>\n<\/li>\n<li>\n<p><img decoding=\"async\" src=\"\/wp-content\/uploads\/UC_requirements_image_hover.png\" alt=\"\"><\/p>\n<h4>Anforderungs- und Spezifikationsanalyse<\/h4>\n<div>\n<p>Mach dir dein vorhandenes Wissen zunutze und bewerte Anforderungen mit nur wenigen Klicks.<\/p>\n<\/div>\n<p><a href=\"\/de\/specific-use-case-anforderungs-und-spezifikationsanalyse\/\"><\/a><\/p>\n<\/li>\n<\/ul>\n<ul>\n<li>\n<p><img decoding=\"async\" src=\"\/wp-content\/uploads\/UC-compliance-management_image_hover.png\" alt=\"\"><\/p>\n<h4>Compliance Management<\/h4>\n<div>\n<p>Erf\u00fclle die Anforderungen an Genauigkeit und Effizienz im Compliance Management.<\/p>\n<\/div>\n<p><a href=\"\/de\/specific-use-case-compliance-management-de\/\"><\/a><\/p>\n<\/li>\n<li>\n<p><img decoding=\"async\" src=\"\/wp-content\/uploads\/UC_mass-claims_image_hover.png\" alt=\"\"><\/p>\n<h4>Analyse von Massenklagen<\/h4>\n<div>\n<p>Vereinfache deine juristischen Workflows mit Hilfe von KI und bearbeite Schrifts\u00e4tze und Massenklagen schneller.<\/p>\n<\/div>\n<p><a href=\"\/de\/specific-use-case-mass-claims-de\/\"><\/a><\/p>\n<\/li>\n<li>\n<p><img decoding=\"async\" src=\"\/wp-content\/uploads\/UC-risk-analysis-uw_image_hover.png\" alt=\"\"><\/p>\n<h4>Risikoanalyse im Underwriting<\/h4>\n<div>\n<p>Vergleiche und analysiere deine Vielzahl an Dokumenten \u2013 und pr\u00fcfe Risiken schnell und einfach.<\/p>\n<\/div>\n<p><a href=\"\/de\/specific-use-case-risikoanalyse\/\"><\/a><\/p>\n<\/li>\n<li>\n<p><img decoding=\"async\" src=\"\/wp-content\/uploads\/UC_reinsurance_image_hover.png\" alt=\"\"><\/p>\n<h4>Vertragsanalyse f\u00fcr R\u00fcckversicherer<\/h4>\n<div>\n<p>Pr\u00fcfe Vertragsportfolios, vergleiche Dokumente und \u00fcbertrage wichtige Klauseln automatisch in dein System.<\/p>\n<\/div>\n<p><a href=\"\/de\/reinsurance\/\"><\/a><\/p>\n<\/li>\n<\/ul>\n<ul>\n<li>\n<p><img decoding=\"async\" src=\"\/wp-content\/uploads\/UC_correspondence_image_hover.png\" alt=\"\"><\/p>\n<h4>Automatisierung Korrespondenz<\/h4>\n<div>\n<p>Klassifiziere deine Korrespondenz automatisch und leite sie z\u00fcgig an die zust\u00e4ndige Person weiter.<\/p>\n<\/div>\n<p><a href=\"\/de\/use-cases\/automatisierung-korrespondenz\/\"><\/a><\/p>\n<\/li>\n<li>\n<p><img decoding=\"async\" src=\"\/wp-content\/uploads\/UC_CV-matching_image_hover.png\" alt=\"\"><\/p>\n<h4>CV-Matching<\/h4>\n<div>\n<p>Ordne Lebensl\u00e4ufe den passenden Stellenausschreibungen zu und finde so schnell die besten Bewerber.<\/p>\n<\/div>\n<p><a href=\"\/de\/use-cases\/zuordnung-von-lebenslaeufen-und-stellenausschreibungen\/\"><\/a><\/p>\n<\/li>\n<li>\n<p><img decoding=\"async\" src=\"\/wp-content\/uploads\/UC_video-analyis_hover.png\" alt=\"\"><\/p>\n<h4>Videoanalyse<\/h4>\n<div>\n<p>Analysiere verschiedene Medientypen in Sekundenschnelle und finde die Inhalte, die du suchst.<\/p>\n<\/div>\n<p><a href=\"\/de\/specific-use-case-video-analysis\/\"><\/a><\/p>\n<\/li>\n<\/ul>\n<p><!--more--><br \/>\n<!-- {\"type\":\"layout\",\"children\":[{\"type\":\"section\",\"props\":{\"animation\":\"slide-bottom-small\",\"animation_delay\":\"100\",\"height\":\"viewport\",\"height_offset_top\":true,\"image\":\"wp-content\\\/uploads\\\/AdobeStock_531539942_Opti_Final.png\",\"image_effect\":\"fixed\",\"image_position\":\"top-center\",\"image_size\":\"width-1-1\",\"media_overlay\":\"rgba(0, 0, 69, 0.59)\",\"style\":\"secondary\",\"title_breakpoint\":\"xl\",\"title_position\":\"top-left\",\"title_rotation\":\"left\",\"vertical_align\":\"middle\",\"width\":\"default\"},\"children\":[{\"type\":\"row\",\"children\":[{\"type\":\"column\",\"props\":{\"image_position\":\"center-center\",\"position_sticky_breakpoint\":\"m\"},\"children\":[{\"type\":\"headline\",\"props\":{\"content\":\"L\\u00f6sung f\\u00fcr zahlreiche <span class=\\\"uk-text-primary\\\">Use Case<\\\/span>\",\"title_element\":\"h1\",\"title_style\":\"heading-small\"}},{\"type\":\"text\",\"props\":{\"column_breakpoint\":\"m\",\"content\":\"\n\n<p>Suche, vergleiche und analysiere deine Daten schnell und einfach \\u2013 ganzheitlich auf einer individuellen Plattform. Finde heraus, wie du Prozesse in deinem Unternehmen mit semantha vorantreiben kannst.<\\\/p>\",\"margin\":\"large\",\"margin_remove_top\":true,\"maxwidth\":\"xlarge\",\"text_color\":\"secondary\",\"text_style\":\"large\"}}]}]},{\"type\":\"row\",\"children\":[{\"type\":\"column\",\"props\":{\"image_position\":\"center-center\",\"position_sticky_breakpoint\":\"m\"},\"children\":[{\"type\":\"grid\",\"props\":{\"content_column_breakpoint\":\"m\",\"filter_align\":\"left\",\"filter_all\":true,\"filter_grid_breakpoint\":\"m\",\"filter_grid_width\":\"auto\",\"filter_position\":\"top\",\"filter_style\":\"tab\",\"grid_default\":\"1\",\"grid_divider\":true,\"grid_medium\":\"4\",\"grid_small\":\"2\",\"icon_width\":80,\"image_align\":\"top\",\"image_grid_breakpoint\":\"m\",\"image_grid_width\":\"1-2\",\"image_link\":true,\"image_svg_color\":\"emphasis\",\"image_transition\":\"scale-up\",\"item_animation\":true,\"link_style\":\"default\",\"link_text\":\"\",\"margin\":\"large\",\"meta_align\":\"below-title\",\"meta_element\":\"div\",\"meta_style\":\"text-meta\",\"show_content\":true,\"show_image\":true,\"show_link\":true,\"show_meta\":true,\"show_title\":true,\"text_align\":\"center\",\"title_align\":\"top\",\"title_element\":\"h4\",\"title_grid_breakpoint\":\"m\",\"title_grid_width\":\"1-2\",\"title_hover_style\":\"reset\",\"title_link\":true},\"children\":[{\"type\":\"grid_item\",\"props\":{\"content\":\"\n\n<p>Analysiere und vergleiche deine Vielzahl an Dokumenten ganz einfach und schnell.<\\\/p>\",\"image\":\"wp-content\\\/uploads\\\/UC_contract-analysis_image_hover-1.png\",\"link\":\"de\\\/specific-use-case-contract-analysis\\\/\",\"title\":\"Vertragsanalyse\"}},{\"type\":\"grid_item\",\"props\":{\"content\":\"\n\n<p>Durchsuche schnell all deine Informationen und finde genau die Inhalte, die du ben\\u00f6tigst.<\\\/p>\",\"image\":\"wp-content\\\/uploads\\\/UC_enterprise-search_image_hover.png\",\"link\":\"de\\\/specific-use-case-enterprise-search-de\\\/\",\"title\":\"Enterprise-Suche\"}},{\"type\":\"grid_item\",\"props\":{\"content\":\"\n\n<p>Analysiere deine unstrukturierten Textdokumente und identifiziere qualitative, ESG-relevante Themen.<\\\/p>\",\"image\":\"wp-content\\\/uploads\\\/UC-ESG_image_hover.png\",\"link\":\"de\\\/esg-reporting\\\/\",\"title\":\"ESG-Reporting\"}},{\"type\":\"grid_item\",\"props\":{\"content\":\"\n\n<p>Mach dir dein vorhandenes Wissen zunutze und bewerte Anforderungen mit nur wenigen Klicks.<\\\/p>\",\"image\":\"wp-content\\\/uploads\\\/UC_requirements_image_hover.png\",\"link\":\"de\\\/specific-use-case-anforderungs-und-spezifikationsanalyse\\\/\",\"title\":\"Anforderungs- und Spezifikationsanalyse\"}}]},{\"type\":\"grid\",\"props\":{\"content_column_breakpoint\":\"m\",\"filter_align\":\"left\",\"filter_all\":true,\"filter_grid_breakpoint\":\"m\",\"filter_grid_width\":\"auto\",\"filter_position\":\"top\",\"filter_style\":\"tab\",\"grid_default\":\"1\",\"grid_divider\":true,\"grid_medium\":\"4\",\"grid_small\":\"2\",\"icon_width\":80,\"image_align\":\"top\",\"image_grid_breakpoint\":\"m\",\"image_grid_width\":\"1-2\",\"image_link\":true,\"image_svg_color\":\"emphasis\",\"image_transition\":\"scale-up\",\"item_animation\":true,\"link_style\":\"default\",\"link_text\":\"\",\"margin\":\"large\",\"meta_align\":\"below-title\",\"meta_element\":\"div\",\"meta_style\":\"text-meta\",\"show_content\":true,\"show_image\":true,\"show_link\":true,\"show_meta\":true,\"show_title\":true,\"text_align\":\"center\",\"title_align\":\"top\",\"title_element\":\"h4\",\"title_grid_breakpoint\":\"m\",\"title_grid_width\":\"1-2\",\"title_hover_style\":\"reset\",\"title_link\":true},\"children\":[{\"type\":\"grid_item\",\"props\":{\"content\":\"\n\n<p>Erf\\u00fclle die Anforderungen an Genauigkeit und Effizienz im Compliance Management.<\\\/p>\",\"image\":\"wp-content\\\/uploads\\\/UC-compliance-management_image_hover.png\",\"link\":\"de\\\/specific-use-case-compliance-management-de\\\/\",\"title\":\"Compliance Management\"}},{\"type\":\"grid_item\",\"props\":{\"content\":\"\n\n<p>Vereinfache deine juristischen Workflows mit Hilfe von KI und bearbeite Schrifts\\u00e4tze und Massenklagen schneller.<\\\/p>\",\"image\":\"wp-content\\\/uploads\\\/UC_mass-claims_image_hover.png\",\"link\":\"de\\\/specific-use-case-mass-claims-de\\\/\",\"title\":\"Analyse von Massenklagen\"}},{\"type\":\"grid_item\",\"props\":{\"content\":\"\n\n<p>Vergleiche und analysiere deine Vielzahl an Dokumenten \\u2013 und pr\\u00fcfe Risiken schnell und einfach.<\\\/p>\",\"image\":\"wp-content\\\/uploads\\\/UC-risk-analysis-uw_image_hover.png\",\"link\":\"de\\\/specific-use-case-risikoanalyse\\\/\",\"title\":\"Risikoanalyse im Underwriting\"}},{\"type\":\"grid_item\",\"props\":{\"content\":\"\n\n<p>Pr\\u00fcfe Vertragsportfolios, vergleiche Dokumente und \\u00fcbertrage wichtige Klauseln automatisch in dein System.<\\\/p>\",\"image\":\"wp-content\\\/uploads\\\/UC_reinsurance_image_hover.png\",\"link\":\"de\\\/reinsurance\\\/\",\"title\":\"Vertragsanalyse f\\u00fcr R\\u00fcckversicherer\"}}]},{\"type\":\"grid\",\"props\":{\"content_column_breakpoint\":\"m\",\"filter_align\":\"left\",\"filter_all\":true,\"filter_grid_breakpoint\":\"m\",\"filter_grid_width\":\"auto\",\"filter_position\":\"top\",\"filter_style\":\"tab\",\"grid_default\":\"1\",\"grid_divider\":true,\"grid_medium\":\"4\",\"grid_small\":\"2\",\"icon_width\":80,\"image_align\":\"top\",\"image_grid_breakpoint\":\"m\",\"image_grid_width\":\"1-2\",\"image_link\":true,\"image_svg_color\":\"emphasis\",\"image_transition\":\"scale-up\",\"item_animation\":true,\"link_style\":\"default\",\"link_text\":\"\",\"margin\":\"large\",\"meta_align\":\"below-title\",\"meta_element\":\"div\",\"meta_style\":\"text-meta\",\"show_content\":true,\"show_image\":true,\"show_link\":true,\"show_meta\":true,\"show_title\":true,\"text_align\":\"center\",\"title_align\":\"top\",\"title_element\":\"h4\",\"title_grid_breakpoint\":\"m\",\"title_grid_width\":\"1-2\",\"title_hover_style\":\"reset\",\"title_link\":true},\"children\":[{\"type\":\"grid_item\",\"props\":{\"content\":\"\n\n<p>Klassifiziere deine Korrespondenz automatisch und leite sie z\\u00fcgig an die zust\\u00e4ndige Person weiter.<\\\/p>\",\"image\":\"wp-content\\\/uploads\\\/UC_correspondence_image_hover.png\",\"link\":\"de\\\/use-cases\\\/automatisierung-korrespondenz\\\/\",\"title\":\"Automatisierung Korrespondenz\"}},{\"type\":\"grid_item\",\"props\":{\"content\":\"\n\n<p>Ordne Lebensl\\u00e4ufe den passenden Stellenausschreibungen zu und finde so schnell die besten Bewerber.<\\\/p>\",\"image\":\"wp-content\\\/uploads\\\/UC_CV-matching_image_hover.png\",\"link\":\"de\\\/use-cases\\\/zuordnung-von-lebenslaeufen-und-stellenausschreibungen\\\/\",\"title\":\"CV-Matching\"}},{\"type\":\"grid_item\",\"props\":{\"content\":\"\n\n<p>Analysiere verschiedene Medientypen in Sekundenschnelle und finde die Inhalte, die du suchst.<\\\/p>\",\"image\":\"wp-content\\\/uploads\\\/UC_video-analyis_hover.png\",\"link\":\"de\\\/specific-use-case-video-analysis\\\/\",\"title\":\"Videoanalyse\"}}]}]}],\"props\":{\"margin\":\"xlarge\"}}],\"name\":\"Use Case Overview\"}],\"version\":\"4.3.6\"} --><\/p>\n","protected":false},"excerpt":{"rendered":"<p>L\u00f6sung f\u00fcr zahlreiche Use Case Suche, vergleiche und analysiere deine Daten schnell und einfach \u2013 ganzheitlich auf einer individuellen Plattform. Finde heraus, wie du Prozesse in deinem Unternehmen mit semantha vorantreiben kannst. Vertragsanalyse Analysiere und vergleiche deine Vielzahl an Dokumenten ganz einfach und schnell. Enterprise-Suche Durchsuche schnell all deine Informationen und finde genau die Inhalte, [&hellip;]<\/p>\n","protected":false},"author":50,"featured_media":0,"parent":0,"menu_order":0,"comment_status":"closed","ping_status":"closed","template":"","meta":{"_acf_changed":false,"footnotes":""},"acf":[],"yoast_head":"<!-- This site is optimized with the Yoast SEO Premium plugin v22.7 (Yoast SEO v23.5) - https:\/\/yoast.com\/wordpress\/plugins\/seo\/ -->\n<title>Use-Case-\u00dcbersicht - semantha<\/title>\n<meta name=\"description\" content=\"Finde heraus, wie du Prozesse in deinem Unternehmen mit semantha vorantreiben kannst.\" \/>\n<meta name=\"robots\" content=\"index, follow, max-snippet:-1, max-image-preview:large, max-video-preview:-1\" \/>\n<link rel=\"canonical\" href=\"https:\/\/www.semantha.de\/de\/use-case-uebersicht\/\" \/>\n<meta property=\"og:locale\" content=\"de_DE\" \/>\n<meta property=\"og:type\" content=\"article\" \/>\n<meta property=\"og:title\" content=\"Use-Case-\u00dcbersicht\" \/>\n<meta property=\"og:description\" content=\"Finde heraus, wie du Prozesse in deinem Unternehmen mit semantha vorantreiben kannst.\" \/>\n<meta property=\"og:url\" content=\"https:\/\/www.semantha.de\/de\/use-case-uebersicht\/\" \/>\n<meta property=\"og:site_name\" content=\"semantha\" \/>\n<meta property=\"article:modified_time\" content=\"2024-08-13T09:19:13+00:00\" \/>\n<meta name=\"twitter:card\" content=\"summary_large_image\" \/>\n<meta name=\"twitter:site\" content=\"@semanthaAI\" \/>\n<meta name=\"twitter:label1\" content=\"Gesch\u00e4tzte Lesezeit\" \/>\n\t<meta name=\"twitter:data1\" content=\"4\u00a0Minuten\" \/>\n<!-- \/ Yoast SEO Premium plugin. -->","yoast_head_json":{"title":"Use-Case-\u00dcbersicht - semantha","description":"Finde heraus, wie du Prozesse in deinem Unternehmen mit semantha vorantreiben kannst.","robots":{"index":"index","follow":"follow","max-snippet":"max-snippet:-1","max-image-preview":"max-image-preview:large","max-video-preview":"max-video-preview:-1"},"canonical":"https:\/\/www.semantha.de\/de\/use-case-uebersicht\/","og_locale":"de_DE","og_type":"article","og_title":"Use-Case-\u00dcbersicht","og_description":"Finde heraus, wie du Prozesse in deinem Unternehmen mit semantha vorantreiben kannst.","og_url":"https:\/\/www.semantha.de\/de\/use-case-uebersicht\/","og_site_name":"semantha","article_modified_time":"2024-08-13T09:19:13+00:00","twitter_card":"summary_large_image","twitter_site":"@semanthaAI","twitter_misc":{"Gesch\u00e4tzte Lesezeit":"4\u00a0Minuten"},"schema":{"@context":"https:\/\/schema.org","@graph":[{"@type":"WebPage","@id":"https:\/\/www.semantha.de\/de\/use-case-uebersicht\/","url":"https:\/\/www.semantha.de\/de\/use-case-uebersicht\/","name":"Use-Case-\u00dcbersicht - semantha","isPartOf":{"@id":"https:\/\/www.semantha.de\/de\/#website"},"datePublished":"2024-05-22T12:53:11+00:00","dateModified":"2024-08-13T09:19:13+00:00","description":"Finde heraus, wie du Prozesse in deinem Unternehmen mit semantha vorantreiben kannst.","breadcrumb":{"@id":"https:\/\/www.semantha.de\/de\/use-case-uebersicht\/#breadcrumb"},"inLanguage":"de","potentialAction":[{"@type":"ReadAction","target":["https:\/\/www.semantha.de\/de\/use-case-uebersicht\/"]}]},{"@type":"BreadcrumbList","@id":"https:\/\/www.semantha.de\/de\/use-case-uebersicht\/#breadcrumb","itemListElement":[{"@type":"ListItem","position":1,"name":"Startseite","item":"https:\/\/www.semantha.de\/de\/"},{"@type":"ListItem","position":2,"name":"Use-Case-\u00dcbersicht"}]},{"@type":"WebSite","@id":"https:\/\/www.semantha.de\/de\/#website","url":"https:\/\/www.semantha.de\/de\/","name":"semantha","description":"the semantic platform","potentialAction":[{"@type":"SearchAction","target":{"@type":"EntryPoint","urlTemplate":"https:\/\/www.semantha.de\/de\/?s={search_term_string}"},"query-input":{"@type":"PropertyValueSpecification","valueRequired":true,"valueName":"search_term_string"}}],"inLanguage":"de"}]}},"_links":{"self":[{"href":"https:\/\/www.semantha.de\/de\/wp-json\/wp\/v2\/pages\/13073"}],"collection":[{"href":"https:\/\/www.semantha.de\/de\/wp-json\/wp\/v2\/pages"}],"about":[{"href":"https:\/\/www.semantha.de\/de\/wp-json\/wp\/v2\/types\/page"}],"author":[{"embeddable":true,"href":"https:\/\/www.semantha.de\/de\/wp-json\/wp\/v2\/users\/50"}],"replies":[{"embeddable":true,"href":"https:\/\/www.semantha.de\/de\/wp-json\/wp\/v2\/comments?post=13073"}],"version-history":[{"count":13,"href":"https:\/\/www.semantha.de\/de\/wp-json\/wp\/v2\/pages\/13073\/revisions"}],"predecessor-version":[{"id":13566,"href":"https:\/\/www.semantha.de\/de\/wp-json\/wp\/v2\/pages\/13073\/revisions\/13566"}],"wp:attachment":[{"href":"https:\/\/www.semantha.de\/de\/wp-json\/wp\/v2\/media?parent=13073"}],"curies":[{"name":"wp","href":"https:\/\/api.w.org\/{rel}","templated":true}]}}