{"id":13332,"date":"2024-06-14T10:51:59","date_gmt":"2024-06-14T08:51:59","guid":{"rendered":"https:\/\/www.semantha.de\/?page_id=13332"},"modified":"2024-06-14T12:45:04","modified_gmt":"2024-06-14T10:45:04","slug":"whatcanaidoforme","status":"publish","type":"page","link":"https:\/\/www.semantha.de\/de\/whatcanaidoforme\/","title":{"rendered":"whatcanaidoforme"},"content":{"rendered":"<h1>Finde passende <span class=\"uk-text-primary\">KI-Partner <\/span>und erkenne<span class=\"uk-text-primary\">\u00a0Wertsch\u00f6pfungspotenziale<\/span>.<\/h1>\n<div>\n<h4>Innovative L\u00f6sungen aus der KI-Landschaft in Unternehmen bringen.<\/h4>\n<\/div>\n<p><img decoding=\"async\" src=\"\/wp-content\/uploads\/WCAIDFM-Logo.svg\" alt=\"\"><\/p>\n<h1>Worum geht&#8217;s im Forschungsprojekt?<\/h1>\n<div>\n<p>Mit dem Verbundforschungsprojekt \u201cWhat can AI do for me?\u201d wollte das Institute for Applied Artificial Intelligence der Hochschule der Medien Stuttgart, die thingsTHINKING GmbH und die KENBUN IT AG nicht nur die Forschung im Bereich der digitalen Wertsch\u00f6pfung vertiefen, sondern auch innovative L\u00f6sungen der KI-Landschaft st\u00e4rker in die Anwendung bei Unternehmen bringen.<\/p>\n<p>Daher entstand im Verbundforschungsprojekt eine KI-basierte Matching-Plattform. Diese erlaubt Unternehmen die Beschreibung ihrer noch unspezifischen KI-Vorhaben in Textform, woraufhin durch semantisches Matching geeignete KI-Anwendungsm\u00f6glichkeiten und KI-L\u00f6sungsunternehmen gefunden werden. Zus\u00e4tzlich wird eine Experteneinsch\u00e4tzung zum Wertsch\u00f6pfungspotenzial eines vergleichbaren Vorhabens angezeigt.<\/p>\n<p>Unternehmen soll so geholfen werden, Anwendungsm\u00f6glichkeiten von KI zu erkennen und geeignete Partnerunternehmen f\u00fcr die Realisierung zu identifizieren. W\u00e4hrend Unternehmen \u2013 insbesondere aus dem Mittelstand \u2013 die H\u00fcrde genommen wird, mit der Implementierung von KI zu beginnen, stellt unsere Plattform f\u00fcr L\u00f6sungsanbieter eine kostenlose M\u00f6glichkeit dar, potenzielle Neukunden zu gewinnen.<\/p>\n<\/div>\n<p><img decoding=\"async\" src=\"\/wp-content\/uploads\/WCAIDFM_graphic_DE-1.png\" alt=\"\"><\/p>\n<hr>\n<h2>Semantisches Matching erm\u00f6glicht die Ermittlung geeigneter KI-Partner.<\/h2>\n<div>\n<p>Technisch basiert die geplante Matching-Plattform auf der KI-L\u00f6sung semantha\u00ae des Softwareunternehmens thingsTHINKING aus Karlsruhe. Die semantische Plattform ist in der Lage, auf Bedeutungsebene Texte zu analysieren und zu vergleichen \u2013 ohne zus\u00e4tzliches, individuelles Training. Dadurch kann die Formulareingabe einer Nutzerin oder eines Nutzers bei WhatCanAIDoForMe.com problemlos mit den Use Cases der KI-Dienstleister und Anwendern abgeglichen werden.<\/p>\n<\/div>\n<h2>Forschung rund um KI-Wertsch\u00f6pfungspotenzialen vertiefen.<\/h2>\n<div>\n<p>Im Rahmen des Verbundforschungsprojekts entstand am Institute for Applied Artificial Intelligence der Hochschule der Medien die AI Value Creation Studie. Diese geht Fragestellungen rund um KI-Wertsch\u00f6pfungspotenziale nach. Um diese angemessen beantworten zu k\u00f6nnen, wurde sowohl eine qualitative als auch eine quantitative Erhebung durchgef\u00fchrt. Die Ergebnisse der Studie zeigen zum einen die gro\u00dfen Herausforderungen von Unternehmen in Hinblick auf eine KI-Implementierung, machen aber auch die vielf\u00e4ltigen KI-Wertsch\u00f6pfungspotenziale, die branchen\u00fcbergreifend und in allen Unternehmensbereichen wiederzufinden sind, deutlich.<\/p>\n<\/div>\n<h1>Die Projektpartner<\/h1>\n<p><img decoding=\"async\" src=\"\/wp-content\/uploads\/HdM-Logo.svg\" alt=\"\"><\/p>\n<div>\n<p>Ziel des IAAI ist es, KI in die Anwendung zu bringen. Um die L\u00fccke zwischen Forschung, Unternehmen und Gesellschaft zu schlie\u00dfen, b\u00fcndelt das Institut die KI Kompetenz der Hochschule in einem interdisziplin\u00e4ren Zusammenschluss von Professor*innen, Forscher*innen und HdM Partnern. Die Forschungs- und Entwicklungsprojekte des IAAI erstrecken sich \u00fcber verschiedenen Teilbereichen der K\u00fcnstlichen Intelligenz und Data Science. Der gemeinsame Nenner ist dabei der Fokus auf die Anwendungsseite.<\/p>\n<p>Weitere Informationen unter: <a href=\"https:\/\/www.hdm-stuttgart.de\">www.hdm-stuttgart.de<\/a><\/p>\n<\/div>\n<p><img decoding=\"async\" src=\"\/wp-content\/uploads\/Logo_ThingsThinking_RGB_wo_Border.svg\" alt=\"\"><\/p>\n<div>\n<p>Nach mehr als 14 Jahren Forschung auf dem Gebiet der Sprachverarbeitung und KI wurde 2017 die thingsTHINKING GmbH gegr\u00fcndet. Ihre Softwareplattform semantha ist in der Lage, Text auf der Bedeutungsebene zu vergleichen und beschr\u00e4nkt sich nicht auf einen Wortvergleich. Gro\u00dfe Unternehmen aus den verschiedensten Branchen, wie z.B. Automobil, Chemie, Versicherungen, Recht, Steuer und Wirtschaftspr\u00fcfung z\u00e4hlen bereits zu den Kunden.<\/p>\n<p>Weiter Informationen unter: <a href=\"http:\/\/semantha.de\">semantha.de<\/a><\/p>\n<\/div>\n<p><img decoding=\"async\" src=\"\/wp-content\/uploads\/Kenbun-Logo.svg\" alt=\"\"><\/p>\n<div>\n<p><span style=\"color: #ffffff;\">Die KENBUN IT AG unterst\u00fctzt Unternehmen mit KI-basierten L\u00f6sungen bei der digitalen Transformation ihrer Gesch\u00e4ftsmodelle. Mit der Voice-Technologie-Suite KIDOU werden Komponenten zur Verf\u00fcgung gestellt, mit denen nat\u00fcrlichsprachliche Assistenten umgesetzt werden k\u00f6nnen. Da das System die vollst\u00e4ndige KI-Pipeline umfasst, k\u00f6nnen die Modelle dom\u00e4nen- und kundenspezifisch feingetuned werden und sowohl in beliebigen Clouds als auch im Rechenzentrum des Kunden On-Premise bereitgestellt werden.<\/span><\/p>\n<\/p>\n<p><span>Weitere Informationen unter: <\/span><a href=\"https:\/\/www.kenbun.de\">www.kenbun.de<\/a><\/p>\n<\/div>\n<h1>Supported by<\/h1>\n<p><a href=\"https:\/\/wm.baden-wuerttemberg.de\/de\/startseite\/\"><img decoding=\"async\" src=\"\/wp-content\/uploads\/BaWue-Logo.svg\" alt=\"Baden-W\u00fcrttemberg Ministry of Economic Affairs, Labor and Tourism\"><\/a><\/p>\n<p><!--more--><br \/>\n<!-- {\"type\":\"layout\",\"children\":[{\"type\":\"section\",\"props\":{\"animation\":\"slide-bottom-small\",\"header_transparent\":true,\"header_transparent_noplaceholder\":false,\"image\":\"wp-content\\\/uploads\\\/AdobeStock_531539942_Opti.png\",\"image_loading\":true,\"image_position\":\"top-center\",\"image_size\":\"contain\",\"image_width\":\"100%\",\"media_overlay\":\"rgba(0, 0, 69, 0.52)\",\"padding\":\"large\",\"padding_remove_bottom\":false,\"style\":\"secondary\",\"text_color\":\"light\",\"title_breakpoint\":\"xl\",\"title_position\":\"top-left\",\"title_rotation\":\"left\",\"vertical_align\":\"middle\",\"width\":\"default\"},\"children\":[{\"type\":\"row\",\"props\":{\"layout\":\"1-2,1-2\",\"margin\":\"xlarge\"},\"children\":[{\"type\":\"column\",\"props\":{\"image_position\":\"center-center\",\"position_sticky_breakpoint\":\"m\",\"width_small\":\"1-2\"},\"children\":[{\"type\":\"headline\",\"props\":{\"class\":\"home2023\",\"content\":\"Finde passende <span class=\\\"uk-text-primary\\\">KI-Partner <\\\/span>und erkenne<span class=\\\"uk-text-primary\\\">\\u00a0Wertsch\\u00f6pfungspotenziale<\\\/span>.\",\"title_element\":\"h1\"}},{\"type\":\"text\",\"props\":{\"column_breakpoint\":\"m\",\"content\":\"\n\n<h4>Innovative L\\u00f6sungen aus der KI-Landschaft in Unternehmen bringen.<\\\/h4>\",\"margin\":\"default\",\"text_style\":\"lead\"}}]},{\"type\":\"column\",\"props\":{\"image_position\":\"center-center\",\"position_sticky_breakpoint\":\"m\",\"width_small\":\"1-2\"},\"children\":[{\"type\":\"image\",\"props\":{\"animation\":\"slide-right-small\",\"image\":\"wp-content\\\/uploads\\\/WCAIDFM-Logo.svg\",\"image_svg_color\":\"emphasis\",\"image_width\":350,\"margin\":\"default\",\"text_align\":\"center\"}}]}]},{\"type\":\"row\",\"children\":[{\"type\":\"column\",\"props\":{\"image_position\":\"center-center\",\"position_sticky_breakpoint\":\"m\",\"width_medium\":\"1-5\"}},{\"type\":\"column\",\"props\":{\"image_position\":\"center-center\",\"position_sticky_breakpoint\":\"m\",\"width_medium\":\"3-5\"},\"children\":[{\"type\":\"headline\",\"props\":{\"content\":\"Worum geht's im Forschungsprojekt?\",\"text_align\":\"center\",\"title_element\":\"h1\"}}]},{\"type\":\"column\",\"props\":{\"image_position\":\"center-center\",\"position_sticky_breakpoint\":\"m\",\"width_medium\":\"1-5\"}}],\"props\":{\"layout\":\"1-5,3-5,1-5\",\"margin_remove_bottom\":true}},{\"type\":\"row\",\"props\":{\"alignment\":\"center\",\"column_gap\":\"large\",\"margin\":\"medium\",\"margin_remove_top\":false,\"width\":\"small\"},\"children\":[{\"type\":\"column\",\"props\":{\"image_position\":\"center-center\",\"position_sticky_breakpoint\":\"m\"},\"children\":[{\"type\":\"text\",\"props\":{\"column_breakpoint\":\"m\",\"content\":\"\n\n<p>Mit dem Verbundforschungsprojekt \\u201cWhat can AI do for me?\\u201d wollte das Institute for Applied Artificial Intelligence der Hochschule der Medien Stuttgart, die thingsTHINKING GmbH und die KENBUN IT AG nicht nur die Forschung im Bereich der digitalen Wertsch\\u00f6pfung vertiefen, sondern auch innovative L\\u00f6sungen der KI-Landschaft st\\u00e4rker in die Anwendung bei Unternehmen bringen.<\\\/p>\\n\n\n<p>Daher entstand im Verbundforschungsprojekt eine KI-basierte Matching-Plattform. Diese erlaubt Unternehmen die Beschreibung ihrer noch unspezifischen KI-Vorhaben in Textform, woraufhin durch semantisches Matching geeignete KI-Anwendungsm\\u00f6glichkeiten und KI-L\\u00f6sungsunternehmen gefunden werden. Zus\\u00e4tzlich wird eine Experteneinsch\\u00e4tzung zum Wertsch\\u00f6pfungspotenzial eines vergleichbaren Vorhabens angezeigt.<\\\/p>\\n\n\n<p>Unternehmen soll so geholfen werden, Anwendungsm\\u00f6glichkeiten von KI zu erkennen und geeignete Partnerunternehmen f\\u00fcr die Realisierung zu identifizieren. W\\u00e4hrend Unternehmen \\u2013 insbesondere aus dem Mittelstand \\u2013 die H\\u00fcrde genommen wird, mit der Implementierung von KI zu beginnen, stellt unsere Plattform f\\u00fcr L\\u00f6sungsanbieter eine kostenlose M\\u00f6glichkeit dar, potenzielle Neukunden zu gewinnen.<\\\/p>\",\"margin\":\"default\",\"text_color\":\"secondary\"}}]}]},{\"type\":\"row\",\"children\":[{\"type\":\"column\",\"props\":{\"image_position\":\"center-center\",\"position_sticky_breakpoint\":\"m\"},\"children\":[{\"type\":\"image\",\"props\":{\"animation\":\"scale-up\",\"image\":\"wp-content\\\/uploads\\\/WCAIDFM_graphic_DE-1.png\",\"image_svg_color\":\"emphasis\",\"image_width\":800,\"margin\":\"default\",\"text_align\":\"center\"}}]}]},{\"type\":\"row\",\"children\":[{\"type\":\"column\",\"props\":{\"image_position\":\"center-center\",\"position_sticky_breakpoint\":\"m\"},\"children\":[{\"type\":\"divider\",\"props\":{\"block_align\":\"center\",\"divider_element\":\"hr\",\"maxwidth\":\"2xlarge\"}}]}]},{\"type\":\"row\",\"children\":[{\"type\":\"column\",\"props\":{\"image_position\":\"center-center\",\"position_sticky_breakpoint\":\"m\"}}]},{\"type\":\"row\",\"children\":[{\"type\":\"column\",\"props\":{\"image_position\":\"center-center\",\"position_sticky_breakpoint\":\"m\",\"vertical_align\":\"middle\"},\"children\":[{\"type\":\"headline\",\"props\":{\"block_align\":\"center\",\"content\":\"Semantisches Matching erm\\u00f6glicht die Ermittlung geeigneter KI-Partner.\",\"text_align\":\"center\",\"title_element\":\"h2\"}},{\"type\":\"text\",\"props\":{\"block_align\":\"center\",\"column_breakpoint\":\"m\",\"content\":\"\n\n<p>Technisch basiert die geplante Matching-Plattform auf der KI-L\\u00f6sung semantha\\u00ae des Softwareunternehmens thingsTHINKING aus Karlsruhe. Die semantische Plattform ist in der Lage, auf Bedeutungsebene Texte zu analysieren und zu vergleichen \\u2013 ohne zus\\u00e4tzliches, individuelles Training. Dadurch kann die Formulareingabe einer Nutzerin oder eines Nutzers bei WhatCanAIDoForMe.com problemlos mit den Use Cases der KI-Dienstleister und Anwendern abgeglichen werden.<\\\/p>\",\"margin\":\"default\",\"text_align\":\"left\",\"text_color\":\"secondary\"}}]}],\"props\":{\"width\":\"small\"}},{\"type\":\"row\",\"children\":[{\"type\":\"column\",\"props\":{\"image_position\":\"center-center\",\"position_sticky_breakpoint\":\"m\",\"vertical_align\":\"middle\"},\"children\":[{\"type\":\"headline\",\"props\":{\"block_align\":\"center\",\"content\":\"Forschung rund um KI-Wertsch\\u00f6pfungspotenzialen vertiefen.\",\"text_align\":\"center\",\"title_element\":\"h2\"}},{\"type\":\"text\",\"props\":{\"block_align\":\"center\",\"column_breakpoint\":\"m\",\"content\":\"\n\n<p>Im Rahmen des Verbundforschungsprojekts entstand am Institute for Applied Artificial Intelligence der Hochschule der Medien die AI Value Creation Studie. Diese geht Fragestellungen rund um KI-Wertsch\\u00f6pfungspotenziale nach. Um diese angemessen beantworten zu k\\u00f6nnen, wurde sowohl eine qualitative als auch eine quantitative Erhebung durchgef\\u00fchrt. Die Ergebnisse der Studie zeigen zum einen die gro\\u00dfen Herausforderungen von Unternehmen in Hinblick auf eine KI-Implementierung, machen aber auch die vielf\\u00e4ltigen KI-Wertsch\\u00f6pfungspotenziale, die branchen\\u00fcbergreifend und in allen Unternehmensbereichen wiederzufinden sind, deutlich.<\\\/p>\",\"margin\":\"default\",\"text_align\":\"left\",\"text_color\":\"secondary\"}}]}],\"props\":{\"width\":\"small\"}},{\"type\":\"row\",\"props\":{\"margin\":\"xlarge\",\"margin_remove_bottom\":true},\"children\":[{\"type\":\"column\",\"props\":{\"image_position\":\"center-center\",\"position_sticky_breakpoint\":\"m\"},\"children\":[{\"type\":\"headline\",\"props\":{\"content\":\"Die Projektpartner\",\"text_align\":\"center\",\"title_element\":\"h1\"}}]}]},{\"type\":\"row\",\"props\":{\"column_gap\":\"large\",\"layout\":\"1-3,1-3,1-3\"},\"children\":[{\"type\":\"column\",\"props\":{\"image_position\":\"center-center\",\"position_sticky_breakpoint\":\"m\",\"width_medium\":\"1-3\"},\"children\":[{\"type\":\"image\",\"props\":{\"image\":\"wp-content\\\/uploads\\\/HdM-Logo.svg\",\"image_height\":80,\"image_svg_color\":\"emphasis\",\"margin\":\"default\",\"text_align\":\"center\"}},{\"type\":\"text\",\"props\":{\"column_breakpoint\":\"m\",\"content\":\"\n\n<p>Ziel des IAAI ist es, KI in die Anwendung zu bringen. Um die L\\u00fccke zwischen Forschung, Unternehmen und Gesellschaft zu schlie\\u00dfen, b\\u00fcndelt das Institut die KI Kompetenz der Hochschule in einem interdisziplin\\u00e4ren Zusammenschluss von Professor*innen, Forscher*innen und HdM Partnern. Die Forschungs- und Entwicklungsprojekte des IAAI erstrecken sich \\u00fcber verschiedenen Teilbereichen der K\\u00fcnstlichen Intelligenz und Data Science. Der gemeinsame Nenner ist dabei der Fokus auf die Anwendungsseite.<\\\/p>\\n\n\n<p>Weitere Informationen unter: <a href=\\\"https:\\\/\\\/www.hdm-stuttgart.de\\\">www.hdm-stuttgart.de<\\\/a><\\\/p>\",\"margin\":\"default\",\"text_align\":\"left\",\"text_color\":\"secondary\"}}]},{\"type\":\"column\",\"props\":{\"image_position\":\"center-center\",\"position_sticky_breakpoint\":\"m\",\"width_medium\":\"1-3\"},\"children\":[{\"type\":\"image\",\"props\":{\"image\":\"wp-content\\\/uploads\\\/Logo_ThingsThinking_RGB_wo_Border.svg\",\"image_height\":80,\"image_svg_color\":\"emphasis\",\"margin\":\"default\",\"text_align\":\"center\"}},{\"type\":\"text\",\"props\":{\"column_breakpoint\":\"m\",\"content\":\"\n\n<p>Nach mehr als 14 Jahren Forschung auf dem Gebiet der Sprachverarbeitung und KI wurde 2017 die thingsTHINKING GmbH gegr\\u00fcndet. Ihre Softwareplattform semantha ist in der Lage, Text auf der Bedeutungsebene zu vergleichen und beschr\\u00e4nkt sich nicht auf einen Wortvergleich. Gro\\u00dfe Unternehmen aus den verschiedensten Branchen, wie z.B. Automobil, Chemie, Versicherungen, Recht, Steuer und Wirtschaftspr\\u00fcfung z\\u00e4hlen bereits zu den Kunden.<\\\/p>\\n\n\n<p>Weiter Informationen unter: <a href=\\\"http:\\\/\\\/semantha.de\\\">semantha.de<\\\/a><\\\/p>\",\"margin\":\"default\",\"text_align\":\"left\",\"text_color\":\"secondary\"}}]},{\"type\":\"column\",\"props\":{\"image_position\":\"center-center\",\"position_sticky_breakpoint\":\"m\",\"width_medium\":\"1-3\"},\"children\":[{\"type\":\"image\",\"props\":{\"image\":\"wp-content\\\/uploads\\\/Kenbun-Logo.svg\",\"image_height\":80,\"image_svg_color\":\"emphasis\",\"margin\":\"default\",\"text_align\":\"center\"}},{\"type\":\"text\",\"props\":{\"column_breakpoint\":\"m\",\"content\":\"\n\n<p><span style=\\\"color: #ffffff;\\\">Die KENBUN IT AG unterst\\u00fctzt Unternehmen mit KI-basierten L\\u00f6sungen bei der digitalen Transformation ihrer Gesch\\u00e4ftsmodelle. Mit der Voice-Technologie-Suite KIDOU werden Komponenten zur Verf\\u00fcgung gestellt, mit denen nat\\u00fcrlichsprachliche Assistenten umgesetzt werden k\\u00f6nnen. Da das System die vollst\\u00e4ndige KI-Pipeline umfasst, k\\u00f6nnen die Modelle dom\\u00e4nen- und kundenspezifisch feingetuned werden und sowohl in beliebigen Clouds als auch im Rechenzentrum des Kunden On-Premise bereitgestellt werden.<\\\/span><\\\/p>\\n\n\n<p><\\\/p>\\n\n\n<p><span>Weitere Informationen unter: <\\\/span><a href=\\\"https:\\\/\\\/www.kenbun.de\\\">www.kenbun.de<\\\/a><\\\/p>\",\"margin\":\"default\",\"text_align\":\"left\",\"text_color\":\"secondary\"}}]}]}]},{\"type\":\"section\",\"props\":{\"image_position\":\"center-center\",\"style\":\"default\",\"title_breakpoint\":\"xl\",\"title_position\":\"top-left\",\"title_rotation\":\"left\",\"vertical_align\":\"middle\",\"width\":\"default\"},\"children\":[{\"type\":\"row\",\"props\":{\"layout\":\"1-3,1-3,1-3\"},\"children\":[{\"type\":\"column\",\"props\":{\"image_position\":\"center-center\",\"position_sticky_breakpoint\":\"m\",\"width_medium\":\"1-3\"}},{\"type\":\"column\",\"props\":{\"image_position\":\"center-center\",\"position_sticky_breakpoint\":\"m\",\"width_medium\":\"1-3\"},\"children\":[{\"type\":\"headline\",\"props\":{\"content\":\"Supported by\",\"text_align\":\"center\",\"title_element\":\"h1\"}},{\"type\":\"image\",\"props\":{\"image\":\"wp-content\\\/uploads\\\/BaWue-Logo.svg\",\"image_alt\":\"Baden-W\\u00fcrttemberg Ministry of Economic Affairs, Labor and Tourism\",\"image_svg_color\":\"emphasis\",\"link\":\"https:\\\/\\\/wm.baden-wuerttemberg.de\\\/de\\\/startseite\\\/\",\"margin\":\"default\"}}]},{\"type\":\"column\",\"props\":{\"image_position\":\"center-center\",\"position_sticky_breakpoint\":\"m\",\"width_medium\":\"1-3\"}}]}]}],\"version\":\"4.3.6\"} --><\/p>\n","protected":false},"excerpt":{"rendered":"<p>Finde passende KI-Partner und erkenne\u00a0Wertsch\u00f6pfungspotenziale. Innovative L\u00f6sungen aus der KI-Landschaft in Unternehmen bringen. Worum geht&#8217;s im Forschungsprojekt? Mit dem Verbundforschungsprojekt \u201cWhat can AI do for me?\u201d wollte das Institute for Applied Artificial Intelligence der Hochschule der Medien Stuttgart, die thingsTHINKING GmbH und die KENBUN IT AG nicht nur die Forschung im Bereich der digitalen Wertsch\u00f6pfung [&hellip;]<\/p>\n","protected":false},"author":50,"featured_media":0,"parent":0,"menu_order":0,"comment_status":"closed","ping_status":"closed","template":"","meta":{"_acf_changed":false,"footnotes":""},"acf":[],"yoast_head":"<!-- This site is optimized with the Yoast SEO Premium plugin v22.7 (Yoast SEO v23.5) - https:\/\/yoast.com\/wordpress\/plugins\/seo\/ -->\n<title>whatcanaidoforme - semantha<\/title>\n<meta name=\"description\" content=\"Passende KI-Partner findenund Wertsch\u00f6pfungspotenziale erkennen.\" \/>\n<meta name=\"robots\" content=\"index, follow, max-snippet:-1, max-image-preview:large, max-video-preview:-1\" \/>\n<link rel=\"canonical\" href=\"https:\/\/www.semantha.de\/de\/whatcanaidoforme\/\" \/>\n<meta property=\"og:locale\" content=\"de_DE\" \/>\n<meta property=\"og:type\" content=\"article\" \/>\n<meta property=\"og:title\" content=\"whatcanaidoforme\" \/>\n<meta property=\"og:description\" content=\"Passende KI-Partner findenund Wertsch\u00f6pfungspotenziale erkennen.\" \/>\n<meta property=\"og:url\" content=\"https:\/\/www.semantha.de\/de\/whatcanaidoforme\/\" \/>\n<meta property=\"og:site_name\" content=\"semantha\" \/>\n<meta property=\"article:modified_time\" content=\"2024-06-14T10:45:04+00:00\" \/>\n<meta name=\"twitter:card\" content=\"summary_large_image\" \/>\n<meta name=\"twitter:site\" content=\"@semanthaAI\" \/>\n<!-- \/ Yoast SEO Premium plugin. -->","yoast_head_json":{"title":"whatcanaidoforme - semantha","description":"Passende KI-Partner findenund Wertsch\u00f6pfungspotenziale erkennen.","robots":{"index":"index","follow":"follow","max-snippet":"max-snippet:-1","max-image-preview":"max-image-preview:large","max-video-preview":"max-video-preview:-1"},"canonical":"https:\/\/www.semantha.de\/de\/whatcanaidoforme\/","og_locale":"de_DE","og_type":"article","og_title":"whatcanaidoforme","og_description":"Passende KI-Partner findenund Wertsch\u00f6pfungspotenziale erkennen.","og_url":"https:\/\/www.semantha.de\/de\/whatcanaidoforme\/","og_site_name":"semantha","article_modified_time":"2024-06-14T10:45:04+00:00","twitter_card":"summary_large_image","twitter_site":"@semanthaAI","schema":{"@context":"https:\/\/schema.org","@graph":[{"@type":"WebPage","@id":"https:\/\/www.semantha.de\/de\/whatcanaidoforme\/","url":"https:\/\/www.semantha.de\/de\/whatcanaidoforme\/","name":"whatcanaidoforme - semantha","isPartOf":{"@id":"https:\/\/www.semantha.de\/de\/#website"},"datePublished":"2024-06-14T08:51:59+00:00","dateModified":"2024-06-14T10:45:04+00:00","description":"Passende KI-Partner findenund Wertsch\u00f6pfungspotenziale erkennen.","breadcrumb":{"@id":"https:\/\/www.semantha.de\/de\/whatcanaidoforme\/#breadcrumb"},"inLanguage":"de","potentialAction":[{"@type":"ReadAction","target":["https:\/\/www.semantha.de\/de\/whatcanaidoforme\/"]}]},{"@type":"BreadcrumbList","@id":"https:\/\/www.semantha.de\/de\/whatcanaidoforme\/#breadcrumb","itemListElement":[{"@type":"ListItem","position":1,"name":"Startseite","item":"https:\/\/www.semantha.de\/de\/"},{"@type":"ListItem","position":2,"name":"whatcanaidoforme"}]},{"@type":"WebSite","@id":"https:\/\/www.semantha.de\/de\/#website","url":"https:\/\/www.semantha.de\/de\/","name":"semantha","description":"the semantic platform","potentialAction":[{"@type":"SearchAction","target":{"@type":"EntryPoint","urlTemplate":"https:\/\/www.semantha.de\/de\/?s={search_term_string}"},"query-input":{"@type":"PropertyValueSpecification","valueRequired":true,"valueName":"search_term_string"}}],"inLanguage":"de"}]}},"_links":{"self":[{"href":"https:\/\/www.semantha.de\/de\/wp-json\/wp\/v2\/pages\/13332"}],"collection":[{"href":"https:\/\/www.semantha.de\/de\/wp-json\/wp\/v2\/pages"}],"about":[{"href":"https:\/\/www.semantha.de\/de\/wp-json\/wp\/v2\/types\/page"}],"author":[{"embeddable":true,"href":"https:\/\/www.semantha.de\/de\/wp-json\/wp\/v2\/users\/50"}],"replies":[{"embeddable":true,"href":"https:\/\/www.semantha.de\/de\/wp-json\/wp\/v2\/comments?post=13332"}],"version-history":[{"count":11,"href":"https:\/\/www.semantha.de\/de\/wp-json\/wp\/v2\/pages\/13332\/revisions"}],"predecessor-version":[{"id":13358,"href":"https:\/\/www.semantha.de\/de\/wp-json\/wp\/v2\/pages\/13332\/revisions\/13358"}],"wp:attachment":[{"href":"https:\/\/www.semantha.de\/de\/wp-json\/wp\/v2\/media?parent=13332"}],"curies":[{"name":"wp","href":"https:\/\/api.w.org\/{rel}","templated":true}]}}