{"id":19,"date":"2019-06-18T14:02:35","date_gmt":"2019-06-18T14:02:35","guid":{"rendered":"https:\/\/www.semantha.de\/index.php\/careers\/"},"modified":"2025-05-01T09:52:17","modified_gmt":"2025-05-01T07:52:17","slug":"ansprechpartner","status":"publish","type":"page","link":"https:\/\/www.semantha.de\/de\/ansprechpartner\/","title":{"rendered":"Ansprechpartner"},"content":{"rendered":"<h2><a href=\"\/index.php?page_id=26\">Fragen?<br class=\"uk-visible@s\" \/><span class=\"uk-text-primary\">Wir haben <br class=\"uk-visible@l\" \/>die Antwort.<\/span><\/a><\/h2>\n<h1>Wir helfen Dir gerne weiter&#8230;<\/h1>\n<ul>\n<li>\n<p><img decoding=\"async\" src=\"\/wp-content\/uploads\/mfk_161116_ThinksThinking_Business_0086_malik_square-1.jpg\" alt=\"Abdelmalik El Guesaoui\"><\/p>\n<h2>Malik El Guesaoui<\/h2>\n<div>\n<h4 class=\"uk-text-primary\">CPO, Co Founder<\/h4>\n<\/div>\n<\/li>\n<li>\n<p><img decoding=\"async\" src=\"\/wp-content\/uploads\/Mathias-Landhaeusser-Square1.jpeg\" alt=\"Mathias Landh\u00e4u\u00dfer, SCO thingsTHINKING\"><\/p>\n<h2>Mathias Landh\u00e4u\u00dfer<\/h2>\n<div>\n<h4 class=\"uk-text-primary\">Managing Director, Co Founder<\/h4>\n<\/div>\n<\/li>\n<li>\n<p><img decoding=\"async\" src=\"\/wp-content\/uploads\/Sven_mfk_161116_ThinksThinking_Business_0062_sven_square.jpg\" alt=\"Dr. Sven J. K\u00f6rner\"><\/p>\n<h2>Sven J. K\u00f6rner<\/h2>\n<div>\n<h4 class=\"uk-text-primary\">Managing Director, Co Counder<\/h4>\n<\/div>\n<\/li>\n<\/ul>\n<div>\n<p><a href=\"https:\/\/aleph-alpha.com\/\">Du kannst uns nat\u00fcrlich auch gerne bei Aleph Alpha ansprechen &#x1f609; Wir sind auch in Zukunft f\u00fcr Dich da!<\/a><\/p>\n<\/div>\n<hr>\n<p><!--more--><br \/>\n<!-- {\"type\":\"layout\",\"children\":[{\"type\":\"section\",\"props\":{\"image\":\"wp-content\\\/uploads\\\/AdobeStock_531539942_Opti_Final.png\",\"image_position\":\"top-center\",\"media_overlay\":\"rgba(0, 0, 69, 0.64)\",\"style\":\"secondary\",\"title_breakpoint\":\"xl\",\"title_position\":\"top-left\",\"title_rotation\":\"left\",\"vertical_align\":\"middle\",\"width\":\"default\"},\"children\":[{\"type\":\"row\",\"props\":{\"layout\":\"1-2,1-2\",\"margin\":\"xlarge\"},\"children\":[{\"type\":\"column\",\"props\":{\"image_position\":\"center-center\",\"position_sticky_breakpoint\":\"m\",\"width_small\":\"1-2\"},\"children\":[{\"type\":\"headline\",\"props\":{\"content\":\"Fragen?<br class=\\\"uk-visible@s\\\" \\\/><span class=\\\"uk-text-primary\\\">Wir haben <br class=\\\"uk-visible@l\\\" \\\/>die Antwort.<\\\/span>\",\"link\":\"index.php?page_id=26\",\"link_style\":false,\"title_element\":\"h2\",\"title_style\":\"heading-large\"}}]},{\"type\":\"column\",\"props\":{\"image_position\":\"center-center\",\"position_sticky_breakpoint\":\"m\",\"vertical_align\":\"bottom\",\"width_small\":\"1-2\"},\"children\":[{\"type\":\"module_position\",\"props\":{\"breakpoint\":\"m\",\"content\":\"builder-2\",\"layout\":\"stack\"}}]}]},{\"type\":\"row\",\"children\":[{\"type\":\"column\",\"props\":{\"image_position\":\"center-center\",\"position_sticky_breakpoint\":\"m\",\"width_medium\":\"1-1\"}}]},{\"type\":\"row\",\"children\":[{\"type\":\"column\",\"props\":{\"image_position\":\"center-center\",\"position_sticky_breakpoint\":\"m\",\"width_medium\":\"1-1\"},\"children\":[{\"type\":\"headline\",\"props\":{\"content\":\"Wir helfen Dir gerne weiter...\",\"margin\":\"xlarge\",\"title_element\":\"h1\",\"title_style\":\"heading-large\"}},{\"type\":\"grid\",\"props\":{\"animation\":\"none\",\"content_column_breakpoint\":\"m\",\"filter_align\":\"left\",\"filter_all\":true,\"filter_grid_breakpoint\":\"m\",\"filter_grid_width\":\"auto\",\"filter_position\":\"top\",\"filter_style\":\"tab\",\"grid_default\":\"1\",\"grid_divider\":true,\"grid_medium\":\"\",\"grid_small\":\"3\",\"icon_width\":80,\"image_align\":\"top\",\"image_box_decoration_inverse\":false,\"image_grid_breakpoint\":\"s\",\"image_grid_width\":\"auto\",\"image_svg_color\":\"primary\",\"image_svg_inline\":true,\"image_width\":\"50%\",\"item_animation\":true,\"link_style\":\"default\",\"link_target\":false,\"link_text\":\"\",\"margin\":\"default\",\"meta_align\":\"below-title\",\"meta_element\":\"div\",\"meta_style\":\"text-meta\",\"panel_link\":true,\"parallax_easing\":\"1\",\"show_content\":true,\"show_image\":true,\"show_link\":true,\"show_meta\":true,\"show_title\":true,\"title_align\":\"top\",\"title_element\":\"h2\",\"title_grid_breakpoint\":\"m\",\"title_grid_width\":\"1-2\",\"title_hover_style\":\"reset\",\"title_style\":\"h1\"},\"children\":[{\"type\":\"grid_item\",\"props\":{\"content\":\"\n\n<h4 class=\\\"uk-text-primary\\\">CPO, Co Founder<\\\/h4>\",\"image\":\"wp-content\\\/uploads\\\/mfk_161116_ThinksThinking_Business_0086_malik_square-1.jpg\",\"image_alt\":\"Abdelmalik El Guesaoui\",\"meta\":\"\",\"title\":\"Malik El Guesaoui\"}},{\"type\":\"grid_item\",\"props\":{\"content\":\"\n\n<h4 class=\\\"uk-text-primary\\\">Managing Director, Co Founder<\\\/h4>\",\"image\":\"wp-content\\\/uploads\\\/Mathias-Landhaeusser-Square1.jpeg\",\"image_alt\":\"Mathias Landh\\u00e4u\\u00dfer, SCO thingsTHINKING\",\"meta\":\"\",\"title\":\"Mathias Landh\\u00e4u\\u00dfer\"}},{\"type\":\"grid_item\",\"props\":{\"content\":\"\n\n<h4 class=\\\"uk-text-primary\\\">Managing Director, Co Counder<\\\/h4>\",\"image\":\"wp-content\\\/uploads\\\/Sven_mfk_161116_ThinksThinking_Business_0062_sven_square.jpg\",\"image_alt\":\"Dr. Sven J. K\\u00f6rner\",\"meta\":\"\",\"title\":\"Sven J. K\\u00f6rner\"}}]},{\"type\":\"text\",\"props\":{\"column_breakpoint\":\"m\",\"content\":\"\n\n<p><a href=\\\"https:\\\/\\\/aleph-alpha.com\\\/\\\">Du kannst uns nat\\u00fcrlich auch gerne bei Aleph Alpha ansprechen \\ud83d\\ude09 Wir sind auch in Zukunft f\\u00fcr Dich da!<\\\/a><\\\/p>\",\"margin\":\"medium\",\"text_color\":\"muted\",\"text_style\":\"lead\"}},{\"type\":\"divider\",\"props\":{\"animation\":\"none\",\"divider_element\":\"hr\",\"margin\":\"medium\"}}]}]}],\"name\":\"Fragen? Kontakt\"}],\"version\":\"4.3.6\"} --><\/p>\n","protected":false},"excerpt":{"rendered":"<p>Fragen?Wir haben die Antwort. Wir helfen Dir gerne weiter&#8230; Malik El Guesaoui CPO, Co Founder Mathias Landh\u00e4u\u00dfer Managing Director, Co Founder Sven J. K\u00f6rner Managing Director, Co Counder Du kannst uns nat\u00fcrlich auch gerne bei Aleph Alpha ansprechen &#x1f609; Wir sind auch in Zukunft f\u00fcr Dich da!<\/p>\n","protected":false},"author":1,"featured_media":0,"parent":0,"menu_order":5,"comment_status":"closed","ping_status":"closed","template":"","meta":{"_acf_changed":false,"footnotes":""},"acf":[],"yoast_head":"<!-- This site is optimized with the Yoast SEO Premium plugin v22.7 (Yoast SEO v23.5) - https:\/\/yoast.com\/wordpress\/plugins\/seo\/ -->\n<title>Ansprechpartner - semantha<\/title>\n<meta name=\"robots\" content=\"index, follow, max-snippet:-1, max-image-preview:large, max-video-preview:-1\" \/>\n<link rel=\"canonical\" href=\"https:\/\/www.semantha.de\/de\/ansprechpartner\/\" \/>\n<meta property=\"og:locale\" content=\"de_DE\" \/>\n<meta property=\"og:type\" content=\"article\" \/>\n<meta property=\"og:title\" content=\"Ansprechpartner\" \/>\n<meta property=\"og:description\" content=\"Fragen?Wir haben die Antwort. Wir helfen Dir gerne weiter&#8230; Malik El Guesaoui CPO, Co Founder Mathias Landh\u00e4u\u00dfer Managing Director, Co Founder Sven J. K\u00f6rner Managing Director, Co Counder Du kannst uns nat\u00fcrlich auch gerne bei Aleph Alpha ansprechen &#x1f609; Wir sind auch in Zukunft f\u00fcr Dich da!\" \/>\n<meta property=\"og:url\" content=\"https:\/\/www.semantha.de\/de\/ansprechpartner\/\" \/>\n<meta property=\"og:site_name\" content=\"semantha\" \/>\n<meta property=\"article:modified_time\" content=\"2025-05-01T07:52:17+00:00\" \/>\n<meta name=\"twitter:card\" content=\"summary_large_image\" \/>\n<meta name=\"twitter:site\" content=\"@semanthaAI\" \/>\n<!-- \/ Yoast SEO Premium plugin. -->","yoast_head_json":{"title":"Ansprechpartner - semantha","robots":{"index":"index","follow":"follow","max-snippet":"max-snippet:-1","max-image-preview":"max-image-preview:large","max-video-preview":"max-video-preview:-1"},"canonical":"https:\/\/www.semantha.de\/de\/ansprechpartner\/","og_locale":"de_DE","og_type":"article","og_title":"Ansprechpartner","og_description":"Fragen?Wir haben die Antwort. Wir helfen Dir gerne weiter&#8230; Malik El Guesaoui CPO, Co Founder Mathias Landh\u00e4u\u00dfer Managing Director, Co Founder Sven J. K\u00f6rner Managing Director, Co Counder Du kannst uns nat\u00fcrlich auch gerne bei Aleph Alpha ansprechen &#x1f609; Wir sind auch in Zukunft f\u00fcr Dich da!","og_url":"https:\/\/www.semantha.de\/de\/ansprechpartner\/","og_site_name":"semantha","article_modified_time":"2025-05-01T07:52:17+00:00","twitter_card":"summary_large_image","twitter_site":"@semanthaAI","schema":{"@context":"https:\/\/schema.org","@graph":[{"@type":"WebPage","@id":"https:\/\/www.semantha.de\/de\/ansprechpartner\/","url":"https:\/\/www.semantha.de\/de\/ansprechpartner\/","name":"Ansprechpartner - semantha","isPartOf":{"@id":"https:\/\/www.semantha.de\/de\/#website"},"datePublished":"2019-06-18T14:02:35+00:00","dateModified":"2025-05-01T07:52:17+00:00","breadcrumb":{"@id":"https:\/\/www.semantha.de\/de\/ansprechpartner\/#breadcrumb"},"inLanguage":"de","potentialAction":[{"@type":"ReadAction","target":["https:\/\/www.semantha.de\/de\/ansprechpartner\/"]}]},{"@type":"BreadcrumbList","@id":"https:\/\/www.semantha.de\/de\/ansprechpartner\/#breadcrumb","itemListElement":[{"@type":"ListItem","position":1,"name":"Startseite","item":"https:\/\/www.semantha.de\/de\/"},{"@type":"ListItem","position":2,"name":"Ansprechpartner"}]},{"@type":"WebSite","@id":"https:\/\/www.semantha.de\/de\/#website","url":"https:\/\/www.semantha.de\/de\/","name":"semantha","description":"the semantic platform","potentialAction":[{"@type":"SearchAction","target":{"@type":"EntryPoint","urlTemplate":"https:\/\/www.semantha.de\/de\/?s={search_term_string}"},"query-input":{"@type":"PropertyValueSpecification","valueRequired":true,"valueName":"search_term_string"}}],"inLanguage":"de"}]}},"_links":{"self":[{"href":"https:\/\/www.semantha.de\/de\/wp-json\/wp\/v2\/pages\/19"}],"collection":[{"href":"https:\/\/www.semantha.de\/de\/wp-json\/wp\/v2\/pages"}],"about":[{"href":"https:\/\/www.semantha.de\/de\/wp-json\/wp\/v2\/types\/page"}],"author":[{"embeddable":true,"href":"https:\/\/www.semantha.de\/de\/wp-json\/wp\/v2\/users\/1"}],"replies":[{"embeddable":true,"href":"https:\/\/www.semantha.de\/de\/wp-json\/wp\/v2\/comments?post=19"}],"version-history":[{"count":31,"href":"https:\/\/www.semantha.de\/de\/wp-json\/wp\/v2\/pages\/19\/revisions"}],"predecessor-version":[{"id":13844,"href":"https:\/\/www.semantha.de\/de\/wp-json\/wp\/v2\/pages\/19\/revisions\/13844"}],"wp:attachment":[{"href":"https:\/\/www.semantha.de\/de\/wp-json\/wp\/v2\/media?parent=19"}],"curies":[{"name":"wp","href":"https:\/\/api.w.org\/{rel}","templated":true}]}}