{"id":2234,"date":"2021-04-26T16:45:52","date_gmt":"2021-04-26T14:45:52","guid":{"rendered":"https:\/\/www.semantha.de\/?page_id=2234"},"modified":"2022-04-13T10:17:34","modified_gmt":"2022-04-13T08:17:34","slug":"kanzlei","status":"publish","type":"page","link":"https:\/\/www.semantha.de\/de\/kanzlei\/","title":{"rendered":"KI-Unterst\u00fctzung f\u00fcr Kanzleien"},"content":{"rendered":"<div>\n<h3 style=\"font-style: italic; font-weight: bold;color:#000;\">SPEED UP<br \/>YOUR DOCUMENT<br \/>PROCESSES.<\/h3>\n<\/div>\n<h1><span class=\"uk-text-primary\">#<\/span>BeADocumentHero<\/h1>\n<div>\n<p style=\"text-align: left;\"><em>\u201cDu pr\u00fcfst t\u00e4glich Massen an Klageerwiderungen zum gleichen Thema?\u201d<\/em><\/p>\n<\/div>\n<div>\n<p style=\"text-align: right; padding-left: 40px;\"><em>\u201cUnterschiedliche Formulierungen machen eine Automatisierung unm\u00f6glich?\u201d<\/em><\/p>\n<\/div>\n<div>\n<p style=\"text-align: left; padding-left: 40px;\"><em>\u201cAntworten von Rechtsschutzversicherungen bestimmen den weiteren Verlauf<br \/><\/em><em>der Verfahren und verursachen einen hohen manuellen Aufwand?\u201d<\/em><\/p>\n<\/div>\n<div>\n<p>Und genau hier kann unsere K\u00fcnstliche Intelligenz semantha<sup>\u00ae<\/sup> helfen: Sie versteht Text anhand der Bedeutung, unabh\u00e4ngig der Wortwahl \u2013 so findest Du gesuchte Inhalte, ganz gleich wie diese formuliert sind &#8211; out of the box und ohne aufw\u00e4ndiges Training mit Euren Daten.<\/p>\n<\/div>\n<h1>KI-Unterst\u00fctzung<br \/>f\u00fcr <span class=\"uk-text-primary\">Kanzleien.<\/span><\/h1>\n<div>\n<p>In Deinem Unternehmen werden massenhaft Verfahren zum gleichen Thema bearbeitet. Trotz immer \u00e4hnlicher Vortr\u00e4ge in den Klageerwiderungen und sich wiederholenden Korrespondenzen mit Rechtsschutzversicherungen, Unternehmen und Mandanten, m\u00fcssen diese Dokumente unter hohem Aufwand gelesen und analysiert werden. Zwar lassen sich Inhalte durchaus in bestimmte Kategorien einteilen, aber das Problem: \u00e4hnliche Sachverhalte werden ganz unterschiedlich formuliert, was eine Automatisierung der Prozesse unm\u00f6glich erscheinen l\u00e4sst.<\/p>\n<\/div>\n<div>\n<h2><b>Analyse der Klageerwiderung und Erstellung der Replik<\/b><\/h2>\n<p><span style=\"font-weight: 400;\">Du erwiderst innerhalb Deines Unternehmens zahlreiche Klageerwiderungen in einer Replik und st\u00f6\u00dft dabei immer wieder auf \u00e4hnliche Vortr\u00e4ge. In den meisten F\u00e4llen lassen sich Ausz\u00fcge aus Repliken, welche Du in der Vergangenheit erstellt hast, gut als Grundlage f\u00fcr den neuen Schriftsatz heranziehen. Jedoch ist die Klassifizierung der einzelnen Vortr\u00e4ge des neu eingegangenen Schriftsatzes die gr\u00f6\u00dfte Herausforderung.<\/span><\/p>\n<\/div>\n<p><img decoding=\"async\" src=\"\/wp-content\/uploads\/Loesung-HotSpots-Verbraucherschutz.png\" alt=\"\"><\/p>\n<div>\n<p><span style=\"font-weight: 400;\">In unserer Library kannst Du Inhalte definieren, auf welche neu eingehende Klageerwiderungen untersucht werden sollen. semantha<\/span><span style=\"font-weight: 400;\">\u00ae<\/span><span style=\"font-weight: 400;\"> findet die Passagen anhand der Bedeutung, unabh\u00e4ngig der Wortwahl. So ist f\u00fcr jeden Vortrag schnell die passende Erwiderung gefunden.<\/span><\/p>\n<\/div>\n<p><img decoding=\"async\" src=\"\/wp-content\/uploads\/Loesung-Compare-Verbraucherschutz.png\" alt=\"\"><\/p>\n<div>\n<p><span style=\"font-weight: 400;\">\u00dcber unseren Compare, kannst Du bisherige Klageerwiderungen mit neu eingehenden Klageerwiderungen abgleichen. semantha<\/span><span style=\"font-weight: 400;\">\u00ae <\/span><span style=\"font-weight: 400;\">zeigt Dir an, welche Inhalte \u00fcbereinstimmen und welche Inhalte fehlen &#8211; out of the box und ohne aufw\u00e4ndiges Training mit Euren Daten.<\/span><\/p>\n<\/div>\n<hr>\n<div>\n<h2><b>Korrespondenzen<\/b><\/h2>\n<p><span style=\"font-weight: 400;\">Neben den Schrifts\u00e4tzen kommt es zu Massen an Korrespondenzen mit den Rechtsschutzversicherung, Unternehmen und Mandanten. Jedes Schreiben muss unter hohem Aufwand analysiert werden, bevor der n\u00e4chste Schritt eingeleitet werden kann. Dabei ist eine Zuordnung zu bestimmten Kategorien durchaus m\u00f6glich, aber das Problem: \u00e4hnliche Sachverhalte werden ganz unterschiedlich formuliert, was eine Automatisierung von Prozessen unm\u00f6glich macht.<\/span><\/p>\n<\/div>\n<p><img decoding=\"async\" src=\"\/wp-content\/uploads\/Loesung-Klassifizierung-1.png\" alt=\"\"><\/p>\n<div>\n<p><span style=\"font-weight: 400;\">Mit semantha<\/span><span style=\"font-weight: 400;\">\u00ae<\/span><span style=\"font-weight: 400;\"> kannst Du eingehende Schreiben automatisch klassifizieren und zuordnen, ganz gleich wie diese formuliert sind, unabh\u00e4ngig von der Wortwahl.<\/span><\/p>\n<\/div>\n<h2><a href=\"\/index.php?page_id=26\">Fragen?<br class=\"uk-visible@s\" \/><span class=\"uk-text-primary\">Wir haben <br class=\"uk-visible@l\" \/>die Antwort.<\/span><\/a><\/h2>\n<div>\n<p>    [hubspot type=&#8220;form&#8220; portal=&#8220;25194389&#8243; id=&#8220;a9f378cc-dfe9-4c72-aa0b-ca093dfccd73&#8243;]\n<\/p><\/div>\n<div>\n<p><em>Dir wird kein Kontaktformular angezeigt? Dann hast du vermutlich Cookies abgelehnt. Das Formular ben\u00f6tigt jedoch Cookies. Hier kannst du deine Einstellungen \u00e4ndern: <a href=\"#\" class=\"borlabs-cookie-preference uk-link-text\">Cookie Einstellungen<\/a>.<\/em><\/p>\n<\/div>\n<p><!--more--><br \/>\n<!-- {\"name\":\"F\\u00fcr Rechtsabteilungen DE\",\"type\":\"layout\",\"children\":[{\"type\":\"section\",\"props\":{\"style\":\"default\",\"width\":\"default\",\"vertical_align\":\"middle\",\"title_position\":\"top-left\",\"title_rotation\":\"left\",\"title_breakpoint\":\"xl\",\"image_position\":\"center-left\",\"padding\":\"small\",\"animation\":\"slide-left-small\",\"padding_remove_bottom\":false,\"image\":\"wp-content\\\/uploads\\\/SpeedUpBackground.jpg\",\"image_effect\":\"parallax\",\"image_width\":\"70%\",\"image_parallax_bgx_start\":\"-150\",\"image_parallax_bgx_end\":\"1600\",\"image_parallax_easing\":\"-2\",\"media_overlay\":\"rgba(255, 255, 255, 0.1)\",\"image_parallax_breakpoint\":\"m\"},\"children\":[{\"type\":\"row\",\"props\":{\"class\":\"\",\"layout\":\"1-2,1-2\",\"padding_remove_horizontal\":false},\"children\":[{\"type\":\"column\",\"props\":{\"image_position\":\"center-center\",\"media_overlay_gradient\":\"\",\"width_medium\":\"\",\"position_sticky_breakpoint\":\"m\"},\"children\":[{\"type\":\"text\",\"props\":{\"margin\":\"default\",\"column_breakpoint\":\"m\",\"content\":\"\n\n<h3 style=\\\"font-style: italic; font-weight: bold;color:#000;\\\">SPEED UP<br \\\/>YOUR DOCUMENT<br \\\/>PROCESSES.<\\\/h3>\"}}]},{\"type\":\"column\",\"props\":{\"image_position\":\"center-center\",\"media_overlay_gradient\":\"\",\"width_medium\":\"\",\"vertical_align\":\"middle\",\"position_sticky_breakpoint\":\"m\"},\"children\":[{\"type\":\"headline\",\"props\":{\"title_element\":\"h1\",\"title_style\":\"heading-small\",\"position\":\"relative\",\"text_align\":\"right\",\"content\":\"<span class=\\\"uk-text-primary\\\">#<\\\/span>BeADocumentHero\",\"margin_remove_top\":true,\"margin_remove_bottom\":true,\"class\":\"uk-visible@s\"}}]}]}],\"name\":\"SpeedUp V3 Top\",\"modified\":\"2020-11-05T11:21:55.123Z\"},{\"type\":\"section\",\"props\":{\"style\":\"secondary\",\"width\":\"default\",\"vertical_align\":\"middle\",\"title_position\":\"top-left\",\"title_rotation\":\"left\",\"title_breakpoint\":\"xl\",\"image_position\":\"center-right\",\"header_transparent\":\"light\",\"animation\":\"slide-left-small\",\"image\":\"\",\"image_effect\":\"parallax\",\"padding_remove_bottom\":false,\"image_width\":\"120%\",\"image_parallax_bgx_start\":\"0\",\"image_parallax_bgx_end\":\"0\",\"image_parallax_easing\":\"-0.6\",\"image_parallax_bgy_start\":\"-330\",\"image_parallax_bgy_end\":\"330\",\"overlap\":false,\"header_transparent_noplaceholder\":false,\"padding_remove_horizontal\":false},\"children\":[{\"type\":\"row\",\"children\":[{\"type\":\"column\",\"props\":{\"image_position\":\"center-center\",\"media_overlay_gradient\":\"\",\"position_sticky_breakpoint\":\"m\"},\"children\":[{\"type\":\"text\",\"props\":{\"margin\":\"large\",\"column_breakpoint\":\"m\",\"text_size\":\"large\",\"maxwidth\":\"2xlarge\",\"content\":\"\n\n<p style=\\\"text-align: left;\\\"><em>\\u201cDu pr\\u00fcfst t\\u00e4glich Massen an Klageerwiderungen zum gleichen Thema?\\u201d<\\\/em><\\\/p>\"}},{\"type\":\"text\",\"props\":{\"margin\":\"large\",\"column_breakpoint\":\"m\",\"text_size\":\"large\",\"maxwidth\":\"2xlarge\",\"content\":\"\n\n<p style=\\\"text-align: right; padding-left: 40px;\\\"><em>\\u201cUnterschiedliche Formulierungen machen eine Automatisierung unm\\u00f6glich?\\u201d<\\\/em><\\\/p>\"}},{\"type\":\"text\",\"props\":{\"margin\":\"large\",\"column_breakpoint\":\"m\",\"text_size\":\"large\",\"maxwidth\":\"2xlarge\",\"content\":\"\n\n<p style=\\\"text-align: left; padding-left: 40px;\\\"><em>\\u201cAntworten von Rechtsschutzversicherungen bestimmen den weiteren Verlauf<br \\\/><\\\/em><em>der Verfahren und verursachen einen hohen manuellen Aufwand?\\u201d<\\\/em><\\\/p>\"}},{\"type\":\"text\",\"props\":{\"margin\":\"large\",\"column_breakpoint\":\"m\",\"text_size\":\"large\",\"maxwidth\":\"2xlarge\",\"content\":\"\n\n<p>Und genau hier kann unsere K\\u00fcnstliche Intelligenz semantha<sup>\\u00ae<\\\/sup> helfen: Sie versteht Text anhand der Bedeutung, unabh\\u00e4ngig der Wortwahl \\u2013 so findest Du gesuchte Inhalte, ganz gleich wie diese formuliert sind - out of the box und ohne aufw\\u00e4ndiges Training mit Euren Daten.<\\\/p>\"}}]}],\"props\":{\"margin_remove_top\":false}},{\"type\":\"row\",\"props\":{\"margin\":\"xlarge\"},\"children\":[{\"type\":\"column\",\"props\":{\"image_position\":\"center-center\",\"media_overlay_gradient\":\"\",\"vertical_align\":\"middle\",\"width_medium\":\"\",\"position_sticky_breakpoint\":\"m\"},\"children\":[{\"type\":\"headline\",\"props\":{\"title_element\":\"h1\",\"title_style\":\"heading-large\",\"content\":\"KI-Unterst\\u00fctzung<br \\\/>f\\u00fcr <span class=\\\"uk-text-primary\\\">Kanzleien.<\\\/span>\",\"class\":\"\"}}]}]},{\"type\":\"row\",\"children\":[{\"type\":\"column\",\"props\":{\"image_position\":\"center-center\",\"media_overlay_gradient\":\"\",\"width_medium\":\"\",\"position_sticky_breakpoint\":\"m\"},\"children\":[{\"type\":\"text\",\"props\":{\"margin\":\"large\",\"column_breakpoint\":\"m\",\"text_size\":\"large\",\"maxwidth\":\"2xlarge\",\"content\":\"\n\n<p>In Deinem Unternehmen werden massenhaft Verfahren zum gleichen Thema bearbeitet. Trotz immer \\u00e4hnlicher Vortr\\u00e4ge in den Klageerwiderungen und sich wiederholenden Korrespondenzen mit Rechtsschutzversicherungen, Unternehmen und Mandanten, m\\u00fcssen diese Dokumente unter hohem Aufwand gelesen und analysiert werden. Zwar lassen sich Inhalte durchaus in bestimmte Kategorien einteilen, aber das Problem: \\u00e4hnliche Sachverhalte werden ganz unterschiedlich formuliert, was eine Automatisierung der Prozesse unm\\u00f6glich erscheinen l\\u00e4sst.<\\\/p>\"}}]}]}],\"name\":\"Intro\"},{\"type\":\"section\",\"props\":{\"style\":\"default\",\"width\":\"default\",\"vertical_align\":\"middle\",\"title_position\":\"top-left\",\"title_rotation\":\"left\",\"title_breakpoint\":\"xl\",\"image_position\":\"center-center\",\"padding\":\"small\"},\"children\":[{\"type\":\"row\",\"children\":[{\"type\":\"column\",\"props\":{\"image_position\":\"center-center\",\"media_overlay_gradient\":\"\",\"position_sticky_breakpoint\":\"m\"},\"children\":[{\"type\":\"text\",\"props\":{\"margin\":\"default\",\"column_breakpoint\":\"m\",\"content\":\"\n\n<h2><b>Analyse der Klageerwiderung und Erstellung der Replik<\\\/b><\\\/h2>\\n\n\n<p><span style=\\\"font-weight: 400;\\\">Du erwiderst innerhalb Deines Unternehmens zahlreiche Klageerwiderungen in einer Replik und st\\u00f6\\u00dft dabei immer wieder auf \\u00e4hnliche Vortr\\u00e4ge. In den meisten F\\u00e4llen lassen sich Ausz\\u00fcge aus Repliken, welche Du in der Vergangenheit erstellt hast, gut als Grundlage f\\u00fcr den neuen Schriftsatz heranziehen. Jedoch ist die Klassifizierung der einzelnen Vortr\\u00e4ge des neu eingegangenen Schriftsatzes die gr\\u00f6\\u00dfte Herausforderung.<\\\/span><\\\/p>\"}}]}]},{\"type\":\"row\",\"props\":{\"layout\":\"1-2,1-2\"},\"children\":[{\"type\":\"column\",\"props\":{\"image_position\":\"center-center\",\"media_overlay_gradient\":\"\",\"width_medium\":\"1-2\",\"position_sticky_breakpoint\":\"m\"},\"children\":[{\"type\":\"image\",\"props\":{\"margin\":\"default\",\"image_svg_color\":\"emphasis\",\"image\":\"wp-content\\\/uploads\\\/Loesung-HotSpots-Verbraucherschutz.png\"}},{\"type\":\"text\",\"props\":{\"margin\":\"default\",\"column_breakpoint\":\"m\",\"content\":\"\n\n<p><span style=\\\"font-weight: 400;\\\">In unserer Library kannst Du Inhalte definieren, auf welche neu eingehende Klageerwiderungen untersucht werden sollen. semantha<\\\/span><span style=\\\"font-weight: 400;\\\">\\u00ae<\\\/span><span style=\\\"font-weight: 400;\\\"> findet die Passagen anhand der Bedeutung, unabh\\u00e4ngig der Wortwahl. So ist f\\u00fcr jeden Vortrag schnell die passende Erwiderung gefunden.<\\\/span><\\\/p>\"}}]},{\"type\":\"column\",\"props\":{\"image_position\":\"center-center\",\"media_overlay_gradient\":\"\",\"width_medium\":\"1-2\",\"position_sticky_breakpoint\":\"m\"},\"children\":[{\"type\":\"image\",\"props\":{\"margin\":\"default\",\"image_svg_color\":\"emphasis\",\"image\":\"wp-content\\\/uploads\\\/Loesung-Compare-Verbraucherschutz.png\"}},{\"type\":\"text\",\"props\":{\"margin\":\"default\",\"column_breakpoint\":\"m\",\"content\":\"\n\n<p><span style=\\\"font-weight: 400;\\\">\\u00dcber unseren Compare, kannst Du bisherige Klageerwiderungen mit neu eingehenden Klageerwiderungen abgleichen. semantha<\\\/span><span style=\\\"font-weight: 400;\\\">\\u00ae <\\\/span><span style=\\\"font-weight: 400;\\\">zeigt Dir an, welche Inhalte \\u00fcbereinstimmen und welche Inhalte fehlen - out of the box und ohne aufw\\u00e4ndiges Training mit Euren Daten.<\\\/span><\\\/p>\"}}]}]}]},{\"type\":\"section\",\"props\":{\"style\":\"default\",\"width\":\"default\",\"vertical_align\":\"middle\",\"title_position\":\"top-left\",\"title_rotation\":\"left\",\"title_breakpoint\":\"xl\",\"image_position\":\"center-center\",\"padding\":\"xsmall\"},\"children\":[{\"type\":\"row\",\"children\":[{\"type\":\"column\",\"props\":{\"image_position\":\"center-center\",\"media_overlay_gradient\":\"\",\"position_sticky_breakpoint\":\"m\"},\"children\":[{\"type\":\"divider\",\"props\":{\"divider_element\":\"hr\"}}]}]}]},{\"type\":\"section\",\"props\":{\"style\":\"default\",\"width\":\"default\",\"vertical_align\":\"middle\",\"title_position\":\"top-left\",\"title_rotation\":\"left\",\"title_breakpoint\":\"xl\",\"image_position\":\"center-center\",\"padding\":\"small\"},\"children\":[{\"type\":\"row\",\"children\":[{\"type\":\"column\",\"props\":{\"image_position\":\"center-center\",\"media_overlay_gradient\":\"\",\"position_sticky_breakpoint\":\"m\"},\"children\":[{\"type\":\"text\",\"props\":{\"margin\":\"default\",\"column_breakpoint\":\"m\",\"content\":\"\n\n<h2><b>Korrespondenzen<\\\/b><\\\/h2>\\n\n\n<p><span style=\\\"font-weight: 400;\\\">Neben den Schrifts\\u00e4tzen kommt es zu Massen an Korrespondenzen mit den Rechtsschutzversicherung, Unternehmen und Mandanten. Jedes Schreiben muss unter hohem Aufwand analysiert werden, bevor der n\\u00e4chste Schritt eingeleitet werden kann. Dabei ist eine Zuordnung zu bestimmten Kategorien durchaus m\\u00f6glich, aber das Problem: \\u00e4hnliche Sachverhalte werden ganz unterschiedlich formuliert, was eine Automatisierung von Prozessen unm\\u00f6glich macht.<\\\/span><\\\/p>\"}}]}]},{\"type\":\"row\",\"props\":{\"layout\":\"1-2,1-2\"},\"children\":[{\"type\":\"column\",\"props\":{\"image_position\":\"center-center\",\"media_overlay_gradient\":\"\",\"width_medium\":\"1-2\",\"position_sticky_breakpoint\":\"m\"},\"children\":[{\"type\":\"image\",\"props\":{\"margin\":\"default\",\"image_svg_color\":\"emphasis\",\"image\":\"wp-content\\\/uploads\\\/Loesung-Klassifizierung-1.png\"}},{\"type\":\"text\",\"props\":{\"margin\":\"default\",\"column_breakpoint\":\"m\",\"content\":\"\n\n<p><span style=\\\"font-weight: 400;\\\">Mit semantha<\\\/span><span style=\\\"font-weight: 400;\\\">\\u00ae<\\\/span><span style=\\\"font-weight: 400;\\\"> kannst Du eingehende Schreiben automatisch klassifizieren und zuordnen, ganz gleich wie diese formuliert sind, unabh\\u00e4ngig von der Wortwahl.<\\\/span><\\\/p>\"}}]},{\"type\":\"column\",\"props\":{\"image_position\":\"center-center\",\"media_overlay_gradient\":\"\",\"width_medium\":\"1-2\",\"position_sticky_breakpoint\":\"m\"},\"children\":[]}]}]},{\"type\":\"section\",\"props\":{\"style\":\"secondary\",\"width\":\"default\",\"vertical_align\":\"middle\",\"title_position\":\"top-left\",\"title_rotation\":\"left\",\"title_breakpoint\":\"xl\",\"image_position\":\"center-center\"},\"children\":[{\"type\":\"row\",\"props\":{\"layout\":\"1-2,1-2\",\"margin\":\"xlarge\"},\"children\":[{\"type\":\"column\",\"props\":{\"image_position\":\"center-center\",\"media_overlay_gradient\":\"\",\"width_small\":\"1-2\",\"position_sticky_breakpoint\":\"m\"},\"children\":[{\"type\":\"headline\",\"props\":{\"title_element\":\"h2\",\"title_style\":\"heading-large\",\"content\":\"Fragen?<br class=\\\"uk-visible@s\\\" \\\/><span class=\\\"uk-text-primary\\\">Wir haben <br class=\\\"uk-visible@l\\\" \\\/>die Antwort.<\\\/span>\",\"link\":\"index.php?page_id=26\",\"link_style\":false}}]},{\"type\":\"column\",\"props\":{\"image_position\":\"center-center\",\"media_overlay_gradient\":\"\",\"vertical_align\":\"bottom\",\"width_small\":\"1-2\",\"position_sticky_breakpoint\":\"m\"},\"children\":[{\"type\":\"module_position\",\"props\":{\"layout\":\"stack\",\"breakpoint\":\"m\",\"content\":\"builder-1\",\"status\":\"disabled\"}},{\"type\":\"html\",\"props\":{\"content\":\"[hubspot type=\\\"form\\\" portal=\\\"25194389\\\" id=\\\"a9f378cc-dfe9-4c72-aa0b-ca093dfccd73\\\"]\"}},{\"type\":\"text\",\"props\":{\"margin\":\"default\",\"column_breakpoint\":\"m\",\"content\":\"\n\n<p><em>Dir wird kein Kontaktformular angezeigt? Dann hast du vermutlich Cookies abgelehnt. Das Formular ben\\u00f6tigt jedoch Cookies. Hier kannst du deine Einstellungen \\u00e4ndern: <a href=\\\"#\\\" class=\\\"borlabs-cookie-preference uk-link-text\\\">Cookie Einstellungen<\\\/a>.<\\\/em><\\\/p>\",\"text_size\":\"small\"}}]}]}],\"name\":\"Fragen? Kontakt\"}],\"version\":\"2.7.21\"} --><\/p>\n","protected":false},"excerpt":{"rendered":"<p>SPEED UPYOUR DOCUMENTPROCESSES. #BeADocumentHero \u201cDu pr\u00fcfst t\u00e4glich Massen an Klageerwiderungen zum gleichen Thema?\u201d \u201cUnterschiedliche Formulierungen machen eine Automatisierung unm\u00f6glich?\u201d \u201cAntworten von Rechtsschutzversicherungen bestimmen den weiteren Verlaufder Verfahren und verursachen einen hohen manuellen Aufwand?\u201d Und genau hier kann unsere K\u00fcnstliche Intelligenz semantha\u00ae helfen: Sie versteht Text anhand der Bedeutung, unabh\u00e4ngig der Wortwahl \u2013 so findest Du [&hellip;]<\/p>\n","protected":false},"author":1,"featured_media":0,"parent":0,"menu_order":0,"comment_status":"closed","ping_status":"closed","template":"","meta":{"_acf_changed":false,"footnotes":""},"acf":[],"yoast_head":"<!-- This site is optimized with the Yoast SEO Premium plugin v22.7 (Yoast SEO v23.5) - https:\/\/yoast.com\/wordpress\/plugins\/seo\/ -->\n<title>KI-Unterst\u00fctzung f\u00fcr Kanzleien - semantha<\/title>\n<meta name=\"robots\" content=\"index, follow, max-snippet:-1, max-image-preview:large, max-video-preview:-1\" \/>\n<link rel=\"canonical\" href=\"https:\/\/www.semantha.de\/de\/kanzlei\/\" \/>\n<meta property=\"og:locale\" content=\"de_DE\" \/>\n<meta property=\"og:type\" content=\"article\" \/>\n<meta property=\"og:title\" content=\"KI-Unterst\u00fctzung f\u00fcr Kanzleien\" \/>\n<meta property=\"og:description\" content=\"SPEED UPYOUR DOCUMENTPROCESSES. #BeADocumentHero \u201cDu pr\u00fcfst t\u00e4glich Massen an Klageerwiderungen zum gleichen Thema?\u201d \u201cUnterschiedliche Formulierungen machen eine Automatisierung unm\u00f6glich?\u201d \u201cAntworten von Rechtsschutzversicherungen bestimmen den weiteren Verlaufder Verfahren und verursachen einen hohen manuellen Aufwand?\u201d Und genau hier kann unsere K\u00fcnstliche Intelligenz semantha\u00ae helfen: Sie versteht Text anhand der Bedeutung, unabh\u00e4ngig der Wortwahl \u2013 so findest Du [&hellip;]\" \/>\n<meta property=\"og:url\" content=\"https:\/\/www.semantha.de\/de\/kanzlei\/\" \/>\n<meta property=\"og:site_name\" content=\"semantha\" \/>\n<meta property=\"article:modified_time\" content=\"2022-04-13T08:17:34+00:00\" \/>\n<meta name=\"twitter:card\" content=\"summary_large_image\" \/>\n<meta name=\"twitter:site\" content=\"@semanthaAI\" \/>\n<meta name=\"twitter:label1\" content=\"Gesch\u00e4tzte Lesezeit\" \/>\n\t<meta name=\"twitter:data1\" content=\"2\u00a0Minuten\" \/>\n<!-- \/ Yoast SEO Premium plugin. -->","yoast_head_json":{"title":"KI-Unterst\u00fctzung f\u00fcr Kanzleien - semantha","robots":{"index":"index","follow":"follow","max-snippet":"max-snippet:-1","max-image-preview":"max-image-preview:large","max-video-preview":"max-video-preview:-1"},"canonical":"https:\/\/www.semantha.de\/de\/kanzlei\/","og_locale":"de_DE","og_type":"article","og_title":"KI-Unterst\u00fctzung f\u00fcr Kanzleien","og_description":"SPEED UPYOUR DOCUMENTPROCESSES. #BeADocumentHero \u201cDu pr\u00fcfst t\u00e4glich Massen an Klageerwiderungen zum gleichen Thema?\u201d \u201cUnterschiedliche Formulierungen machen eine Automatisierung unm\u00f6glich?\u201d \u201cAntworten von Rechtsschutzversicherungen bestimmen den weiteren Verlaufder Verfahren und verursachen einen hohen manuellen Aufwand?\u201d Und genau hier kann unsere K\u00fcnstliche Intelligenz semantha\u00ae helfen: Sie versteht Text anhand der Bedeutung, unabh\u00e4ngig der Wortwahl \u2013 so findest Du [&hellip;]","og_url":"https:\/\/www.semantha.de\/de\/kanzlei\/","og_site_name":"semantha","article_modified_time":"2022-04-13T08:17:34+00:00","twitter_card":"summary_large_image","twitter_site":"@semanthaAI","twitter_misc":{"Gesch\u00e4tzte Lesezeit":"2\u00a0Minuten"},"schema":{"@context":"https:\/\/schema.org","@graph":[{"@type":"WebPage","@id":"https:\/\/www.semantha.de\/de\/kanzlei\/","url":"https:\/\/www.semantha.de\/de\/kanzlei\/","name":"KI-Unterst\u00fctzung f\u00fcr Kanzleien - semantha","isPartOf":{"@id":"https:\/\/www.semantha.de\/de\/#website"},"datePublished":"2021-04-26T14:45:52+00:00","dateModified":"2022-04-13T08:17:34+00:00","breadcrumb":{"@id":"https:\/\/www.semantha.de\/de\/kanzlei\/#breadcrumb"},"inLanguage":"de","potentialAction":[{"@type":"ReadAction","target":["https:\/\/www.semantha.de\/de\/kanzlei\/"]}]},{"@type":"BreadcrumbList","@id":"https:\/\/www.semantha.de\/de\/kanzlei\/#breadcrumb","itemListElement":[{"@type":"ListItem","position":1,"name":"Startseite","item":"https:\/\/www.semantha.de\/de\/"},{"@type":"ListItem","position":2,"name":"KI-Unterst\u00fctzung f\u00fcr Kanzleien"}]},{"@type":"WebSite","@id":"https:\/\/www.semantha.de\/de\/#website","url":"https:\/\/www.semantha.de\/de\/","name":"semantha","description":"the semantic platform","potentialAction":[{"@type":"SearchAction","target":{"@type":"EntryPoint","urlTemplate":"https:\/\/www.semantha.de\/de\/?s={search_term_string}"},"query-input":{"@type":"PropertyValueSpecification","valueRequired":true,"valueName":"search_term_string"}}],"inLanguage":"de"}]}},"_links":{"self":[{"href":"https:\/\/www.semantha.de\/de\/wp-json\/wp\/v2\/pages\/2234"}],"collection":[{"href":"https:\/\/www.semantha.de\/de\/wp-json\/wp\/v2\/pages"}],"about":[{"href":"https:\/\/www.semantha.de\/de\/wp-json\/wp\/v2\/types\/page"}],"author":[{"embeddable":true,"href":"https:\/\/www.semantha.de\/de\/wp-json\/wp\/v2\/users\/1"}],"replies":[{"embeddable":true,"href":"https:\/\/www.semantha.de\/de\/wp-json\/wp\/v2\/comments?post=2234"}],"version-history":[{"count":26,"href":"https:\/\/www.semantha.de\/de\/wp-json\/wp\/v2\/pages\/2234\/revisions"}],"predecessor-version":[{"id":6738,"href":"https:\/\/www.semantha.de\/de\/wp-json\/wp\/v2\/pages\/2234\/revisions\/6738"}],"wp:attachment":[{"href":"https:\/\/www.semantha.de\/de\/wp-json\/wp\/v2\/media?parent=2234"}],"curies":[{"name":"wp","href":"https:\/\/api.w.org\/{rel}","templated":true}]}}