{"id":2263,"date":"2021-04-29T17:18:42","date_gmt":"2021-04-29T15:18:42","guid":{"rendered":"https:\/\/www.semantha.de\/?page_id=2263"},"modified":"2024-04-22T11:41:26","modified_gmt":"2024-04-22T09:41:26","slug":"recht","status":"publish","type":"page","link":"https:\/\/www.semantha.de\/de\/recht\/","title":{"rendered":"Recht"},"content":{"rendered":"<h1><span class=\"uk-text-primary\">KI <\/span>f\u00fcr Legal-Prozesse<\/h1>\n<div>\n<p style=\"text-align: left;\"><em>\u201cDu pr\u00fcfst t\u00e4glich Massen an Schrifts\u00e4tzen oder Vertr\u00e4gen zum gleichen Thema?\u201d<\/em><\/p>\n<p style=\"text-align: right; padding-left: 40px;\"><em>\u201cUnterschiedliche Formulierungen machen eine Automatisierung unm\u00f6glich?\u201d<\/em><\/p>\n<p style=\"text-align: left; padding-left: 40px;\"><em>\u201cKorrespondenzen mit Unternehmen, Mandanten und Versicherungen  bestimmen den weiteren Verlauf der Verfahren und verursachen einen hohen manuellen Aufwand?\u201d<\/em><\/p>\n<\/div>\n<div>\n<p>Und genau hier kann unsere KI semantha helfen: Sie versteht Text anhand der Bedeutung, unabh\u00e4ngig der Wortwahl \u2013 so findest Du gesuchte Inhalte, ganz gleich wie diese formuliert sind &#8211; out of the box und ohne aufw\u00e4ndiges Training mit Euren Daten.<\/p>\n<\/div>\n<p>\n    <a href=\"\/book-a-meet\/\">Lass Dich von semantha \u00fcberzeugen!<\/a>\n<\/p>\n<h2>Entdecke spezifische Use Cases f\u00fcr deine Branche<\/h2>\n<h2>Fragen?<br class=\"uk-visible@s\" \/><span class=\"uk-text-primary\">Wir haben <br class=\"uk-visible@l\" \/>die Antwort.<\/span><\/h2>\n<p><!--more--><br \/>\n<!-- {\"name\":\"KI-Unterst\\u00fctzung f\\u00fcr Kanzleien\",\"type\":\"layout\",\"children\":[{\"type\":\"section\",\"props\":{\"animation\":\"slide-left-small\",\"header_transparent\":true,\"header_transparent_noplaceholder\":false,\"header_transparent_text_color\":\"light\",\"image\":\"wp-content\\\/uploads\\\/AdobeStock_531539942_Opti_Final.png\",\"image_effect\":\"parallax\",\"image_parallax_bgx\":\"0,0\",\"image_parallax_bgy\":\"-330,330\",\"image_parallax_easing\":\"-0.6\",\"image_position\":\"center-right\",\"image_width\":\"120%\",\"media_overlay\":\"rgba(0, 0, 69, 0.7)\",\"overlap\":false,\"padding_remove_bottom\":false,\"padding_remove_horizontal\":false,\"style\":\"secondary\",\"title_breakpoint\":\"xl\",\"title_position\":\"top-left\",\"title_rotation\":\"left\",\"vertical_align\":\"middle\",\"width\":\"default\"},\"children\":[{\"type\":\"row\",\"children\":[{\"type\":\"column\",\"props\":{\"image_position\":\"center-center\",\"position_sticky_breakpoint\":\"m\"},\"children\":[{\"type\":\"headline\",\"props\":{\"content\":\"<span class=\\\"uk-text-primary\\\">KI <\\\/span>f\\u00fcr Legal-Prozesse\",\"title_element\":\"h1\",\"title_style\":\"heading-large\"}},{\"type\":\"text\",\"props\":{\"column_breakpoint\":\"m\",\"content\":\"\n\n<p style=\\\"text-align: left;\\\"><em>\\u201cDu pr\\u00fcfst t\\u00e4glich Massen an Schrifts\\u00e4tzen oder Vertr\\u00e4gen zum gleichen Thema?\\u201d<\\\/em><\\\/p>\\n\\n\n\n<p style=\\\"text-align: right; padding-left: 40px;\\\"><em>\\u201cUnterschiedliche Formulierungen machen eine Automatisierung unm\\u00f6glich?\\u201d<\\\/em><\\\/p>\\n\\n\n\n<p style=\\\"text-align: left; padding-left: 40px;\\\"><em>\\u201cKorrespondenzen mit Unternehmen, Mandanten und Versicherungen  bestimmen den weiteren Verlauf der Verfahren und verursachen einen hohen manuellen Aufwand?\\u201d<\\\/em><\\\/p>\",\"margin\":\"large\",\"maxwidth\":\"2xlarge\",\"text_style\":\"large\"}},{\"type\":\"text\",\"props\":{\"column_breakpoint\":\"m\",\"content\":\"\n\n<p>Und genau hier kann unsere KI semantha helfen: Sie versteht Text anhand der Bedeutung, unabh\\u00e4ngig der Wortwahl \\u2013 so findest Du gesuchte Inhalte, ganz gleich wie diese formuliert sind - out of the box und ohne aufw\\u00e4ndiges Training mit Euren Daten.<\\\/p>\",\"margin\":\"large\",\"maxwidth\":\"2xlarge\",\"text_style\":\"large\"}},{\"type\":\"button\",\"props\":{\"grid_column_gap\":\"small\",\"grid_row_gap\":\"small\",\"margin\":\"default\"},\"children\":[{\"type\":\"button_item\",\"props\":{\"button_style\":\"primary\",\"content\":\"Lass Dich von semantha \\u00fcberzeugen!\",\"icon_align\":\"left\",\"link\":\"book-a-meet\\\/\"}}]}]}],\"props\":{\"margin_remove_top\":false}}],\"name\":\"Intro\"},{\"type\":\"section\",\"props\":{\"image_position\":\"center-center\",\"overlap\":false,\"padding\":\"small\",\"status\":\"disabled\",\"style\":\"default\",\"title_breakpoint\":\"xl\",\"title_position\":\"top-left\",\"title_rotation\":\"left\",\"vertical_align\":\"middle\",\"width\":\"default\"},\"children\":[{\"type\":\"row\",\"children\":[{\"type\":\"column\",\"props\":{\"image_position\":\"center-center\",\"position_sticky_breakpoint\":\"m\"},\"children\":[{\"type\":\"headline\",\"props\":{\"content\":\"Massenverfahren bzw. \\u00e4hnliche\\\/redundante Klagen\",\"title_element\":\"h1\",\"title_style\":\"heading-large\"}},{\"type\":\"text\",\"props\":{\"column_breakpoint\":\"m\",\"content\":\"In Deinem Unternehmen werden massenhaft Verfahren zum gleichen Thema bearbeitet. Trotz immer \\u00e4hnlicher Vortr\\u00e4ge in den Schrifts\\u00e4tzen und sich wiederholdenden Korrespondenzen mit Unternehmen, Versicherungen und Mandanten, m\\u00fcssen diese Dokumente unter hohem Aufwand gelesen und analysiert werden. Zwar lassen sich Inhalte durchaus in bestimmte Kategorien einteilen, aber das Problem: \\u00e4hnliche Sachverhalte werden ganz unterschiedlich formuliert, was eine Automatisierung der Prozesse unm\\u00f6glich erscheinen l\\u00e4sst.\",\"margin\":\"large\",\"maxwidth\":\"2xlarge\",\"text_style\":\"large\"}},{\"type\":\"text\",\"props\":{\"column_breakpoint\":\"m\",\"content\":\"\n\n<h2><b>Analyse und Erwiderung von Schrifts\\u00e4tzen\\n<\\\/b><\\\/h2>\\n\n\n<p><span style=\\\"font-weight: 400;\\\">Du erwiderst innerhalb Deines Unternehmens zahlreiche Schrifts\\u00e4tze wie beispielsweise Klagen oder Klageerwiderungen und st\\u00f6\\u00dft dabei immer wieder auf \\u00e4hnliche Vortr\\u00e4ge. In den meisten F\\u00e4llen lassen sich Ausz\\u00fcge aus Erwiderungen, welche Du in der Vergangenheit erstellt hast, gut als Grundlage f\\u00fcr den neuen Schriftsatz heranziehen. Jedoch ist die Klassifizierung der einzelnen Vortr\\u00e4ge des neu eingegangenen Schriftsatzes die gr\\u00f6\\u00dfte Herausforderung.<\\\/span><\\\/p>\",\"margin\":\"default\"}}]}]},{\"type\":\"row\",\"props\":{\"layout\":\"1-2,1-2\"},\"children\":[{\"type\":\"column\",\"props\":{\"image_position\":\"center-center\",\"position_sticky_breakpoint\":\"m\",\"width_medium\":\"1-2\"},\"children\":[{\"type\":\"image\",\"props\":{\"image\":\"wp-content\\\/uploads\\\/Loesung-HotSpots-Legal.png\",\"image_svg_color\":\"emphasis\",\"margin\":\"default\"}},{\"type\":\"text\",\"props\":{\"column_breakpoint\":\"m\",\"content\":\"\n\n<p><span style=\\\"font-weight: 400;\\\">In unserer Library kannst Du Inhalte definieren, auf welche neu eingehende Schrifts\\u00e4tze untersucht werden sollen. semantha<\\\/span><span style=\\\"font-weight: 400;\\\"><sup>\\u00ae<\\\/sup><\\\/span><span style=\\\"font-weight: 400;\\\"> findet die Passagen anhand der Bedeutung, unabh\\u00e4ngig der Wortwahl und ganz ohne \\u201cTraining\\u201d mit Euren Daten. So ist f\\u00fcr jeden Vortrag schnell die passende Erwiderung gefunden.<\\\/span><\\\/p>\",\"margin\":\"default\"}}]},{\"type\":\"column\",\"props\":{\"image_position\":\"center-center\",\"position_sticky_breakpoint\":\"m\",\"width_medium\":\"1-2\"},\"children\":[{\"type\":\"image\",\"props\":{\"image\":\"wp-content\\\/uploads\\\/Loesung-Compare-Schriftsatz.png\",\"image_svg_color\":\"emphasis\",\"margin\":\"default\"}},{\"type\":\"text\",\"props\":{\"column_breakpoint\":\"m\",\"content\":\"\n\n<p><span style=\\\"font-weight: 400;\\\">\\u00dcber unseren Compare, kannst Du bisherige Schrifts\\u00e4tze mit neu eingehenden Schrifts\\u00e4tze abgleichen. semantha<\\\/span><span style=\\\"font-weight: 400;\\\"><sup>\\u00ae<\\\/sup> <\\\/span><span style=\\\"font-weight: 400;\\\">zeigt Dir an, welche Inhalte \\u00fcbereinstimmen und welche Inhalte fehlen - out of the box und ohne aufw\\u00e4ndiges Training mit Euren Daten.<\\\/span><\\\/p>\",\"margin\":\"default\"}}]}]},{\"type\":\"row\",\"children\":[{\"type\":\"column\",\"props\":{\"image_position\":\"center-center\",\"position_sticky_breakpoint\":\"m\"},\"children\":[{\"type\":\"text\",\"props\":{\"column_breakpoint\":\"m\",\"content\":\"\n\n<h2><b>Korrespondenzen<\\\/b><\\\/h2>\\n\n\n<p><span style=\\\"font-weight: 400;\\\">Neben den Schrifts\\u00e4tzen kommt es zu Massen an Korrespondenzen mit Unternehmen, Mandanten und Versicherungen. Jedes Schreiben muss unter hohem Aufwand analysiert werden, bevor der n\\u00e4chste Schritt eingeleitet werden kann. Dabei ist eine Zuordnung bestimmter Kategorien durchaus m\\u00f6glich, aber das Problem: \\u00e4hnliche Sachverhalte werden ganz unterschiedlich formuliert, was eine Automatisierung dieses Prozesses unm\\u00f6glich macht.<\\\/span><\\\/p>\",\"margin\":\"default\"}}]}]},{\"type\":\"row\",\"props\":{\"layout\":\"1-2,1-2\"},\"children\":[{\"type\":\"column\",\"props\":{\"image_position\":\"center-center\",\"position_sticky_breakpoint\":\"m\",\"width_medium\":\"1-2\"},\"children\":[{\"type\":\"image\",\"props\":{\"image\":\"wp-content\\\/uploads\\\/Loesung-Klassifizierung-1.png\",\"image_svg_color\":\"emphasis\",\"margin\":\"default\"}},{\"type\":\"text\",\"props\":{\"column_breakpoint\":\"m\",\"content\":\"\n\n<p><span style=\\\"font-weight: 400;\\\">Mit semantha<\\\/span><span style=\\\"font-weight: 400;\\\">\\u00ae<\\\/span><span style=\\\"font-weight: 400;\\\"> kannst Du eingehende Schreiben automatisch klassifizieren und zuordnen, ganz gleich wie diese formuliert sind, unabh\\u00e4ngig von der Wortwahl.<\\\/span><\\\/p>\",\"margin\":\"default\"}}]},{\"type\":\"column\",\"props\":{\"image_position\":\"center-center\",\"position_sticky_breakpoint\":\"m\",\"width_medium\":\"1-2\"}}]}],\"name\":\"Massenklagen\"},{\"type\":\"section\",\"props\":{\"image_position\":\"center-center\",\"padding\":\"small\",\"status\":\"disabled\",\"style\":\"default\",\"title_breakpoint\":\"xl\",\"title_position\":\"top-left\",\"title_rotation\":\"left\",\"vertical_align\":\"middle\",\"width\":\"default\"},\"children\":[{\"type\":\"row\",\"children\":[{\"type\":\"column\",\"props\":{\"image_position\":\"center-center\",\"position_sticky_breakpoint\":\"m\"},\"children\":[{\"type\":\"headline\",\"props\":{\"content\":\"Vertragspr\\u00fcfung\",\"title_element\":\"h1\",\"title_style\":\"heading-large\"}},{\"type\":\"text\",\"props\":{\"column_breakpoint\":\"m\",\"content\":\"\n\n<p><span style=\\\"font-weight: 400;\\\">In Deinem Unternehmen m\\u00fcssen regelm\\u00e4\\u00dfig und mit hohem manuellem Aufwand Vertr\\u00e4ge \\u00fcberpr\\u00fcft werden. Dabei geht es meist um \\u00e4hnliche Inhalte, auf die es bei der Pr\\u00fcfung ankommt. Das Problem: Jeder Vertrag ist unterschiedlich formuliert und aufgebaut, was eine Automatisierung unm\\u00f6glich macht.<\\\/span><\\\/p>\",\"margin\":\"default\"}}]}]},{\"type\":\"row\",\"props\":{\"layout\":\"1-2,1-2\"},\"children\":[{\"type\":\"column\",\"props\":{\"image_position\":\"center-center\",\"position_sticky_breakpoint\":\"m\",\"width_medium\":\"1-2\"},\"children\":[{\"type\":\"image\",\"props\":{\"image\":\"wp-content\\\/uploads\\\/Loesung-HotSpots-Legal.png\",\"image_svg_color\":\"emphasis\",\"margin\":\"default\"}},{\"type\":\"text\",\"props\":{\"column_breakpoint\":\"m\",\"content\":\"\n\n<p><span style=\\\"font-weight: 400;\\\">In unserer Library kannst Du Inhalte definieren, auf welche neu eingehende Vertr\\u00e4ge untersucht werden sollen. semantha<\\\/span><span style=\\\"font-weight: 400;\\\"><sup>\\u00ae<\\\/sup><\\\/span><span style=\\\"font-weight: 400;\\\"> findet die Passagen anhand der Bedeutung, unabh\\u00e4ngig der Wortwahl und ganz ohne \\u201cTraining\\u201d mit Euren Daten. So sind relevante Inhalte eines Vertrages schnell und effizient gefunden.<\\\/span><\\\/p>\",\"margin\":\"default\"}}]},{\"type\":\"column\",\"props\":{\"image_position\":\"center-center\",\"position_sticky_breakpoint\":\"m\",\"width_medium\":\"1-2\"},\"children\":[{\"type\":\"image\",\"props\":{\"image\":\"wp-content\\\/uploads\\\/Loesung-Compare-Vertrag.png\",\"image_svg_color\":\"emphasis\",\"margin\":\"default\"}},{\"type\":\"text\",\"props\":{\"column_breakpoint\":\"m\",\"content\":\"\n\n<p><span style=\\\"font-weight: 400;\\\">\\u00dcber unseren Compare, kannst Du bereits gepr\\u00fcfte Vertr\\u00e4ge mit neu eingehenden Vertr\\u00e4gen abgleichen. semantha<\\\/span><span style=\\\"font-weight: 400;\\\"><sup>\\u00ae<\\\/sup> <\\\/span><span style=\\\"font-weight: 400;\\\">zeigt Dir an, welche Inhalte \\u00fcbereinstimmen und welche Inhalte fehlen - out of the box und ohne aufw\\u00e4ndiges Training mit Euren Daten.<\\\/span><\\\/p>\",\"margin\":\"default\"}}]}]},{\"type\":\"row\",\"props\":{\"layout\":\"1-2,1-2\"},\"children\":[{\"type\":\"column\",\"props\":{\"image_position\":\"center-center\",\"position_sticky_breakpoint\":\"m\",\"width_medium\":\"1-2\"},\"children\":[{\"type\":\"image\",\"props\":{\"image\":\"wp-content\\\/uploads\\\/Loesung-Compare-Versionen.png\",\"image_svg_color\":\"emphasis\",\"margin\":\"default\"}},{\"type\":\"text\",\"props\":{\"column_breakpoint\":\"m\",\"content\":\"\n\n<p><span style=\\\"font-weight: 400;\\\">Dar\\u00fcber hinaus kannst Du \\u00fcber unseren Compare unterschiedliche Versionen eines Vertrages vergleichen. semantha<\\\/span><span style=\\\"font-weight: 400;\\\"><sup>\\u00ae<\\\/sup> <\\\/span><span style=\\\"font-weight: 400;\\\">zeigt Dir an, welche Inhalte gleich geblieben sind und wo Bereiche ver\\u00e4ndert oder ganz entfernt wurden.<\\\/span><\\\/p>\",\"margin\":\"default\"}}]},{\"type\":\"column\",\"props\":{\"image_position\":\"center-center\",\"position_sticky_breakpoint\":\"m\",\"width_medium\":\"1-2\"}}]}],\"name\":\"Vertragscheck\"},{\"type\":\"section\",\"props\":{\"image_position\":\"center-center\",\"style\":\"secondary\",\"title_breakpoint\":\"xl\",\"title_position\":\"top-left\",\"title_rotation\":\"left\",\"vertical_align\":\"middle\",\"width\":\"default\"},\"children\":[{\"type\":\"row\",\"children\":[{\"type\":\"column\",\"props\":{\"image_position\":\"center-center\",\"position_sticky_breakpoint\":\"m\"},\"children\":[{\"type\":\"headline\",\"props\":{\"content\":\"Entdecke spezifische Use Cases f\\u00fcr deine Branche\",\"margin_remove_bottom\":false,\"text_align\":\"center\",\"title_element\":\"h2\",\"title_style\":\"h2\"}},{\"type\":\"module\",\"props\":{\"margin\":\"large\",\"menu_image_align\":\"center\",\"menu_image_margin\":true,\"menu_style\":\"default\",\"menu_type\":\"nav\",\"type\":\"builderwidget\",\"widget\":\"builderwidget-13\"}}]}],\"props\":{\"width\":\"small\"}}],\"name\":\"Use Case Slider V2024 DE\"},{\"type\":\"section\",\"props\":{\"image_position\":\"center-center\",\"style\":\"secondary\",\"title_breakpoint\":\"xl\",\"title_position\":\"top-left\",\"title_rotation\":\"left\",\"vertical_align\":\"middle\",\"width\":\"default\"},\"children\":[{\"type\":\"row\",\"props\":{\"layout\":\"1-2,1-2\",\"margin\":\"xlarge\"},\"children\":[{\"type\":\"column\",\"props\":{\"image_position\":\"center-center\",\"position_sticky_breakpoint\":\"m\",\"width_small\":\"1-2\"},\"children\":[{\"type\":\"headline\",\"props\":{\"content\":\"Fragen?<br class=\\\"uk-visible@s\\\" \\\/><span class=\\\"uk-text-primary\\\">Wir haben <br class=\\\"uk-visible@l\\\" \\\/>die Antwort.<\\\/span>\",\"link_style\":false,\"title_element\":\"h2\",\"title_style\":\"heading-large\"}}]},{\"type\":\"column\",\"props\":{\"image_position\":\"center-center\",\"position_sticky_breakpoint\":\"m\",\"vertical_align\":\"bottom\",\"width_small\":\"1-2\"},\"children\":[{\"type\":\"module_position\",\"props\":{\"breakpoint\":\"m\",\"content\":\"builder-2\",\"layout\":\"stack\"}}]}]}],\"name\":\"Fragen? Kontakt\"}],\"version\":\"4.3.6\"} --><\/p>\n","protected":false},"excerpt":{"rendered":"<p>KI f\u00fcr Legal-Prozesse \u201cDu pr\u00fcfst t\u00e4glich Massen an Schrifts\u00e4tzen oder Vertr\u00e4gen zum gleichen Thema?\u201d \u201cUnterschiedliche Formulierungen machen eine Automatisierung unm\u00f6glich?\u201d \u201cKorrespondenzen mit Unternehmen, Mandanten und Versicherungen bestimmen den weiteren Verlauf der Verfahren und verursachen einen hohen manuellen Aufwand?\u201d Und genau hier kann unsere KI semantha helfen: Sie versteht Text anhand der Bedeutung, unabh\u00e4ngig der Wortwahl [&hellip;]<\/p>\n","protected":false},"author":1,"featured_media":0,"parent":0,"menu_order":0,"comment_status":"closed","ping_status":"closed","template":"","meta":{"_acf_changed":false,"footnotes":""},"acf":[],"yoast_head":"<!-- This site is optimized with the Yoast SEO Premium plugin v22.7 (Yoast SEO v23.5) - https:\/\/yoast.com\/wordpress\/plugins\/seo\/ -->\n<title>Recht - semantha<\/title>\n<meta name=\"robots\" content=\"index, follow, max-snippet:-1, max-image-preview:large, max-video-preview:-1\" \/>\n<link rel=\"canonical\" href=\"https:\/\/www.semantha.de\/de\/recht\/\" \/>\n<meta property=\"og:locale\" content=\"de_DE\" \/>\n<meta property=\"og:type\" content=\"article\" \/>\n<meta property=\"og:title\" content=\"Recht\" \/>\n<meta property=\"og:description\" content=\"KI f\u00fcr Legal-Prozesse \u201cDu pr\u00fcfst t\u00e4glich Massen an Schrifts\u00e4tzen oder Vertr\u00e4gen zum gleichen Thema?\u201d \u201cUnterschiedliche Formulierungen machen eine Automatisierung unm\u00f6glich?\u201d \u201cKorrespondenzen mit Unternehmen, Mandanten und Versicherungen bestimmen den weiteren Verlauf der Verfahren und verursachen einen hohen manuellen Aufwand?\u201d Und genau hier kann unsere KI semantha helfen: Sie versteht Text anhand der Bedeutung, unabh\u00e4ngig der Wortwahl [&hellip;]\" \/>\n<meta property=\"og:url\" content=\"https:\/\/www.semantha.de\/de\/recht\/\" \/>\n<meta property=\"og:site_name\" content=\"semantha\" \/>\n<meta property=\"article:modified_time\" content=\"2024-04-22T09:41:26+00:00\" \/>\n<meta name=\"twitter:card\" content=\"summary_large_image\" \/>\n<meta name=\"twitter:site\" content=\"@semanthaAI\" \/>\n<meta name=\"twitter:label1\" content=\"Gesch\u00e4tzte Lesezeit\" \/>\n\t<meta name=\"twitter:data1\" content=\"1\u00a0Minute\" \/>\n<!-- \/ Yoast SEO Premium plugin. -->","yoast_head_json":{"title":"Recht - semantha","robots":{"index":"index","follow":"follow","max-snippet":"max-snippet:-1","max-image-preview":"max-image-preview:large","max-video-preview":"max-video-preview:-1"},"canonical":"https:\/\/www.semantha.de\/de\/recht\/","og_locale":"de_DE","og_type":"article","og_title":"Recht","og_description":"KI f\u00fcr Legal-Prozesse \u201cDu pr\u00fcfst t\u00e4glich Massen an Schrifts\u00e4tzen oder Vertr\u00e4gen zum gleichen Thema?\u201d \u201cUnterschiedliche Formulierungen machen eine Automatisierung unm\u00f6glich?\u201d \u201cKorrespondenzen mit Unternehmen, Mandanten und Versicherungen bestimmen den weiteren Verlauf der Verfahren und verursachen einen hohen manuellen Aufwand?\u201d Und genau hier kann unsere KI semantha helfen: Sie versteht Text anhand der Bedeutung, unabh\u00e4ngig der Wortwahl [&hellip;]","og_url":"https:\/\/www.semantha.de\/de\/recht\/","og_site_name":"semantha","article_modified_time":"2024-04-22T09:41:26+00:00","twitter_card":"summary_large_image","twitter_site":"@semanthaAI","twitter_misc":{"Gesch\u00e4tzte Lesezeit":"1\u00a0Minute"},"schema":{"@context":"https:\/\/schema.org","@graph":[{"@type":"WebPage","@id":"https:\/\/www.semantha.de\/de\/recht\/","url":"https:\/\/www.semantha.de\/de\/recht\/","name":"Recht - semantha","isPartOf":{"@id":"https:\/\/www.semantha.de\/de\/#website"},"datePublished":"2021-04-29T15:18:42+00:00","dateModified":"2024-04-22T09:41:26+00:00","breadcrumb":{"@id":"https:\/\/www.semantha.de\/de\/recht\/#breadcrumb"},"inLanguage":"de","potentialAction":[{"@type":"ReadAction","target":["https:\/\/www.semantha.de\/de\/recht\/"]}]},{"@type":"BreadcrumbList","@id":"https:\/\/www.semantha.de\/de\/recht\/#breadcrumb","itemListElement":[{"@type":"ListItem","position":1,"name":"Startseite","item":"https:\/\/www.semantha.de\/de\/"},{"@type":"ListItem","position":2,"name":"Recht"}]},{"@type":"WebSite","@id":"https:\/\/www.semantha.de\/de\/#website","url":"https:\/\/www.semantha.de\/de\/","name":"semantha","description":"the semantic platform","potentialAction":[{"@type":"SearchAction","target":{"@type":"EntryPoint","urlTemplate":"https:\/\/www.semantha.de\/de\/?s={search_term_string}"},"query-input":{"@type":"PropertyValueSpecification","valueRequired":true,"valueName":"search_term_string"}}],"inLanguage":"de"}]}},"_links":{"self":[{"href":"https:\/\/www.semantha.de\/de\/wp-json\/wp\/v2\/pages\/2263"}],"collection":[{"href":"https:\/\/www.semantha.de\/de\/wp-json\/wp\/v2\/pages"}],"about":[{"href":"https:\/\/www.semantha.de\/de\/wp-json\/wp\/v2\/types\/page"}],"author":[{"embeddable":true,"href":"https:\/\/www.semantha.de\/de\/wp-json\/wp\/v2\/users\/1"}],"replies":[{"embeddable":true,"href":"https:\/\/www.semantha.de\/de\/wp-json\/wp\/v2\/comments?post=2263"}],"version-history":[{"count":40,"href":"https:\/\/www.semantha.de\/de\/wp-json\/wp\/v2\/pages\/2263\/revisions"}],"predecessor-version":[{"id":12699,"href":"https:\/\/www.semantha.de\/de\/wp-json\/wp\/v2\/pages\/2263\/revisions\/12699"}],"wp:attachment":[{"href":"https:\/\/www.semantha.de\/de\/wp-json\/wp\/v2\/media?parent=2263"}],"curies":[{"name":"wp","href":"https:\/\/api.w.org\/{rel}","templated":true}]}}