{"id":26,"date":"2019-06-25T14:05:32","date_gmt":"2019-06-25T14:05:32","guid":{"rendered":"https:\/\/www.semantha.de\/index.php\/contact\/"},"modified":"2025-06-10T21:40:44","modified_gmt":"2025-06-10T19:40:44","slug":"impressum","status":"publish","type":"page","link":"https:\/\/www.semantha.de\/de\/impressum\/","title":{"rendered":"Impressum"},"content":{"rendered":"<h1>Impressum<span class=\"uk-text-primary\">.<\/span><\/h1>\n<div>\n<div>\n<h3>ANBIETERKENNZEICHNUNG<br \/>GEM\u00c4SS \u00a7 5 TMG<\/h3>\n<p class=\"uk-text-large\">thingsTHINKING GmbH<br \/>Haid-und-Neu-Stra\u00dfe 7<br \/>D-76131 Karlsruhe<\/p>\n<p class=\"uk-text-large\"><a href=\"tel:+49721 96493138\">+49 721 96493138<\/a><br \/><a href=\"mailto:contact@semantha.de\">contact@semantha.de<\/a><\/p>\n<\/div>\n<\/div>\n<div>\n<p><strong>Dieses Impressum gilt auch f\u00fcr unsere Social-Media-Pr\u00e4senzen (Twitter, LinkedIn).<\/strong><\/p>\n<p>thingsTHINKING GmbH <br \/>Haid-und-Neu-Stra\u00dfe 7<br \/>D-76131 Karlsruhe<\/p>\n<p>Vertreten durch: Carsten Dirks<br \/>E-Mail: <a href=\"mailto:contact@semantha.de\">contact@semantha.de<\/a><\/p>\n<p>Registergericht Mannheim <br \/>HRB 727107<br \/>USt-IdNr.: DE310995942<br \/>D-U-N-S Number: 314240894<\/p>\n<p>Verantwortlicher f\u00fcr den Inhalt gem\u00e4\u00df \u00a7 18 Abs. 2 MStV<br \/>Carsten Dirks<\/p>\n<p>c\/o thingsTHINKING GmbH<br \/>Haid-und-Neu-Stra\u00dfe 7<br \/>D-76131 Karlsruhe<\/p>\n<\/div>\n<p><!--more--><br \/>\n<!-- {\"type\":\"layout\",\"children\":[{\"type\":\"section\",\"props\":{\"animation\":\"slide-left-small\",\"header_transparent\":true,\"header_transparent_text_color\":\"light\",\"image\":\"wp-content\\\/uploads\\\/home-hero-bg.svg\",\"image_position\":\"top-center\",\"padding\":\"large\",\"padding_remove_bottom\":false,\"style\":\"secondary\",\"title_breakpoint\":\"xl\",\"title_position\":\"top-left\",\"title_rotation\":\"left\",\"vertical_align\":\"middle\",\"width\":\"default\"},\"children\":[{\"type\":\"row\",\"children\":[{\"type\":\"column\",\"props\":{\"image_position\":\"center-center\",\"position_sticky_breakpoint\":\"m\",\"width_medium\":\"1-1\"},\"children\":[{\"type\":\"headline\",\"props\":{\"content\":\"Impressum<span class=\\\"uk-text-primary\\\">.<\\\/span>\",\"title_element\":\"h1\",\"title_style\":\"heading-xlarge\"}}]}]}],\"name\":\"Hero\"},{\"type\":\"section\",\"props\":{\"image\":\"wp-content\\\/uploads\\\/karlsruhe-air.jpg\",\"image_effect\":\"fixed\",\"image_position\":\"center-center\",\"image_size\":\"cover\",\"image_width\":\"2560\",\"padding\":\"large\",\"style\":\"secondary\",\"title_breakpoint\":\"xl\",\"title_position\":\"top-left\",\"title_rotation\":\"left\",\"vertical_align\":\"middle\",\"width\":\"default\"},\"children\":[{\"type\":\"row\",\"props\":{\"layout\":\"1-2,1-2\"},\"children\":[{\"type\":\"column\",\"props\":{\"image_position\":\"center-center\",\"position_sticky_breakpoint\":\"m\",\"width_medium\":\"1-2\"}},{\"type\":\"column\",\"props\":{\"image_position\":\"center-center\",\"position_sticky_breakpoint\":\"m\",\"width_medium\":\"1-2\"},\"children\":[{\"type\":\"panel\",\"props\":{\"block_align\":\"right\",\"content\":\"\n\n<h3>ANBIETERKENNZEICHNUNG<br \\\/>GEM\\u00c4SS \\u00a7 5 TMG<\\\/h3>\\n\n\n<p class=\\\"uk-text-large\\\">thingsTHINKING GmbH<br \\\/>Haid-und-Neu-Stra\\u00dfe 7<br \\\/>D-76131 Karlsruhe<\\\/p>\\n\n\n<p class=\\\"uk-text-large\\\"><a href=\\\"tel:+49721 96493138\\\">+49 721 96493138<\\\/a><br \\\/><a href=\\\"mailto:contact@semantha.de\\\">contact@semantha.de<\\\/a><\\\/p>\",\"content_column_breakpoint\":\"m\",\"content_margin\":\"medium\",\"icon_width\":80,\"image_align\":\"top\",\"image_grid_breakpoint\":\"m\",\"image_grid_width\":\"1-2\",\"image_svg_color\":\"emphasis\",\"link_margin\":\"large\",\"link_style\":\"default\",\"link_target\":false,\"link_text\":\"Open in Map\",\"margin\":\"default\",\"maxwidth\":\"large\",\"meta\":\"\",\"meta_align\":\"below-title\",\"meta_element\":\"div\",\"meta_style\":\"text-meta\",\"panel_padding\":\"large\",\"panel_style\":\"card-secondary\",\"title\":\"\",\"title_align\":\"top\",\"title_element\":\"h2\",\"title_grid_breakpoint\":\"m\",\"title_grid_width\":\"1-2\",\"title_hover_style\":\"reset\",\"title_margin\":\"remove\",\"title_style\":\"heading-small\"}}]}]}],\"name\":\"Contact\"},{\"type\":\"section\",\"props\":{\"image_position\":\"center-center\",\"style\":\"default\",\"title_breakpoint\":\"xl\",\"title_position\":\"top-left\",\"title_rotation\":\"left\",\"vertical_align\":\"middle\",\"width\":\"default\"},\"children\":[{\"type\":\"row\",\"children\":[{\"type\":\"column\",\"props\":{\"image_position\":\"center-center\",\"position_sticky_breakpoint\":\"m\",\"width_medium\":\"1-1\"},\"children\":[{\"type\":\"text\",\"props\":{\"column_breakpoint\":\"m\",\"content\":\"\n\n<p><strong>Dieses Impressum gilt auch f\\u00fcr unsere Social-Media-Pr\\u00e4senzen (Twitter, LinkedIn).<\\\/strong><\\\/p>\\n\n\n<p>thingsTHINKING GmbH <br \\\/>Haid-und-Neu-Stra\\u00dfe 7<br \\\/>D-76131 Karlsruhe<\\\/p>\\n\n\n<p>Vertreten durch: Carsten Dirks<br \\\/>E-Mail: <a href=\\\"mailto:contact@semantha.de\\\">contact@semantha.de<\\\/a><\\\/p>\\n\n\n<p>Registergericht Mannheim <br \\\/>HRB 727107<br \\\/>USt-IdNr.: DE310995942<br \\\/>D-U-N-S Number: 314240894<\\\/p>\\n\n\n<p>Verantwortlicher f\\u00fcr den Inhalt gem\\u00e4\\u00df \\u00a7 18 Abs. 2 MStV<br \\\/>Carsten Dirks<\\\/p>\\n\n\n<p>c\\\/o thingsTHINKING GmbH<br \\\/>Haid-und-Neu-Stra\\u00dfe 7<br \\\/>D-76131 Karlsruhe<\\\/p>\",\"margin\":\"default\"}}]}]}]}],\"version\":\"4.3.6\"} --><\/p>\n","protected":false},"excerpt":{"rendered":"<p>Impressum. ANBIETERKENNZEICHNUNGGEM\u00c4SS \u00a7 5 TMG thingsTHINKING GmbHHaid-und-Neu-Stra\u00dfe 7D-76131 Karlsruhe +49 721 96493138contact@semantha.de Dieses Impressum gilt auch f\u00fcr unsere Social-Media-Pr\u00e4senzen (Twitter, LinkedIn). thingsTHINKING GmbH Haid-und-Neu-Stra\u00dfe 7D-76131 Karlsruhe Vertreten durch: Carsten DirksE-Mail: contact@semantha.de Registergericht Mannheim HRB 727107USt-IdNr.: DE310995942D-U-N-S Number: 314240894 Verantwortlicher f\u00fcr den Inhalt gem\u00e4\u00df \u00a7 18 Abs. 2 MStVCarsten Dirks c\/o thingsTHINKING GmbHHaid-und-Neu-Stra\u00dfe 7D-76131 Karlsruhe<\/p>\n","protected":false},"author":1,"featured_media":0,"parent":0,"menu_order":1,"comment_status":"closed","ping_status":"closed","template":"","meta":{"_acf_changed":false,"footnotes":""},"acf":[],"yoast_head":"<!-- This site is optimized with the Yoast SEO Premium plugin v22.7 (Yoast SEO v23.5) - https:\/\/yoast.com\/wordpress\/plugins\/seo\/ -->\n<title>Impressum - semantha<\/title>\n<meta name=\"robots\" content=\"index, follow, max-snippet:-1, max-image-preview:large, max-video-preview:-1\" \/>\n<link rel=\"canonical\" href=\"https:\/\/www.semantha.de\/de\/impressum\/\" \/>\n<meta property=\"og:locale\" content=\"de_DE\" \/>\n<meta property=\"og:type\" content=\"article\" \/>\n<meta property=\"og:title\" content=\"Impressum\" \/>\n<meta property=\"og:description\" content=\"Impressum. ANBIETERKENNZEICHNUNGGEM\u00c4SS \u00a7 5 TMG thingsTHINKING GmbHHaid-und-Neu-Stra\u00dfe 7D-76131 Karlsruhe +49 721 96493138contact@semantha.de Dieses Impressum gilt auch f\u00fcr unsere Social-Media-Pr\u00e4senzen (Twitter, LinkedIn). thingsTHINKING GmbH Haid-und-Neu-Stra\u00dfe 7D-76131 Karlsruhe Vertreten durch: Carsten DirksE-Mail: contact@semantha.de Registergericht Mannheim HRB 727107USt-IdNr.: DE310995942D-U-N-S Number: 314240894 Verantwortlicher f\u00fcr den Inhalt gem\u00e4\u00df \u00a7 18 Abs. 2 MStVCarsten Dirks c\/o thingsTHINKING GmbHHaid-und-Neu-Stra\u00dfe 7D-76131 Karlsruhe\" \/>\n<meta property=\"og:url\" content=\"https:\/\/www.semantha.de\/de\/impressum\/\" \/>\n<meta property=\"og:site_name\" content=\"semantha\" \/>\n<meta property=\"article:modified_time\" content=\"2025-06-10T19:40:44+00:00\" \/>\n<meta name=\"twitter:card\" content=\"summary_large_image\" \/>\n<meta name=\"twitter:site\" content=\"@semanthaAI\" \/>\n<!-- \/ Yoast SEO Premium plugin. -->","yoast_head_json":{"title":"Impressum - semantha","robots":{"index":"index","follow":"follow","max-snippet":"max-snippet:-1","max-image-preview":"max-image-preview:large","max-video-preview":"max-video-preview:-1"},"canonical":"https:\/\/www.semantha.de\/de\/impressum\/","og_locale":"de_DE","og_type":"article","og_title":"Impressum","og_description":"Impressum. ANBIETERKENNZEICHNUNGGEM\u00c4SS \u00a7 5 TMG thingsTHINKING GmbHHaid-und-Neu-Stra\u00dfe 7D-76131 Karlsruhe +49 721 96493138contact@semantha.de Dieses Impressum gilt auch f\u00fcr unsere Social-Media-Pr\u00e4senzen (Twitter, LinkedIn). thingsTHINKING GmbH Haid-und-Neu-Stra\u00dfe 7D-76131 Karlsruhe Vertreten durch: Carsten DirksE-Mail: contact@semantha.de Registergericht Mannheim HRB 727107USt-IdNr.: DE310995942D-U-N-S Number: 314240894 Verantwortlicher f\u00fcr den Inhalt gem\u00e4\u00df \u00a7 18 Abs. 2 MStVCarsten Dirks c\/o thingsTHINKING GmbHHaid-und-Neu-Stra\u00dfe 7D-76131 Karlsruhe","og_url":"https:\/\/www.semantha.de\/de\/impressum\/","og_site_name":"semantha","article_modified_time":"2025-06-10T19:40:44+00:00","twitter_card":"summary_large_image","twitter_site":"@semanthaAI","schema":{"@context":"https:\/\/schema.org","@graph":[{"@type":"WebPage","@id":"https:\/\/www.semantha.de\/de\/impressum\/","url":"https:\/\/www.semantha.de\/de\/impressum\/","name":"Impressum - semantha","isPartOf":{"@id":"https:\/\/www.semantha.de\/de\/#website"},"datePublished":"2019-06-25T14:05:32+00:00","dateModified":"2025-06-10T19:40:44+00:00","breadcrumb":{"@id":"https:\/\/www.semantha.de\/de\/impressum\/#breadcrumb"},"inLanguage":"de","potentialAction":[{"@type":"ReadAction","target":["https:\/\/www.semantha.de\/de\/impressum\/"]}]},{"@type":"BreadcrumbList","@id":"https:\/\/www.semantha.de\/de\/impressum\/#breadcrumb","itemListElement":[{"@type":"ListItem","position":1,"name":"Startseite","item":"https:\/\/www.semantha.de\/de\/"},{"@type":"ListItem","position":2,"name":"Impressum"}]},{"@type":"WebSite","@id":"https:\/\/www.semantha.de\/de\/#website","url":"https:\/\/www.semantha.de\/de\/","name":"semantha","description":"the semantic platform","potentialAction":[{"@type":"SearchAction","target":{"@type":"EntryPoint","urlTemplate":"https:\/\/www.semantha.de\/de\/?s={search_term_string}"},"query-input":{"@type":"PropertyValueSpecification","valueRequired":true,"valueName":"search_term_string"}}],"inLanguage":"de"}]}},"_links":{"self":[{"href":"https:\/\/www.semantha.de\/de\/wp-json\/wp\/v2\/pages\/26"}],"collection":[{"href":"https:\/\/www.semantha.de\/de\/wp-json\/wp\/v2\/pages"}],"about":[{"href":"https:\/\/www.semantha.de\/de\/wp-json\/wp\/v2\/types\/page"}],"author":[{"embeddable":true,"href":"https:\/\/www.semantha.de\/de\/wp-json\/wp\/v2\/users\/1"}],"replies":[{"embeddable":true,"href":"https:\/\/www.semantha.de\/de\/wp-json\/wp\/v2\/comments?post=26"}],"version-history":[{"count":11,"href":"https:\/\/www.semantha.de\/de\/wp-json\/wp\/v2\/pages\/26\/revisions"}],"predecessor-version":[{"id":13858,"href":"https:\/\/www.semantha.de\/de\/wp-json\/wp\/v2\/pages\/26\/revisions\/13858"}],"wp:attachment":[{"href":"https:\/\/www.semantha.de\/de\/wp-json\/wp\/v2\/media?parent=26"}],"curies":[{"name":"wp","href":"https:\/\/api.w.org\/{rel}","templated":true}]}}