{"id":5963,"date":"2021-02-24T10:56:04","date_gmt":"2021-02-24T09:56:04","guid":{"rendered":"https:\/\/www.semantha.de\/sven-koerner\/"},"modified":"2024-09-24T11:16:20","modified_gmt":"2024-09-24T09:16:20","slug":"sven-koerner","status":"publish","type":"page","link":"https:\/\/www.semantha.de\/de\/sven-koerner\/","title":{"rendered":"Keynote-Speaker Sven K\u00f6rner"},"content":{"rendered":"<h1><span style=\"color:#fff;\">Speaker<\/span><span class=\"uk-text-primary\">.<\/span><br \/>\n<span style=\"color:#fff;\">Gr\u00fcnder<\/span><span class=\"uk-text-primary\">.<\/span><br \/>\n<span style=\"color:#fff;\">KI-Forscher<\/span><span class=\"uk-text-primary\">.<\/span><\/h1>\n<p><img decoding=\"async\" src=\"\/wp-content\/uploads\/DSC06250.jpg\" alt=\"\"><br \/>\n<img decoding=\"async\" src=\"\/wp-content\/uploads\/DSC06256-2.jpg\" alt=\"\"><br \/>\n<div class=\"BorlabsCookie _brlbs-cb-youtube\"><div class=\"_brlbs-content-blocker\"> <div class=\"_brlbs-embed _brlbs-video-youtube\"> <img class=\"_brlbs-thumbnail\" src=\"https:\/\/www.semantha.de\/wp-content\/plugins\/borlabs-cookie\/assets\/images\/cb-no-thumbnail.png\" alt=\"YouTube\"> <div class=\"_brlbs-caption\"> <p>Mit dem Laden des Videos akzeptieren Sie die Datenschutzerkl\u00e4rung von YouTube.<br><a href=\"https:\/\/policies.google.com\/privacy\" target=\"_blank\" rel=\"nofollow noopener noreferrer\">Mehr erfahren<\/a><\/p> <p><a class=\"_brlbs-btn _brlbs-icon-play-white\" href=\"#\" data-borlabs-cookie-unblock role=\"button\">Video laden<\/a><\/p> <p><label><input type=\"checkbox\" name=\"unblockAll\" value=\"1\" checked> <small>YouTube immer entsperren<\/small><\/label><\/p> <\/div> <\/div> <\/div><div class=\"borlabs-hide\" data-borlabs-cookie-type=\"content-blocker\" data-borlabs-cookie-id=\"youtube\"><script type=\"text\/template\">PGlmcmFtZSBzcmM9Imh0dHBzOi8vd3d3LnlvdXR1YmUtbm9jb29raWUuY29tL3dhdGNoP3Y9aGdmS1VGeDQ2VHciPjwvaWZyYW1lPg==<\/script><\/div><\/div><br \/>\n<img decoding=\"async\" src=\"\/wp-content\/uploads\/IMG_20181015_133652-2.jpg\" alt=\"\"><\/p>\n<div>\n<h2>Dr. Sven J. K\u00f6rner<\/h2>\n<div>\n<p>&#8222;Life&#8217;s a rock show &#8211; better be on stage&#8220; &#8211; diesem Mantra folgt Dr. Sven J. K\u00f6rner und vereint das beste aus den akademischen mit der industriellen Welt. Er hat Familie in den Vereinigten Staaten und so sieht er die Kombination aus amerikanischen Optimismus und deutscher Pr\u00e4zision als Grundlage f\u00fcr den Erfolg.<\/p>\n<p>Sven ist ein preisgekr\u00f6nter Forscher im Bereich cognitive\/semantic computing und ein Experte im Feld der k\u00fcnstlichen Intelligenz; er lenkt seinen Fokus dabei auf die Verarbeitung nat\u00fcrlicher Sprache und ihre Semantik. Zudem ist er ein Cloud-Experte und ein early adopter neuer Technologien.<\/p>\n<p>Als Technology Evangelist hielt Sven Vortr\u00e4ge auf verschiedenen Konferenzen (Dreamforce, CeBit, IEEE, ACM) und arbeitet am liebsten direkt mit Kunden und Kollegen zusammen an Probleml\u00f6sungen. Sven h\u00e4lt einen Doktortitel in Informatik und blickt auf eine Forschungshistorie von \u00fcber 10 Jahren zur\u00fcck, in denen er erforschte, wie man mit K\u00fcnstlicher Intelligenz den Softwareentwicklunsgprozess unterst\u00fctzen kann. Er ver\u00f6ffentlichte seine Ergebnisse bei der IEEE, der ACM und verschiedenen hochkar\u00e4tigen Journalen.<\/p>\n<p>In seiner Karriere in der Softwareindustrie arbeitete Sven mit weltweit f\u00fchrenden Unternehmen wie bspw. Salesforce, Amazon, Microsoft und Google zusammen. Er war technischer Ansprechpartner und Technology Evangelist genauso f\u00fcr Partner wie Accenture, Deloitte und CapGemini wie f\u00fcr Gro\u00dfkunden.<\/p>\n<p>Sven ist Mitgr\u00fcnder und der kreative Kopf hinter thingsTHINKING. Zusammen mit seinem Team gewann er zahlreiche Preise und Auszeichnungen \u2013 j\u00fcngst die Anerkennung zum KI-Champion Baden W\u00fcrttemberg. thingsTHINKING verleiht Computern gesunden Menschenverstand, die daher unterschiedlichste Aufgaben bew\u00e4ltigen k\u00f6nnen, dabei flie\u00dfen j\u00fcngste Forschungsergebnisse direkt mit ein.<\/p>\n<\/div>\n<\/div>\n<h2><span class=\"uk-link-heading uk-text-primary\">Jetzt <\/span>Keynote-Termin <span class=\"uk-link-heading uk-text-primary\">anfragen.<\/span><\/h2>\n<h2>Downloads<\/h2>\n<div>Copyright: thingsTHINKING GmbH<\/div>\n<p><a href=\"\/wp-content\/uploads\/Sven_mfk_161116_ThinksThinking_Business_0062_sven_square.jpg\"><img decoding=\"async\" src=\"\/wp-content\/uploads\/small_Sven_mfk_161116_ThinksThinking_Business_0062_sven_square.jpg\" alt=\"\"><\/a><br \/>\n<a href=\"\/wp-content\/uploads\/Sven_mfk_161116_ThinksThinking_Business_0126.jpg\"><img decoding=\"async\" src=\"\/wp-content\/uploads\/small_Sven_mfk_161116_ThinksThinking_Business_0126.jpg\" alt=\"\"><\/a><br \/>\n<a href=\"\/wp-content\/uploads\/Sven_mfk_161116_ThinksThinking_Business_0116.jpg\"><img decoding=\"async\" src=\"\/wp-content\/uploads\/small_Sven_mfk_161116_ThinksThinking_Business_0116.jpg\" alt=\"\"><\/a><br \/>\n<a href=\"\/wp-content\/uploads\/Sven_mfk_161116_ThinksThinking_Business_0153.jpg\"><img decoding=\"async\" src=\"\/wp-content\/uploads\/small_Sven_mfk_161116_ThinksThinking_Business_0153.jpg\" alt=\"\"><\/a><br \/>\n<a href=\"\/wp-content\/uploads\/Sven_mfk_161116_ThinksThinking_Business_0117.jpg\"><img decoding=\"async\" src=\"\/wp-content\/uploads\/small_Sven_mfk_161116_ThinksThinking_Business_0117.jpg\" alt=\"\"><\/a><br \/>\n<a href=\"\/wp-content\/uploads\/Sven_mfk_161116_ThinksThinking_Business_0154.jpg\"><img decoding=\"async\" src=\"\/wp-content\/uploads\/small_Sven_mfk_161116_ThinksThinking_Business_0154.jpg\" alt=\"\"><\/a><\/p>\n<p><!--more--><br \/>\n<!-- {\"name\":\"Keynotespeaker Sven - deutsch\",\"type\":\"layout\",\"children\":[{\"type\":\"section\",\"props\":{\"height\":\"viewport\",\"height_offset_top\":true,\"height_viewport\":80,\"image\":\"wp-content\\\/uploads\\\/Header_Keynote_Sven.jpg\",\"image_position\":\"top-center\",\"image_size\":\"cover\",\"style\":\"default\",\"title_breakpoint\":\"xl\",\"title_position\":\"top-left\",\"title_rotation\":\"left\",\"vertical_align\":\"middle\",\"width\":\"default\"},\"children\":[{\"type\":\"row\",\"props\":{\"margin\":\"xlarge\",\"margin_remove_bottom\":false},\"children\":[{\"type\":\"column\",\"props\":{\"image_position\":\"center-center\",\"position_sticky_breakpoint\":\"m\",\"width_medium\":\"1-1\"},\"children\":[{\"type\":\"headline\",\"props\":{\"content\":\"<span style=\\\"color:#fff;\\\">Speaker<\\\/span><span class=\\\"uk-text-primary\\\">.<\\\/span><br \/>\\n<span style=\\\"color:#fff;\\\">Gr\\u00fcnder<\\\/span><span class=\\\"uk-text-primary\\\">.<\\\/span><br \/>\\n<span style=\\\"color:#fff;\\\">KI-Forscher<\\\/span><span class=\\\"uk-text-primary\\\">.<\\\/span>\",\"position\":\"relative\",\"text_align\":\"right\",\"title_element\":\"h1\",\"title_style\":\"heading-medium\"}}]}]}]},{\"type\":\"section\",\"props\":{\"image_position\":\"top-left\",\"image_size\":\"contain\",\"image_width\":\"190%\",\"overlap\":false,\"padding\":\"large\",\"padding_remove_bottom\":false,\"padding_remove_top\":false,\"preserve_color\":false,\"style\":\"secondary\",\"title_breakpoint\":\"xl\",\"title_position\":\"top-left\",\"title_rotation\":\"left\",\"vertical_align\":\"middle\",\"width\":\"default\"},\"children\":[{\"type\":\"row\",\"props\":{\"column_gap\":\"large\",\"layout\":\"expand,large\",\"match\":false,\"row_gap\":\"large\"},\"children\":[{\"type\":\"column\",\"props\":{\"image_position\":\"center-center\",\"position_sticky_breakpoint\":\"m\",\"vertical_align\":\"middle\",\"width_large\":\"expand\",\"width_medium\":\"expand\"},\"children\":[{\"type\":\"image\",\"props\":{\"animation\":\"parallax\",\"image\":\"wp-content\\\/uploads\\\/DSC06250.jpg\",\"image_box_shadow\":\"medium\",\"image_svg_color\":\"emphasis\",\"image_width\":\"400\",\"margin\":\"remove-vertical\",\"parallax_easing\":\"1\",\"parallax_x\":\"290,290\",\"parallax_y\":\"0,-270\",\"position\":\"relative\",\"position_right\":\"25%\",\"position_top\":\"50\",\"position_z_index\":\"1\",\"text_align\":\"center\",\"text_align_fallback\":\"center\"}},{\"type\":\"image\",\"props\":{\"animation\":\"parallax\",\"image\":\"wp-content\\\/uploads\\\/DSC06256-2.jpg\",\"image_box_shadow\":\"medium\",\"image_svg_color\":\"emphasis\",\"image_width\":\"250\",\"margin\":\"remove-vertical\",\"parallax_easing\":\"1\",\"parallax_x\":\"290,290\",\"parallax_y\":\"0,-270\",\"position\":\"relative\",\"position_right\":\"400\",\"position_top\":\"-20\",\"position_z_index\":\"1\",\"text_align\":\"center\",\"text_align_fallback\":\"center\"}},{\"type\":\"video\",\"props\":{\"animation\":\"parallax\",\"margin\":\"remove-vertical\",\"parallax_easing\":\"1\",\"parallax_y\":\"0,-80\",\"position\":\"relative\",\"position_z_index\":\"1\",\"text_align\":\"center\",\"text_align_fallback\":\"center\",\"video\":\"https:\\\/\\\/www.youtube.com\\\/watch?v=hgfKUFx46Tw\",\"video_autoplay\":\"inview\",\"video_box_shadow\":\"medium\",\"video_controls\":false,\"video_loop\":true,\"video_muted\":true,\"video_playsinline\":true,\"video_width\":\"700\"}},{\"type\":\"image\",\"props\":{\"animation\":\"parallax\",\"image\":\"wp-content\\\/uploads\\\/IMG_20181015_133652-2.jpg\",\"image_box_shadow\":\"medium\",\"image_svg_color\":\"emphasis\",\"image_width\":\"350\",\"margin\":\"default\",\"parallax_easing\":\"1\",\"parallax_y\":\"170,-200\",\"position\":\"absolute\",\"position_right\":\"-70%\",\"position_top\":\"250\",\"position_z_index\":\"0\",\"text_align\":\"center\",\"text_align_fallback\":\"center\",\"visibility\":\"s\"}}]},{\"type\":\"column\",\"props\":{\"image_position\":\"center-center\",\"order_first\":\"l\",\"position_sticky_breakpoint\":\"m\",\"vertical_align\":\"middle\",\"width_large\":\"auto\",\"width_medium\":\"large\"},\"children\":[{\"type\":\"panel\",\"props\":{\"animation\":\"none\",\"content\":\"\n\n<p>\\\"Life's a rock show - better be on stage\\\" - diesem Mantra folgt Dr. Sven J. K\\u00f6rner und vereint das beste aus den akademischen mit der industriellen Welt. Er hat Familie in den Vereinigten Staaten und so sieht er die Kombination aus amerikanischen Optimismus und deutscher Pr\\u00e4zision als Grundlage f\\u00fcr den Erfolg.<\\\/p>\\n\n\n<p>Sven ist ein preisgekr\\u00f6nter Forscher im Bereich cognitive\\\/semantic computing und ein Experte im Feld der k\\u00fcnstlichen Intelligenz; er lenkt seinen Fokus dabei auf die Verarbeitung nat\\u00fcrlicher Sprache und ihre Semantik. Zudem ist er ein Cloud-Experte und ein early adopter neuer Technologien.<\\\/p>\\n\n\n<p>Als Technology Evangelist hielt Sven Vortr\\u00e4ge auf verschiedenen Konferenzen (Dreamforce, CeBit, IEEE, ACM) und arbeitet am liebsten direkt mit Kunden und Kollegen zusammen an Probleml\\u00f6sungen. Sven h\\u00e4lt einen Doktortitel in Informatik und blickt auf eine Forschungshistorie von \\u00fcber 10 Jahren zur\\u00fcck, in denen er erforschte, wie man mit K\\u00fcnstlicher Intelligenz den Softwareentwicklunsgprozess unterst\\u00fctzen kann. Er ver\\u00f6ffentlichte seine Ergebnisse bei der IEEE, der ACM und verschiedenen hochkar\\u00e4tigen Journalen.<\\\/p>\\n\n\n<p>In seiner Karriere in der Softwareindustrie arbeitete Sven mit weltweit f\\u00fchrenden Unternehmen wie bspw. Salesforce, Amazon, Microsoft und Google zusammen. Er war technischer Ansprechpartner und Technology Evangelist genauso f\\u00fcr Partner wie Accenture, Deloitte und CapGemini wie f\\u00fcr Gro\\u00dfkunden.<\\\/p>\\n\n\n<p>Sven ist Mitgr\\u00fcnder und der kreative Kopf hinter thingsTHINKING. Zusammen mit seinem Team gewann er zahlreiche Preise und Auszeichnungen \\u2013 j\\u00fcngst die Anerkennung zum KI-Champion Baden W\\u00fcrttemberg. thingsTHINKING verleiht Computern gesunden Menschenverstand, die daher unterschiedlichste Aufgaben bew\\u00e4ltigen k\\u00f6nnen, dabei flie\\u00dfen j\\u00fcngste Forschungsergebnisse direkt mit ein.<\\\/p>\",\"content_column_breakpoint\":\"m\",\"content_margin\":\"medium\",\"icon_width\":80,\"image_align\":\"top\",\"image_grid_breakpoint\":\"m\",\"image_grid_width\":\"1-2\",\"image_svg_color\":\"emphasis\",\"link_margin\":\"large\",\"link_style\":\"text\",\"link_text\":\"Read more\",\"margin\":\"default\",\"maxwidth\":\"large\",\"meta\":\"\",\"meta_align\":\"above-title\",\"meta_color\":\"primary\",\"meta_element\":\"div\",\"meta_style\":\"heading-large\",\"parallax_breakpoint\":\"m\",\"title\":\"Dr. Sven J. K\\u00f6rner\",\"title_align\":\"top\",\"title_element\":\"h2\",\"title_grid_breakpoint\":\"m\",\"title_grid_width\":\"1-2\",\"title_hover_style\":\"reset\",\"title_margin\":\"xlarge\",\"title_style\":\"heading-small\"}}]}]},{\"type\":\"row\",\"props\":{\"layout\":\"1-2,1-2\",\"margin\":\"xlarge\"},\"children\":[{\"type\":\"column\",\"props\":{\"image_position\":\"center-center\",\"position_sticky_breakpoint\":\"m\",\"width_medium\":\"1-2\"},\"children\":[{\"type\":\"headline\",\"props\":{\"content\":\"<span class=\\\"uk-link-heading uk-text-primary\\\">Jetzt <\\\/span>Keynote-Termin <span class=\\\"uk-link-heading uk-text-primary\\\">anfragen.<\\\/span>\",\"title_element\":\"h2\",\"title_style\":\"heading-medium\"}}]},{\"type\":\"column\",\"props\":{\"image_position\":\"center-center\",\"position_sticky_breakpoint\":\"m\",\"vertical_align\":\"bottom\",\"width_medium\":\"1-2\"},\"children\":[{\"type\":\"module_position\",\"props\":{\"breakpoint\":\"m\",\"content\":\"builder-2\",\"layout\":\"stack\"}}]}]}],\"name\":\"Services 02\"},{\"type\":\"section\",\"props\":{\"id\":\"downloads\",\"image_position\":\"center-center\",\"style\":\"default\",\"title_breakpoint\":\"xl\",\"title_position\":\"top-left\",\"title_rotation\":\"left\",\"vertical_align\":\"middle\",\"width\":\"default\"},\"children\":[{\"type\":\"row\",\"props\":{\"column_gap\":\"collapse\",\"divider\":false,\"layout\":\"1-4,1-4,1-4,1-4|1-2,1-2,1-2,1-2\",\"row_gap\":\"collapse\"},\"children\":[{\"type\":\"column\",\"props\":{\"image_position\":\"center-center\",\"position_sticky_breakpoint\":\"m\",\"vertical_align\":\"middle\",\"width_medium\":\"1-4\",\"width_small\":\"1-2\"},\"children\":[{\"type\":\"headline\",\"props\":{\"content\":\"Downloads\",\"margin\":\"default\",\"margin_remove_bottom\":true,\"title_color\":\"primary\",\"title_element\":\"h2\",\"title_style\":\"heading-small\"}},{\"type\":\"text\",\"props\":{\"column_breakpoint\":\"m\",\"content\":\"Copyright: thingsTHINKING GmbH\",\"margin\":\"default\",\"margin_remove_top\":true}}]},{\"type\":\"column\",\"props\":{\"image_position\":\"center-center\",\"position_sticky_breakpoint\":\"m\",\"width_medium\":\"1-4\",\"width_small\":\"1-2\"},\"children\":[{\"type\":\"image\",\"props\":{\"image\":\"wp-content\\\/uploads\\\/small_Sven_mfk_161116_ThinksThinking_Business_0062_sven_square.jpg\",\"image_svg_color\":\"emphasis\",\"link\":\"wp-content\\\/uploads\\\/Sven_mfk_161116_ThinksThinking_Business_0062_sven_square.jpg\",\"link_target\":\"blank\",\"margin\":\"remove-vertical\"}},{\"type\":\"image\",\"props\":{\"image\":\"wp-content\\\/uploads\\\/small_Sven_mfk_161116_ThinksThinking_Business_0126.jpg\",\"image_svg_color\":\"emphasis\",\"link\":\"wp-content\\\/uploads\\\/Sven_mfk_161116_ThinksThinking_Business_0126.jpg\",\"link_target\":\"blank\",\"margin\":\"remove-vertical\"}}]},{\"type\":\"column\",\"props\":{\"image_position\":\"center-center\",\"position_sticky_breakpoint\":\"m\",\"width_medium\":\"1-4\",\"width_small\":\"1-2\"},\"children\":[{\"type\":\"image\",\"props\":{\"image\":\"wp-content\\\/uploads\\\/small_Sven_mfk_161116_ThinksThinking_Business_0116.jpg\",\"image_svg_color\":\"emphasis\",\"link\":\"wp-content\\\/uploads\\\/Sven_mfk_161116_ThinksThinking_Business_0116.jpg\",\"link_target\":\"blank\",\"margin\":\"remove-vertical\"}},{\"type\":\"image\",\"props\":{\"image\":\"wp-content\\\/uploads\\\/small_Sven_mfk_161116_ThinksThinking_Business_0153.jpg\",\"image_svg_color\":\"emphasis\",\"link\":\"wp-content\\\/uploads\\\/Sven_mfk_161116_ThinksThinking_Business_0153.jpg\",\"link_target\":\"blank\",\"margin\":\"remove-vertical\"}}]},{\"type\":\"column\",\"props\":{\"image_position\":\"center-center\",\"position_sticky_breakpoint\":\"m\",\"width_medium\":\"1-4\",\"width_small\":\"1-2\"},\"children\":[{\"type\":\"image\",\"props\":{\"image\":\"wp-content\\\/uploads\\\/small_Sven_mfk_161116_ThinksThinking_Business_0117.jpg\",\"image_svg_color\":\"emphasis\",\"link\":\"wp-content\\\/uploads\\\/Sven_mfk_161116_ThinksThinking_Business_0117.jpg\",\"link_target\":\"blank\",\"margin\":\"remove-vertical\"}},{\"type\":\"image\",\"props\":{\"image\":\"wp-content\\\/uploads\\\/small_Sven_mfk_161116_ThinksThinking_Business_0154.jpg\",\"image_svg_color\":\"emphasis\",\"link\":\"wp-content\\\/uploads\\\/Sven_mfk_161116_ThinksThinking_Business_0154.jpg\",\"link_target\":\"blank\",\"margin\":\"remove-vertical\"}}]}]}],\"name\":\"Downloads\"}],\"version\":\"4.3.6\"} --><\/p>\n","protected":false},"excerpt":{"rendered":"<p>Speaker. Gr\u00fcnder. KI-Forscher. Mit dem Laden des Videos akzeptieren Sie die Datenschutzerkl\u00e4rung von YouTube.Mehr erfahren Video laden YouTube immer entsperren Dr. Sven J. K\u00f6rner &#8222;Life&#8217;s a rock show &#8211; better be on stage&#8220; &#8211; diesem Mantra folgt Dr. Sven J. K\u00f6rner und vereint das beste aus den akademischen mit der industriellen Welt. Er hat Familie [&hellip;]<\/p>\n","protected":false},"author":1,"featured_media":0,"parent":0,"menu_order":0,"comment_status":"closed","ping_status":"closed","template":"","meta":{"_acf_changed":false,"footnotes":""},"acf":[],"yoast_head":"<!-- This site is optimized with the Yoast SEO Premium plugin v22.7 (Yoast SEO v23.5) - https:\/\/yoast.com\/wordpress\/plugins\/seo\/ -->\n<title>Keynote-Speaker Sven K\u00f6rner - semantha<\/title>\n<meta name=\"robots\" content=\"index, follow, max-snippet:-1, max-image-preview:large, max-video-preview:-1\" \/>\n<link rel=\"canonical\" href=\"https:\/\/www.semantha.de\/de\/sven-koerner\/\" \/>\n<meta property=\"og:locale\" content=\"de_DE\" \/>\n<meta property=\"og:type\" content=\"article\" \/>\n<meta property=\"og:title\" content=\"Keynote-Speaker Sven K\u00f6rner\" \/>\n<meta property=\"og:description\" content=\"Speaker. Gr\u00fcnder. KI-Forscher. Mit dem Laden des Videos akzeptieren Sie die Datenschutzerkl\u00e4rung von YouTube.Mehr erfahren Video laden YouTube immer entsperren Dr. Sven J. K\u00f6rner &#8222;Life&#8217;s a rock show &#8211; better be on stage&#8220; &#8211; diesem Mantra folgt Dr. Sven J. K\u00f6rner und vereint das beste aus den akademischen mit der industriellen Welt. Er hat Familie [&hellip;]\" \/>\n<meta property=\"og:url\" content=\"https:\/\/www.semantha.de\/de\/sven-koerner\/\" \/>\n<meta property=\"og:site_name\" content=\"semantha\" \/>\n<meta property=\"article:modified_time\" content=\"2024-09-24T09:16:20+00:00\" \/>\n<meta name=\"twitter:card\" content=\"summary_large_image\" \/>\n<meta name=\"twitter:site\" content=\"@semanthaAI\" \/>\n<meta name=\"twitter:label1\" content=\"Gesch\u00e4tzte Lesezeit\" \/>\n\t<meta name=\"twitter:data1\" content=\"1\u00a0Minute\" \/>\n<!-- \/ Yoast SEO Premium plugin. -->","yoast_head_json":{"title":"Keynote-Speaker Sven K\u00f6rner - semantha","robots":{"index":"index","follow":"follow","max-snippet":"max-snippet:-1","max-image-preview":"max-image-preview:large","max-video-preview":"max-video-preview:-1"},"canonical":"https:\/\/www.semantha.de\/de\/sven-koerner\/","og_locale":"de_DE","og_type":"article","og_title":"Keynote-Speaker Sven K\u00f6rner","og_description":"Speaker. Gr\u00fcnder. KI-Forscher. Mit dem Laden des Videos akzeptieren Sie die Datenschutzerkl\u00e4rung von YouTube.Mehr erfahren Video laden YouTube immer entsperren Dr. Sven J. K\u00f6rner &#8222;Life&#8217;s a rock show &#8211; better be on stage&#8220; &#8211; diesem Mantra folgt Dr. Sven J. K\u00f6rner und vereint das beste aus den akademischen mit der industriellen Welt. Er hat Familie [&hellip;]","og_url":"https:\/\/www.semantha.de\/de\/sven-koerner\/","og_site_name":"semantha","article_modified_time":"2024-09-24T09:16:20+00:00","twitter_card":"summary_large_image","twitter_site":"@semanthaAI","twitter_misc":{"Gesch\u00e4tzte Lesezeit":"1\u00a0Minute"},"schema":{"@context":"https:\/\/schema.org","@graph":[{"@type":"WebPage","@id":"https:\/\/www.semantha.de\/de\/sven-koerner\/","url":"https:\/\/www.semantha.de\/de\/sven-koerner\/","name":"Keynote-Speaker Sven K\u00f6rner - semantha","isPartOf":{"@id":"https:\/\/www.semantha.de\/de\/#website"},"datePublished":"2021-02-24T09:56:04+00:00","dateModified":"2024-09-24T09:16:20+00:00","breadcrumb":{"@id":"https:\/\/www.semantha.de\/de\/sven-koerner\/#breadcrumb"},"inLanguage":"de","potentialAction":[{"@type":"ReadAction","target":["https:\/\/www.semantha.de\/de\/sven-koerner\/"]}]},{"@type":"BreadcrumbList","@id":"https:\/\/www.semantha.de\/de\/sven-koerner\/#breadcrumb","itemListElement":[{"@type":"ListItem","position":1,"name":"Startseite","item":"https:\/\/www.semantha.de\/de\/"},{"@type":"ListItem","position":2,"name":"Keynote-Speaker Sven K\u00f6rner"}]},{"@type":"WebSite","@id":"https:\/\/www.semantha.de\/de\/#website","url":"https:\/\/www.semantha.de\/de\/","name":"semantha","description":"the semantic platform","potentialAction":[{"@type":"SearchAction","target":{"@type":"EntryPoint","urlTemplate":"https:\/\/www.semantha.de\/de\/?s={search_term_string}"},"query-input":{"@type":"PropertyValueSpecification","valueRequired":true,"valueName":"search_term_string"}}],"inLanguage":"de"}]}},"_links":{"self":[{"href":"https:\/\/www.semantha.de\/de\/wp-json\/wp\/v2\/pages\/5963"}],"collection":[{"href":"https:\/\/www.semantha.de\/de\/wp-json\/wp\/v2\/pages"}],"about":[{"href":"https:\/\/www.semantha.de\/de\/wp-json\/wp\/v2\/types\/page"}],"author":[{"embeddable":true,"href":"https:\/\/www.semantha.de\/de\/wp-json\/wp\/v2\/users\/1"}],"replies":[{"embeddable":true,"href":"https:\/\/www.semantha.de\/de\/wp-json\/wp\/v2\/comments?post=5963"}],"version-history":[{"count":15,"href":"https:\/\/www.semantha.de\/de\/wp-json\/wp\/v2\/pages\/5963\/revisions"}],"predecessor-version":[{"id":13642,"href":"https:\/\/www.semantha.de\/de\/wp-json\/wp\/v2\/pages\/5963\/revisions\/13642"}],"wp:attachment":[{"href":"https:\/\/www.semantha.de\/de\/wp-json\/wp\/v2\/media?parent=5963"}],"curies":[{"name":"wp","href":"https:\/\/api.w.org\/{rel}","templated":true}]}}