{"id":6626,"date":"2022-04-07T14:41:01","date_gmt":"2022-04-07T12:41:01","guid":{"rendered":"https:\/\/www.semantha.de\/?page_id=6626"},"modified":"2022-04-13T16:15:25","modified_gmt":"2022-04-13T14:15:25","slug":"cookies","status":"publish","type":"page","link":"https:\/\/www.semantha.de\/de\/cookies\/","title":{"rendered":"Cookies"},"content":{"rendered":"<h1>Cookies<\/h1>\n<h1>Ihre Cookie-Einstellung<\/h1>\n<div>\n<p>    <a href=\"#\" class=\"_brlbs-btn-cookie-preference borlabs-cookie-preference\">Cookie Einstellungen \u00e4ndern<\/a>\n<\/div>\n<hr>\n<h1>Einwilligungs-Historie<\/h1>\n<div>\n<div class=\"BorlabsCookie\" data-borlabs-cookie-consent-history><div class=\"_brlbs-responsive-table\"><table class=\"_brlbs-table\"><thead><tr><th class=\"_brlbs-table-date\" scope=\"col\">Datum<\/th><th class=\"_brlbs-table-version\" scope=\"col\">Version<\/th><th class=\"_brlbs-table-consents\" scope=\"col\">Einwilligungen<\/th><\/tr><\/thead><\/table><\/div><\/div>\n<\/div>\n<hr>\n<h1>Opt-Out Google Tag Manager<\/h1>\n<div>\n<div class=\"BorlabsCookie _brlbs-switch-consent\"><label class=\"_brlbs-btn-switch _brlbs-btn-switch--textRight\"><input type=\"checkbox\" id=\"borlabs-cookie-google-tag-manager\" data-cookie-group=\"statistics\" name=\"borlabsCookie[statistics][]\" value=\"google-tag-manager\" data-borlabs-cookie-switch \/><span class=\"_brlbs-slider\"><\/span><span class=\"_brlbs-btn-switch-status\" data-active=\"An\" data-inactive=\"Aus\" aria-hidden=\"true\"><\/span><\/label><label class=\"_brlbs-title\" for=\"borlabs-cookie-google-tag-manager\">Google Tag Manager (inkl. Google Analytics)<\/label><\/div><\/div>\n<hr>\n<h1>Cookie-Liste<\/h1>\n<div>\n<div class=\"BorlabsCookie\"><h3 class=\"_brlbs _brlbs-cg-essential\">Essenziell<\/h3><p class=\"_brlbs _brlbs-cg-essential\">Essenzielle Cookies erm\u00f6glichen grundlegende Funktionen und sind f\u00fcr die einwandfreie Funktion der Website erforderlich.<\/p><h4 class=\"_brlbs _brlbs-c-borlabs-cookie\">Borlabs Cookie<\/h4><div class=\"_brlbs-responsive-table\"><table class=\"_brlbs _brlbs-c-borlabs-cookie\"><tr><th scope=\"row\">Name<\/th><td>Borlabs Cookie<\/td><\/tr><tr><th scope=\"row\">Anbieter<\/th><td>Eigent\u00fcmer dieser Website<span>, <\/span><a href=\"https:\/\/www.semantha.de\/de\/impressum\/\">Impressum<\/a><\/td><\/tr><tr><th scope=\"row\">Zweck<\/th><td>Speichert die Einstellungen der Besucher, die in der Cookie Box von Borlabs Cookie ausgew\u00e4hlt wurden.<\/td><\/tr><tr><th scope=\"row\">Cookie Name<\/th><td>borlabs-cookie<\/td><\/tr><tr><th scope=\"row\">Cookie Laufzeit<\/th><td>1 Jahr<\/td><\/tr><\/table><\/div><h4 class=\"_brlbs _brlbs-c-wpml\">WPML<\/h4><div class=\"_brlbs-responsive-table\"><table class=\"_brlbs _brlbs-c-wpml\"><tr><th scope=\"row\">Name<\/th><td>WPML<\/td><\/tr><tr><th scope=\"row\">Anbieter<\/th><td>Eigent\u00fcmer dieser Website<\/td><\/tr><tr><th scope=\"row\">Zweck<\/th><td>Speichert die aktuelle Sprache.<\/td><\/tr><tr><th scope=\"row\">Cookie Name<\/th><td>_icl_*, wpml_*, wp-wpml_*<\/td><\/tr><tr><th scope=\"row\">Cookie Laufzeit<\/th><td>1 Tag<\/td><\/tr><\/table><\/div><h3 class=\"_brlbs _brlbs-cg-statistics\">Statistiken<\/h3><p class=\"_brlbs _brlbs-cg-statistics\">Statistik Cookies erfassen Informationen anonym. Diese Informationen helfen uns zu verstehen, wie unsere Besucher unsere Website nutzen.<\/p><h4 class=\"_brlbs _brlbs-c-google-tag-manager\">Google Tag Manager<\/h4><div class=\"_brlbs-responsive-table\"><table class=\"_brlbs _brlbs-c-google-tag-manager\"><tr><th scope=\"row\">Name<\/th><td>Google Tag Manager<\/td><\/tr><tr><th scope=\"row\">Anbieter<\/th><td>Google Ireland Limited, Gordon House, Barrow Street, Dublin 4, Ireland<\/td><\/tr><tr><th scope=\"row\">Zweck<\/th><td>Cookie von Google zur Steuerung der erweiterten Script- und Ereignisbehandlung.<\/td><\/tr><tr><th scope=\"row\">Datenschutzerkl\u00e4rung<\/th><td><a href=\"https:\/\/policies.google.com\/privacy?hl=de\" target=\"_blank\" rel=\"nofollow noopener noreferrer\">https:\/\/policies.google.com\/privacy?hl=de<\/a><\/td><\/tr><tr><th scope=\"row\">Cookie Name<\/th><td>_ga,_gat,_gid<\/td><\/tr><tr><th scope=\"row\">Cookie Laufzeit<\/th><td>2 Jahre<\/td><\/tr><\/table><\/div><h4 class=\"_brlbs _brlbs-c-google-analytics\">Google Analytics<\/h4><div class=\"_brlbs-responsive-table\"><table class=\"_brlbs _brlbs-c-google-analytics\"><tr><th scope=\"row\">Name<\/th><td>Google Analytics<\/td><\/tr><tr><th scope=\"row\">Anbieter<\/th><td>Google Ireland Limited, Gordon House, Barrow Street, Dublin 4, Ireland<\/td><\/tr><tr><th scope=\"row\">Zweck<\/th><td>Cookie von Google f\u00fcr Website-Analysen. Erzeugt statistische Daten dar\u00fcber, wie der Besucher die Website nutzt.<\/td><\/tr><tr><th scope=\"row\">Datenschutzerkl\u00e4rung<\/th><td><a href=\"https:\/\/policies.google.com\/privacy?hl=de\" target=\"_blank\" rel=\"nofollow noopener noreferrer\">https:\/\/policies.google.com\/privacy?hl=de<\/a><\/td><\/tr><tr><th scope=\"row\">Cookie Name<\/th><td>_ga,_gat,_gid<\/td><\/tr><tr><th scope=\"row\">Cookie Laufzeit<\/th><td>2 Monate<\/td><\/tr><\/table><\/div><h3 class=\"_brlbs _brlbs-cg-marketing\">Marketing<\/h3><p class=\"_brlbs _brlbs-cg-marketing\">Marketing-Cookies werden von Drittanbietern oder Publishern verwendet, um personalisierte Werbung anzuzeigen. Sie tun dies, indem sie Besucher \u00fcber Websites hinweg verfolgen.<\/p><h4 class=\"_brlbs _brlbs-c-google-ads\">Google Ads<\/h4><div class=\"_brlbs-responsive-table\"><table class=\"_brlbs _brlbs-c-google-ads\"><tr><th scope=\"row\">Name<\/th><td>Google Ads<\/td><\/tr><tr><th scope=\"row\">Anbieter<\/th><td>Google Ireland Limited, Gordon House, Barrow Street, Dublin 4, Ireland<\/td><\/tr><tr><th scope=\"row\">Zweck<\/th><td>Cookie von Google, das f\u00fcr das Conversion-Tracking von Google Ads verwendet wird.<\/td><\/tr><tr><th scope=\"row\">Datenschutzerkl\u00e4rung<\/th><td><a href=\"https:\/\/policies.google.com\/privacy?hl=de\" target=\"_blank\" rel=\"nofollow noopener noreferrer\">https:\/\/policies.google.com\/privacy?hl=de<\/a><\/td><\/tr><\/table><\/div><h3 class=\"_brlbs _brlbs-cg-external-media\">Externe Medien<\/h3><p class=\"_brlbs _brlbs-cg-external-media\">Inhalte von Videoplattformen und Social-Media-Plattformen werden standardm\u00e4\u00dfig blockiert. Wenn Cookies von externen Medien akzeptiert werden, bedarf der Zugriff auf diese Inhalte keiner manuellen Einwilligung mehr.<\/p><h4 class=\"_brlbs _brlbs-c-facebook\">Facebook<\/h4><div class=\"_brlbs-responsive-table\"><table class=\"_brlbs _brlbs-c-facebook\"><tr><th scope=\"row\">Name<\/th><td>Facebook<\/td><\/tr><tr><th scope=\"row\">Anbieter<\/th><td>Meta Platforms Ireland Limited, 4 Grand Canal Square, Dublin 2, Ireland<\/td><\/tr><tr><th scope=\"row\">Zweck<\/th><td>Wird verwendet, um Facebook-Inhalte zu entsperren.<\/td><\/tr><tr><th scope=\"row\">Datenschutzerkl\u00e4rung<\/th><td><a href=\"https:\/\/www.facebook.com\/privacy\/explanation\" target=\"_blank\" rel=\"nofollow noopener noreferrer\">https:\/\/www.facebook.com\/privacy\/explanation<\/a><\/td><\/tr><tr><th scope=\"row\">Host(s)<\/th><td>.facebook.com<\/td><\/tr><\/table><\/div><h4 class=\"_brlbs _brlbs-c-hubspot-meeting\">HubSpot Meeting<\/h4><div class=\"_brlbs-responsive-table\"><table class=\"_brlbs _brlbs-c-hubspot-meeting\"><tr><th scope=\"row\">Name<\/th><td>HubSpot Meeting<\/td><\/tr><tr><th scope=\"row\">Anbieter<\/th><td>HubSpot Inc., 25 First Street, 2nd Floor, Cambridge, MA 02141, USA<\/td><\/tr><tr><th scope=\"row\">Zweck<\/th><td>HubSpot ist ein Verwaltungsdienst f\u00fcr Benutzerdatenbanken bereitgestellt von HubSpot, Inc. Wir nutzen HubSpot auf dieser Website f\u00fcr unsere Online Marketing-Aktivit\u00e4ten.<\/td><\/tr><tr><th scope=\"row\">Datenschutzerkl\u00e4rung<\/th><td><a href=\"https:\/\/legal.hubspot.com\/privacy-policy\" target=\"_blank\" rel=\"nofollow noopener noreferrer\">https:\/\/legal.hubspot.com\/privacy-policy<\/a><\/td><\/tr><\/table><\/div><h4 class=\"_brlbs _brlbs-c-googlemaps\">Google Maps<\/h4><div class=\"_brlbs-responsive-table\"><table class=\"_brlbs _brlbs-c-googlemaps\"><tr><th scope=\"row\">Name<\/th><td>Google Maps<\/td><\/tr><tr><th scope=\"row\">Anbieter<\/th><td>Google Ireland Limited, Gordon House, Barrow Street, Dublin 4, Ireland<\/td><\/tr><tr><th scope=\"row\">Zweck<\/th><td>Wird zum Entsperren von Google Maps-Inhalten verwendet.<\/td><\/tr><tr><th scope=\"row\">Datenschutzerkl\u00e4rung<\/th><td><a href=\"https:\/\/policies.google.com\/privacy\" target=\"_blank\" rel=\"nofollow noopener noreferrer\">https:\/\/policies.google.com\/privacy<\/a><\/td><\/tr><tr><th scope=\"row\">Host(s)<\/th><td>.google.com<\/td><\/tr><tr><th scope=\"row\">Cookie Name<\/th><td>NID<\/td><\/tr><tr><th scope=\"row\">Cookie Laufzeit<\/th><td>6 Monate<\/td><\/tr><\/table><\/div><h4 class=\"_brlbs _brlbs-c-instagram\">Instagram<\/h4><div class=\"_brlbs-responsive-table\"><table class=\"_brlbs _brlbs-c-instagram\"><tr><th scope=\"row\">Name<\/th><td>Instagram<\/td><\/tr><tr><th scope=\"row\">Anbieter<\/th><td>Meta Platforms Ireland Limited, 4 Grand Canal Square, Dublin 2, Ireland<\/td><\/tr><tr><th scope=\"row\">Zweck<\/th><td>Wird verwendet, um Instagram-Inhalte zu entsperren.<\/td><\/tr><tr><th scope=\"row\">Datenschutzerkl\u00e4rung<\/th><td><a href=\"https:\/\/www.instagram.com\/legal\/privacy\/\" target=\"_blank\" rel=\"nofollow noopener noreferrer\">https:\/\/www.instagram.com\/legal\/privacy\/<\/a><\/td><\/tr><tr><th scope=\"row\">Host(s)<\/th><td>.instagram.com<\/td><\/tr><tr><th scope=\"row\">Cookie Name<\/th><td>pigeon_state<\/td><\/tr><tr><th scope=\"row\">Cookie Laufzeit<\/th><td>Sitzung<\/td><\/tr><\/table><\/div><h4 class=\"_brlbs _brlbs-c-openstreetmap\">OpenStreetMap<\/h4><div class=\"_brlbs-responsive-table\"><table class=\"_brlbs _brlbs-c-openstreetmap\"><tr><th scope=\"row\">Name<\/th><td>OpenStreetMap<\/td><\/tr><tr><th scope=\"row\">Anbieter<\/th><td>Openstreetmap Foundation, St John\u2019s Innovation Centre, Cowley Road, Cambridge CB4 0WS, United Kingdom<\/td><\/tr><tr><th scope=\"row\">Zweck<\/th><td>Wird verwendet, um OpenStreetMap-Inhalte zu entsperren.<\/td><\/tr><tr><th scope=\"row\">Datenschutzerkl\u00e4rung<\/th><td><a href=\"https:\/\/wiki.osmfoundation.org\/wiki\/Privacy_Policy\" target=\"_blank\" rel=\"nofollow noopener noreferrer\">https:\/\/wiki.osmfoundation.org\/wiki\/Privacy_Policy<\/a><\/td><\/tr><tr><th scope=\"row\">Host(s)<\/th><td>.openstreetmap.org<\/td><\/tr><tr><th scope=\"row\">Cookie Name<\/th><td>_osm_location, _osm_session, _osm_totp_token, _osm_welcome, _pk_id., _pk_ref., _pk_ses., qos_token<\/td><\/tr><tr><th scope=\"row\">Cookie Laufzeit<\/th><td>1-10 Jahre<\/td><\/tr><\/table><\/div><h4 class=\"_brlbs _brlbs-c-twitter\">Twitter<\/h4><div class=\"_brlbs-responsive-table\"><table class=\"_brlbs _brlbs-c-twitter\"><tr><th scope=\"row\">Name<\/th><td>Twitter<\/td><\/tr><tr><th scope=\"row\">Anbieter<\/th><td>Twitter International Company, One Cumberland Place, Fenian Street, Dublin 2, D02 AX07, Ireland<\/td><\/tr><tr><th scope=\"row\">Zweck<\/th><td>Wird verwendet, um Twitter-Inhalte zu entsperren.<\/td><\/tr><tr><th scope=\"row\">Datenschutzerkl\u00e4rung<\/th><td><a href=\"https:\/\/twitter.com\/privacy\" target=\"_blank\" rel=\"nofollow noopener noreferrer\">https:\/\/twitter.com\/privacy<\/a><\/td><\/tr><tr><th scope=\"row\">Host(s)<\/th><td>.twimg.com, .twitter.com<\/td><\/tr><tr><th scope=\"row\">Cookie Name<\/th><td>__widgetsettings, local_storage_support_test<\/td><\/tr><tr><th scope=\"row\">Cookie Laufzeit<\/th><td>Unbegrenzt<\/td><\/tr><\/table><\/div><h4 class=\"_brlbs _brlbs-c-vimeo\">Vimeo<\/h4><div class=\"_brlbs-responsive-table\"><table class=\"_brlbs _brlbs-c-vimeo\"><tr><th scope=\"row\">Name<\/th><td>Vimeo<\/td><\/tr><tr><th scope=\"row\">Anbieter<\/th><td>Vimeo Inc., 555 West 18th Street, New York, New York 10011, USA<\/td><\/tr><tr><th scope=\"row\">Zweck<\/th><td>Wird verwendet, um Vimeo-Inhalte zu entsperren.<\/td><\/tr><tr><th scope=\"row\">Datenschutzerkl\u00e4rung<\/th><td><a href=\"https:\/\/vimeo.com\/privacy\" target=\"_blank\" rel=\"nofollow noopener noreferrer\">https:\/\/vimeo.com\/privacy<\/a><\/td><\/tr><tr><th scope=\"row\">Host(s)<\/th><td>player.vimeo.com<\/td><\/tr><tr><th scope=\"row\">Cookie Name<\/th><td>vuid<\/td><\/tr><tr><th scope=\"row\">Cookie Laufzeit<\/th><td>2 Jahre<\/td><\/tr><\/table><\/div><h4 class=\"_brlbs _brlbs-c-youtube\">YouTube<\/h4><div class=\"_brlbs-responsive-table\"><table class=\"_brlbs _brlbs-c-youtube\"><tr><th scope=\"row\">Name<\/th><td>YouTube<\/td><\/tr><tr><th scope=\"row\">Anbieter<\/th><td>Google Ireland Limited, Gordon House, Barrow Street, Dublin 4, Ireland<\/td><\/tr><tr><th scope=\"row\">Zweck<\/th><td>Wird verwendet, um YouTube-Inhalte zu entsperren.<\/td><\/tr><tr><th scope=\"row\">Datenschutzerkl\u00e4rung<\/th><td><a href=\"https:\/\/policies.google.com\/privacy\" target=\"_blank\" rel=\"nofollow noopener noreferrer\">https:\/\/policies.google.com\/privacy<\/a><\/td><\/tr><tr><th scope=\"row\">Host(s)<\/th><td>google.com<\/td><\/tr><tr><th scope=\"row\">Cookie Name<\/th><td>NID<\/td><\/tr><tr><th scope=\"row\">Cookie Laufzeit<\/th><td>6 Monate<\/td><\/tr><\/table><\/div><\/div><\/div>\n<p><!--more--><br \/>\n<!-- {\"name\":\"Ansprechpartner\",\"type\":\"layout\",\"children\":[{\"type\":\"section\",\"props\":{\"style\":\"secondary\",\"width\":\"default\",\"vertical_align\":\"middle\",\"title_position\":\"top-left\",\"title_rotation\":\"left\",\"title_breakpoint\":\"xl\",\"image_position\":\"center-center\",\"image\":\"\",\"css\":\"._brlbs-table,\\ntable[class^=\\\"_brlbs-c\\\"],\\ntable[class*=' _brlbs-c'] {\\n    border-spacing: 0;\\n    border: .5px solid #fff;\\n    border-collapse: collapse;\\n    border-style: hidden;\\n}\\n\\n._brlbs-table td,\\n._brlbs-table th,\\ntable[class^=\\\"_brlbs-c\\\"] td,\\ntable[class^=\\\"_brlbs-c\\\"] th,\\ntable[class*=' _brlbs-c'] td,\\ntable[class*=' _brlbs-c'] th {\\n    border: 1px solid #fff;\\n    margin: 0;\\n    padding: 5px 15px !important; \\n    text-align: left;\\n    vertical-align: top;\\n}\"},\"children\":[{\"type\":\"row\",\"children\":[{\"type\":\"column\",\"props\":{\"image_position\":\"center-center\",\"media_overlay_gradient\":\"\",\"width_medium\":\"1-1\",\"position_sticky_breakpoint\":\"m\"},\"children\":[{\"type\":\"headline\",\"props\":{\"title_element\":\"h1\",\"title_style\":\"heading-xlarge\",\"margin\":\"xlarge\",\"content\":\"Cookies\"}}]}]},{\"type\":\"row\",\"children\":[{\"type\":\"column\",\"props\":{\"image_position\":\"center-center\",\"media_overlay_gradient\":\"\",\"width_medium\":\"1-1\",\"position_sticky_breakpoint\":\"m\"},\"children\":[{\"type\":\"headline\",\"props\":{\"title_element\":\"h1\",\"title_style\":\"heading-small\",\"margin\":\"default\",\"content\":\"Ihre Cookie-Einstellung\"}},{\"type\":\"html\",\"props\":{\"content\":\"<a href=\\\"#\\\" class=\\\"_brlbs-btn-cookie-preference borlabs-cookie-preference\\\">Cookie Einstellungen \\u00e4ndern<\\\/a>\"}},{\"type\":\"divider\",\"props\":{\"divider_element\":\"hr\",\"divider_style\":\"\",\"divider_align\":\"\",\"divider_align_breakpoint\":\"\",\"divider_align_fallback\":\"\",\"margin\":\"medium\",\"animation\":\"none\"}},{\"type\":\"headline\",\"props\":{\"title_element\":\"h1\",\"title_style\":\"heading-small\",\"margin\":\"default\",\"content\":\"Einwilligungs-Historie\"}},{\"type\":\"html\",\"props\":{\"content\":\"[borlabs-cookie type=\\\"consent-history\\\"\\\/]\\n\"}},{\"type\":\"divider\",\"props\":{\"divider_element\":\"hr\",\"divider_style\":\"\",\"divider_align\":\"\",\"divider_align_breakpoint\":\"\",\"divider_align_fallback\":\"\",\"margin\":\"medium\",\"animation\":\"none\"}},{\"type\":\"headline\",\"props\":{\"title_element\":\"h1\",\"title_style\":\"heading-small\",\"margin\":\"default\",\"content\":\"Opt-Out Google Tag Manager\"}},{\"type\":\"html\",\"props\":{\"content\":\"[borlabs-cookie type=\\\"btn-switch-consent\\\" id=\\\"google-tag-manager\\\" title=\\\"Google Tag Manager (inkl. Google Analytics)\\\"\\\/]\"}},{\"type\":\"divider\",\"props\":{\"divider_element\":\"hr\",\"divider_style\":\"\",\"divider_align\":\"\",\"divider_align_breakpoint\":\"\",\"divider_align_fallback\":\"\",\"margin\":\"medium\",\"animation\":\"none\"}},{\"type\":\"headline\",\"props\":{\"title_element\":\"h1\",\"title_style\":\"heading-small\",\"margin\":\"default\",\"content\":\"Cookie-Liste\"}},{\"type\":\"html\",\"props\":{\"content\":\"[borlabs-cookie type=\\\"cookie-list\\\"\\\/]\"}}]}]}],\"name\":\"Fragen? Kontakt\"}],\"version\":\"2.7.21\"} --><\/p>\n","protected":false},"excerpt":{"rendered":"<p>Cookies Ihre Cookie-Einstellung Cookie Einstellungen \u00e4ndern Einwilligungs-Historie Opt-Out Google Tag Manager Cookie-Liste<\/p>\n","protected":false},"author":17,"featured_media":0,"parent":0,"menu_order":0,"comment_status":"closed","ping_status":"closed","template":"","meta":{"_acf_changed":false,"footnotes":""},"acf":[],"yoast_head":"<!-- This site is optimized with the Yoast SEO Premium plugin v22.7 (Yoast SEO v23.5) - https:\/\/yoast.com\/wordpress\/plugins\/seo\/ -->\n<title>Cookies - semantha<\/title>\n<meta name=\"robots\" content=\"index, follow, max-snippet:-1, max-image-preview:large, max-video-preview:-1\" \/>\n<link rel=\"canonical\" href=\"https:\/\/www.semantha.de\/de\/cookies\/\" \/>\n<meta property=\"og:locale\" content=\"de_DE\" \/>\n<meta property=\"og:type\" content=\"article\" \/>\n<meta property=\"og:title\" content=\"Cookies\" \/>\n<meta property=\"og:description\" content=\"Cookies Ihre Cookie-Einstellung Cookie Einstellungen \u00e4ndern Einwilligungs-Historie Opt-Out Google Tag Manager Cookie-Liste\" \/>\n<meta property=\"og:url\" content=\"https:\/\/www.semantha.de\/de\/cookies\/\" \/>\n<meta property=\"og:site_name\" content=\"semantha\" \/>\n<meta property=\"article:modified_time\" content=\"2022-04-13T14:15:25+00:00\" \/>\n<meta name=\"twitter:card\" content=\"summary_large_image\" \/>\n<meta name=\"twitter:site\" content=\"@semanthaAI\" \/>\n<!-- \/ Yoast SEO Premium plugin. -->","yoast_head_json":{"title":"Cookies - semantha","robots":{"index":"index","follow":"follow","max-snippet":"max-snippet:-1","max-image-preview":"max-image-preview:large","max-video-preview":"max-video-preview:-1"},"canonical":"https:\/\/www.semantha.de\/de\/cookies\/","og_locale":"de_DE","og_type":"article","og_title":"Cookies","og_description":"Cookies Ihre Cookie-Einstellung Cookie Einstellungen \u00e4ndern Einwilligungs-Historie Opt-Out Google Tag Manager Cookie-Liste","og_url":"https:\/\/www.semantha.de\/de\/cookies\/","og_site_name":"semantha","article_modified_time":"2022-04-13T14:15:25+00:00","twitter_card":"summary_large_image","twitter_site":"@semanthaAI","schema":{"@context":"https:\/\/schema.org","@graph":[{"@type":"WebPage","@id":"https:\/\/www.semantha.de\/de\/cookies\/","url":"https:\/\/www.semantha.de\/de\/cookies\/","name":"Cookies - semantha","isPartOf":{"@id":"https:\/\/www.semantha.de\/de\/#website"},"datePublished":"2022-04-07T12:41:01+00:00","dateModified":"2022-04-13T14:15:25+00:00","breadcrumb":{"@id":"https:\/\/www.semantha.de\/de\/cookies\/#breadcrumb"},"inLanguage":"de","potentialAction":[{"@type":"ReadAction","target":["https:\/\/www.semantha.de\/de\/cookies\/"]}]},{"@type":"BreadcrumbList","@id":"https:\/\/www.semantha.de\/de\/cookies\/#breadcrumb","itemListElement":[{"@type":"ListItem","position":1,"name":"Startseite","item":"https:\/\/www.semantha.de\/de\/"},{"@type":"ListItem","position":2,"name":"Cookies"}]},{"@type":"WebSite","@id":"https:\/\/www.semantha.de\/de\/#website","url":"https:\/\/www.semantha.de\/de\/","name":"semantha","description":"the semantic platform","potentialAction":[{"@type":"SearchAction","target":{"@type":"EntryPoint","urlTemplate":"https:\/\/www.semantha.de\/de\/?s={search_term_string}"},"query-input":{"@type":"PropertyValueSpecification","valueRequired":true,"valueName":"search_term_string"}}],"inLanguage":"de"}]}},"_links":{"self":[{"href":"https:\/\/www.semantha.de\/de\/wp-json\/wp\/v2\/pages\/6626"}],"collection":[{"href":"https:\/\/www.semantha.de\/de\/wp-json\/wp\/v2\/pages"}],"about":[{"href":"https:\/\/www.semantha.de\/de\/wp-json\/wp\/v2\/types\/page"}],"author":[{"embeddable":true,"href":"https:\/\/www.semantha.de\/de\/wp-json\/wp\/v2\/users\/17"}],"replies":[{"embeddable":true,"href":"https:\/\/www.semantha.de\/de\/wp-json\/wp\/v2\/comments?post=6626"}],"version-history":[{"count":5,"href":"https:\/\/www.semantha.de\/de\/wp-json\/wp\/v2\/pages\/6626\/revisions"}],"predecessor-version":[{"id":6761,"href":"https:\/\/www.semantha.de\/de\/wp-json\/wp\/v2\/pages\/6626\/revisions\/6761"}],"wp:attachment":[{"href":"https:\/\/www.semantha.de\/de\/wp-json\/wp\/v2\/media?parent=6626"}],"curies":[{"name":"wp","href":"https:\/\/api.w.org\/{rel}","templated":true}]}}