{"id":6681,"date":"2022-04-06T14:12:29","date_gmt":"2022-04-06T12:12:29","guid":{"rendered":"https:\/\/www.semantha.de\/success-stories\/"},"modified":"2024-06-06T15:42:39","modified_gmt":"2024-06-06T13:42:39","slug":"success-stories","status":"publish","type":"page","link":"https:\/\/www.semantha.de\/de\/success-stories\/","title":{"rendered":"Success stories"},"content":{"rendered":"<h2>Unsere <span class=\"uk-link-heading uk-text-primary\">success stories<\/span>.<\/h2>\n<div>\n<p>Mit einigen unserer Kunden verbindet uns eine au\u00dfergew\u00f6hnliche Erfolgsgeschichte. Gerne m\u00f6chten wir dir hier diese Geschichte erz\u00e4hlen. Sie sollen als Beispiel dienen, in welchen Bereichen semantha\u00a0helfen kann und wie sie ein St\u00fcck weit die Arbeit erleichtert.<\/p>\n<\/div>\n<p>\n    <a href=\"\/de\/book-a-meet\/\">Lass dich von semantha \u00fcberzeugen!<\/a>\n<\/p>\n<div>\n<p>        <img decoding=\"async\" src=\"\/wp-content\/uploads\/Stadt-HN_BlogHeader-xtra-small.png\" alt=\"\"><\/p>\n<h3>Automatisierung des Posteingangs<\/h3>\n<div>\n<p>Die Verwaltung der Stadt Heilbronn plant ihren Posteingang mittels intelligenter Automatisierung zu beschleunigen. Alle Einsendungen sollen digitalisiert und mithilfe von semantha\u00a0direkt auf dem richtigen Schreibtisch landen.\u00a0<\/p>\n<\/div>\n<p><a href=\"https:\/\/www.semantha.de\/de\/automatisierung-des-posteingangs-stadt-heilbronn-laesst-zusendungen-mittels-ki-verarbeiten\/\">weiterlesen<\/a><\/p>\n<\/div>\n<div>\n<p>        <img decoding=\"async\" src=\"\/wp-content\/uploads\/VoBa-HD_BlogHeader-xtra-small.png\" alt=\"\"><\/p>\n<h3>Rechtsklarheit auf Knopfdruck<\/h3>\n<div>\n<p>Das Urteil des Bundesgerichtshofs zu Pr\u00e4miensparvertr\u00e4gen bedeutet einerseits Rechtssicherheit, andererseits aber eine enorme finanzielle Mehrbelastung f\u00fcr betroffene Banken. Die Heidelberger Volksbank h\u00e4tte zahlreiche Vertr\u00e4ge manuell pr\u00fcfen m\u00fcssen und das innerhalb k\u00fcrzester Zeit, um Klagen zu vermeiden.\u00a0<\/p>\n<\/div>\n<p><a href=\"https:\/\/www.semantha.de\/de\/rechtsklarheit-auf-knopfdruck-heidelberger-volksbank-prueft-zinsklauseln-von-sparvertraegen-mit-ki\/\">weiterlesen<\/a><\/p>\n<\/div>\n<div>\n<p>        <img decoding=\"async\" src=\"\/wp-content\/uploads\/Hella_BlogHeader-1.png\" alt=\"\"><\/p>\n<h3>Immer einen Schritt voraus<\/h3>\n<div>HELLA ist ein global aufgestellter Automobilzulieferer mit rund 36.000 Besch\u00e4ftigten an mehr als 125 Standorten in rund 35 L\u00e4ndern. Das Unternehmen ist auf innovative Lichtsysteme und Fahrzeugelektronik spezialisiert und als einer der Technologief\u00fchrer seit mehr als hundert Jahren in der Automobilindustrie etabliert.<\/div>\n<p><a href=\"https:\/\/www.semantha.de\/de\/hella-setzt-auf-ki-plattform-zur-bereichsuebergreifenden-intelligenten-textanalyse\/\">weiterlesen<\/a><\/p>\n<\/div>\n<div>\n<p>        <img decoding=\"async\" src=\"\/wp-content\/uploads\/Gothaer-wo-Logo_BlogHeader-3.jpg\" alt=\"\"><\/p>\n<h3>Die Time-to-Market beschleunigen mit KI<\/h3>\n<div>Durch den Einsatz unserer semantischen Plattform semantha\u00ae spart die Gothaer Versicherung AG bei der Pr\u00fcfung von Makler-Wordings, neuen Versicherungsbedingungen und Rahmenvereinbarungen erheblich Zeit ein und erh\u00f6ht dadurch die Zufriedenheit von Kunden und Mitarbeitern.<\/div>\n<p><a href=\"https:\/\/www.semantha.de\/de\/die-time-to-market-beschleunigen-mit-ki\/\">weiterlesen<\/a><\/p>\n<\/div>\n<p><!--more--><br \/>\n<!-- {\"name\":\"Partner-Page\",\"type\":\"layout\",\"children\":[{\"type\":\"section\",\"props\":{\"image\":\"wp-content\\\/uploads\\\/AdobeStock_531539942_Opti_Final.png\",\"image_position\":\"center-center\",\"media_overlay\":\"rgba(0, 0, 69, 0.53)\",\"padding_remove_bottom\":false,\"style\":\"secondary\",\"title_breakpoint\":\"xl\",\"title_position\":\"top-left\",\"title_rotation\":\"left\",\"vertical_align\":\"middle\",\"width\":\"default\"},\"children\":[{\"type\":\"row\",\"children\":[{\"type\":\"column\",\"props\":{\"image_position\":\"center-center\",\"position_sticky_breakpoint\":\"m\",\"width_medium\":\"1-1\"},\"children\":[{\"type\":\"headline\",\"props\":{\"content\":\"Unsere <span class=\\\"uk-link-heading uk-text-primary\\\">success stories<\\\/span>.\",\"title_element\":\"h2\",\"title_style\":\"heading-large\"}}]}]},{\"type\":\"row\",\"props\":{\"layout\":\"3-4,1-4\"},\"children\":[{\"type\":\"column\",\"props\":{\"image_position\":\"center-center\",\"position_sticky_breakpoint\":\"m\",\"width_medium\":\"3-4\",\"width_small\":\"3-4\"},\"children\":[{\"type\":\"text\",\"props\":{\"column_breakpoint\":\"m\",\"content\":\"\n\n<p>Mit einigen unserer Kunden verbindet uns eine au\\u00dfergew\\u00f6hnliche Erfolgsgeschichte. Gerne m\\u00f6chten wir dir hier diese Geschichte erz\\u00e4hlen. Sie sollen als Beispiel dienen, in welchen Bereichen semantha\\u00a0helfen kann und wie sie ein St\\u00fcck weit die Arbeit erleichtert.<\\\/p>\",\"margin\":\"default\",\"maxwidth\":\"2xlarge\"}},{\"type\":\"button\",\"props\":{\"grid_column_gap\":\"small\",\"grid_row_gap\":\"small\",\"margin\":\"default\"},\"children\":[{\"type\":\"button_item\",\"props\":{\"button_style\":\"secondary\",\"content\":\"Lass dich von semantha \\u00fcberzeugen!\",\"icon_align\":\"left\",\"link\":\"de\\\/book-a-meet\\\/\"}}]}]},{\"type\":\"column\",\"props\":{\"image_position\":\"center-center\",\"position_sticky_breakpoint\":\"m\",\"width_medium\":\"1-4\",\"width_small\":\"1-4\"}}]}]},{\"type\":\"section\",\"props\":{\"image_position\":\"center-center\",\"preserve_color\":true,\"style\":\"default\",\"title_breakpoint\":\"xl\",\"title_position\":\"top-left\",\"title_rotation\":\"left\",\"vertical_align\":\"middle\",\"width\":\"default\"},\"children\":[{\"type\":\"row\",\"props\":{\"layout\":\"1-2,1-2\"},\"children\":[{\"type\":\"column\",\"props\":{\"image_position\":\"center-center\",\"position_sticky_breakpoint\":\"m\",\"width_medium\":\"1-2\"},\"children\":[{\"type\":\"panel\",\"props\":{\"content\":\"\n\n<p>Die Verwaltung der Stadt Heilbronn plant ihren Posteingang mittels intelligenter Automatisierung zu beschleunigen. Alle Einsendungen sollen digitalisiert und mithilfe von semantha\\u00a0direkt auf dem richtigen Schreibtisch landen.\\u00a0<\\\/p>\",\"content_column_breakpoint\":\"m\",\"height_expand\":true,\"icon_width\":80,\"image\":\"wp-content\\\/uploads\\\/Stadt-HN_BlogHeader-xtra-small.png\",\"image_align\":\"top\",\"image_grid_breakpoint\":\"m\",\"image_grid_width\":\"1-2\",\"image_margin\":\"remove\",\"image_svg_color\":\"emphasis\",\"link\":\"https:\\\/\\\/www.semantha.de\\\/de\\\/automatisierung-des-posteingangs-stadt-heilbronn-laesst-zusendungen-mittels-ki-verarbeiten\\\/\",\"link_style\":\"link-text\",\"link_target\":false,\"link_text\":\"weiterlesen\",\"margin\":\"default\",\"margin_remove_top\":false,\"meta_align\":\"below-title\",\"meta_element\":\"div\",\"meta_style\":\"text-meta\",\"panel_padding\":\"small\",\"panel_style\":\"card-default\",\"title\":\"Automatisierung des Posteingangs\",\"title_align\":\"top\",\"title_element\":\"h3\",\"title_grid_breakpoint\":\"m\",\"title_grid_width\":\"1-2\",\"title_hover_style\":\"reset\"}}]},{\"type\":\"column\",\"props\":{\"image_position\":\"center-center\",\"position_sticky_breakpoint\":\"m\",\"width_medium\":\"1-2\"},\"children\":[{\"type\":\"panel\",\"props\":{\"content\":\"\n\n<p>Das Urteil des Bundesgerichtshofs zu Pr\\u00e4miensparvertr\\u00e4gen bedeutet einerseits Rechtssicherheit, andererseits aber eine enorme finanzielle Mehrbelastung f\\u00fcr betroffene Banken. Die Heidelberger Volksbank h\\u00e4tte zahlreiche Vertr\\u00e4ge manuell pr\\u00fcfen m\\u00fcssen und das innerhalb k\\u00fcrzester Zeit, um Klagen zu vermeiden.\\u00a0<\\\/p>\",\"content_column_breakpoint\":\"m\",\"height_expand\":true,\"icon_width\":80,\"image\":\"wp-content\\\/uploads\\\/VoBa-HD_BlogHeader-xtra-small.png\",\"image_align\":\"top\",\"image_grid_breakpoint\":\"m\",\"image_grid_width\":\"1-2\",\"image_margin\":\"remove\",\"image_svg_color\":\"emphasis\",\"link\":\"https:\\\/\\\/www.semantha.de\\\/de\\\/rechtsklarheit-auf-knopfdruck-heidelberger-volksbank-prueft-zinsklauseln-von-sparvertraegen-mit-ki\\\/\",\"link_style\":\"link-text\",\"link_target\":false,\"link_text\":\"weiterlesen\",\"margin\":\"default\",\"margin_remove_top\":false,\"meta_align\":\"below-title\",\"meta_element\":\"div\",\"meta_style\":\"text-meta\",\"panel_padding\":\"small\",\"panel_style\":\"card-default\",\"title\":\"Rechtsklarheit auf Knopfdruck\",\"title_align\":\"top\",\"title_element\":\"h3\",\"title_grid_breakpoint\":\"m\",\"title_grid_width\":\"1-2\",\"title_hover_style\":\"reset\"}}]}]},{\"type\":\"row\",\"props\":{\"layout\":\"1-2,1-2\"},\"children\":[{\"type\":\"column\",\"props\":{\"image_position\":\"center-center\",\"position_sticky_breakpoint\":\"m\",\"width_medium\":\"1-2\"},\"children\":[{\"type\":\"panel\",\"props\":{\"content\":\"HELLA ist ein global aufgestellter Automobilzulieferer mit rund 36.000 Besch\\u00e4ftigten an mehr als 125 Standorten in rund 35 L\\u00e4ndern. Das Unternehmen ist auf innovative Lichtsysteme und Fahrzeugelektronik spezialisiert und als einer der Technologief\\u00fchrer seit mehr als hundert Jahren in der Automobilindustrie etabliert.\",\"content_column_breakpoint\":\"m\",\"height_expand\":true,\"icon_width\":80,\"image\":\"wp-content\\\/uploads\\\/Hella_BlogHeader-1.png\",\"image_align\":\"top\",\"image_grid_breakpoint\":\"m\",\"image_grid_width\":\"1-2\",\"image_margin\":\"remove\",\"image_svg_color\":\"emphasis\",\"link\":\"https:\\\/\\\/www.semantha.de\\\/de\\\/hella-setzt-auf-ki-plattform-zur-bereichsuebergreifenden-intelligenten-textanalyse\\\/\",\"link_style\":\"link-text\",\"link_target\":false,\"link_text\":\"weiterlesen\",\"margin\":\"default\",\"margin_remove_top\":false,\"meta_align\":\"below-title\",\"meta_element\":\"div\",\"meta_style\":\"text-meta\",\"panel_padding\":\"small\",\"panel_style\":\"card-default\",\"title\":\"Immer einen Schritt voraus\",\"title_align\":\"top\",\"title_element\":\"h3\",\"title_grid_breakpoint\":\"m\",\"title_grid_width\":\"1-2\",\"title_hover_style\":\"reset\"}}]},{\"type\":\"column\",\"props\":{\"image_position\":\"center-center\",\"position_sticky_breakpoint\":\"m\",\"width_medium\":\"1-2\"},\"children\":[{\"type\":\"panel\",\"props\":{\"content\":\"Durch den Einsatz unserer semantischen Plattform semantha\\u00ae spart die Gothaer Versicherung AG bei der Pr\\u00fcfung von Makler-Wordings, neuen Versicherungsbedingungen und Rahmenvereinbarungen erheblich Zeit ein und erh\\u00f6ht dadurch die Zufriedenheit von Kunden und Mitarbeitern.\",\"content_column_breakpoint\":\"m\",\"height_expand\":true,\"icon_width\":80,\"image\":\"wp-content\\\/uploads\\\/Gothaer-wo-Logo_BlogHeader-3.jpg\",\"image_align\":\"top\",\"image_grid_breakpoint\":\"m\",\"image_grid_width\":\"1-2\",\"image_margin\":\"remove\",\"image_svg_color\":\"emphasis\",\"link\":\"https:\\\/\\\/www.semantha.de\\\/de\\\/die-time-to-market-beschleunigen-mit-ki\\\/\",\"link_style\":\"link-text\",\"link_target\":false,\"link_text\":\"weiterlesen\",\"margin\":\"default\",\"margin_remove_top\":false,\"meta_align\":\"below-title\",\"meta_element\":\"div\",\"meta_style\":\"text-meta\",\"panel_padding\":\"small\",\"panel_style\":\"card-default\",\"title\":\"Die Time-to-Market beschleunigen mit KI\",\"title_align\":\"top\",\"title_element\":\"h3\",\"title_grid_breakpoint\":\"m\",\"title_grid_width\":\"1-2\",\"title_hover_style\":\"reset\"}}]}]}],\"name\":\"all benefits\"}],\"version\":\"4.3.6\"} --><\/p>\n","protected":false},"excerpt":{"rendered":"<p>Unsere success stories. Mit einigen unserer Kunden verbindet uns eine au\u00dfergew\u00f6hnliche Erfolgsgeschichte. Gerne m\u00f6chten wir dir hier diese Geschichte erz\u00e4hlen. Sie sollen als Beispiel dienen, in welchen Bereichen semantha\u00a0helfen kann und wie sie ein St\u00fcck weit die Arbeit erleichtert. Lass dich von semantha \u00fcberzeugen! Automatisierung des Posteingangs Die Verwaltung der Stadt Heilbronn plant ihren Posteingang [&hellip;]<\/p>\n","protected":false},"author":17,"featured_media":0,"parent":0,"menu_order":0,"comment_status":"closed","ping_status":"closed","template":"","meta":{"_acf_changed":false,"footnotes":""},"acf":[],"yoast_head":"<!-- This site is optimized with the Yoast SEO Premium plugin v22.7 (Yoast SEO v23.5) - https:\/\/yoast.com\/wordpress\/plugins\/seo\/ -->\n<title>Success stories - semantha<\/title>\n<meta name=\"robots\" content=\"index, follow, max-snippet:-1, max-image-preview:large, max-video-preview:-1\" \/>\n<link rel=\"canonical\" href=\"https:\/\/www.semantha.de\/de\/success-stories\/\" \/>\n<meta property=\"og:locale\" content=\"de_DE\" \/>\n<meta property=\"og:type\" content=\"article\" \/>\n<meta property=\"og:title\" content=\"Success stories\" \/>\n<meta property=\"og:description\" content=\"Unsere success stories. Mit einigen unserer Kunden verbindet uns eine au\u00dfergew\u00f6hnliche Erfolgsgeschichte. Gerne m\u00f6chten wir dir hier diese Geschichte erz\u00e4hlen. Sie sollen als Beispiel dienen, in welchen Bereichen semantha\u00a0helfen kann und wie sie ein St\u00fcck weit die Arbeit erleichtert. Lass dich von semantha \u00fcberzeugen! Automatisierung des Posteingangs Die Verwaltung der Stadt Heilbronn plant ihren Posteingang [&hellip;]\" \/>\n<meta property=\"og:url\" content=\"https:\/\/www.semantha.de\/de\/success-stories\/\" \/>\n<meta property=\"og:site_name\" content=\"semantha\" \/>\n<meta property=\"article:modified_time\" content=\"2024-06-06T13:42:39+00:00\" \/>\n<meta name=\"twitter:card\" content=\"summary_large_image\" \/>\n<meta name=\"twitter:site\" content=\"@semanthaAI\" \/>\n<!-- \/ Yoast SEO Premium plugin. -->","yoast_head_json":{"title":"Success stories - semantha","robots":{"index":"index","follow":"follow","max-snippet":"max-snippet:-1","max-image-preview":"max-image-preview:large","max-video-preview":"max-video-preview:-1"},"canonical":"https:\/\/www.semantha.de\/de\/success-stories\/","og_locale":"de_DE","og_type":"article","og_title":"Success stories","og_description":"Unsere success stories. Mit einigen unserer Kunden verbindet uns eine au\u00dfergew\u00f6hnliche Erfolgsgeschichte. Gerne m\u00f6chten wir dir hier diese Geschichte erz\u00e4hlen. Sie sollen als Beispiel dienen, in welchen Bereichen semantha\u00a0helfen kann und wie sie ein St\u00fcck weit die Arbeit erleichtert. Lass dich von semantha \u00fcberzeugen! Automatisierung des Posteingangs Die Verwaltung der Stadt Heilbronn plant ihren Posteingang [&hellip;]","og_url":"https:\/\/www.semantha.de\/de\/success-stories\/","og_site_name":"semantha","article_modified_time":"2024-06-06T13:42:39+00:00","twitter_card":"summary_large_image","twitter_site":"@semanthaAI","schema":{"@context":"https:\/\/schema.org","@graph":[{"@type":"WebPage","@id":"https:\/\/www.semantha.de\/de\/success-stories\/","url":"https:\/\/www.semantha.de\/de\/success-stories\/","name":"Success stories - semantha","isPartOf":{"@id":"https:\/\/www.semantha.de\/de\/#website"},"datePublished":"2022-04-06T12:12:29+00:00","dateModified":"2024-06-06T13:42:39+00:00","breadcrumb":{"@id":"https:\/\/www.semantha.de\/de\/success-stories\/#breadcrumb"},"inLanguage":"de","potentialAction":[{"@type":"ReadAction","target":["https:\/\/www.semantha.de\/de\/success-stories\/"]}]},{"@type":"BreadcrumbList","@id":"https:\/\/www.semantha.de\/de\/success-stories\/#breadcrumb","itemListElement":[{"@type":"ListItem","position":1,"name":"Startseite","item":"https:\/\/www.semantha.de\/de\/"},{"@type":"ListItem","position":2,"name":"Success stories"}]},{"@type":"WebSite","@id":"https:\/\/www.semantha.de\/de\/#website","url":"https:\/\/www.semantha.de\/de\/","name":"semantha","description":"the semantic platform","potentialAction":[{"@type":"SearchAction","target":{"@type":"EntryPoint","urlTemplate":"https:\/\/www.semantha.de\/de\/?s={search_term_string}"},"query-input":{"@type":"PropertyValueSpecification","valueRequired":true,"valueName":"search_term_string"}}],"inLanguage":"de"}]}},"_links":{"self":[{"href":"https:\/\/www.semantha.de\/de\/wp-json\/wp\/v2\/pages\/6681"}],"collection":[{"href":"https:\/\/www.semantha.de\/de\/wp-json\/wp\/v2\/pages"}],"about":[{"href":"https:\/\/www.semantha.de\/de\/wp-json\/wp\/v2\/types\/page"}],"author":[{"embeddable":true,"href":"https:\/\/www.semantha.de\/de\/wp-json\/wp\/v2\/users\/17"}],"replies":[{"embeddable":true,"href":"https:\/\/www.semantha.de\/de\/wp-json\/wp\/v2\/comments?post=6681"}],"version-history":[{"count":25,"href":"https:\/\/www.semantha.de\/de\/wp-json\/wp\/v2\/pages\/6681\/revisions"}],"predecessor-version":[{"id":13247,"href":"https:\/\/www.semantha.de\/de\/wp-json\/wp\/v2\/pages\/6681\/revisions\/13247"}],"wp:attachment":[{"href":"https:\/\/www.semantha.de\/de\/wp-json\/wp\/v2\/media?parent=6681"}],"curies":[{"name":"wp","href":"https:\/\/api.w.org\/{rel}","templated":true}]}}