{"id":6971,"date":"2022-05-17T15:20:49","date_gmt":"2022-05-17T13:20:49","guid":{"rendered":"https:\/\/www.semantha.de\/?page_id=6971"},"modified":"2024-04-22T12:06:31","modified_gmt":"2024-04-22T10:06:31","slug":"banken","status":"publish","type":"page","link":"https:\/\/www.semantha.de\/de\/banken\/","title":{"rendered":"Banken"},"content":{"rendered":"<h1><span class=\"uk-text-primary\">Zins\u00e4nderungsklauseln <\/span><br \/>in Sparvertr\u00e4gen mit k\u00fcnstlicher Intelligenz <span class=\"uk-text-primary\">pr\u00fcfen<\/span><\/h1>\n<div>\n<p>&#8222;Formularm\u00e4\u00dfige Zins\u00e4nderungsklauseln, die dem Kreditinstitut bei langfristig angelegten Sparvertr\u00e4gen eine inhaltlich unbegrenzte Zins\u00e4nderungsbefugnis einr\u00e4umen, sind unwirksam.&#8220;<\/p>\n<p><span style=\"color: #c3c3c3;\">&#8211; BGH-Urteil vom 17. Februar 2004 \u2013 XI ZR 140\/03<\/span><\/p>\n<\/div>\n<div>\n<p>Die k\u00fcnstliche Intelligenz semantha unterst\u00fctzt Banken, vorhandene Sparvertr\u00e4ge auf ung\u00fcltige Zins\u00e4nderungsklauseln zu pr\u00fcfen, um entsprechende R\u00fcckstellungen kalkulieren und bilden zu k\u00f6nnen.<\/p>\n<\/div>\n<div>\n<p>In unserem Blog-Posting \u201e<a href=\"https:\/\/www.semantha.de\/de\/zinsanpassungsklauseln-kuenstliche-intelligenz-bringt-banken-klarheit-ueber-ihre-vertragslage\/\" target=\"_blank\" rel=\"noopener\">Zinsanpassungsklauseln: K\u00fcnstliche Intelligenz bringt Banken Klarheit \u00fcber ihre Vertragslage<\/a>\u201c findest du eine ausf\u00fchrliche Erl\u00e4uterung.<\/p>\n<\/div>\n<p>\n    <a href=\"\/book-a-meet\/\">Lass Dich von semantha \u00fcberzeugen!<\/a>\n<\/p>\n<div>\n<p>        <img decoding=\"async\" src=\"\/wp-content\/uploads\/VoBa-HD_BlogHeader-xtra-small.png\" alt=\"\"><\/p>\n<h3>\n<p style=\"color: #333333;\">Rechtsklarheit auf Knopfdruck<\/p>\n<\/h3>\n<div>Das Urteil des Bundesgerichtshofs zu Pr\u00e4miensparvertr\u00e4gen bedeutet einerseits Rechtssicherheit, andererseits aber eine enorme finanzielle Mehrbelastung f\u00fcr betroffene Banken. Die Heidelberger Volksbank h\u00e4tte zahlreiche Vertr\u00e4ge manuell pr\u00fcfen m\u00fcssen und das innerhalb k\u00fcrzester Zeit, um Klagen zu vermeiden. <\/div>\n<p><a href=\"https:\/\/www.semantha.de\/de\/rechtsklarheit-auf-knopfdruck-heidelberger-volksbank-prueft-zinsklauseln-von-sparvertraegen-mit-ki\/\">weiterlesen<\/a><\/p>\n<\/div>\n<div>\n<div>\n<p>semantha hilft dabei, notwendige R\u00fcckstellungen genau zu bestimmen und so das Risiko in der Bilanz realistisch darzustellen. Das alles in einem Bruchteil der Zeit.<\/p>\n<\/div>\n<\/div>\n<div>\n<p>        <img decoding=\"async\" src=\"\/wp-content\/uploads\/ICON-Balkendiagramm.png\" alt=\"\"><\/p>\n<h3>R\u00fcckstellungen genauer bestimmen<\/h3>\n<div>Banken m\u00fcssen ausreichende R\u00fcckstellungen bilden, um das Forderungsrisiko in der Bilanz abzubilden. Sind Ihre R\u00fcckstellungen ausreichend oder gar zu hoch angesetzt?<\/div>\n<\/div>\n<div>\n<p>        <img decoding=\"async\" src=\"\/wp-content\/uploads\/ICON-Zeitersparnis.png\" alt=\"\"><\/p>\n<h3>Zeitersparnis<\/h3>\n<div>Bisher m\u00fcssen Vertr\u00e4ge manuell \u00fcberpr\u00fcft werden. Ein enormer zeitlicher und finanzieller Aufwand.<\/div>\n<\/div>\n<blockquote>\n<p><span>&#8222;Bei der bisherigen zeitaufw\u00e4ndigen \u00dcberpr\u00fcfung unserer Vertr\u00e4ge und deren Dokumentation waren 20 Arbeitstage erforderlich. Die KI-basierte L\u00f6sung hatte in 2 Stunden die gleiche Arbeit erledigt. Das ergab eine Reduzierung der daf\u00fcr erforderlichen Ressourcen um 98,75 % \u2013 sensationell!&#8220;<\/span><\/p>\n<footer>\n<p>                <cite>Christian Murr, Bereichsleiter Vorstandsstab von der Heidelberger Volksbank<\/cite><\/p>\n<\/footer>\n<\/blockquote>\n<h1>Auch hier k\u00f6nnen wir helfen<span class=\"uk-text-primary\">:<\/span><\/h1>\n<ul>\n<li>\n<h3>Legal and Compliance Checks<\/h3>\n<div>Vorschriften zu Bankvertr\u00e4gen und Richtlinien unterliegen einem Wandel. Nutze semantha zur Identifikation aller betroffenen Vertr\u00e4ge und beschleunige Deine Prozesse.<\/div>\n<\/li>\n<li>\n<h3>Optimize Retail Banking<\/h3>\n<div>Die steigende Anzahl an Arbeitsanweisungen f\u00fchrt dazu, dass Bankberater wichtige Inhalte nur mit gro\u00dfem Aufwand finden, da viele Vorgaben nicht<br \/>\nausreichend strukturiert sind. Das Finden von Themengebieten in unstrukturierten Texten bietet daher den notwendigen Mehrwert, um die<br \/>\nrelevanten Vorgaben zu finden &#038; einzuhalten.<\/div>\n<\/li>\n<li>\n<h3>Corporate Intelligence<\/h3>\n<div>Umfassende Informationsanalysen werden zunehmend<br \/>\nwichtiger , um Risiken zu verringern und das<br \/>\nInvestitionsmanagement zu verbessern.<\/div>\n<\/li>\n<\/ul>\n<hr>\n<h2>Entdecke spezifische Use Cases f\u00fcr deine Branche<\/h2>\n<h2><a href=\"\/index.php?page_id=26\">Fragen?<br class=\"uk-visible@s\" \/><span class=\"uk-text-primary\">Wir haben <br class=\"uk-visible@l\" \/>die Antwort.<\/span><\/a><\/h2>\n<p><!--more--><br \/>\n<!-- {\"name\":\"Recht DE - ganze Seite\",\"type\":\"layout\",\"children\":[{\"type\":\"section\",\"props\":{\"animation\":\"slide-left-small\",\"header_transparent\":true,\"header_transparent_noplaceholder\":false,\"header_transparent_text_color\":\"light\",\"image\":\"wp-content\\\/uploads\\\/AdobeStock_531539942_Opti_Final.png\",\"image_effect\":\"fixed\",\"image_parallax_bgx\":\"0,0\",\"image_parallax_bgy\":\"-330,330\",\"image_parallax_easing\":\"-0.6\",\"image_position\":\"top-center\",\"image_size\":\"width-1-1\",\"image_width\":\"120%\",\"media_overlay\":\"rgba(0, 0, 69, 0.5)\",\"overlap\":false,\"padding_remove_bottom\":false,\"padding_remove_horizontal\":false,\"style\":\"secondary\",\"title_breakpoint\":\"xl\",\"title_position\":\"top-left\",\"title_rotation\":\"left\",\"vertical_align\":\"middle\",\"width\":\"default\"},\"children\":[{\"type\":\"row\",\"children\":[{\"type\":\"column\",\"props\":{\"image_position\":\"center-center\",\"position_sticky_breakpoint\":\"m\"},\"children\":[{\"type\":\"headline\",\"props\":{\"content\":\"<span class=\\\"uk-text-primary\\\">Zins\\u00e4nderungsklauseln <\\\/span><br \\\/>in Sparvertr\\u00e4gen mit k\\u00fcnstlicher Intelligenz <span class=\\\"uk-text-primary\\\">pr\\u00fcfen<\\\/span>\",\"margin\":\"default\",\"title_element\":\"h1\",\"title_style\":\"heading-large\"}}]}],\"props\":{\"margin_remove_top\":false}},{\"type\":\"row\",\"props\":{\"divider\":false,\"layout\":\"2-3,1-3\",\"row_gap\":\"large\"},\"children\":[{\"type\":\"column\",\"props\":{\"image_position\":\"center-center\",\"position_sticky_breakpoint\":\"m\",\"width_medium\":\"2-3\"},\"children\":[{\"type\":\"text\",\"props\":{\"column_breakpoint\":\"m\",\"content\":\"\n\n<p>\\\"Formularm\\u00e4\\u00dfige Zins\\u00e4nderungsklauseln, die dem Kreditinstitut bei langfristig angelegten Sparvertr\\u00e4gen eine inhaltlich unbegrenzte Zins\\u00e4nderungsbefugnis einr\\u00e4umen, sind unwirksam.\\\"<\\\/p>\\n\n\n<p><span style=\\\"color: #c3c3c3;\\\">- BGH-Urteil vom 17. Februar 2004 \\u2013 XI ZR 140\\\/03<\\\/span><\\\/p>\",\"margin\":\"large\",\"maxwidth\":\"2xlarge\",\"text_style\":\"lead\"}},{\"type\":\"text\",\"props\":{\"column_breakpoint\":\"m\",\"content\":\"\n\n<p>Die k\\u00fcnstliche Intelligenz semantha unterst\\u00fctzt Banken, vorhandene Sparvertr\\u00e4ge auf ung\\u00fcltige Zins\\u00e4nderungsklauseln zu pr\\u00fcfen, um entsprechende R\\u00fcckstellungen kalkulieren und bilden zu k\\u00f6nnen.<\\\/p>\",\"margin\":\"large\",\"maxwidth\":\"2xlarge\",\"text_style\":\"large\"}},{\"type\":\"text\",\"props\":{\"column_breakpoint\":\"m\",\"content\":\"\n\n<p>In unserem Blog-Posting \\u201e<a href=\\\"https:\\\/\\\/www.semantha.de\\\/de\\\/zinsanpassungsklauseln-kuenstliche-intelligenz-bringt-banken-klarheit-ueber-ihre-vertragslage\\\/\\\" target=\\\"_blank\\\" rel=\\\"noopener\\\">Zinsanpassungsklauseln: K\\u00fcnstliche Intelligenz bringt Banken Klarheit \\u00fcber ihre Vertragslage<\\\/a>\\u201c findest du eine ausf\\u00fchrliche Erl\\u00e4uterung.<\\\/p>\",\"margin\":\"large\",\"maxwidth\":\"2xlarge\",\"text_style\":\"large\"}},{\"type\":\"button\",\"props\":{\"grid_column_gap\":\"small\",\"grid_row_gap\":\"small\",\"margin\":\"default\"},\"children\":[{\"type\":\"button_item\",\"props\":{\"button_style\":\"primary\",\"content\":\"Lass Dich von semantha \\u00fcberzeugen!\",\"icon_align\":\"left\",\"link\":\"book-a-meet\\\/\"}}]}]},{\"type\":\"column\",\"props\":{\"image_position\":\"center-center\",\"position_sticky_breakpoint\":\"m\",\"width_medium\":\"1-3\"},\"children\":[{\"type\":\"panel\",\"props\":{\"content\":\"Das Urteil des Bundesgerichtshofs zu Pr\\u00e4miensparvertr\\u00e4gen bedeutet einerseits Rechtssicherheit, andererseits aber eine enorme finanzielle Mehrbelastung f\\u00fcr betroffene Banken. Die Heidelberger Volksbank h\\u00e4tte zahlreiche Vertr\\u00e4ge manuell pr\\u00fcfen m\\u00fcssen und das innerhalb k\\u00fcrzester Zeit, um Klagen zu vermeiden. \",\"content_column_breakpoint\":\"m\",\"icon_width\":80,\"image\":\"wp-content\\\/uploads\\\/VoBa-HD_BlogHeader-xtra-small.png\",\"image_align\":\"top\",\"image_grid_breakpoint\":\"m\",\"image_grid_width\":\"1-2\",\"image_margin\":\"remove\",\"image_svg_color\":\"emphasis\",\"link\":\"https:\\\/\\\/www.semantha.de\\\/de\\\/rechtsklarheit-auf-knopfdruck-heidelberger-volksbank-prueft-zinsklauseln-von-sparvertraegen-mit-ki\\\/\",\"link_style\":\"primary\",\"link_target\":true,\"link_text\":\"weiterlesen\",\"margin\":\"default\",\"margin_remove_top\":false,\"meta_align\":\"below-title\",\"meta_element\":\"div\",\"meta_style\":\"text-meta\",\"panel_padding\":\"small\",\"panel_style\":\"card-default\",\"title\":\"\n\n<p style=\\\"color: #333333;\\\">Rechtsklarheit auf Knopfdruck<\\\/p>\",\"title_align\":\"top\",\"title_element\":\"h3\",\"title_grid_breakpoint\":\"m\",\"title_grid_width\":\"1-2\",\"title_hover_style\":\"reset\"}}]}]},{\"type\":\"row\",\"props\":{\"divider\":true,\"layout\":\"1-3,1-3,1-3\",\"margin\":\"large\"},\"children\":[{\"type\":\"column\",\"props\":{\"image_position\":\"center-center\",\"position_sticky_breakpoint\":\"m\",\"width_medium\":\"1-3\"},\"children\":[{\"type\":\"panel\",\"props\":{\"content\":\"\n\n<p>semantha hilft dabei, notwendige R\\u00fcckstellungen genau zu bestimmen und so das Risiko in der Bilanz realistisch darzustellen. Das alles in einem Bruchteil der Zeit.<\\\/p>\",\"content_column_breakpoint\":\"m\",\"content_style\":\"text-lead\",\"icon_width\":80,\"image\":\"\",\"image_align\":\"left\",\"image_grid_breakpoint\":\"m\",\"image_grid_width\":\"1-3\",\"image_svg_color\":\"emphasis\",\"link_style\":\"default\",\"link_text\":\"Read more\",\"margin\":\"default\",\"meta_align\":\"below-title\",\"meta_element\":\"div\",\"meta_style\":\"text-meta\",\"panel_padding\":\"small\",\"title\":\"\",\"title_align\":\"top\",\"title_element\":\"h3\",\"title_grid_breakpoint\":\"m\",\"title_grid_width\":\"1-2\",\"title_hover_style\":\"reset\"}}]},{\"type\":\"column\",\"props\":{\"image_position\":\"center-center\",\"position_sticky_breakpoint\":\"m\",\"width_medium\":\"1-3\"},\"children\":[{\"type\":\"panel\",\"props\":{\"content\":\"Banken m\\u00fcssen ausreichende R\\u00fcckstellungen bilden, um das Forderungsrisiko in der Bilanz abzubilden. Sind Ihre R\\u00fcckstellungen ausreichend oder gar zu hoch angesetzt?\",\"content_column_breakpoint\":\"m\",\"icon_width\":80,\"image\":\"wp-content\\\/uploads\\\/ICON-Balkendiagramm.png\",\"image_align\":\"left\",\"image_grid_breakpoint\":\"m\",\"image_grid_width\":\"1-3\",\"image_svg_color\":\"emphasis\",\"link_style\":\"default\",\"link_text\":\"Read more\",\"margin\":\"default\",\"meta_align\":\"below-title\",\"meta_element\":\"div\",\"meta_style\":\"text-meta\",\"title\":\"R\\u00fcckstellungen genauer bestimmen\",\"title_align\":\"top\",\"title_element\":\"h3\",\"title_grid_breakpoint\":\"m\",\"title_grid_width\":\"1-2\",\"title_hover_style\":\"reset\"}}]},{\"type\":\"column\",\"props\":{\"image_position\":\"center-center\",\"position_sticky_breakpoint\":\"m\",\"width_medium\":\"1-3\"},\"children\":[{\"type\":\"panel\",\"props\":{\"content\":\"Bisher m\\u00fcssen Vertr\\u00e4ge manuell \\u00fcberpr\\u00fcft werden. Ein enormer zeitlicher und finanzieller Aufwand.\",\"content_column_breakpoint\":\"m\",\"icon_width\":80,\"image\":\"wp-content\\\/uploads\\\/ICON-Zeitersparnis.png\",\"image_align\":\"left\",\"image_grid_breakpoint\":\"m\",\"image_grid_width\":\"1-3\",\"image_svg_color\":\"emphasis\",\"link_style\":\"default\",\"link_text\":\"Read more\",\"margin\":\"default\",\"meta_align\":\"below-title\",\"meta_element\":\"div\",\"meta_style\":\"text-meta\",\"title\":\"Zeitersparnis\",\"title_align\":\"top\",\"title_element\":\"h3\",\"title_grid_breakpoint\":\"m\",\"title_grid_width\":\"1-2\",\"title_hover_style\":\"reset\"}}]}]},{\"type\":\"row\",\"children\":[{\"type\":\"column\",\"props\":{\"image_position\":\"center-center\",\"position_sticky_breakpoint\":\"m\"},\"children\":[{\"type\":\"quotation\",\"props\":{\"author\":\"Christian Murr, Bereichsleiter Vorstandsstab von der Heidelberger Volksbank\",\"content\":\"\n\n<p><span>\\\"Bei der bisherigen zeitaufw\\u00e4ndigen \\u00dcberpr\\u00fcfung unserer Vertr\\u00e4ge und deren Dokumentation waren 20 Arbeitstage erforderlich. Die KI-basierte L\\u00f6sung hatte in 2 Stunden die gleiche Arbeit erledigt. Das ergab eine Reduzierung der daf\\u00fcr erforderlichen Ressourcen um 98,75 % \\u2013 sensationell!\\\"<\\\/span><\\\/p>\",\"text_align\":\"center\"}}]}]}],\"name\":\"Intro\"},{\"type\":\"section\",\"props\":{\"image_position\":\"center-center\",\"style\":\"secondary\",\"title_breakpoint\":\"xl\",\"title_position\":\"top-left\",\"title_rotation\":\"left\",\"vertical_align\":\"middle\",\"width\":\"default\"},\"children\":[{\"type\":\"row\",\"children\":[{\"type\":\"column\",\"props\":{\"image_position\":\"center-center\",\"position_sticky_breakpoint\":\"m\"},\"children\":[{\"type\":\"headline\",\"props\":{\"content\":\"Auch hier k\\u00f6nnen wir helfen<span class=\\\"uk-text-primary\\\">:<\\\/span>\",\"title_element\":\"h1\",\"title_style\":\"heading-medium\"}}]}]},{\"type\":\"row\",\"children\":[{\"type\":\"column\",\"props\":{\"image_position\":\"center-center\",\"position_sticky_breakpoint\":\"m\"},\"children\":[{\"type\":\"grid\",\"props\":{\"content_column_breakpoint\":\"m\",\"filter_align\":\"left\",\"filter_all\":true,\"filter_grid_breakpoint\":\"m\",\"filter_grid_width\":\"auto\",\"filter_position\":\"top\",\"filter_style\":\"tab\",\"grid_default\":\"1\",\"grid_divider\":true,\"grid_medium\":\"\",\"grid_small\":\"3\",\"icon_width\":80,\"image_align\":\"top\",\"image_grid_breakpoint\":\"m\",\"image_grid_width\":\"1-2\",\"image_svg_color\":\"emphasis\",\"item_animation\":true,\"link_style\":\"default\",\"link_text\":\"Read more\",\"margin\":\"default\",\"meta_align\":\"above-title\",\"meta_color\":\"primary\",\"meta_element\":\"div\",\"meta_style\":\"heading-small\",\"parallax_easing\":\"1\",\"show_content\":true,\"show_image\":true,\"show_link\":true,\"show_meta\":true,\"show_title\":true,\"title_align\":\"top\",\"title_element\":\"h3\",\"title_grid_breakpoint\":\"m\",\"title_grid_width\":\"1-2\",\"title_hover_style\":\"reset\",\"title_style\":\"h3\"},\"children\":[{\"type\":\"grid_item\",\"props\":{\"content\":\"Vorschriften zu Bankvertr\\u00e4gen und Richtlinien unterliegen einem Wandel. Nutze semantha zur Identifikation aller betroffenen Vertr\\u00e4ge und beschleunige Deine Prozesse.\",\"meta\":\"\",\"title\":\"Legal and Compliance Checks\"}},{\"type\":\"grid_item\",\"props\":{\"content\":\"Die steigende Anzahl an Arbeitsanweisungen f\\u00fchrt dazu, dass Bankberater wichtige Inhalte nur mit gro\\u00dfem Aufwand finden, da viele Vorgaben nicht \\nausreichend strukturiert sind. Das Finden von Themengebieten in unstrukturierten Texten bietet daher den notwendigen Mehrwert, um die\\nrelevanten Vorgaben zu finden & einzuhalten.\",\"meta\":\"\",\"title\":\"Optimize Retail Banking\"}},{\"type\":\"grid_item\",\"props\":{\"content\":\"Umfassende Informationsanalysen werden zunehmend \\nwichtiger , um Risiken zu verringern und das \\nInvestitionsmanagement zu verbessern.\",\"meta\":\"\",\"title\":\"Corporate Intelligence\"}}]},{\"type\":\"divider\",\"props\":{\"divider_element\":\"hr\",\"margin\":\"large\"}}]}]}]},{\"type\":\"section\",\"props\":{\"image_position\":\"center-center\",\"style\":\"secondary\",\"title_breakpoint\":\"xl\",\"title_position\":\"top-left\",\"title_rotation\":\"left\",\"vertical_align\":\"middle\",\"width\":\"default\"},\"children\":[{\"type\":\"row\",\"children\":[{\"type\":\"column\",\"props\":{\"image_position\":\"center-center\",\"position_sticky_breakpoint\":\"m\"},\"children\":[{\"type\":\"headline\",\"props\":{\"content\":\"Entdecke spezifische Use Cases f\\u00fcr deine Branche\",\"margin_remove_bottom\":false,\"text_align\":\"center\",\"title_element\":\"h2\",\"title_style\":\"h2\"}},{\"type\":\"module\",\"props\":{\"margin\":\"large\",\"menu_image_align\":\"center\",\"menu_image_margin\":true,\"menu_style\":\"default\",\"menu_type\":\"nav\",\"type\":\"builderwidget\",\"widget\":\"builderwidget-13\"}}]}],\"props\":{\"width\":\"small\"}}],\"name\":\"Use Case Slider V2024\"},{\"type\":\"section\",\"props\":{\"image_position\":\"center-center\",\"style\":\"secondary\",\"title_breakpoint\":\"xl\",\"title_position\":\"top-left\",\"title_rotation\":\"left\",\"vertical_align\":\"middle\",\"width\":\"default\"},\"children\":[{\"type\":\"row\",\"props\":{\"layout\":\"1-2,1-2\",\"margin\":\"xlarge\"},\"children\":[{\"type\":\"column\",\"props\":{\"image_position\":\"center-center\",\"position_sticky_breakpoint\":\"m\",\"width_small\":\"1-2\"},\"children\":[{\"type\":\"headline\",\"props\":{\"content\":\"Fragen?<br class=\\\"uk-visible@s\\\" \\\/><span class=\\\"uk-text-primary\\\">Wir haben <br class=\\\"uk-visible@l\\\" \\\/>die Antwort.<\\\/span>\",\"link\":\"index.php?page_id=26\",\"link_style\":false,\"title_element\":\"h2\",\"title_style\":\"heading-large\"}}]},{\"type\":\"column\",\"props\":{\"image_position\":\"center-center\",\"position_sticky_breakpoint\":\"m\",\"vertical_align\":\"bottom\",\"width_small\":\"1-2\"},\"children\":[{\"type\":\"module_position\",\"props\":{\"breakpoint\":\"m\",\"content\":\"builder-2\",\"layout\":\"stack\"}}]}]}],\"name\":\"Fragen? Kontakt\"}],\"version\":\"4.3.6\"} --><\/p>\n","protected":false},"excerpt":{"rendered":"<p>Zins\u00e4nderungsklauseln in Sparvertr\u00e4gen mit k\u00fcnstlicher Intelligenz pr\u00fcfen &#8222;Formularm\u00e4\u00dfige Zins\u00e4nderungsklauseln, die dem Kreditinstitut bei langfristig angelegten Sparvertr\u00e4gen eine inhaltlich unbegrenzte Zins\u00e4nderungsbefugnis einr\u00e4umen, sind unwirksam.&#8220; &#8211; BGH-Urteil vom 17. Februar 2004 \u2013 XI ZR 140\/03 Die k\u00fcnstliche Intelligenz semantha unterst\u00fctzt Banken, vorhandene Sparvertr\u00e4ge auf ung\u00fcltige Zins\u00e4nderungsklauseln zu pr\u00fcfen, um entsprechende R\u00fcckstellungen kalkulieren und bilden zu k\u00f6nnen. In [&hellip;]<\/p>\n","protected":false},"author":17,"featured_media":0,"parent":0,"menu_order":0,"comment_status":"closed","ping_status":"closed","template":"","meta":{"_acf_changed":false,"footnotes":""},"acf":[],"yoast_head":"<!-- This site is optimized with the Yoast SEO Premium plugin v22.7 (Yoast SEO v23.5) - https:\/\/yoast.com\/wordpress\/plugins\/seo\/ -->\n<title>Banken - semantha<\/title>\n<meta name=\"robots\" content=\"index, follow, max-snippet:-1, max-image-preview:large, max-video-preview:-1\" \/>\n<link rel=\"canonical\" href=\"https:\/\/www.semantha.de\/de\/banken\/\" \/>\n<meta property=\"og:locale\" content=\"de_DE\" \/>\n<meta property=\"og:type\" content=\"article\" \/>\n<meta property=\"og:title\" content=\"Banken\" \/>\n<meta property=\"og:description\" content=\"Zins\u00e4nderungsklauseln in Sparvertr\u00e4gen mit k\u00fcnstlicher Intelligenz pr\u00fcfen &#8222;Formularm\u00e4\u00dfige Zins\u00e4nderungsklauseln, die dem Kreditinstitut bei langfristig angelegten Sparvertr\u00e4gen eine inhaltlich unbegrenzte Zins\u00e4nderungsbefugnis einr\u00e4umen, sind unwirksam.&#8220; &#8211; BGH-Urteil vom 17. Februar 2004 \u2013 XI ZR 140\/03 Die k\u00fcnstliche Intelligenz semantha unterst\u00fctzt Banken, vorhandene Sparvertr\u00e4ge auf ung\u00fcltige Zins\u00e4nderungsklauseln zu pr\u00fcfen, um entsprechende R\u00fcckstellungen kalkulieren und bilden zu k\u00f6nnen. In [&hellip;]\" \/>\n<meta property=\"og:url\" content=\"https:\/\/www.semantha.de\/de\/banken\/\" \/>\n<meta property=\"og:site_name\" content=\"semantha\" \/>\n<meta property=\"article:modified_time\" content=\"2024-04-22T10:06:31+00:00\" \/>\n<meta name=\"twitter:card\" content=\"summary_large_image\" \/>\n<meta name=\"twitter:site\" content=\"@semanthaAI\" \/>\n<!-- \/ Yoast SEO Premium plugin. -->","yoast_head_json":{"title":"Banken - semantha","robots":{"index":"index","follow":"follow","max-snippet":"max-snippet:-1","max-image-preview":"max-image-preview:large","max-video-preview":"max-video-preview:-1"},"canonical":"https:\/\/www.semantha.de\/de\/banken\/","og_locale":"de_DE","og_type":"article","og_title":"Banken","og_description":"Zins\u00e4nderungsklauseln in Sparvertr\u00e4gen mit k\u00fcnstlicher Intelligenz pr\u00fcfen &#8222;Formularm\u00e4\u00dfige Zins\u00e4nderungsklauseln, die dem Kreditinstitut bei langfristig angelegten Sparvertr\u00e4gen eine inhaltlich unbegrenzte Zins\u00e4nderungsbefugnis einr\u00e4umen, sind unwirksam.&#8220; &#8211; BGH-Urteil vom 17. Februar 2004 \u2013 XI ZR 140\/03 Die k\u00fcnstliche Intelligenz semantha unterst\u00fctzt Banken, vorhandene Sparvertr\u00e4ge auf ung\u00fcltige Zins\u00e4nderungsklauseln zu pr\u00fcfen, um entsprechende R\u00fcckstellungen kalkulieren und bilden zu k\u00f6nnen. In [&hellip;]","og_url":"https:\/\/www.semantha.de\/de\/banken\/","og_site_name":"semantha","article_modified_time":"2024-04-22T10:06:31+00:00","twitter_card":"summary_large_image","twitter_site":"@semanthaAI","schema":{"@context":"https:\/\/schema.org","@graph":[{"@type":"WebPage","@id":"https:\/\/www.semantha.de\/de\/banken\/","url":"https:\/\/www.semantha.de\/de\/banken\/","name":"Banken - semantha","isPartOf":{"@id":"https:\/\/www.semantha.de\/de\/#website"},"datePublished":"2022-05-17T13:20:49+00:00","dateModified":"2024-04-22T10:06:31+00:00","breadcrumb":{"@id":"https:\/\/www.semantha.de\/de\/banken\/#breadcrumb"},"inLanguage":"de","potentialAction":[{"@type":"ReadAction","target":["https:\/\/www.semantha.de\/de\/banken\/"]}]},{"@type":"BreadcrumbList","@id":"https:\/\/www.semantha.de\/de\/banken\/#breadcrumb","itemListElement":[{"@type":"ListItem","position":1,"name":"Startseite","item":"https:\/\/www.semantha.de\/de\/"},{"@type":"ListItem","position":2,"name":"Banken"}]},{"@type":"WebSite","@id":"https:\/\/www.semantha.de\/de\/#website","url":"https:\/\/www.semantha.de\/de\/","name":"semantha","description":"the semantic platform","potentialAction":[{"@type":"SearchAction","target":{"@type":"EntryPoint","urlTemplate":"https:\/\/www.semantha.de\/de\/?s={search_term_string}"},"query-input":{"@type":"PropertyValueSpecification","valueRequired":true,"valueName":"search_term_string"}}],"inLanguage":"de"}]}},"_links":{"self":[{"href":"https:\/\/www.semantha.de\/de\/wp-json\/wp\/v2\/pages\/6971"}],"collection":[{"href":"https:\/\/www.semantha.de\/de\/wp-json\/wp\/v2\/pages"}],"about":[{"href":"https:\/\/www.semantha.de\/de\/wp-json\/wp\/v2\/types\/page"}],"author":[{"embeddable":true,"href":"https:\/\/www.semantha.de\/de\/wp-json\/wp\/v2\/users\/17"}],"replies":[{"embeddable":true,"href":"https:\/\/www.semantha.de\/de\/wp-json\/wp\/v2\/comments?post=6971"}],"version-history":[{"count":51,"href":"https:\/\/www.semantha.de\/de\/wp-json\/wp\/v2\/pages\/6971\/revisions"}],"predecessor-version":[{"id":12709,"href":"https:\/\/www.semantha.de\/de\/wp-json\/wp\/v2\/pages\/6971\/revisions\/12709"}],"wp:attachment":[{"href":"https:\/\/www.semantha.de\/de\/wp-json\/wp\/v2\/media?parent=6971"}],"curies":[{"name":"wp","href":"https:\/\/api.w.org\/{rel}","templated":true}]}}