{"id":7375,"date":"2022-07-15T10:56:54","date_gmt":"2022-07-15T08:56:54","guid":{"rendered":"https:\/\/www.semantha.de\/?page_id=7375"},"modified":"2024-05-02T11:10:42","modified_gmt":"2024-05-02T09:10:42","slug":"whitepaper-versicherer","status":"publish","type":"page","link":"https:\/\/www.semantha.de\/de\/whitepaper-versicherer\/","title":{"rendered":"Whitepaper Versicherer"},"content":{"rendered":"<h1>Whitepaper f\u00fcr Versicherer:<\/h1>\n<h2>Qualit\u00e4t erh\u00f6hen, Zeitaufwand reduzieren \u2013 So geht Textpr\u00fcfung f\u00fcr Versicherer heute.<\/h2>\n<div>\n<p class=\"p1\"><span class=\"s1\">Als Versicherer in den Sparten Industrie\/Gewerbe und insbesondere aus der Zusammenarbeit mit gro\u00dfen Versicherungsmaklern wei\u00dft Du was es hei\u00dft, in einem hart umk\u00e4mpften Markt zu arbeiten. Ein Markt, in dem derjenige gewinnt, der die Unmengen an Dokumenten am schnellsten bearbeitet und gleichzeitig am besten beherrscht. Neben der Menge m\u00fcssen genauso Zeit und Qualit\u00e4t unter einen Hut gebracht werden \u2013 eine Aufgabe, die scheinbar \u00fcbermenschliche F\u00e4higkeiten erfordert.<span class=\"Apple-converted-space\">\u00a0<\/span><\/span><\/p>\n<p class=\"p1\"><span class=\"s1\">Deshalb nutzt Du sicher bereits heute einige hilfreiche Tools, um Dir die aufw\u00e4ndige Arbeit bei der Risikopr\u00fcfung so gut es geht zu erleichtern. Doch Deine Expertise und Deine Arbeitszeit sind kostbar. Was w\u00e4re, wenn Du beides in der gleichen Zeit, noch sinnvoller einsetzen k\u00f6nntest. Was w\u00e4re, wenn es eine M\u00f6glichkeit g\u00e4be, einen gro\u00dfen Teil der Textpr\u00fcfung zuverl\u00e4ssig abzugeben.<\/span><\/p>\n<p class=\"p1\"><span class=\"s1\">In diesem Paper zeigen wir Dir, wie genau das mit KI der n\u00e4chsten Generation m\u00f6glich ist. Wie sie Dir als Versicherer die Arbeit ganz praktisch erleichtert. Und welche konkreten Schritte Du jetzt daf\u00fcr unternehmen kannst.<\/span><\/p>\n<\/div>\n<ul>\n<li>\n<p><img decoding=\"async\" src=\"\/wp-content\/uploads\/Whitepaper_Insurance_Cover_DE-1.png\" alt=\"\"><\/p>\n<\/li>\n<li>\n<p><img decoding=\"async\" src=\"\/wp-content\/uploads\/2022-07_Whitepaper_Insurance_DE2.jpg\" alt=\"\"><\/p>\n<\/li>\n<li>\n<p><img decoding=\"async\" src=\"\/wp-content\/uploads\/2022-07_Whitepaper_Insurance_DE3.jpg\" alt=\"\"><\/p>\n<\/li>\n<\/ul>\n<hr>\n<h1>Lade Dein Exemplar des Whitepapers herunter:<\/h1>\n<div>\n<p><a href=\"https:\/\/drive.google.com\/file\/d\/15l3v9RVHuqccmrLc5ypNoCTOEv9JzIYt\/view?usp=sharing\">semantha Whitepaper &#8211; Qualit\u00e4t erh\u00f6hen, Zeitaufwand reduzieren: So geht Textpr\u00fcfung f\u00fcr Versicherer heute.<\/a><\/p>\n<\/div>\n<div>\n<div>\n<p>Wirf vorab schon einen Blick in das Inhaltsverzeichnis:<\/p>\n<\/p>\n<ul>\n<li class=\"p1\"><b>Teil 1: Ein Sprint durch die Textw\u00fcsten des Versicherungsalltags. <\/b>Die drei gr\u00f6\u00dften Herausforderungen f\u00fcr Underwriter, Risikopr\u00fcfer &amp; Co.<\/li>\n<li class=\"p1\"><b>Teil 2: K\u00fcnstliche Intelligenz heute: ein \u00dcberblick. <\/b>Was ist KI und wie k\u00f6nnen Versicherer die Technologie bei sich einsetzen<\/li>\n<li class=\"p1\"><b>Teil 3: Die Antwort auf die Herausforderungen von Versicherungen: K\u00fcnstliche Intelligenz der n\u00e4chsten Generation. <\/b>Das zukunftsweisende Tool f\u00fcr Wordingpr\u00fcfung hei\u00dft semantha<sup>\u00ae<\/sup>.<\/li>\n<li class=\"p1\"><b>Teil 4: So ver\u00e4ndert semantha<sup>\u00ae<\/sup> den Arbeitsalltag von Versicherern. <\/b>Fast, Easy, Flexible \u2013 semantha<sup>\u00ae<\/sup> funktioniert \u201eout of the box\u201c.<\/li>\n<\/ul>\n<\/div>\n<\/div>\n<p><!--more--><br \/>\n<!-- {\"name\":\"Insuretech\",\"type\":\"layout\",\"children\":[{\"type\":\"section\",\"props\":{\"image\":\"wp-content\\\/uploads\\\/AdobeStock_531539942_Opti_Final.png\",\"image_position\":\"top-center\",\"media_overlay\":\"rgba(0, 0, 69, 0.5)\",\"padding_remove_bottom\":false,\"style\":\"secondary\",\"title_breakpoint\":\"xl\",\"title_position\":\"top-left\",\"title_rotation\":\"left\",\"vertical_align\":\"middle\",\"width\":\"default\"},\"children\":[{\"type\":\"row\",\"children\":[{\"type\":\"column\",\"props\":{\"image_position\":\"center-center\",\"position_sticky_breakpoint\":\"m\"},\"children\":[{\"type\":\"headline\",\"props\":{\"content\":\"Whitepaper f\\u00fcr Versicherer:\",\"title_element\":\"h1\",\"title_style\":\"heading-medium\"}}]}]},{\"type\":\"row\",\"children\":[{\"type\":\"column\",\"props\":{\"image_position\":\"center-center\",\"position_sticky_breakpoint\":\"m\",\"vertical_align\":\"middle\"},\"children\":[{\"type\":\"headline\",\"props\":{\"content\":\"Qualit\\u00e4t erh\\u00f6hen, Zeitaufwand reduzieren \\u2013 So geht Textpr\\u00fcfung f\\u00fcr Versicherer heute.\",\"title_color\":\"primary\",\"title_element\":\"h2\",\"title_style\":\"heading-small\"}}]}]},{\"type\":\"row\",\"props\":{\"layout\":\"3-5,2-5\"},\"children\":[{\"type\":\"column\",\"props\":{\"image_position\":\"center-center\",\"position_sticky_breakpoint\":\"m\",\"width_medium\":\"3-5\"},\"children\":[{\"type\":\"text\",\"props\":{\"column_breakpoint\":\"m\",\"content\":\"\n\n<p class=\\\"p1\\\"><span class=\\\"s1\\\">Als Versicherer in den Sparten Industrie\\\/Gewerbe und insbesondere aus der Zusammenarbeit mit gro\\u00dfen Versicherungsmaklern wei\\u00dft Du was es hei\\u00dft, in einem hart umk\\u00e4mpften Markt zu arbeiten. Ein Markt, in dem derjenige gewinnt, der die Unmengen an Dokumenten am schnellsten bearbeitet und gleichzeitig am besten beherrscht. Neben der Menge m\\u00fcssen genauso Zeit und Qualit\\u00e4t unter einen Hut gebracht werden \\u2013 eine Aufgabe, die scheinbar \\u00fcbermenschliche F\\u00e4higkeiten erfordert.<span class=\\\"Apple-converted-space\\\">\\u00a0<\\\/span><\\\/span><\\\/p>\\n\n\n<p class=\\\"p1\\\"><span class=\\\"s1\\\">Deshalb nutzt Du sicher bereits heute einige hilfreiche Tools, um Dir die aufw\\u00e4ndige Arbeit bei der Risikopr\\u00fcfung so gut es geht zu erleichtern. Doch Deine Expertise und Deine Arbeitszeit sind kostbar. Was w\\u00e4re, wenn Du beides in der gleichen Zeit, noch sinnvoller einsetzen k\\u00f6nntest. Was w\\u00e4re, wenn es eine M\\u00f6glichkeit g\\u00e4be, einen gro\\u00dfen Teil der Textpr\\u00fcfung zuverl\\u00e4ssig abzugeben.<\\\/span><\\\/p>\\n\n\n<p class=\\\"p1\\\"><span class=\\\"s1\\\">In diesem Paper zeigen wir Dir, wie genau das mit KI der n\\u00e4chsten Generation m\\u00f6glich ist. Wie sie Dir als Versicherer die Arbeit ganz praktisch erleichtert. Und welche konkreten Schritte Du jetzt daf\\u00fcr unternehmen kannst.<\\\/span><\\\/p>\",\"margin\":\"default\",\"text_color\":\"secondary\",\"text_style\":\"large\"}}]},{\"type\":\"column\",\"props\":{\"image_position\":\"center-center\",\"position_sticky_breakpoint\":\"m\",\"width_medium\":\"2-5\"},\"children\":[{\"type\":\"panel-slider\",\"props\":{\"content_column_breakpoint\":\"m\",\"icon_width\":80,\"image_align\":\"top\",\"image_border\":\"rounded\",\"image_grid_breakpoint\":\"m\",\"image_grid_width\":\"1-2\",\"image_svg_color\":\"emphasis\",\"link_style\":\"default\",\"link_text\":\"Read more\",\"margin\":\"default\",\"meta_align\":\"below-title\",\"meta_element\":\"div\",\"meta_style\":\"text-meta\",\"nav\":\"dotnav\",\"nav_align\":\"center\",\"nav_breakpoint\":\"s\",\"panel_match\":true,\"show_content\":true,\"show_image\":true,\"show_link\":true,\"show_meta\":true,\"show_title\":true,\"slidenav\":\"outside\",\"slidenav_breakpoint\":\"xl\",\"slidenav_large\":false,\"slidenav_margin\":\"medium\",\"slidenav_outside_breakpoint\":\"xl\",\"slider_autoplay\":true,\"slider_autoplay_pause\":true,\"slider_gap\":\"default\",\"slider_width\":\"fixed\",\"slider_width_default\":\"1-1\",\"slider_width_medium\":\"1-1\",\"title_align\":\"top\",\"title_element\":\"h3\",\"title_grid_breakpoint\":\"m\",\"title_grid_width\":\"1-2\",\"title_hover_style\":\"reset\"},\"children\":[{\"type\":\"panel-slider_item\",\"props\":{\"image\":\"wp-content\\\/uploads\\\/Whitepaper_Insurance_Cover_DE-1.png\"}},{\"type\":\"panel-slider_item\",\"props\":{\"image\":\"wp-content\\\/uploads\\\/2022-07_Whitepaper_Insurance_DE2.jpg\"}},{\"type\":\"panel-slider_item\",\"props\":{\"image\":\"wp-content\\\/uploads\\\/2022-07_Whitepaper_Insurance_DE3.jpg\"}}]}]}]},{\"type\":\"row\",\"children\":[{\"type\":\"column\",\"props\":{\"image_position\":\"center-center\",\"position_sticky_breakpoint\":\"m\"},\"children\":[{\"type\":\"divider\",\"props\":{\"divider_element\":\"hr\"}}]}]},{\"type\":\"row\",\"children\":[{\"type\":\"column\",\"props\":{\"image_position\":\"center-center\",\"position_sticky_breakpoint\":\"m\"},\"children\":[{\"type\":\"headline\",\"props\":{\"content\":\"Lade Dein Exemplar des Whitepapers herunter:\",\"title_color\":\"primary\",\"title_element\":\"h1\"}}]}]},{\"type\":\"row\",\"props\":{\"layout\":\"3-5,2-5\"},\"children\":[{\"type\":\"column\",\"props\":{\"image_position\":\"center-center\",\"position_sticky_breakpoint\":\"m\",\"width_medium\":\"3-5\"},\"children\":[{\"type\":\"list\",\"props\":{\"column_breakpoint\":\"m\",\"image_align\":\"left\",\"image_svg_color\":\"emphasis\",\"image_vertical_align\":true,\"list_element\":\"ul\",\"list_horizontal_separator\":\", \",\"list_type\":\"vertical\",\"show_image\":true,\"show_link\":true},\"children\":[{\"type\":\"list_item\",\"props\":{\"content\":\"semantha Whitepaper - Qualit\\u00e4t erh\\u00f6hen, Zeitaufwand reduzieren: So geht Textpr\\u00fcfung f\\u00fcr Versicherer heute.\",\"icon\":\"file-pdf\",\"link\":\"https:\\\/\\\/drive.google.com\\\/file\\\/d\\\/15l3v9RVHuqccmrLc5ypNoCTOEv9JzIYt\\\/view?usp=sharing\",\"link_target\":true}}]}]},{\"type\":\"column\",\"props\":{\"image_position\":\"center-center\",\"position_sticky_breakpoint\":\"m\",\"width_medium\":\"2-5\"},\"children\":[{\"type\":\"panel\",\"props\":{\"content\":\"\n\n<p>Wirf vorab schon einen Blick in das Inhaltsverzeichnis:<\\\/p>\\n\n\n<p><\\\/p>\\n\n\n<ul>\\n\n\n<li class=\\\"p1\\\"><b>Teil 1: Ein Sprint durch die Textw\\u00fcsten des Versicherungsalltags. <\\\/b>Die drei gr\\u00f6\\u00dften Herausforderungen f\\u00fcr Underwriter, Risikopr\\u00fcfer &amp; Co.<\\\/li>\\n\n\n<li class=\\\"p1\\\"><b>Teil 2: K\\u00fcnstliche Intelligenz heute: ein \\u00dcberblick. <\\\/b>Was ist KI und wie k\\u00f6nnen Versicherer die Technologie bei sich einsetzen<\\\/li>\\n\n\n<li class=\\\"p1\\\"><b>Teil 3: Die Antwort auf die Herausforderungen von Versicherungen: K\\u00fcnstliche Intelligenz der n\\u00e4chsten Generation. <\\\/b>Das zukunftsweisende Tool f\\u00fcr Wordingpr\\u00fcfung hei\\u00dft semantha<sup>\\u00ae<\\\/sup>.<\\\/li>\\n\n\n<li class=\\\"p1\\\"><b>Teil 4: So ver\\u00e4ndert semantha<sup>\\u00ae<\\\/sup> den Arbeitsalltag von Versicherern. <\\\/b>Fast, Easy, Flexible \\u2013 semantha<sup>\\u00ae<\\\/sup> funktioniert \\u201eout of the box\\u201c.<\\\/li>\\n<\\\/ul>\",\"content_column_breakpoint\":\"m\",\"icon_width\":80,\"image_align\":\"top\",\"image_grid_breakpoint\":\"m\",\"image_grid_width\":\"1-2\",\"image_svg_color\":\"emphasis\",\"link_style\":\"default\",\"link_text\":\"Read more\",\"margin\":\"default\",\"meta_align\":\"below-title\",\"meta_element\":\"div\",\"meta_style\":\"text-meta\",\"panel_padding\":\"small\",\"panel_style\":\"card-default\",\"title_align\":\"top\",\"title_element\":\"h3\",\"title_grid_breakpoint\":\"m\",\"title_grid_width\":\"1-2\",\"title_hover_style\":\"reset\"}}]}]}]}],\"version\":\"4.3.6\"} --><\/p>\n","protected":false},"excerpt":{"rendered":"<p>Whitepaper f\u00fcr Versicherer: Qualit\u00e4t erh\u00f6hen, Zeitaufwand reduzieren \u2013 So geht Textpr\u00fcfung f\u00fcr Versicherer heute. Als Versicherer in den Sparten Industrie\/Gewerbe und insbesondere aus der Zusammenarbeit mit gro\u00dfen Versicherungsmaklern wei\u00dft Du was es hei\u00dft, in einem hart umk\u00e4mpften Markt zu arbeiten. Ein Markt, in dem derjenige gewinnt, der die Unmengen an Dokumenten am schnellsten bearbeitet und [&hellip;]<\/p>\n","protected":false},"author":17,"featured_media":0,"parent":0,"menu_order":0,"comment_status":"closed","ping_status":"closed","template":"","meta":{"_acf_changed":false,"footnotes":""},"acf":[],"yoast_head":"<!-- This site is optimized with the Yoast SEO Premium plugin v22.7 (Yoast SEO v23.5) - https:\/\/yoast.com\/wordpress\/plugins\/seo\/ -->\n<title>Whitepaper Versicherer - semantha<\/title>\n<meta name=\"description\" content=\"Qualit\u00e4t erh\u00f6hen, Zeitaufwand reduzieren \u2013 So geht Textpr\u00fcfung f\u00fcr Versicherer heute. In diesem Paper zeigen wir Dir, wie genau das mit KI der n\u00e4chsten Generation m\u00f6glich ist.\" \/>\n<meta name=\"robots\" content=\"index, follow, max-snippet:-1, max-image-preview:large, max-video-preview:-1\" \/>\n<link rel=\"canonical\" href=\"https:\/\/www.semantha.de\/de\/whitepaper-versicherer\/\" \/>\n<meta property=\"og:locale\" content=\"de_DE\" \/>\n<meta property=\"og:type\" content=\"article\" \/>\n<meta property=\"og:title\" content=\"Whitepaper Versicherer\" \/>\n<meta property=\"og:description\" content=\"Qualit\u00e4t erh\u00f6hen, Zeitaufwand reduzieren \u2013 So geht Textpr\u00fcfung f\u00fcr Versicherer heute. In diesem Paper zeigen wir Dir, wie genau das mit KI der n\u00e4chsten Generation m\u00f6glich ist.\" \/>\n<meta property=\"og:url\" content=\"https:\/\/www.semantha.de\/de\/whitepaper-versicherer\/\" \/>\n<meta property=\"og:site_name\" content=\"semantha\" \/>\n<meta property=\"article:modified_time\" content=\"2024-05-02T09:10:42+00:00\" \/>\n<meta property=\"og:image\" content=\"https:\/\/www.semantha.de\/wp-content\/uploads\/Website-SEO_Whitepaper_2.png\" \/>\n\t<meta property=\"og:image:width\" content=\"2000\" \/>\n\t<meta property=\"og:image:height\" content=\"1048\" \/>\n\t<meta property=\"og:image:type\" content=\"image\/png\" \/>\n<meta name=\"twitter:card\" content=\"summary_large_image\" \/>\n<meta name=\"twitter:site\" content=\"@semanthaAI\" \/>\n<meta name=\"twitter:label1\" content=\"Gesch\u00e4tzte Lesezeit\" \/>\n\t<meta name=\"twitter:data1\" content=\"5\u00a0Minuten\" \/>\n<!-- \/ Yoast SEO Premium plugin. -->","yoast_head_json":{"title":"Whitepaper Versicherer - semantha","description":"Qualit\u00e4t erh\u00f6hen, Zeitaufwand reduzieren \u2013 So geht Textpr\u00fcfung f\u00fcr Versicherer heute. In diesem Paper zeigen wir Dir, wie genau das mit KI der n\u00e4chsten Generation m\u00f6glich ist.","robots":{"index":"index","follow":"follow","max-snippet":"max-snippet:-1","max-image-preview":"max-image-preview:large","max-video-preview":"max-video-preview:-1"},"canonical":"https:\/\/www.semantha.de\/de\/whitepaper-versicherer\/","og_locale":"de_DE","og_type":"article","og_title":"Whitepaper Versicherer","og_description":"Qualit\u00e4t erh\u00f6hen, Zeitaufwand reduzieren \u2013 So geht Textpr\u00fcfung f\u00fcr Versicherer heute. In diesem Paper zeigen wir Dir, wie genau das mit KI der n\u00e4chsten Generation m\u00f6glich ist.","og_url":"https:\/\/www.semantha.de\/de\/whitepaper-versicherer\/","og_site_name":"semantha","article_modified_time":"2024-05-02T09:10:42+00:00","og_image":[{"width":2000,"height":1048,"url":"https:\/\/www.semantha.de\/wp-content\/uploads\/Website-SEO_Whitepaper_2.png","type":"image\/png"}],"twitter_card":"summary_large_image","twitter_site":"@semanthaAI","twitter_misc":{"Gesch\u00e4tzte Lesezeit":"5\u00a0Minuten"},"schema":{"@context":"https:\/\/schema.org","@graph":[{"@type":"WebPage","@id":"https:\/\/www.semantha.de\/de\/whitepaper-versicherer\/","url":"https:\/\/www.semantha.de\/de\/whitepaper-versicherer\/","name":"Whitepaper Versicherer - semantha","isPartOf":{"@id":"https:\/\/www.semantha.de\/de\/#website"},"datePublished":"2022-07-15T08:56:54+00:00","dateModified":"2024-05-02T09:10:42+00:00","description":"Qualit\u00e4t erh\u00f6hen, Zeitaufwand reduzieren \u2013 So geht Textpr\u00fcfung f\u00fcr Versicherer heute. In diesem Paper zeigen wir Dir, wie genau das mit KI der n\u00e4chsten Generation m\u00f6glich ist.","breadcrumb":{"@id":"https:\/\/www.semantha.de\/de\/whitepaper-versicherer\/#breadcrumb"},"inLanguage":"de","potentialAction":[{"@type":"ReadAction","target":["https:\/\/www.semantha.de\/de\/whitepaper-versicherer\/"]}]},{"@type":"BreadcrumbList","@id":"https:\/\/www.semantha.de\/de\/whitepaper-versicherer\/#breadcrumb","itemListElement":[{"@type":"ListItem","position":1,"name":"Startseite","item":"https:\/\/www.semantha.de\/de\/"},{"@type":"ListItem","position":2,"name":"Whitepaper Versicherer"}]},{"@type":"WebSite","@id":"https:\/\/www.semantha.de\/de\/#website","url":"https:\/\/www.semantha.de\/de\/","name":"semantha","description":"the semantic platform","potentialAction":[{"@type":"SearchAction","target":{"@type":"EntryPoint","urlTemplate":"https:\/\/www.semantha.de\/de\/?s={search_term_string}"},"query-input":{"@type":"PropertyValueSpecification","valueRequired":true,"valueName":"search_term_string"}}],"inLanguage":"de"}]}},"_links":{"self":[{"href":"https:\/\/www.semantha.de\/de\/wp-json\/wp\/v2\/pages\/7375"}],"collection":[{"href":"https:\/\/www.semantha.de\/de\/wp-json\/wp\/v2\/pages"}],"about":[{"href":"https:\/\/www.semantha.de\/de\/wp-json\/wp\/v2\/types\/page"}],"author":[{"embeddable":true,"href":"https:\/\/www.semantha.de\/de\/wp-json\/wp\/v2\/users\/17"}],"replies":[{"embeddable":true,"href":"https:\/\/www.semantha.de\/de\/wp-json\/wp\/v2\/comments?post=7375"}],"version-history":[{"count":19,"href":"https:\/\/www.semantha.de\/de\/wp-json\/wp\/v2\/pages\/7375\/revisions"}],"predecessor-version":[{"id":12880,"href":"https:\/\/www.semantha.de\/de\/wp-json\/wp\/v2\/pages\/7375\/revisions\/12880"}],"wp:attachment":[{"href":"https:\/\/www.semantha.de\/de\/wp-json\/wp\/v2\/media?parent=7375"}],"curies":[{"name":"wp","href":"https:\/\/api.w.org\/{rel}","templated":true}]}}