{"id":7889,"date":"2022-08-30T10:28:25","date_gmt":"2022-08-30T08:28:25","guid":{"rendered":"https:\/\/www.semantha.de\/?page_id=7889"},"modified":"2024-04-22T13:24:04","modified_gmt":"2024-04-22T11:24:04","slug":"oeffentlicher-bereich","status":"publish","type":"page","link":"https:\/\/www.semantha.de\/de\/oeffentlicher-bereich\/","title":{"rendered":"\u00d6ffentlicher Bereich"},"content":{"rendered":"<h1><span class=\"uk-text-primary\">Verwaltungsapparate <\/span>z\u00fcnden den Turbo mit <span class=\"uk-text-primary\">k\u00fcnstlicher Intelligenz <\/span><\/h1>\n<div>\n<p>Hunderte von externen Briefe kommen bei der Poststelle einer mittleren Gro\u00dfstadt t\u00e4glich an. Die meisten Anfragen fordern eine zeitnahe Reaktion auf ihr Anliegen. <\/p>\n<p>Die Zusendungen m\u00fcssen gesichtet und der richtigen Abteilung zugeordnet werden. Das kostet Zeit und t\u00e4glich w\u00e4chst der Berg an Briefen weiter an. Nicht selten dauert es mehrere Tage, bis die Einsendungen auf dem richtigen Schreibtisch der zig Organisationseinheiten landet und schlie\u00dflich bearbeitet werden kann.<\/p>\n<p>semantha kann helfen eine Zeitersparnis von mitunter zwei Arbeitsstunden pro Tag \u2013 und das f\u00fcr jede Organisationseinheit \u2013 zu schaffen.<\/p>\n<\/div>\n<p>\n    <a href=\"\/book-a-meet\/\">Lass Dich von semantha \u00fcberzeugen!<\/a>\n<\/p>\n<div>\n<p>        <img decoding=\"async\" src=\"\/wp-content\/uploads\/Stadt-HN_BlogHeader-xtra-small.png\" alt=\"\"><\/p>\n<h3>\n<p style=\"color: #333333;\">Automatisierung des Posteingangs<\/p>\n<\/h3>\n<div>Die Verwaltung der Stadt Heilbronn plant ihren Posteingang mittels intelligenter Automatisierung zu beschleunigen. Alle Einsendungen sollen digitalisiert und mithilfe von semantha direkt auf dem richtigen Schreibtisch landen.<\/div>\n<p><a href=\"https:\/\/www.semantha.de\/de\/automatisierung-des-posteingangs-stadt-heilbronn-laesst-zusendungen-mittels-ki-verarbeiten\/\">weiterlesen<\/a><\/p>\n<\/div>\n<div>\n<div>Die Verwaltung digitalisiert die eingehenden Briefe und legt diese in ihrer Cloud ab. semantha scannt den Eingangsordner, liest und versteht diesen und verschiebt diesen an die richtige Stelle.<\/div>\n<\/div>\n<div>\n<p>        <img decoding=\"async\" src=\"\/wp-content\/uploads\/ICON_cloud.svg\" alt=\"\"><\/p>\n<h3>Anbindung an eigene Cloudl\u00f6sung<\/h3>\n<div>Die Anbindung von semantha\u00a0ist ohne Probleme an Nextcloud, Microsoft SharePoint, Google Workspace, diverse andere Cloud-L\u00f6sungen oder Dokumentenmanagement-Systeme (DMS) m\u00f6glich. <\/div>\n<\/div>\n<div>\n<p>        <img decoding=\"async\" src=\"\/wp-content\/uploads\/ICON-Zeitersparnis.png\" alt=\"\"><\/p>\n<h3>Zeitersparnis<\/h3>\n<div>Bisher m\u00fcssen alle postalischen Zusendungen von Hand gesichtet und der richtigen Abteilung zugeordnet werden. semantha \u00fcbernimmt diese Aufgabe \u2013 in Sekundenschnelle. <\/div>\n<\/div>\n<h2><a href=\"\/index.php?page_id=26\">Fragen?<br class=\"uk-visible@s\" \/><span class=\"uk-text-primary\">Wir haben <br class=\"uk-visible@l\" \/>die Antwort.<\/span><\/a><\/h2>\n<p><!--more--><br \/>\n<!-- {\"name\":\"Banken, ganze Seite (DE)\",\"type\":\"layout\",\"children\":[{\"type\":\"section\",\"props\":{\"animation\":\"slide-left-small\",\"header_transparent\":true,\"header_transparent_noplaceholder\":false,\"header_transparent_text_color\":\"light\",\"image\":\"wp-content\\\/uploads\\\/AdobeStock_531539942_Opti_Final.png\",\"image_effect\":\"fixed\",\"image_parallax_bgx\":\"0,0\",\"image_parallax_bgy\":\"-330,330\",\"image_parallax_easing\":\"-0.6\",\"image_position\":\"top-center\",\"image_size\":\"width-1-1\",\"image_width\":\"120%\",\"media_overlay\":\"rgba(0, 0, 69, 0.7)\",\"overlap\":false,\"padding_remove_bottom\":false,\"padding_remove_horizontal\":false,\"style\":\"secondary\",\"title_breakpoint\":\"xl\",\"title_position\":\"top-left\",\"title_rotation\":\"left\",\"vertical_align\":\"middle\",\"width\":\"default\"},\"children\":[{\"type\":\"row\",\"children\":[{\"type\":\"column\",\"props\":{\"image_position\":\"center-center\",\"position_sticky_breakpoint\":\"m\"},\"children\":[{\"type\":\"headline\",\"props\":{\"content\":\"<span class=\\\"uk-text-primary\\\">Verwaltungsapparate <\\\/span>z\\u00fcnden den Turbo mit <span class=\\\"uk-text-primary\\\">k\\u00fcnstlicher Intelligenz <\\\/span>\",\"margin\":\"default\",\"title_element\":\"h1\",\"title_style\":\"heading-large\"}}]}],\"props\":{\"margin_remove_top\":false}},{\"type\":\"row\",\"props\":{\"divider\":false,\"layout\":\"2-3,1-3\",\"row_gap\":\"large\"},\"children\":[{\"type\":\"column\",\"props\":{\"image_position\":\"center-center\",\"position_sticky_breakpoint\":\"m\",\"width_medium\":\"2-3\"},\"children\":[{\"type\":\"text\",\"props\":{\"column_breakpoint\":\"m\",\"content\":\"\n\n<p>Hunderte von externen Briefe kommen bei der Poststelle einer mittleren Gro\\u00dfstadt t\\u00e4glich an. Die meisten Anfragen fordern eine zeitnahe Reaktion auf ihr Anliegen. <\\\/p>\\n    \\n\n\n<p>Die Zusendungen m\\u00fcssen gesichtet und der richtigen Abteilung zugeordnet werden. Das kostet Zeit und t\\u00e4glich w\\u00e4chst der Berg an Briefen weiter an. Nicht selten dauert es mehrere Tage, bis die Einsendungen auf dem richtigen Schreibtisch der zig Organisationseinheiten landet und schlie\\u00dflich bearbeitet werden kann.<\\\/p>\\n\\n\n\n<p>semantha kann helfen eine Zeitersparnis von mitunter zwei Arbeitsstunden pro Tag \\u2013 und das f\\u00fcr jede Organisationseinheit \\u2013 zu schaffen.<\\\/p>\",\"margin\":\"large\",\"maxwidth\":\"2xlarge\",\"text_style\":\"large\"}},{\"type\":\"button\",\"props\":{\"grid_column_gap\":\"small\",\"grid_row_gap\":\"small\",\"margin\":\"default\"},\"children\":[{\"type\":\"button_item\",\"props\":{\"button_style\":\"primary\",\"content\":\"Lass Dich von semantha \\u00fcberzeugen!\",\"icon_align\":\"left\",\"link\":\"book-a-meet\\\/\"}}]}]},{\"type\":\"column\",\"props\":{\"image_position\":\"center-center\",\"position_sticky_breakpoint\":\"m\",\"width_medium\":\"1-3\"},\"children\":[{\"type\":\"panel\",\"props\":{\"content\":\"Die Verwaltung der Stadt Heilbronn plant ihren Posteingang mittels intelligenter Automatisierung zu beschleunigen. Alle Einsendungen sollen digitalisiert und mithilfe von semantha direkt auf dem richtigen Schreibtisch landen.\",\"content_column_breakpoint\":\"m\",\"icon_width\":80,\"image\":\"wp-content\\\/uploads\\\/Stadt-HN_BlogHeader-xtra-small.png\",\"image_align\":\"top\",\"image_grid_breakpoint\":\"m\",\"image_grid_width\":\"1-2\",\"image_margin\":\"remove\",\"image_svg_color\":\"emphasis\",\"link\":\"https:\\\/\\\/www.semantha.de\\\/de\\\/automatisierung-des-posteingangs-stadt-heilbronn-laesst-zusendungen-mittels-ki-verarbeiten\\\/\",\"link_style\":\"primary\",\"link_target\":true,\"link_text\":\"weiterlesen\",\"margin\":\"default\",\"margin_remove_top\":false,\"meta_align\":\"below-title\",\"meta_element\":\"div\",\"meta_style\":\"text-meta\",\"panel_padding\":\"small\",\"panel_style\":\"card-default\",\"title\":\"\n\n<p style=\\\"color: #333333;\\\">Automatisierung des Posteingangs<\\\/p>\",\"title_align\":\"top\",\"title_element\":\"h3\",\"title_grid_breakpoint\":\"m\",\"title_grid_width\":\"1-2\",\"title_hover_style\":\"reset\"}}]}]},{\"type\":\"row\",\"props\":{\"divider\":true,\"layout\":\"1-3,1-3,1-3\",\"margin\":\"large\"},\"children\":[{\"type\":\"column\",\"props\":{\"image_position\":\"center-center\",\"position_sticky_breakpoint\":\"m\",\"width_medium\":\"1-3\"},\"children\":[{\"type\":\"panel\",\"props\":{\"content\":\"Die Verwaltung digitalisiert die eingehenden Briefe und legt diese in ihrer Cloud ab. semantha scannt den Eingangsordner, liest und versteht diesen und verschiebt diesen an die richtige Stelle.\",\"content_column_breakpoint\":\"m\",\"content_style\":\"text-lead\",\"icon_width\":80,\"image\":\"\",\"image_align\":\"left\",\"image_grid_breakpoint\":\"m\",\"image_grid_width\":\"1-3\",\"image_svg_color\":\"emphasis\",\"link_style\":\"default\",\"link_text\":\"Read more\",\"margin\":\"default\",\"meta_align\":\"below-title\",\"meta_element\":\"div\",\"meta_style\":\"text-meta\",\"panel_padding\":\"small\",\"title\":\"\",\"title_align\":\"top\",\"title_element\":\"h3\",\"title_grid_breakpoint\":\"m\",\"title_grid_width\":\"1-2\",\"title_hover_style\":\"reset\"}}]},{\"type\":\"column\",\"props\":{\"image_position\":\"center-center\",\"position_sticky_breakpoint\":\"m\",\"width_medium\":\"1-3\"},\"children\":[{\"type\":\"panel\",\"props\":{\"content\":\"Die Anbindung von semantha\\u00a0ist ohne Probleme an Nextcloud, Microsoft SharePoint, Google Workspace, diverse andere Cloud-L\\u00f6sungen oder Dokumentenmanagement-Systeme (DMS) m\\u00f6glich. \",\"content_column_breakpoint\":\"m\",\"icon_width\":80,\"image\":\"wp-content\\\/uploads\\\/ICON_cloud.svg\",\"image_align\":\"left\",\"image_grid_breakpoint\":\"m\",\"image_grid_width\":\"1-3\",\"image_svg_color\":\"emphasis\",\"link_style\":\"default\",\"link_text\":\"Read more\",\"margin\":\"default\",\"meta_align\":\"below-title\",\"meta_element\":\"div\",\"meta_style\":\"text-meta\",\"title\":\"Anbindung an eigene Cloudl\\u00f6sung\",\"title_align\":\"top\",\"title_element\":\"h3\",\"title_grid_breakpoint\":\"m\",\"title_grid_width\":\"1-2\",\"title_hover_style\":\"reset\"}}]},{\"type\":\"column\",\"props\":{\"image_position\":\"center-center\",\"position_sticky_breakpoint\":\"m\",\"width_medium\":\"1-3\"},\"children\":[{\"type\":\"panel\",\"props\":{\"content\":\"Bisher m\\u00fcssen alle postalischen Zusendungen von Hand gesichtet und der richtigen Abteilung zugeordnet werden. semantha \\u00fcbernimmt diese Aufgabe \\u2013 in Sekundenschnelle. \",\"content_column_breakpoint\":\"m\",\"icon_width\":80,\"image\":\"wp-content\\\/uploads\\\/ICON-Zeitersparnis.png\",\"image_align\":\"left\",\"image_grid_breakpoint\":\"m\",\"image_grid_width\":\"1-3\",\"image_svg_color\":\"emphasis\",\"link_style\":\"default\",\"link_text\":\"Read more\",\"margin\":\"default\",\"meta_align\":\"below-title\",\"meta_element\":\"div\",\"meta_style\":\"text-meta\",\"title\":\"Zeitersparnis\",\"title_align\":\"top\",\"title_element\":\"h3\",\"title_grid_breakpoint\":\"m\",\"title_grid_width\":\"1-2\",\"title_hover_style\":\"reset\"}}]}]}],\"name\":\"Intro\"},{\"type\":\"section\",\"props\":{\"image_position\":\"center-center\",\"style\":\"secondary\",\"title_breakpoint\":\"xl\",\"title_position\":\"top-left\",\"title_rotation\":\"left\",\"vertical_align\":\"middle\",\"width\":\"default\"},\"children\":[{\"type\":\"row\",\"props\":{\"layout\":\"1-2,1-2\",\"margin\":\"xlarge\"},\"children\":[{\"type\":\"column\",\"props\":{\"image_position\":\"center-center\",\"position_sticky_breakpoint\":\"m\",\"width_small\":\"1-2\"},\"children\":[{\"type\":\"headline\",\"props\":{\"content\":\"Fragen?<br class=\\\"uk-visible@s\\\" \\\/><span class=\\\"uk-text-primary\\\">Wir haben <br class=\\\"uk-visible@l\\\" \\\/>die Antwort.<\\\/span>\",\"link\":\"index.php?page_id=26\",\"link_style\":false,\"title_element\":\"h2\",\"title_style\":\"heading-large\"}}]},{\"type\":\"column\",\"props\":{\"image_position\":\"center-center\",\"position_sticky_breakpoint\":\"m\",\"vertical_align\":\"bottom\",\"width_small\":\"1-2\"},\"children\":[{\"type\":\"module_position\",\"props\":{\"breakpoint\":\"m\",\"content\":\"builder-2\",\"layout\":\"stack\"}}]}]}],\"name\":\"Fragen? Kontakt\"}],\"version\":\"4.3.6\"} --><\/p>\n","protected":false},"excerpt":{"rendered":"<p>Verwaltungsapparate z\u00fcnden den Turbo mit k\u00fcnstlicher Intelligenz Hunderte von externen Briefe kommen bei der Poststelle einer mittleren Gro\u00dfstadt t\u00e4glich an. Die meisten Anfragen fordern eine zeitnahe Reaktion auf ihr Anliegen. Die Zusendungen m\u00fcssen gesichtet und der richtigen Abteilung zugeordnet werden. Das kostet Zeit und t\u00e4glich w\u00e4chst der Berg an Briefen weiter an. Nicht selten dauert [&hellip;]<\/p>\n","protected":false},"author":17,"featured_media":0,"parent":0,"menu_order":0,"comment_status":"closed","ping_status":"closed","template":"","meta":{"_acf_changed":false,"footnotes":""},"acf":[],"yoast_head":"<!-- This site is optimized with the Yoast SEO Premium plugin v22.7 (Yoast SEO v23.5) - https:\/\/yoast.com\/wordpress\/plugins\/seo\/ -->\n<title>\u00d6ffentlicher Bereich - semantha<\/title>\n<meta name=\"robots\" content=\"index, follow, max-snippet:-1, max-image-preview:large, max-video-preview:-1\" \/>\n<link rel=\"canonical\" href=\"https:\/\/www.semantha.de\/de\/oeffentlicher-bereich\/\" \/>\n<meta property=\"og:locale\" content=\"de_DE\" \/>\n<meta property=\"og:type\" content=\"article\" \/>\n<meta property=\"og:title\" content=\"\u00d6ffentlicher Bereich\" \/>\n<meta property=\"og:description\" content=\"Verwaltungsapparate z\u00fcnden den Turbo mit k\u00fcnstlicher Intelligenz Hunderte von externen Briefe kommen bei der Poststelle einer mittleren Gro\u00dfstadt t\u00e4glich an. Die meisten Anfragen fordern eine zeitnahe Reaktion auf ihr Anliegen. Die Zusendungen m\u00fcssen gesichtet und der richtigen Abteilung zugeordnet werden. Das kostet Zeit und t\u00e4glich w\u00e4chst der Berg an Briefen weiter an. Nicht selten dauert [&hellip;]\" \/>\n<meta property=\"og:url\" content=\"https:\/\/www.semantha.de\/de\/oeffentlicher-bereich\/\" \/>\n<meta property=\"og:site_name\" content=\"semantha\" \/>\n<meta property=\"article:modified_time\" content=\"2024-04-22T11:24:04+00:00\" \/>\n<meta name=\"twitter:card\" content=\"summary_large_image\" \/>\n<meta name=\"twitter:site\" content=\"@semanthaAI\" \/>\n<!-- \/ Yoast SEO Premium plugin. -->","yoast_head_json":{"title":"\u00d6ffentlicher Bereich - semantha","robots":{"index":"index","follow":"follow","max-snippet":"max-snippet:-1","max-image-preview":"max-image-preview:large","max-video-preview":"max-video-preview:-1"},"canonical":"https:\/\/www.semantha.de\/de\/oeffentlicher-bereich\/","og_locale":"de_DE","og_type":"article","og_title":"\u00d6ffentlicher Bereich","og_description":"Verwaltungsapparate z\u00fcnden den Turbo mit k\u00fcnstlicher Intelligenz Hunderte von externen Briefe kommen bei der Poststelle einer mittleren Gro\u00dfstadt t\u00e4glich an. Die meisten Anfragen fordern eine zeitnahe Reaktion auf ihr Anliegen. Die Zusendungen m\u00fcssen gesichtet und der richtigen Abteilung zugeordnet werden. Das kostet Zeit und t\u00e4glich w\u00e4chst der Berg an Briefen weiter an. Nicht selten dauert [&hellip;]","og_url":"https:\/\/www.semantha.de\/de\/oeffentlicher-bereich\/","og_site_name":"semantha","article_modified_time":"2024-04-22T11:24:04+00:00","twitter_card":"summary_large_image","twitter_site":"@semanthaAI","schema":{"@context":"https:\/\/schema.org","@graph":[{"@type":"WebPage","@id":"https:\/\/www.semantha.de\/de\/oeffentlicher-bereich\/","url":"https:\/\/www.semantha.de\/de\/oeffentlicher-bereich\/","name":"\u00d6ffentlicher Bereich - semantha","isPartOf":{"@id":"https:\/\/www.semantha.de\/de\/#website"},"datePublished":"2022-08-30T08:28:25+00:00","dateModified":"2024-04-22T11:24:04+00:00","breadcrumb":{"@id":"https:\/\/www.semantha.de\/de\/oeffentlicher-bereich\/#breadcrumb"},"inLanguage":"de","potentialAction":[{"@type":"ReadAction","target":["https:\/\/www.semantha.de\/de\/oeffentlicher-bereich\/"]}]},{"@type":"BreadcrumbList","@id":"https:\/\/www.semantha.de\/de\/oeffentlicher-bereich\/#breadcrumb","itemListElement":[{"@type":"ListItem","position":1,"name":"Startseite","item":"https:\/\/www.semantha.de\/de\/"},{"@type":"ListItem","position":2,"name":"\u00d6ffentlicher Bereich"}]},{"@type":"WebSite","@id":"https:\/\/www.semantha.de\/de\/#website","url":"https:\/\/www.semantha.de\/de\/","name":"semantha","description":"the semantic platform","potentialAction":[{"@type":"SearchAction","target":{"@type":"EntryPoint","urlTemplate":"https:\/\/www.semantha.de\/de\/?s={search_term_string}"},"query-input":{"@type":"PropertyValueSpecification","valueRequired":true,"valueName":"search_term_string"}}],"inLanguage":"de"}]}},"_links":{"self":[{"href":"https:\/\/www.semantha.de\/de\/wp-json\/wp\/v2\/pages\/7889"}],"collection":[{"href":"https:\/\/www.semantha.de\/de\/wp-json\/wp\/v2\/pages"}],"about":[{"href":"https:\/\/www.semantha.de\/de\/wp-json\/wp\/v2\/types\/page"}],"author":[{"embeddable":true,"href":"https:\/\/www.semantha.de\/de\/wp-json\/wp\/v2\/users\/17"}],"replies":[{"embeddable":true,"href":"https:\/\/www.semantha.de\/de\/wp-json\/wp\/v2\/comments?post=7889"}],"version-history":[{"count":16,"href":"https:\/\/www.semantha.de\/de\/wp-json\/wp\/v2\/pages\/7889\/revisions"}],"predecessor-version":[{"id":12730,"href":"https:\/\/www.semantha.de\/de\/wp-json\/wp\/v2\/pages\/7889\/revisions\/12730"}],"wp:attachment":[{"href":"https:\/\/www.semantha.de\/de\/wp-json\/wp\/v2\/media?parent=7889"}],"curies":[{"name":"wp","href":"https:\/\/api.w.org\/{rel}","templated":true}]}}